{"id":107835,"date":"2025-11-01T15:00:23","date_gmt":"2025-11-01T15:00:23","guid":{"rendered":"https:\/\/steeluniversity.org\/steelchallenge-20es\/known-prohibited-exploits\/"},"modified":"2025-11-21T21:40:59","modified_gmt":"2025-11-21T21:40:59","slug":"known-prohibited-exploits","status":"publish","type":"page","link":"https:\/\/steeluniversity.org\/es\/steelchallenge-20es\/known-prohibited-exploits\/","title":{"rendered":"Exploits Conocidos"},"content":{"rendered":"<div class=\"wpb-content-wrapper\"><p>[vc_row][vc_column][vc_column_text css=&#8221;&#8221;]<\/p>\n<h1><strong>Exploits Conocidos\u00a0<\/strong><\/h1>\n<p>[\/vc_column_text][\/vc_column][\/vc_row][vc_row][vc_column width=&#8221;2\/3&#8243;][vc_column_text css=&#8221;&#8221;]Los siguientes son exploits conocidos que pueden resultar en descalificaci\u00f3n durante la fase de auditor\u00eda:<\/p>\n<table width=\"100%\">\n<tbody>\n<tr>\n<td width=\"47\"><strong>1.0<\/strong><\/td>\n<td width=\"223\"><strong>Simulaci\u00f3n de Horno de Arco El\u00e9ctrico<\/strong><\/td>\n<td width=\"402\"><\/td>\n<\/tr>\n<tr>\n<td width=\"47\"><\/td>\n<td width=\"223\">1.1<\/td>\n<td width=\"402\">Manipular la velocidad de la simulaci\u00f3n en ciertos momentos espec\u00edficos durante la fusi\u00f3n puede producir un aumento repentino en la temperatura del acero l\u00edquido. Utilizando el registro de eventos, el equipo de auditor\u00eda puede detectar las acciones ejecutadas deliberadamente para beneficiarse de este comportamiento.<\/td>\n<\/tr>\n<tr>\n<td width=\"47\"><\/td>\n<td width=\"223\">1.2<\/td>\n<td width=\"402\">Puede haber algunos beneficios al dividir los materiales en tres cestas en lugar de dos. Las ejecuciones que utilicen tres cestas, cuando los materiales pueden colocarse en dos, ser\u00e1n consideradas no v\u00e1lidas.<\/td>\n<\/tr>\n<tr>\n<td width=\"47\"><strong>2.0<\/strong><\/td>\n<td width=\"223\"><strong>Simulaci\u00f3n de Acer\u00eda Secundaria<\/strong><\/td>\n<td width=\"402\"><\/td>\n<\/tr>\n<tr>\n<td width=\"47\"><\/td>\n<td width=\"223\">2.1<\/td>\n<td width=\"402\">Manipular el zoom del navegador provoca que las animaciones se ralenticen e interfiere con el modelo matem\u00e1tico. La mayor\u00eda de los efectos de esta acci\u00f3n son perjudiciales para el participante, pero podr\u00edan existir beneficios desconocidos. Las ejecuciones en las que se modifique el zoom del navegador ser\u00e1n descalificadas.<\/td>\n<\/tr>\n<\/tbody>\n<\/table>\n<p>[\/vc_column_text][\/vc_column][vc_column width=&#8221;1\/3&#8243; el_class=&#8221;sc-sidebar&#8221;][vc_row_inner el_class=&#8221;.widget&#8221;][vc_column_inner el_class=&#8221;.download-box&#8221; css=&#8221;.vc_custom_1724955746510{border-radius: 3px !important;}&#8221;][vc_column_text css=&#8221;&#8221; el_class=&#8221;.heading-widget-primary&#8221;]<\/p>\n<h2>Descargar en PDF<\/h2>\n<p>[\/vc_column_text][vc_column_text css=&#8221;&#8221;]<i class=\"fa-regular fa-arrow-down-to-line\"><\/i> Descargar el archivo PDF con las reglas de <strong>steel<\/strong>Challenge-20 en espa\u00f1ol[\/vc_column_text][vc_raw_html css=&#8221;.vc_custom_1756806558199{margin-top: 0px !important;margin-bottom: 0px !important;}&#8221;]JTNDYSUyMGhyZWYlM0QlMjJodHRwcyUzQSUyRiUyRnN0ZWVsdW5pdmVyc2l0eS5vcmclMkZ3cC1jb250ZW50JTJGdXBsb2FkcyUyRjIwMjUlMkYwOSUyRnN0ZWVsQ2hhbGxlbmdlLTIwLXJ1bGVzLXYxRVMucGRmJTIyJTIwdGFyZ2V0JTNEJTIyX2JsYW5rJTIyJTIwY2xhc3MlM0QlMjJzdHJldGNoZWQtbGluayUyMiUzRSUzQyUyRmElM0U=[\/vc_raw_html][\/vc_column_inner][\/vc_row_inner][vc_row_inner el_class=&#8221;.widget&#8221; css=&#8221;.vc_custom_1724957367572{padding-right: 0px !important;padding-left: 0px !important;}&#8221;][vc_column_inner css=&#8221;.vc_custom_1722435521610{margin-right: 0px !important;margin-left: 0px !important;padding-right: 0px !important;padding-left: 0px !important;}&#8221;][vc_wp_custommenu nav_menu=&#8221;840&#8243; el_class=&#8221;side-menu&#8221;][\/vc_column_inner][\/vc_row_inner][\/vc_column][\/vc_row]<\/p>\n<\/div>","protected":false},"excerpt":{"rendered":"<p>[vc_row][vc_column][vc_column_text css=&#8221;&#8221;] Exploits Conocidos\u00a0 [\/vc_column_text][\/vc_column][\/vc_row][vc_row][vc_column width=&#8221;2\/3&#8243;][vc_column_text css=&#8221;&#8221;]Los siguientes son exploits conocidos que pueden resultar en descalificaci\u00f3n durante la fase de auditor\u00eda: 1.0 Simulaci\u00f3n de Horno&hellip;<\/p>\n","protected":false},"author":96147,"featured_media":0,"parent":99456,"menu_order":6,"comment_status":"closed","ping_status":"closed","template":"","meta":{"footnotes":""},"class_list":["post-107835","page","type-page","status-publish","hentry"],"aioseo_notices":[],"_links":{"self":[{"href":"https:\/\/steeluniversity.org\/es\/wp-json\/wp\/v2\/pages\/107835","targetHints":{"allow":["GET"]}}],"collection":[{"href":"https:\/\/steeluniversity.org\/es\/wp-json\/wp\/v2\/pages"}],"about":[{"href":"https:\/\/steeluniversity.org\/es\/wp-json\/wp\/v2\/types\/page"}],"author":[{"embeddable":true,"href":"https:\/\/steeluniversity.org\/es\/wp-json\/wp\/v2\/users\/96147"}],"replies":[{"embeddable":true,"href":"https:\/\/steeluniversity.org\/es\/wp-json\/wp\/v2\/comments?post=107835"}],"version-history":[{"count":0,"href":"https:\/\/steeluniversity.org\/es\/wp-json\/wp\/v2\/pages\/107835\/revisions"}],"up":[{"embeddable":true,"href":"https:\/\/steeluniversity.org\/es\/wp-json\/wp\/v2\/pages\/99456"}],"wp:attachment":[{"href":"https:\/\/steeluniversity.org\/es\/wp-json\/wp\/v2\/media?parent=107835"}],"curies":[{"name":"wp","href":"https:\/\/api.w.org\/{rel}","templated":true}]}}