{"id":108671,"date":"2026-02-09T00:00:23","date_gmt":"2026-02-09T00:00:23","guid":{"rendered":"https:\/\/steeluniversity.org\/steelchallenge-20es\/steelchallenge-20-world-championship-finalists\/"},"modified":"2026-04-02T16:39:19","modified_gmt":"2026-04-02T16:39:19","slug":"steelchallenge-20-world-championship-finalists","status":"publish","type":"page","link":"https:\/\/steeluniversity.org\/es\/steelchallenge-20es\/steelchallenge-20-world-championship-finalists\/","title":{"rendered":"steelChallenge-20 &#8211; Finalistas del Campeonato Mundial"},"content":{"rendered":"<div class=\"wpb-content-wrapper\"><p>[vc_row][vc_column][vc_column_text css=&#8221;&#8221;]<\/p>\n<h1><b>steel<\/b>Challenge-20 Finalistas del Campeonato Mundial<\/h1>\n<p>[\/vc_column_text][\/vc_column][\/vc_row][vc_row][vc_column][vc_column_text]<\/p>\n<p>[\/vc_column_text][\/vc_column][\/vc_row][vc_row][vc_column width=&#8221;2\/3&#8243;][vc_row_inner][vc_column_inner][vc_column_text css=&#8221;&#8221;]<br \/>\nEl camino hacia el <strong>Campeonato Mundial de steelChallenge-20<\/strong> ha estado marcado por una intensa competencia, excelencia t\u00e9cnica y un desempe\u00f1o sobresaliente de participantes de todo el mundo. Tras un Campeonato Regional altamente competitivo, los mejores participantes de cada regi\u00f3n han asegurado su lugar en las Finales del Campeonato Mundial.<\/p>\n<p>Representando lo mejor tanto del \u00e1mbito acad\u00e9mico como de la industria, estos finalistas han demostrado habilidades excepcionales, pensamiento estrat\u00e9gico y un profundo conocimiento de los procesos sider\u00fargicos. Ahora avanzan a la etapa final de la competencia, donde competir\u00e1n por el t\u00edtulo de <strong>Campe\u00f3n Mundial de steelChallenge-20<\/strong> y mostrar\u00e1n su experiencia en el escenario global.<br \/>\n[\/vc_column_text][\/vc_column_inner][\/vc_row_inner][vc_row_inner][vc_column_inner][vc_column_text css=&#8221;&#8221;]<\/p>\n<h3>Categor\u00eda Estudiantes<\/h3>\n<p>[\/vc_column_text][\/vc_column_inner][\/vc_row_inner][vc_row_inner css=&#8221;.vc_custom_1770394964562{margin-right: 10px !important;margin-left: 10px !important;border-top-width: 1px !important;border-right-width: 1px !important;border-bottom-width: 1px !important;border-left-width: 1px !important;border-left-style: solid !important;border-right-style: solid !important;border-top-style: solid !important;border-bottom-style: solid !important;border-radius: 5px !important;border-color: #E7E7E7 !important;}&#8221;][vc_column_inner width=&#8221;1\/4&#8243;][vc_single_image image=&#8221;108627&#8243; img_size=&#8221;full&#8221; alignment=&#8221;center&#8221; css=&#8221;&#8221;][\/vc_column_inner][vc_column_inner width=&#8221;3\/4&#8243;][vc_column_text css=&#8221;&#8221;]<strong>Janez CERKOVNIK<\/strong><br \/>\nUniversity of Ljubljana<br \/>\n<em>Campe\u00f3n Regional, Europa y \u00c1frica \/ Eslovenia<\/em>[\/vc_column_text][vc_column_text css=&#8221;&#8221;]Estudiante de Ingenier\u00eda de Materiales en la University of Ljubljana y actualmente finalizando sus estudios de grado. Planea continuar su formaci\u00f3n a nivel de m\u00e1ster en Metalurgia y Materiales.<\/p>\n<p>Sus principales intereses acad\u00e9micos se centran en la producci\u00f3n de acero a partir de materias primas secundarias y en el procesamiento y tratamiento posterior del acero. Fuera del \u00e1mbito acad\u00e9mico, tambi\u00e9n es acordeonista.<\/p>\n<p>Janez conoci\u00f3 steelChallenge a trav\u00e9s del curso Process Steelmaking Technology, donde el trabajo con el simulador despert\u00f3 un fuerte inter\u00e9s por la siderurgia y sus aplicaciones pr\u00e1cticas.[\/vc_column_text][\/vc_column_inner][\/vc_row_inner][vc_row_inner][vc_column_inner][vc_empty_space height=&#8221;10px&#8221;][\/vc_column_inner][\/vc_row_inner][vc_row_inner css=&#8221;.vc_custom_1739826368067{margin-right: 10px !important;margin-left: 10px !important;border-top-width: 1px !important;border-right-width: 1px !important;border-bottom-width: 1px !important;border-left-width: 1px !important;border-left-style: solid !important;border-right-style: solid !important;border-top-style: solid !important;border-bottom-style: solid !important;border-radius: 5px !important;border-color: #E7E7E7 !important;}&#8221;][vc_column_inner width=&#8221;1\/4&#8243;][vc_single_image image=&#8221;108633&#8243; img_size=&#8221;full&#8221; alignment=&#8221;center&#8221; css=&#8221;&#8221;][\/vc_column_inner][vc_column_inner width=&#8221;3\/4&#8243;][vc_column_text css=&#8221;&#8221;]<strong>Victor LIMA<\/strong><br \/>\nUniversidade Federal do Cear\u00e1<br \/>\n<em>Campe\u00f3n Regional, Am\u00e9ricas \/ Brasil<\/em><\/p>\n<p>Ingeniero metal\u00fargico que inici\u00f3 su trayectoria en steelChallenge en 2023, motivado por colegas y ex campeones. Asumi\u00f3 el reto como una oportunidad para poner a prueba y ampliar sus conocimientos t\u00e9cnicos en un entorno altamente exigente.<\/p>\n<p>A lo largo de la competencia, Victor se sinti\u00f3 impulsado por la intensidad del desaf\u00edo y el continuo proceso de aprendizaje. Cada etapa contribuy\u00f3 a su desarrollo profesional, fortaleciendo sus habilidades de resoluci\u00f3n de problemas y su confianza t\u00e9cnica.<\/p>\n<p>Reconoce el apoyo de sus tutores como un elemento clave de su recorrido, que ayud\u00f3 a convertir la experiencia en un hito profesional significativo.[\/vc_column_text][\/vc_column_inner][\/vc_row_inner][vc_row_inner][vc_column_inner][vc_empty_space height=&#8221;10px&#8221;][\/vc_column_inner][\/vc_row_inner][vc_row_inner css=&#8221;.vc_custom_1739826368067{margin-right: 10px !important;margin-left: 10px !important;border-top-width: 1px !important;border-right-width: 1px !important;border-bottom-width: 1px !important;border-left-width: 1px !important;border-left-style: solid !important;border-right-style: solid !important;border-top-style: solid !important;border-bottom-style: solid !important;border-radius: 5px !important;border-color: #E7E7E7 !important;}&#8221;][vc_column_inner width=&#8221;1\/4&#8243;][vc_single_image image=&#8221;108636&#8243; img_size=&#8221;full&#8221; alignment=&#8221;center&#8221; css=&#8221;&#8221;][\/vc_column_inner][vc_column_inner width=&#8221;3\/4&#8243;][vc_column_text css=&#8221;&#8221;]<strong>Muaz ALHAJI<\/strong><br \/>\nAmity University Dubai<br \/>\n<em>Campe\u00f3n Regional, Asia Occidental \/ Emiratos \u00c1rabes Unidos<\/em><\/p>\n<p>Estudiante de Ingenier\u00eda Mec\u00e1nica con un fuerte inter\u00e9s en los procesos sider\u00fargicos y sus aplicaciones industriales.<\/p>\n<p>A trav\u00e9s de su participaci\u00f3n en steelChallenge-20, trabaj\u00f3 en escenarios pr\u00e1cticos de siderurgia basados en simulaci\u00f3n, centrados en el control de procesos, la eficiencia y la toma de decisiones operativas.<\/p>\n<p>Est\u00e1 especialmente interesado en comprender c\u00f3mo los desaf\u00edos reales de la producci\u00f3n de acero se abordan mediante soluciones de ingenier\u00eda y aspira a seguir desarrollando sus habilidades en fabricaci\u00f3n de acero e investigaci\u00f3n aplicada, con el objetivo de acceder a oportunidades acad\u00e9micas o profesionales avanzadas en el campo.<br \/>\n[\/vc_column_text][\/vc_column_inner][\/vc_row_inner][vc_row_inner][vc_column_inner][vc_empty_space height=&#8221;10px&#8221;][\/vc_column_inner][\/vc_row_inner][vc_row_inner css=&#8221;.vc_custom_1739826368067{margin-right: 10px !important;margin-left: 10px !important;border-top-width: 1px !important;border-right-width: 1px !important;border-bottom-width: 1px !important;border-left-width: 1px !important;border-left-style: solid !important;border-right-style: solid !important;border-top-style: solid !important;border-bottom-style: solid !important;border-radius: 5px !important;border-color: #E7E7E7 !important;}&#8221;][vc_column_inner width=&#8221;1\/4&#8243;][vc_single_image image=&#8221;108639&#8243; img_size=&#8221;full&#8221; alignment=&#8221;center&#8221; css=&#8221;&#8221;][\/vc_column_inner][vc_column_inner width=&#8221;3\/4&#8243;][vc_column_text css=&#8221;&#8221;]<strong>Ge Lei (\u845b\u78ca)<\/strong><br \/>\nTangshan Vocational College of Science and Technology<br \/>\n<em>Campe\u00f3n Regional, Asia Norte \/ China<\/em><\/p>\n<p>Estudiante especializado en Tecnolog\u00eda Metal\u00fargica Inteligente para hierro y acero dentro del \u00e1mbito de la Ingenier\u00eda de Materiales.<\/p>\n<p>A lo largo de sus estudios, ha demostrado un s\u00f3lido desempe\u00f1o acad\u00e9mico y un enfoque disciplinado del aprendizaje, situ\u00e1ndose de forma constante entre los mejores estudiantes de su programa. Tambi\u00e9n ha asumido responsabilidades en la organizaci\u00f3n acad\u00e9mica.<\/p>\n<p>Adem\u00e1s de sus estudios t\u00e9cnicos, ha participado en competiciones extracurriculares, reflejando un perfil equilibrado y una actitud proactiva ante los desaf\u00edos. Su objetivo es seguir desarrollando su experiencia en metalurgia y avanzar profesionalmente en la industria del acero.[\/vc_column_text][\/vc_column_inner][\/vc_row_inner][vc_row_inner][vc_column_inner][vc_empty_space height=&#8221;10px&#8221;][\/vc_column_inner][\/vc_row_inner][vc_row_inner css=&#8221;.vc_custom_1739826368067{margin-right: 10px !important;margin-left: 10px !important;border-top-width: 1px !important;border-right-width: 1px !important;border-bottom-width: 1px !important;border-left-width: 1px !important;border-left-style: solid !important;border-right-style: solid !important;border-top-style: solid !important;border-bottom-style: solid !important;border-radius: 5px !important;border-color: #E7E7E7 !important;}&#8221;][vc_column_inner width=&#8221;1\/4&#8243;][vc_single_image image=&#8221;108642&#8243; img_size=&#8221;full&#8221; alignment=&#8221;center&#8221; css=&#8221;&#8221;][\/vc_column_inner][vc_column_inner width=&#8221;3\/4&#8243;][vc_column_text css=&#8221;&#8221;]<strong>Jeong hoo Choi (\ucd5c\uc815\ud6c4)<\/strong><br \/>\nJeonbuk National University<br \/>\n<em>Campe\u00f3n Regional, Asia Oriental y Ocean\u00eda \/ Corea del Sur<\/em><\/p>\n<p>Graduado en Ingenier\u00eda Metal\u00fargica con un fuerte enfoque acad\u00e9mico en el acero y el comportamiento microestructural.<\/p>\n<p>Sus estudios han incluido el an\u00e1lisis del crecimiento de grano, microestructuras y la modelizaci\u00f3n de aceros microaleados. Ha desarrollado un inter\u00e9s particular en enfoques computacionales para la predicci\u00f3n de propiedades y microestructuras.<\/p>\n<p>Su objetivo es aplicar herramientas de c\u00e1lculo termodin\u00e1mico para optimizar el dise\u00f1o de aleaciones y los procesos, conectando la investigaci\u00f3n fundamental con aplicaciones pr\u00e1cticas en la siderurgia.[\/vc_column_text][\/vc_column_inner][\/vc_row_inner][vc_row_inner][vc_column_inner][vc_empty_space][vc_separator][vc_empty_space][\/vc_column_inner][\/vc_row_inner][vc_row_inner][vc_column_inner][vc_column_text css=&#8221;&#8221;]<\/p>\n<h3>Categor\u00eda Industria<\/h3>\n<p>[\/vc_column_text][\/vc_column_inner][\/vc_row_inner][vc_row_inner css=&#8221;.vc_custom_1739826368067{margin-right: 10px !important;margin-left: 10px !important;border-top-width: 1px !important;border-right-width: 1px !important;border-bottom-width: 1px !important;border-left-width: 1px !important;border-left-style: solid !important;border-right-style: solid !important;border-top-style: solid !important;border-bottom-style: solid !important;border-radius: 5px !important;border-color: #E7E7E7 !important;}&#8221;][vc_column_inner width=&#8221;1\/4&#8243;][vc_single_image image=&#8221;108645&#8243; img_size=&#8221;full&#8221; alignment=&#8221;center&#8221; css=&#8221;&#8221;][\/vc_column_inner][vc_column_inner width=&#8221;3\/4&#8243;][vc_column_text css=&#8221;&#8221;]<strong>Wojciech SKUZA<\/strong><br \/>\nArcelorMittal<br \/>\n<em>Campe\u00f3n Regional, Europa y \u00c1frica \/ Polonia<\/em><\/p>\n<p>Responsable de Calidad y Procesos con experiencia en operaciones de acabado y mejora continua dentro de la industria sider\u00fargica.<\/p>\n<p>Su trabajo se centra en garantizar una producci\u00f3n fiable, mejorar la calidad del producto y optimizar el rendimiento de m\u00faltiples l\u00edneas de proceso. Valora las soluciones pr\u00e1cticas basadas en datos y el trabajo colaborativo en equipo para fortalecer los resultados operativos.<\/p>\n<p>A trav\u00e9s de su participaci\u00f3n en steelChallenge, busca ampliar su perspectiva t\u00e9cnica, explorar nuevas \u00e1reas de la siderurgia y conectar con la comunidad sider\u00fargica internacional.[\/vc_column_text][\/vc_column_inner][\/vc_row_inner][vc_row_inner][vc_column_inner][vc_empty_space height=&#8221;10px&#8221;][\/vc_column_inner][\/vc_row_inner][vc_row_inner css=&#8221;.vc_custom_1739826368067{margin-right: 10px !important;margin-left: 10px !important;border-top-width: 1px !important;border-right-width: 1px !important;border-bottom-width: 1px !important;border-left-width: 1px !important;border-left-style: solid !important;border-right-style: solid !important;border-top-style: solid !important;border-bottom-style: solid !important;border-radius: 5px !important;border-color: #E7E7E7 !important;}&#8221;][vc_column_inner width=&#8221;1\/4&#8243;][vc_single_image image=&#8221;108648&#8243; img_size=&#8221;full&#8221; alignment=&#8221;center&#8221; css=&#8221;&#8221;][\/vc_column_inner][vc_column_inner width=&#8221;3\/4&#8243;][vc_column_text css=&#8221;&#8221;]<strong>Marviane SOUZA<\/strong><br \/>\nArcelorMittal<br \/>\n<em>Campeona Regional, Am\u00e9ricas \/ Brasil<\/em><\/p>\n<p>Ingeniera de Producci\u00f3n que se incorpor\u00f3 a steelChallenge en 2024 como una oportunidad para ampliar sus conocimientos t\u00e9cnicos m\u00e1s all\u00e1 de su disciplina principal.<\/p>\n<p>A lo largo del proceso de formaci\u00f3n y las distintas etapas de la competencia, desarroll\u00f3 una comprensi\u00f3n m\u00e1s profunda de la siderurgia y fortaleci\u00f3 sus capacidades de resoluci\u00f3n de problemas.<\/p>\n<p>Valora el apoyo brindado por su empresa y los tutores de steelChallenge, cuya orientaci\u00f3n y formaci\u00f3n fueron clave para convertir la experiencia en un hito profesional significativo.[\/vc_column_text][\/vc_column_inner][\/vc_row_inner][vc_row_inner][vc_column_inner][vc_empty_space height=&#8221;10px&#8221;][\/vc_column_inner][\/vc_row_inner][vc_row_inner css=&#8221;.vc_custom_1739826368067{margin-right: 10px !important;margin-left: 10px !important;border-top-width: 1px !important;border-right-width: 1px !important;border-bottom-width: 1px !important;border-left-width: 1px !important;border-left-style: solid !important;border-right-style: solid !important;border-top-style: solid !important;border-bottom-style: solid !important;border-radius: 5px !important;border-color: #E7E7E7 !important;}&#8221;][vc_column_inner width=&#8221;1\/4&#8243;][vc_single_image image=&#8221;108651&#8243; img_size=&#8221;full&#8221; alignment=&#8221;center&#8221; css=&#8221;&#8221;][\/vc_column_inner][vc_column_inner width=&#8221;3\/4&#8243;][vc_column_text css=&#8221;&#8221;]<strong>Balahanuman NARADALA<\/strong><br \/>\nEMSTEEL<br \/>\nCampe\u00f3n Regional, Asia Occidental \/ Emiratos \u00c1rabes Unidos<\/p>\n<p>Operador de Campo y DCS con m\u00e1s de 25 a\u00f1os de experiencia en control de procesos y operaciones de planta en entornos industriales.<\/p>\n<p>Su experiencia incluye operaciones DCS, estabilizaci\u00f3n de planta, gesti\u00f3n de seguridad y resoluci\u00f3n de sistemas complejos para garantizar una producci\u00f3n fiable y una calidad constante. Cuenta con una amplia trayectoria apoyando el desempe\u00f1o operativo mediante una supervisi\u00f3n eficaz y la optimizaci\u00f3n de procesos.<\/p>\n<p>Mantiene un fuerte compromiso con la seguridad y la eficiencia operativa, y considera la mejora continua como un pilar para un desempe\u00f1o sostenible en operaciones sider\u00fargicas.[\/vc_column_text][\/vc_column_inner][\/vc_row_inner][vc_row_inner][vc_column_inner][vc_empty_space height=&#8221;10px&#8221;][\/vc_column_inner][\/vc_row_inner][vc_row_inner css=&#8221;.vc_custom_1739826368067{margin-right: 10px !important;margin-left: 10px !important;border-top-width: 1px !important;border-right-width: 1px !important;border-bottom-width: 1px !important;border-left-width: 1px !important;border-left-style: solid !important;border-right-style: solid !important;border-top-style: solid !important;border-bottom-style: solid !important;border-radius: 5px !important;border-color: #E7E7E7 !important;}&#8221;][vc_column_inner width=&#8221;1\/4&#8243;][vc_single_image image=&#8221;108630&#8243; img_size=&#8221;full&#8221; alignment=&#8221;center&#8221; css=&#8221;&#8221;][\/vc_column_inner][vc_column_inner width=&#8221;3\/4&#8243;][vc_column_text css=&#8221;&#8221;]<strong>Wang Yang (\u738b\u626c)<\/strong><br \/>\nHBIS Group<br \/>\n<em>Finalista Regional*, Asia Norte \/ China<\/em><\/p>\n<p>Profesional de la industria del acero con un fuerte inter\u00e9s en los procesos metal\u00fargicos, la automatizaci\u00f3n y la simulaci\u00f3n.<\/p>\n<p>A trav\u00e9s de los recursos de formaci\u00f3n de steeluniversity y su participaci\u00f3n en steelChallenge, reforz\u00f3 su base te\u00f3rica en siderurgia y obtuvo conocimientos pr\u00e1cticos aplicables a su trabajo diario.<\/p>\n<p>La participaci\u00f3n en esta competencia global le permiti\u00f3 intercambiar ideas con profesionales del sector a nivel internacional, ampliando su perspectiva y reforzando el valor del aprendizaje continuo y la colaboraci\u00f3n.[\/vc_column_text][vc_column_text css=&#8221;&#8221;]* Subcampe\u00f3n de la Regi\u00f3n Asia Norte, representando a la regi\u00f3n tras la retirada del ganador original de la Final del Campeonato Mundial.[\/vc_column_text][\/vc_column_inner][\/vc_row_inner][vc_row_inner][vc_column_inner][vc_empty_space height=&#8221;10px&#8221;][\/vc_column_inner][\/vc_row_inner][vc_row_inner css=&#8221;.vc_custom_1739826368067{margin-right: 10px !important;margin-left: 10px !important;border-top-width: 1px !important;border-right-width: 1px !important;border-bottom-width: 1px !important;border-left-width: 1px !important;border-left-style: solid !important;border-right-style: solid !important;border-top-style: solid !important;border-bottom-style: solid !important;border-radius: 5px !important;border-color: #E7E7E7 !important;}&#8221;][vc_column_inner width=&#8221;1\/4&#8243;][vc_single_image image=&#8221;109014&#8243; img_size=&#8221;full&#8221; alignment=&#8221;center&#8221; css=&#8221;&#8221;][\/vc_column_inner][vc_column_inner width=&#8221;3\/4&#8243;][vc_column_text css=&#8221;&#8221;]<strong>Nahyun Kim (\uae40\ub098\ud604)<\/strong><br \/>\nPOSCO<br \/>\n<em>Campe\u00f3n Regional, Asia Oriental y Ocean\u00eda \/ Corea del Sur<\/em><\/p>\n<p>Graduada en Ingenier\u00eda Qu\u00edmica que trabaja como Ingeniera de Acer\u00eda desde 2024, con enfoque en los procesos de refinado para acero de alambr\u00f3n.<\/p>\n<p>Su trabajo se centra en mejorar la eficiencia de producci\u00f3n y la calidad del producto, incluyendo la realizaci\u00f3n de pruebas en planta para optimizar la limpieza del acero l\u00edquido y el desarrollo de nuevos grados de acero. Tambi\u00e9n participa en la automatizaci\u00f3n de procesos mediante el desarrollo de modelos de IA basados en principios de reacciones qu\u00edmicas y datos operativos.<\/p>\n<p>Cuenta con una fuerte capacidad para el an\u00e1lisis de procesos basado en datos y ha reforzado su comprensi\u00f3n de los enfoques de modelado gracias a su participaci\u00f3n en steelChallenge.[\/vc_column_text][\/vc_column_inner][\/vc_row_inner][vc_row_inner][vc_column_inner][vc_empty_space][vc_separator][vc_empty_space][\/vc_column_inner][\/vc_row_inner][vc_row_inner][vc_column_inner][vc_empty_space height=&#8221;64px&#8221;][vc_column_text css=&#8221;&#8221;]<\/p>\n<p style=\"text-align: center;\"><strong>steel<\/strong>Challenge-20 cuenta con el generoso patrocinio de las siguientes empresas:<\/p>\n<p>[\/vc_column_text][\/vc_column_inner][\/vc_row_inner][vc_row_inner content_placement=&#8221;middle&#8221; css=&#8221;.vc_custom_1755633034383{padding-top: 0px !important;padding-bottom: 0px !important;}&#8221;][vc_column_inner width=&#8221;1\/3&#8243;][vc_single_image image=&#8221;78277&#8243; img_size=&#8221;240&#215;100&#8243; alignment=&#8221;center&#8221; css=&#8221;&#8221;][\/vc_column_inner][vc_column_inner width=&#8221;1\/3&#8243;][vc_single_image image=&#8221;85265&#8243; img_size=&#8221;240&#215;100&#8243; alignment=&#8221;center&#8221; css=&#8221;&#8221;][\/vc_column_inner][vc_column_inner width=&#8221;1\/3&#8243;][vc_single_image image=&#8221;86890&#8243; img_size=&#8221;240&#215;100&#8243; alignment=&#8221;center&#8221; css=&#8221;&#8221;][\/vc_column_inner][\/vc_row_inner][vc_row_inner content_placement=&#8221;middle&#8221; css=&#8221;.vc_custom_1755633034383{padding-top: 0px !important;padding-bottom: 0px !important;}&#8221;][vc_column_inner width=&#8221;1\/2&#8243;][vc_single_image image=&#8221;78353&#8243; img_size=&#8221;240&#215;100&#8243; alignment=&#8221;center&#8221; css=&#8221;&#8221;][\/vc_column_inner][vc_column_inner width=&#8221;1\/2&#8243;][vc_single_image image=&#8221;82097&#8243; img_size=&#8221;240&#215;100&#8243; alignment=&#8221;center&#8221; css=&#8221;&#8221;][\/vc_column_inner][\/vc_row_inner][vc_row_inner equal_height=&#8221;yes&#8221; content_placement=&#8221;middle&#8221; css=&#8221;.vc_custom_1755633045191{padding-top: 0px !important;padding-bottom: 0px !important;}&#8221;][vc_column_inner width=&#8221;1\/4&#8243;][vc_single_image image=&#8221;56826&#8243; img_size=&#8221;180&#215;100&#8243; alignment=&#8221;center&#8221; css=&#8221;&#8221;][\/vc_column_inner][vc_column_inner width=&#8221;1\/4&#8243;][vc_single_image image=&#8221;57263&#8243; img_size=&#8221;180&#215;100&#8243; alignment=&#8221;center&#8221; css=&#8221;&#8221;][\/vc_column_inner][vc_column_inner width=&#8221;1\/4&#8243;][vc_single_image image=&#8221;87784&#8243; img_size=&#8221;180&#215;100&#8243; alignment=&#8221;center&#8221; css=&#8221;&#8221;][\/vc_column_inner][vc_column_inner width=&#8221;1\/4&#8243;][vc_single_image image=&#8221;99943&#8243; img_size=&#8221;160&#215;100&#8243; alignment=&#8221;center&#8221; css=&#8221;&#8221;][\/vc_column_inner][\/vc_row_inner][vc_row_inner equal_height=&#8221;yes&#8221; content_placement=&#8221;middle&#8221; css=&#8221;.vc_custom_1755633054055{padding-top: 0px !important;padding-bottom: 0px !important;}&#8221;][vc_column_inner width=&#8221;1\/3&#8243;][vc_single_image image=&#8221;78551&#8243; img_size=&#8221;140&#215;100&#8243; alignment=&#8221;center&#8221; css=&#8221;&#8221;][\/vc_column_inner][vc_column_inner width=&#8221;1\/3&#8243;][vc_single_image image=&#8221;98193&#8243; img_size=&#8221;140&#215;100&#8243; alignment=&#8221;center&#8221; css=&#8221;&#8221;][\/vc_column_inner][vc_column_inner width=&#8221;1\/3&#8243;][vc_single_image image=&#8221;82100&#8243; img_size=&#8221;140&#215;100&#8243; alignment=&#8221;center&#8221; css=&#8221;&#8221;][\/vc_column_inner][\/vc_row_inner][vc_row_inner equal_height=&#8221;yes&#8221; content_placement=&#8221;middle&#8221; css=&#8221;.vc_custom_1755633062215{padding-top: 0px !important;padding-bottom: 0px !important;}&#8221;][vc_column_inner width=&#8221;1\/4&#8243;][vc_single_image image=&#8221;84065&#8243; img_size=&#8221;120&#215;100&#8243; alignment=&#8221;center&#8221; css=&#8221;&#8221;][\/vc_column_inner][vc_column_inner width=&#8221;1\/4&#8243;][vc_single_image image=&#8221;99677&#8243; img_size=&#8221;120&#215;100&#8243; alignment=&#8221;center&#8221; css=&#8221;&#8221;][\/vc_column_inner][vc_column_inner width=&#8221;1\/4&#8243;][vc_single_image image=&#8221;82106&#8243; img_size=&#8221;120&#215;100&#8243; alignment=&#8221;center&#8221; css=&#8221;&#8221;][\/vc_column_inner][vc_column_inner width=&#8221;1\/4&#8243;][vc_single_image image=&#8221;82103&#8243; img_size=&#8221;120&#215;100&#8243; alignment=&#8221;center&#8221; css=&#8221;&#8221;][\/vc_column_inner][\/vc_row_inner][\/vc_column][vc_column width=&#8221;1\/3&#8243; el_class=&#8221;sc-sidebar&#8221;][vc_row_inner el_class=&#8221;.widget&#8221; css=&#8221;.vc_custom_1724957367572{padding-right: 0px !important;padding-left: 0px !important;}&#8221;][vc_column_inner css=&#8221;.vc_custom_1722435521610{margin-right: 0px !important;margin-left: 0px !important;padding-right: 0px !important;padding-left: 0px !important;}&#8221;][vc_wp_custommenu nav_menu=&#8221;840&#8243; el_class=&#8221;side-menu&#8221;][\/vc_column_inner][\/vc_row_inner][\/vc_column][\/vc_row]<\/p>\n<\/div>","protected":false},"excerpt":{"rendered":"<p>[vc_row][vc_column][vc_column_text css=&#8221;&#8221;] steelChallenge-20 Finalistas del Campeonato Mundial [\/vc_column_text][\/vc_column][\/vc_row][vc_row][vc_column][vc_column_text] [\/vc_column_text][\/vc_column][\/vc_row][vc_row][vc_column width=&#8221;2\/3&#8243;][vc_row_inner][vc_column_inner][vc_column_text css=&#8221;&#8221;] El camino hacia el Campeonato Mundial de steelChallenge-20 ha estado marcado por una intensa&hellip;<\/p>\n","protected":false},"author":96147,"featured_media":0,"parent":99456,"menu_order":6,"comment_status":"closed","ping_status":"closed","template":"","meta":{"footnotes":""},"class_list":["post-108671","page","type-page","status-publish","hentry"],"aioseo_notices":[],"_links":{"self":[{"href":"https:\/\/steeluniversity.org\/es\/wp-json\/wp\/v2\/pages\/108671","targetHints":{"allow":["GET"]}}],"collection":[{"href":"https:\/\/steeluniversity.org\/es\/wp-json\/wp\/v2\/pages"}],"about":[{"href":"https:\/\/steeluniversity.org\/es\/wp-json\/wp\/v2\/types\/page"}],"author":[{"embeddable":true,"href":"https:\/\/steeluniversity.org\/es\/wp-json\/wp\/v2\/users\/96147"}],"replies":[{"embeddable":true,"href":"https:\/\/steeluniversity.org\/es\/wp-json\/wp\/v2\/comments?post=108671"}],"version-history":[{"count":0,"href":"https:\/\/steeluniversity.org\/es\/wp-json\/wp\/v2\/pages\/108671\/revisions"}],"up":[{"embeddable":true,"href":"https:\/\/steeluniversity.org\/es\/wp-json\/wp\/v2\/pages\/99456"}],"wp:attachment":[{"href":"https:\/\/steeluniversity.org\/es\/wp-json\/wp\/v2\/media?parent=108671"}],"curies":[{"name":"wp","href":"https:\/\/api.w.org\/{rel}","templated":true}]}}