{"id":109189,"date":"2021-06-22T20:08:32","date_gmt":"2021-06-22T20:08:32","guid":{"rendered":"https:\/\/steeluniversity.org\/steelchallenge-17\/"},"modified":"2026-04-27T20:51:24","modified_gmt":"2026-04-27T20:51:24","slug":"steelchallenge-17es","status":"publish","type":"page","link":"https:\/\/steeluniversity.org\/es\/steelchallenge-17es\/","title":{"rendered":"steelChallenge-17"},"content":{"rendered":"<div class=\"wpb-content-wrapper\"><p>[vc_row][vc_column][vc_column_text]<\/p>\n<h1><b>steel<\/b>Challenge-17<\/h1>\n<p>[\/vc_column_text][\/vc_column][\/vc_row][vc_row][vc_column width=&#8221;2\/3&#8243;][vc_row_inner][vc_column_inner][vc_column_text css=&#8221;&#8221;]<\/p>\n<h2>El Campeonato Regional<\/h2>\n<p>[\/vc_column_text][vc_column_text css=&#8221;&#8221;]<\/p>\n<h4><b>steel<\/b>Challenge-17 se llev\u00f3 a cabo en dos rondas. El <b>Campeonato Regional<\/b> se llev\u00f3 a cabo en l\u00ednea durante 24 horas el <b>16 de noviembre de 2022<\/b>.<\/h4>\n<p>[\/vc_column_text][vc_column_text css=&#8221;&#8221;]El <strong>steel<\/strong>Challenge de este a\u00f1o atrajo a 1,298 participantes en representaci\u00f3n de m\u00e1s de 76 empresas y alrededor de 76 instituciones acad\u00e9micas de 27 pa\u00edses de todo el mundo.<\/p>\n<p>Para <strong>steel<\/strong>Challenge-17, los participantes utilizaron una combinaci\u00f3n de los simuladores de <a href=\"https:\/\/steeluniversity.org\/courses\/sim-eaf-electric-arc-furnace-simulation\/\">Horno de Arco El\u00e9ctrico<\/a> y <a href=\"https:\/\/steeluniversity.org\/courses\/sim-ssm-secondary-steelmaking-simulation\/\">Metalurgia Secundaria<\/a>. Se les pidi\u00f3 refinar el acero hasta alcanzar la qu\u00edmica, la temperatura y el desempe\u00f1o ambiental adecuados.[\/vc_column_text][\/vc_column_inner][\/vc_row_inner][vc_row_inner][vc_column_inner][vc_empty_space][vc_separator][vc_empty_space][\/vc_column_inner][\/vc_row_inner][vc_row_inner][vc_column_inner][vc_column_text css=&#8221;&#8221;]<\/p>\n<h2><strong>Resultados<\/strong> Campeonato Regional<\/h2>\n<p>[\/vc_column_text][\/vc_column_inner][\/vc_row_inner][vc_tta_tabs style=&#8221;flat&#8221; color=&#8221;white&#8221; active_section=&#8221;1&#8243; el_class=&#8221;results-tabs&#8221;][vc_tta_section title=&#8221;Categor\u00eda Industria&#8221; tab_id=&#8221;1648045881034-65db4caa-00a8&#8243;][vc_empty_space height=&#8221;20&#8243;][vc_column_text css=&#8221;&#8221;]<strong>Europa y \u00c1frica \u2013 Industria <\/strong><\/p>\n<table width=\"644\">\n<tbody>\n<tr style=\"background-color: var(--bb-content-alternate-background-color);\">\n<td width=\"57\"><strong>Posici\u00f3n<\/strong><\/td>\n<td width=\"255\"><strong>Persona<\/strong><\/td>\n<td width=\"227\"><strong>Afiliaci\u00f3n<\/strong><\/td>\n<td width=\"105\"><strong>Pa\u00eds<\/strong><\/td>\n<td><strong>Precio<\/strong><\/td>\n<\/tr>\n<tr>\n<td align=\"center\" width=\"57\"><strong>1<\/strong><\/td>\n<td width=\"255\"><strong>(No se complet\u00f3 ninguna ejecuci\u00f3n exitosa)<\/strong><\/td>\n<td width=\"227\"><strong>&#8212;<\/strong><\/td>\n<td width=\"105\"><strong>&#8212;<\/strong><\/td>\n<td width=\"105\"><strong>&#8212;<\/strong><\/td>\n<\/tr>\n<tr>\n<td align=\"center\" width=\"57\">2<\/td>\n<td width=\"255\">&#8212;<\/td>\n<td width=\"227\">&#8212;<\/td>\n<td width=\"105\">&#8212;<\/td>\n<td width=\"105\">&#8212;<\/td>\n<\/tr>\n<tr>\n<td align=\"center\" width=\"57\">3<\/td>\n<td width=\"255\">&#8212;<\/td>\n<td width=\"227\">&#8212;<\/td>\n<td width=\"105\">&#8212;<\/td>\n<td width=\"105\">&#8212;<\/td>\n<\/tr>\n<tr>\n<td align=\"center\" width=\"57\">4<\/td>\n<td width=\"255\">&#8212;<\/td>\n<td width=\"227\">&#8212;<\/td>\n<td width=\"105\">&#8212;<\/td>\n<td width=\"105\">&#8212;<\/td>\n<\/tr>\n<tr>\n<td align=\"center\" width=\"57\">5<\/td>\n<td width=\"255\">&#8212;<\/td>\n<td width=\"227\">&#8212;<\/td>\n<td width=\"105\">&#8212;<\/td>\n<td width=\"105\">&#8212;<\/td>\n<\/tr>\n<\/tbody>\n<\/table>\n<p><strong>Am\u00e9ricas \u2013 Industria <\/strong><\/p>\n<table width=\"644\">\n<tbody>\n<tr style=\"background-color: var(--bb-content-alternate-background-color);\">\n<td width=\"57\"><strong>Posici\u00f3n<\/strong><\/td>\n<td width=\"255\"><strong>Persona<\/strong><\/td>\n<td width=\"227\"><strong>Afiliaci\u00f3n<\/strong><\/td>\n<td width=\"105\"><strong>Pa\u00eds<\/strong><\/td>\n<td><strong>Precio<\/strong><\/td>\n<\/tr>\n<tr>\n<td align=\"center\" width=\"57\"><strong>1<\/strong><\/td>\n<td width=\"255\"><strong>Stefano Augusto David Feitoza<\/strong><\/td>\n<td width=\"227\"><strong>Sunrise Engenharia<\/strong><\/td>\n<td width=\"105\"><strong>Brasil<\/strong><\/td>\n<td width=\"105\"><strong>568.059<\/strong><\/td>\n<\/tr>\n<tr>\n<td align=\"center\" width=\"57\">2<\/td>\n<td width=\"255\">Bruno Cerchiari<\/td>\n<td width=\"227\">Ternium<\/td>\n<td width=\"105\">Brasil<\/td>\n<td width=\"105\">590.470<\/td>\n<\/tr>\n<tr>\n<td align=\"center\" width=\"57\">3<\/td>\n<td width=\"255\">Heber Gomes Segundo<\/td>\n<td width=\"227\">Ternium<\/td>\n<td width=\"105\">Brasil<\/td>\n<td width=\"105\">591.417<\/td>\n<\/tr>\n<tr>\n<td align=\"center\" width=\"57\">4<\/td>\n<td width=\"255\">Fabiano Pachioni Perez<\/td>\n<td width=\"227\">Ternium<\/td>\n<td width=\"105\">Brasil<\/td>\n<td width=\"105\">593.067<\/td>\n<\/tr>\n<tr>\n<td align=\"center\" width=\"57\">5<\/td>\n<td width=\"255\">Thaisa Franco Silva<\/td>\n<td width=\"227\">Ternium<\/td>\n<td width=\"105\">Brasil<\/td>\n<td width=\"105\">605.228<\/td>\n<\/tr>\n<\/tbody>\n<\/table>\n<p><strong>Asia Occidental \u2013 Industria <\/strong><\/p>\n<table width=\"644\">\n<tbody>\n<tr style=\"background-color: var(--bb-content-alternate-background-color);\">\n<td width=\"57\"><strong>Posici\u00f3n<\/strong><\/td>\n<td width=\"255\"><strong>Persona<\/strong><\/td>\n<td width=\"227\"><strong>Afiliaci\u00f3n<\/strong><\/td>\n<td width=\"105\"><strong>Pa\u00eds<\/strong><\/td>\n<td><strong>Precio<\/strong><\/td>\n<\/tr>\n<tr>\n<td align=\"center\" width=\"57\"><strong>1<\/strong><\/td>\n<td width=\"255\"><strong>Subhadeep Bakshi<\/strong><\/td>\n<td width=\"227\"><strong>Tata Steel Limited<\/strong><\/td>\n<td width=\"105\"><strong>India<\/strong><\/td>\n<td width=\"105\"><strong>566.376<\/strong><\/td>\n<\/tr>\n<tr>\n<td align=\"center\" width=\"57\">2<\/td>\n<td width=\"255\">Bhavya Verma<\/td>\n<td width=\"227\">Tata Steel Limited<\/td>\n<td width=\"105\">India<\/td>\n<td width=\"105\">569.039<\/td>\n<\/tr>\n<tr>\n<td align=\"center\" width=\"57\">3<\/td>\n<td width=\"255\">Rohit Kumar Singh<\/td>\n<td width=\"227\">Tata Steel Limited<\/td>\n<td width=\"105\">India<\/td>\n<td width=\"105\">569.147<\/td>\n<\/tr>\n<tr>\n<td align=\"center\" width=\"57\">4<\/td>\n<td width=\"255\">Debanshu Banerjee<\/td>\n<td width=\"227\">Tata Steel Limited<\/td>\n<td width=\"105\">India<\/td>\n<td width=\"105\">569.969<\/td>\n<\/tr>\n<tr>\n<td align=\"center\" width=\"57\">5<\/td>\n<td width=\"255\">Hamza Ahmed<\/td>\n<td width=\"227\">Tata Steel Limited<\/td>\n<td width=\"105\">India<\/td>\n<td width=\"105\">571.829<\/td>\n<\/tr>\n<\/tbody>\n<\/table>\n<p><strong>Asia Norte \u2013 Industria <\/strong><\/p>\n<table width=\"644\">\n<tbody>\n<tr style=\"background-color: var(--bb-content-alternate-background-color);\">\n<td width=\"57\"><strong>Posici\u00f3n<\/strong><\/td>\n<td width=\"255\"><strong>Persona<\/strong><\/td>\n<td width=\"227\"><strong>Afiliaci\u00f3n<\/strong><\/td>\n<td width=\"105\"><strong>Pa\u00eds<\/strong><\/td>\n<td><strong>Precio<\/strong><\/td>\n<\/tr>\n<tr>\n<td align=\"center\" width=\"57\"><strong>1<\/strong><\/td>\n<td width=\"255\"><strong>Han Penglong (\u97e9\u9e4f\u9f99\uff09<\/strong><\/td>\n<td width=\"227\"><strong>HBIS Group<\/strong><\/td>\n<td width=\"105\"><strong>China<\/strong><\/td>\n<td width=\"105\"><strong>552.342<\/strong><\/td>\n<\/tr>\n<tr>\n<td align=\"center\" width=\"57\">2<\/td>\n<td width=\"255\">Wei Maoyang (\u9b4f\u8302\u9633\uff09<\/td>\n<td width=\"227\">HBIS Group<\/td>\n<td width=\"105\">China<\/td>\n<td width=\"105\">552.837<\/td>\n<\/tr>\n<tr>\n<td align=\"center\" width=\"57\">3<\/td>\n<td width=\"255\">Zhang Wenfeng (\u5f20\u6587\u5cf0\uff09<\/td>\n<td width=\"227\">HBIS Group<\/td>\n<td width=\"105\">China<\/td>\n<td width=\"105\">553.325<\/td>\n<\/tr>\n<tr>\n<td align=\"center\" width=\"57\">4<\/td>\n<td width=\"255\">Peng Liu (\u5218\u9e4f)<\/td>\n<td width=\"227\">China Baowu Steel Group<\/td>\n<td width=\"105\">China<\/td>\n<td width=\"105\">558.339<\/td>\n<\/tr>\n<tr>\n<td align=\"center\" width=\"57\">5<\/td>\n<td width=\"255\">Huan Hou (\u4faf\u6b22)<\/td>\n<td width=\"227\">China Baowu Steel Group<\/td>\n<td width=\"105\">China<\/td>\n<td width=\"105\">558.377<\/td>\n<\/tr>\n<\/tbody>\n<\/table>\n<p><strong>Asia Oriental y Ocean\u00eda \u2013 Industria <\/strong><\/p>\n<table width=\"644\">\n<tbody>\n<tr style=\"background-color: var(--bb-content-alternate-background-color);\">\n<td width=\"57\"><strong>Posici\u00f3n<\/strong><\/td>\n<td width=\"255\"><strong>Persona<\/strong><\/td>\n<td width=\"227\"><strong>Afiliaci\u00f3n<\/strong><\/td>\n<td width=\"105\"><strong>Pa\u00eds<\/strong><\/td>\n<td><strong>Precio<\/strong><\/td>\n<\/tr>\n<tr>\n<td align=\"center\" width=\"57\"><strong>1<\/strong><\/td>\n<td width=\"255\"><strong>Kwanhyeong Kim<\/strong><\/td>\n<td width=\"227\"><strong>POSCO<\/strong><\/td>\n<td width=\"105\"><strong>Corea del Sur<\/strong><\/td>\n<td width=\"105\"><strong>551.128<\/strong><\/td>\n<\/tr>\n<tr>\n<td align=\"center\" width=\"57\">2<\/td>\n<td width=\"255\">Eunsung Park<\/td>\n<td width=\"227\">POSCO<\/td>\n<td width=\"105\">Corea del Sur<\/td>\n<td width=\"105\">551.405<\/td>\n<\/tr>\n<tr>\n<td align=\"center\" width=\"57\">3<\/td>\n<td width=\"255\">Minseok Oh<\/td>\n<td width=\"227\">POSCO<\/td>\n<td width=\"105\">Corea del Sur<\/td>\n<td width=\"105\">551.962<\/td>\n<\/tr>\n<tr>\n<td align=\"center\" width=\"57\">4<\/td>\n<td width=\"255\">Tae Hyeok Son<\/td>\n<td width=\"227\">POSCO<\/td>\n<td width=\"105\">Corea del Sur<\/td>\n<td width=\"105\">552.941<\/td>\n<\/tr>\n<tr>\n<td align=\"center\" width=\"57\">5<\/td>\n<td width=\"255\">Jaeun Lee<\/td>\n<td width=\"227\">POSCO<\/td>\n<td width=\"105\">Corea del Sur<\/td>\n<td width=\"105\">553.371<\/td>\n<\/tr>\n<\/tbody>\n<\/table>\n<p>[\/vc_column_text][\/vc_tta_section][vc_tta_section title=&#8221;Categor\u00eda Estudiantes&#8221; tab_id=&#8221;1648046212280-381a2f2c-ca02&#8243;][vc_empty_space height=&#8221;20&#8243;][vc_column_text css=&#8221;&#8221;]<strong>Europa y \u00c1frica \u2013 Estudiantes<\/strong><\/p>\n<table width=\"644\">\n<tbody>\n<tr style=\"background-color: var(--bb-content-alternate-background-color);\">\n<td width=\"57\"><strong>Posici\u00f3n<\/strong><\/td>\n<td width=\"255\"><strong>Persona<\/strong><\/td>\n<td width=\"227\"><strong>Afiliaci\u00f3n<\/strong><\/td>\n<td width=\"105\"><strong>Pa\u00eds<\/strong><\/td>\n<td><strong>Precio<\/strong><\/td>\n<\/tr>\n<tr>\n<td align=\"center\" width=\"57\"><strong>1<\/strong><\/td>\n<td width=\"255\"><strong>Ga\u0161per Krek<\/strong><\/td>\n<td width=\"227\"><strong>University of Ljubljana<\/strong><\/td>\n<td width=\"105\"><strong>Eslovenia<\/strong><\/td>\n<td width=\"105\"><strong>583.907<\/strong><\/td>\n<\/tr>\n<tr>\n<td align=\"center\" width=\"57\">2<\/td>\n<td width=\"255\">Matija Arzen\u0161ek<\/td>\n<td width=\"227\">University of Ljubljana<\/td>\n<td width=\"105\">Eslovenia<\/td>\n<td width=\"105\">586.035<\/td>\n<\/tr>\n<tr>\n<td align=\"center\" width=\"57\">3<\/td>\n<td width=\"255\">Matic Bobnar<\/td>\n<td width=\"227\">University of Ljubljana<\/td>\n<td width=\"105\">Eslovenia<\/td>\n<td width=\"105\">588.682<\/td>\n<\/tr>\n<tr>\n<td align=\"center\" width=\"57\">4<\/td>\n<td width=\"255\">&#8212;<\/td>\n<td width=\"227\">&#8212;<\/td>\n<td width=\"105\">&#8212;<\/td>\n<td width=\"105\">&#8212;<\/td>\n<\/tr>\n<tr>\n<td align=\"center\" width=\"57\">5<\/td>\n<td width=\"255\">&#8212;<\/td>\n<td width=\"227\">&#8212;<\/td>\n<td width=\"105\">&#8212;<\/td>\n<td width=\"105\">&#8212;<\/td>\n<\/tr>\n<\/tbody>\n<\/table>\n<p><strong>Am\u00e9ricas \u2013 Estudiantes<\/strong><\/p>\n<table width=\"644\">\n<tbody>\n<tr style=\"background-color: var(--bb-content-alternate-background-color);\">\n<td width=\"57\"><strong>Posici\u00f3n<\/strong><\/td>\n<td width=\"255\"><strong>Persona<\/strong><\/td>\n<td width=\"227\"><strong>Afiliaci\u00f3n<\/strong><\/td>\n<td width=\"105\"><strong>Pa\u00eds<\/strong><\/td>\n<td><strong>Precio<\/strong><\/td>\n<\/tr>\n<tr>\n<td align=\"center\" width=\"57\"><strong>1<\/strong><\/td>\n<td width=\"255\"><strong>Henry Shinji Jouti<\/strong><\/td>\n<td width=\"227\"><strong>Instituto Tecnol\u00f3gico de Aeron\u00e1utica (ITA)<\/strong><\/td>\n<td width=\"105\"><strong>Brasil<\/strong><\/td>\n<td width=\"105\"><strong>598.816<\/strong><\/td>\n<\/tr>\n<tr>\n<td align=\"center\" width=\"57\">2<\/td>\n<td width=\"255\">Ana Clara Melo Quintanilha<\/td>\n<td width=\"227\">Universidade Federal Rural do Rio de Janeiro \/ Ternium<\/td>\n<td width=\"105\">Brasil<\/td>\n<td width=\"105\">608.691<\/td>\n<\/tr>\n<tr>\n<td align=\"center\" width=\"57\">3<\/td>\n<td width=\"255\">Eliel De Amorim Camilo<\/td>\n<td width=\"227\">Universidade Do Estado Do Rio De Janeiro \/ Ternium<\/td>\n<td width=\"105\">Brasil<\/td>\n<td width=\"105\">623.406<\/td>\n<\/tr>\n<tr>\n<td align=\"center\" width=\"57\">4<\/td>\n<td width=\"255\">Maur\u00edcio Mancini J\u00fanior<\/td>\n<td width=\"227\">Universidade Federal Rural do Rio de Janeiro<\/td>\n<td width=\"105\">Brasil<\/td>\n<td width=\"105\">655.055<\/td>\n<\/tr>\n<tr>\n<td align=\"center\" width=\"57\">5<\/td>\n<td width=\"255\">&#8212;<\/td>\n<td width=\"227\">&#8212;<\/td>\n<td width=\"105\">&#8212;<\/td>\n<td width=\"105\">&#8212;<\/td>\n<\/tr>\n<\/tbody>\n<\/table>\n<p><strong>Asia Occidental \u2013 Estudiantes<\/strong><\/p>\n<table width=\"644\">\n<tbody>\n<tr style=\"background-color: var(--bb-content-alternate-background-color);\">\n<td width=\"57\"><strong>Posici\u00f3n<\/strong><\/td>\n<td width=\"255\"><strong>Persona<\/strong><\/td>\n<td width=\"227\"><strong>Afiliaci\u00f3n<\/strong><\/td>\n<td width=\"105\"><strong>Pa\u00eds<\/strong><\/td>\n<td><strong>Precio<\/strong><\/td>\n<\/tr>\n<tr>\n<td align=\"center\" width=\"57\"><strong>1<\/strong><\/td>\n<td width=\"255\"><strong>Ashutosh Panda<\/strong><\/td>\n<td width=\"227\"><strong>Shavak Nanavati Technical Institute<\/strong><\/td>\n<td width=\"105\"><strong>India<\/strong><\/td>\n<td width=\"105\"><strong>579.041<\/strong><\/td>\n<\/tr>\n<tr>\n<td align=\"center\" width=\"57\">2<\/td>\n<td width=\"255\">Jyotiranjan Rout<\/td>\n<td width=\"227\">Shavak Nanavati Technical Institute<\/td>\n<td width=\"105\">India<\/td>\n<td width=\"105\">582.862<\/td>\n<\/tr>\n<tr>\n<td align=\"center\" width=\"57\">3<\/td>\n<td width=\"255\">Himansu Behera<\/td>\n<td width=\"227\">Shavak Nanavati Technical Institute<\/td>\n<td width=\"105\">India<\/td>\n<td width=\"105\">590.035<\/td>\n<\/tr>\n<tr>\n<td align=\"center\" width=\"57\">4<\/td>\n<td width=\"255\">MD Izhar Ali<\/td>\n<td width=\"227\">Shavak Nanavati Technical Institute<\/td>\n<td width=\"105\">India<\/td>\n<td width=\"105\">591.374<\/td>\n<\/tr>\n<tr>\n<td align=\"center\" width=\"57\">5<\/td>\n<td width=\"255\">Soumyadeep Nanda<\/td>\n<td width=\"227\">Shavak Nanavati Technical Institute<\/td>\n<td width=\"105\">India<\/td>\n<td width=\"105\">594.149<\/td>\n<\/tr>\n<\/tbody>\n<\/table>\n<p><strong>Asia Norte \u2013 Estudiantes<\/strong><\/p>\n<table width=\"644\">\n<tbody>\n<tr style=\"background-color: var(--bb-content-alternate-background-color);\">\n<td width=\"57\"><strong>Posici\u00f3n<\/strong><\/td>\n<td width=\"255\"><strong>Persona<\/strong><\/td>\n<td width=\"227\"><strong>Afiliaci\u00f3n<\/strong><\/td>\n<td width=\"105\"><strong>Pa\u00eds<\/strong><\/td>\n<td><strong>Precio<\/strong><\/td>\n<\/tr>\n<tr>\n<td align=\"center\" width=\"57\"><strong>1<\/strong><\/td>\n<td width=\"255\"><strong>Haiqing Liu (\u5218\u6d77\u9752)<\/strong><\/td>\n<td width=\"227\"><strong>Chongqing University of Science and Technology<\/strong><\/td>\n<td width=\"105\"><strong>China<\/strong><\/td>\n<td width=\"105\"><strong>550.187<\/strong><\/td>\n<\/tr>\n<tr>\n<td align=\"center\" width=\"57\">2<\/td>\n<td width=\"255\">Qing Song Tan (\u8c2d\u6e05\u677e)<\/td>\n<td width=\"227\">Chongqing University of Science and Technology<\/td>\n<td width=\"105\">China<\/td>\n<td width=\"105\">550.845<\/td>\n<\/tr>\n<tr>\n<td align=\"center\" width=\"57\">3<\/td>\n<td width=\"255\">Liu Jinyu (\u8c28\u745c \u5218)<\/td>\n<td width=\"227\">Chongqing University of Science and Technology<\/td>\n<td width=\"105\">China<\/td>\n<td width=\"105\">551.318<\/td>\n<\/tr>\n<tr>\n<td align=\"center\" width=\"57\">4<\/td>\n<td width=\"255\">Xin Chen (\u9648\u946b)<\/td>\n<td width=\"227\">Chongqing University of Science and Technology<\/td>\n<td width=\"105\">China<\/td>\n<td width=\"105\">551.412<\/td>\n<\/tr>\n<tr>\n<td align=\"center\" width=\"57\">5<\/td>\n<td width=\"255\">Zhaokai Bian (\u5146\u51ef \u8fb9)<\/td>\n<td width=\"227\">Chongqing University of Science and Technology<\/td>\n<td width=\"105\">China<\/td>\n<td width=\"105\">552.976<\/td>\n<\/tr>\n<\/tbody>\n<\/table>\n<p><strong>Asia Oriental y Ocean\u00eda \u2013 Estudiantes<\/strong><\/p>\n<table width=\"644\">\n<tbody>\n<tr style=\"background-color: var(--bb-content-alternate-background-color);\">\n<td width=\"57\"><strong>Posici\u00f3n<\/strong><\/td>\n<td width=\"255\"><strong>Persona<\/strong><\/td>\n<td width=\"227\"><strong>Afiliaci\u00f3n<\/strong><\/td>\n<td width=\"105\"><strong>Pa\u00eds<\/strong><\/td>\n<td><strong>Precio<\/strong><\/td>\n<\/tr>\n<tr>\n<td align=\"center\" width=\"57\"><strong>1<\/strong><\/td>\n<td width=\"255\"><strong>Guo Yu-Wei<\/strong><\/td>\n<td width=\"227\"><strong>National Chung Hsing University<\/strong><\/td>\n<td width=\"105\"><strong>Taiw\u00e1n, China<\/strong><\/td>\n<td width=\"105\"><strong>549.602<\/strong><\/td>\n<\/tr>\n<tr>\n<td align=\"center\" width=\"57\">2<\/td>\n<td width=\"255\">Taewan Kim<\/td>\n<td width=\"227\">Pohang University of Science and Technology<\/td>\n<td width=\"105\">Corea del Sur<\/td>\n<td width=\"105\">550.898<\/td>\n<\/tr>\n<tr>\n<td align=\"center\" width=\"57\">3<\/td>\n<td width=\"255\">Junho Lee<\/td>\n<td width=\"227\">Jeonbuk National University<\/td>\n<td width=\"105\">Corea del Sur<\/td>\n<td width=\"105\">552.146<\/td>\n<\/tr>\n<tr>\n<td align=\"center\" width=\"57\">4<\/td>\n<td width=\"255\">Jungbin Park<\/td>\n<td width=\"227\">Jeonbuk National University<\/td>\n<td width=\"105\">Corea del Sur<\/td>\n<td width=\"105\">552.148<\/td>\n<\/tr>\n<tr>\n<td align=\"center\" width=\"57\">5<\/td>\n<td width=\"255\">Jyun-Ming Shen<\/td>\n<td width=\"227\">National Chung Hsing University<\/td>\n<td width=\"105\">Taiw\u00e1n, China<\/td>\n<td width=\"105\">552.911<\/td>\n<\/tr>\n<\/tbody>\n<\/table>\n<p>Nota: steeluniversity tambi\u00e9n reconoce el desempe\u00f1o destacado de los siguientes participantes de Dong-A University, Corea del Sur: Jae-seong Choi, Lee Jae-geun, Kim Tae Jun y No Ju Hwan.[\/vc_column_text][\/vc_tta_section][\/vc_tta_tabs][vc_row_inner][vc_column_inner][vc_empty_space][vc_separator][vc_empty_space][\/vc_column_inner][\/vc_row_inner][vc_row_inner][vc_column_inner][vc_column_text css=&#8221;&#8221;]<\/p>\n<h2><b>Campeonato Regional<\/b> de un vistazo<\/h2>\n<p>[\/vc_column_text][vc_single_image image=&#8221;75205&#8243; img_size=&#8221;full&#8221; alignment=&#8221;center&#8221; onclick=&#8221;link_image&#8221; label=&#8221;&#8221;][\/vc_column_inner][\/vc_row_inner][vc_row_inner][vc_column_inner][vc_empty_space][vc_separator][vc_empty_space][\/vc_column_inner][\/vc_row_inner][vc_row_inner][vc_column_inner][vc_column_text css=&#8221;&#8221;]<\/p>\n<h2><strong>Campeonato Mundial<\/strong><\/h2>\n<p>[\/vc_column_text][vc_column_text css=&#8221;&#8221;]El Campeonato Mundial del 17.\u00ba <strong>steel<\/strong>Challenge tuvo lugar el <strong>18 de abril de 2023 en Viena, Austria<\/strong>. Despu\u00e9s de algunos a\u00f1os de directrices de distanciamiento social de las autoridades sanitarias de todo el mundo que impidieron a worldsteel organizar el Campeonato Mundial de forma presencial, era momento de volver a la tradici\u00f3n y finalizar esta experiencia de aprendizaje con una sesi\u00f3n presencial.<\/p>\n<p>La tarea fue producir un grado espec\u00edfico de acero de ingenier\u00eda al menor costo utilizando el <a href=\"https:\/\/steeluniversity.org\/courses\/sim-eaf-electric-arc-furnace-simulation\/\">horno de arco el\u00e9ctrico<\/a> y la <a href=\"https:\/\/steeluniversity.org\/courses\/sim-ssm-secondary-steelmaking-simulation\/\">metalurgia secundaria<\/a> de steeluniversity en una simulaci\u00f3n combinada. Para reflejar el compromiso de la industria del acero con la reducci\u00f3n de la huella de sus operaciones, hubo requisitos de huella de carbono para el grado de acero.[\/vc_column_text][vc_column_text css=&#8221;&#8221;]<\/p>\n<h2>Campeones Mundiales de steelChallenge-17<\/h2>\n<p>[\/vc_column_text][vc_column_text css=&#8221;&#8221;]<strong>Categor\u00eda Industria<\/strong><\/p>\n<table width=\"644\">\n<tbody>\n<tr style=\"background-color: var(--bb-content-alternate-background-color);\">\n<td width=\"255\"><strong>Persona<\/strong><\/td>\n<td width=\"227\"><strong>Afiliaci\u00f3n<\/strong><\/td>\n<td width=\"105\"><strong>Pa\u00eds<\/strong><\/td>\n<\/tr>\n<tr>\n<td width=\"255\"><strong>Penglong HAN<\/strong><\/td>\n<td width=\"227\"><strong>HBIS HANSTEEL<\/strong><\/td>\n<td width=\"105\"><strong>China<\/strong><\/td>\n<\/tr>\n<\/tbody>\n<\/table>\n<p><strong>Categor\u00eda Estudiantes<\/strong><\/p>\n<table width=\"644\">\n<tbody>\n<tr style=\"background-color: var(--bb-content-alternate-background-color);\">\n<td width=\"255\"><strong>Persona<\/strong><\/td>\n<td width=\"227\"><strong>Afiliaci\u00f3n<\/strong><\/td>\n<td width=\"105\"><strong>Pa\u00eds<\/strong><\/td>\n<\/tr>\n<tr>\n<td width=\"255\"><strong>Jae-Seong CHOI<\/strong><\/td>\n<td width=\"227\"><strong>Dong-A University<\/strong><\/td>\n<td width=\"105\"><strong>Corea del Sur<\/strong><\/td>\n<\/tr>\n<\/tbody>\n<\/table>\n<p>[\/vc_column_text][\/vc_column_inner][\/vc_row_inner][vc_row_inner][vc_column_inner][vc_empty_space height=&#8221;64px&#8221;][\/vc_column_inner][\/vc_row_inner][vc_row_inner][vc_column_inner width=&#8221;1\/2&#8243;][vc_column_text css=&#8221;&#8221;]<\/p>\n<p style=\"text-align: center;\"><a class=\"su-btn-secondary\" href=\"https:\/\/steeluniversity.org\/steelchallenge-17\/steelchallenge-17-faculty-advisors\/\">Conoce a los asesores docentes de steelChallenge-17<\/a><\/p>\n<p>[\/vc_column_text][\/vc_column_inner][vc_column_inner width=&#8221;1\/2&#8243;][vc_column_text css=&#8221;&#8221;]<\/p>\n<p style=\"text-align: center;\"><a class=\"su-btn-primary\" href=\"https:\/\/steeluniversity.org\/steelchallenge-17\/steelchallenge-17-world-championship-finalists\/\">Conoce a los finalistas de steelChallenge-17<\/a><\/p>\n<p>[\/vc_column_text][\/vc_column_inner][\/vc_row_inner][vc_row_inner][vc_column_inner][vc_empty_space][vc_separator][vc_empty_space][\/vc_column_inner][\/vc_row_inner][vc_row_inner][vc_column_inner][vc_empty_space height=&#8221;64px&#8221;][vc_column_text css=&#8221;&#8221;]<\/p>\n<p style=\"text-align: center;\"><strong>steel<\/strong>Challenge-17 fue patrocinado generosamente por las siguientes empresas:<\/p>\n<p>[\/vc_column_text][\/vc_column_inner][\/vc_row_inner][vc_row_inner][vc_column_inner width=&#8221;1\/4&#8243;][\/vc_column_inner][vc_column_inner width=&#8221;1\/4&#8243;][vc_single_image image=&#8221;70789&#8243; img_size=&#8221;170&#215;128&#8243; alignment=&#8221;center&#8221;][\/vc_column_inner][vc_column_inner width=&#8221;1\/4&#8243;][vc_single_image image=&#8221;57180&#8243; img_size=&#8221;150&#215;113&#8243; alignment=&#8221;center&#8221;][\/vc_column_inner][vc_column_inner width=&#8221;1\/4&#8243;][\/vc_column_inner][\/vc_row_inner][vc_row_inner][vc_column_inner width=&#8221;1\/4&#8243;][vc_single_image image=&#8221;56826&#8243; img_size=&#8221;full&#8221; alignment=&#8221;center&#8221;][\/vc_column_inner][vc_column_inner width=&#8221;1\/4&#8243;][vc_single_image image=&#8221;57263&#8243; img_size=&#8221;full&#8221; alignment=&#8221;center&#8221;][\/vc_column_inner][vc_column_inner width=&#8221;1\/4&#8243;][vc_single_image image=&#8221;70136&#8243; img_size=&#8221;full&#8221; alignment=&#8221;center&#8221;][\/vc_column_inner][vc_column_inner width=&#8221;1\/4&#8243;][vc_single_image image=&#8221;57184&#8243; img_size=&#8221;full&#8221; alignment=&#8221;center&#8221;][\/vc_column_inner][\/vc_row_inner][vc_row_inner][vc_column_inner width=&#8221;1\/4&#8243;][vc_single_image image=&#8221;57068&#8243; img_size=&#8221;full&#8221; alignment=&#8221;center&#8221;][\/vc_column_inner][vc_column_inner width=&#8221;1\/4&#8243;][vc_single_image image=&#8221;15690&#8243; img_size=&#8221;full&#8221; alignment=&#8221;center&#8221;][\/vc_column_inner][vc_column_inner width=&#8221;1\/4&#8243;][vc_single_image image=&#8221;15686&#8243; img_size=&#8221;full&#8221; alignment=&#8221;center&#8221;][\/vc_column_inner][vc_column_inner width=&#8221;1\/4&#8243;][vc_single_image image=&#8221;56846&#8243; img_size=&#8221;full&#8221; alignment=&#8221;center&#8221;][\/vc_column_inner][\/vc_row_inner][vc_row_inner][vc_column_inner width=&#8221;1\/4&#8243;][\/vc_column_inner][vc_column_inner width=&#8221;1\/4&#8243;][vc_single_image image=&#8221;72633&#8243; img_size=&#8221;full&#8221; alignment=&#8221;center&#8221;][\/vc_column_inner][vc_column_inner width=&#8221;1\/4&#8243;][vc_single_image image=&#8221;70373&#8243; img_size=&#8221;full&#8221; alignment=&#8221;center&#8221;][\/vc_column_inner][vc_column_inner width=&#8221;1\/4&#8243;][\/vc_column_inner][\/vc_row_inner][\/vc_column][vc_column width=&#8221;1\/3&#8243; el_class=&#8221;sc-sidebar&#8221;][vc_row_inner el_class=&#8221;widget&#8221; css=&#8221;.vc_custom_1722435367673{padding-right: 0px !important;padding-left: 0px !important;}&#8221;][vc_column_inner css=&#8221;.vc_custom_1722435521610{margin-right: 0px !important;margin-left: 0px !important;padding-right: 0px !important;padding-left: 0px !important;}&#8221;][vc_wp_custommenu nav_menu=&#8221;77&#8243; el_class=&#8221;side-menu&#8221;][\/vc_column_inner][\/vc_row_inner][\/vc_column][\/vc_row]<\/p>\n<\/div>","protected":false},"excerpt":{"rendered":"<p>[vc_row][vc_column][vc_column_text] steelChallenge-17 [\/vc_column_text][\/vc_column][\/vc_row][vc_row][vc_column width=&#8221;2\/3&#8243;][vc_row_inner][vc_column_inner][vc_column_text css=&#8221;&#8221;] El Campeonato Regional [\/vc_column_text][vc_column_text css=&#8221;&#8221;] steelChallenge-17 se llev\u00f3 a cabo en dos rondas. El Campeonato Regional se llev\u00f3 a cabo&hellip;<\/p>\n","protected":false},"author":85374,"featured_media":0,"parent":0,"menu_order":0,"comment_status":"closed","ping_status":"closed","template":"","meta":{"footnotes":""},"class_list":["post-109189","page","type-page","status-publish","hentry"],"aioseo_notices":[],"_links":{"self":[{"href":"https:\/\/steeluniversity.org\/es\/wp-json\/wp\/v2\/pages\/109189","targetHints":{"allow":["GET"]}}],"collection":[{"href":"https:\/\/steeluniversity.org\/es\/wp-json\/wp\/v2\/pages"}],"about":[{"href":"https:\/\/steeluniversity.org\/es\/wp-json\/wp\/v2\/types\/page"}],"author":[{"embeddable":true,"href":"https:\/\/steeluniversity.org\/es\/wp-json\/wp\/v2\/users\/85374"}],"replies":[{"embeddable":true,"href":"https:\/\/steeluniversity.org\/es\/wp-json\/wp\/v2\/comments?post=109189"}],"version-history":[{"count":0,"href":"https:\/\/steeluniversity.org\/es\/wp-json\/wp\/v2\/pages\/109189\/revisions"}],"wp:attachment":[{"href":"https:\/\/steeluniversity.org\/es\/wp-json\/wp\/v2\/media?parent=109189"}],"curies":[{"name":"wp","href":"https:\/\/api.w.org\/{rel}","templated":true}]}}