{"id":109230,"date":"2026-04-23T00:00:10","date_gmt":"2026-04-23T00:00:10","guid":{"rendered":"https:\/\/steeluniversity.org\/steelchallenge-21es\/sponsorship\/"},"modified":"2026-04-30T20:13:50","modified_gmt":"2026-04-30T20:13:50","slug":"patrocinio","status":"publish","type":"page","link":"https:\/\/steeluniversity.org\/es\/steelchallenge-21es\/patrocinio\/","title":{"rendered":"Patrocinio steelChallenge-21"},"content":{"rendered":"<div class=\"wpb-content-wrapper\"><p>[vc_row][vc_column][vc_column_text css=&#8221;&#8221;]<\/p>\n<h1>Patrocinio de <span style=\"font-weight: 500;\">steel<\/span>Challenge-21<\/h1>\n<p>[\/vc_column_text][\/vc_column][\/vc_row][vc_row gap=&#8221;20&#8243;][vc_column width=&#8221;2\/3&#8243;][vc_column_text]<\/p>\n<h3><b>steel<\/b>Challenge es una puerta de entrada para inspirar talento excepcional y fomentar relaciones a largo plazo con estudiantes, profesores, expertos en la materia y profesionales cualificados y motivados. Este evento global muestra el compromiso del sector del acero con la innovaci\u00f3n, la sostenibilidad y la transformaci\u00f3n digital<\/h3>\n<p>[\/vc_column_text][vc_empty_space][vc_single_image image=&#8221;109156&#8243; img_size=&#8221;large&#8221; alignment=&#8221;center&#8221; css=&#8221;&#8221;][vc_empty_space][vc_column_text css=&#8221;&#8221;]<\/p>\n<h2>\u00bfPor qu\u00e9 patrocinar <b>steel<\/b>Challenge-21?<\/h2>\n<p>[\/vc_column_text][vc_column_text css=&#8221;&#8221;]steelChallenge-21 ofrece a su organizaci\u00f3n <b>una oportunidad \u00fanica para interactuar con la pr\u00f3xima generaci\u00f3n de aceristas<\/b> y demostrar liderazgo en sostenibilidad, innovaci\u00f3n y desarrollo del talento. El patrocinio est\u00e1 abierto a empresas y asociaciones sider\u00fargicas en cuatro niveles, con beneficios dise\u00f1ados para <b>amplificar su visibilidad, fortalecer las reservas de talento y construir puentes con el mundo acad\u00e9mico.<\/b><\/p>\n<p>Al patrocinar <b>steelChallenge<\/b>, su organizaci\u00f3n se conectar\u00e1 con partes interesadas clave en el ecosistema global de desarrollo del talento, incluidos centros de investigaci\u00f3n l\u00edderes, proveedores de formaci\u00f3n, asociaciones, proveedores de equipos y servicios, gobiernos y pares de la industria. Estas conexiones pueden ayudarle a construir una <b>fuerza laboral altamente especializada y polivalente<\/b>, preparada para afrontar los desaf\u00edos de la siderurgia moderna.[\/vc_column_text][vc_row_inner equal_height=&#8221;yes&#8221; content_placement=&#8221;top&#8221; gap=&#8221;20&#8243; css=&#8221;.vc_custom_1725031679399{margin-right: 0px !important;margin-left: 0px !important;}&#8221;][vc_column_inner el_class=&#8221;color-card&#8221; width=&#8221;1\/2&#8243; css=&#8221;.vc_custom_1724095418533{padding-right: 20px !important;padding-left: 20px !important;background-color: #d0202e !important;border-radius: 10px !important;}&#8221;][vc_icon icon_fontawesome=&#8221;fa fa-solid fa-user-plus&#8221; color=&#8221;white&#8221; size=&#8221;xl&#8221; align=&#8221;center&#8221; css=&#8221;&#8221;][vc_column_text css=&#8221;&#8221;]<\/p>\n<h3 style=\"text-align: center;\">Atraiga a los mejores j\u00f3venes talentos y construya una s\u00f3lida reserva de futuros profesionales.<\/h3>\n<p>[\/vc_column_text][\/vc_column_inner][vc_column_inner el_class=&#8221;color-card&#8221; width=&#8221;1\/2&#8243; css=&#8221;.vc_custom_1724095430673{padding-right: 20px !important;padding-left: 20px !important;background-color: #00aae7 !important;border-radius: 10px !important;}&#8221;][vc_icon icon_fontawesome=&#8221;fa fa-solid fa-graduation-cap&#8221; color=&#8221;white&#8221; size=&#8221;xl&#8221; align=&#8221;center&#8221; css=&#8221;&#8221;][vc_column_text css=&#8221;&#8221;]<\/p>\n<h3 style=\"text-align: center;\">As\u00f3ciese con universidades para alinear la educaci\u00f3n con las necesidades de la industria sider\u00fargica.<\/h3>\n<p>[\/vc_column_text][\/vc_column_inner][vc_column_inner el_class=&#8221;color-card&#8221; css=&#8221;.vc_custom_1724095444909{padding-right: 20px !important;padding-left: 20px !important;background-color: #841c80 !important;border-radius: 10px !important;}&#8221;][vc_icon icon_fontawesome=&#8221;fa fa-solid fa-users-gear&#8221; color=&#8221;white&#8221; size=&#8221;xl&#8221; align=&#8221;center&#8221; css=&#8221;&#8221;][vc_column_text css=&#8221;&#8221;]<\/p>\n<h3 style=\"text-align: center;\">Capacite a sus empleados con formaci\u00f3n pr\u00e1ctica utilizando simuladores avanzados.<\/h3>\n<p>[\/vc_column_text][\/vc_column_inner][vc_column_inner el_class=&#8221;color-card&#8221; css=&#8221;.vc_custom_1724095462221{padding-right: 20px !important;padding-left: 20px !important;background-color: #76a519 !important;border-radius: 10px !important;}&#8221;][vc_icon icon_fontawesome=&#8221;fas fa-leaf&#8221; color=&#8221;white&#8221; size=&#8221;xl&#8221; align=&#8221;center&#8221; css=&#8221;&#8221;][vc_column_text css=&#8221;&#8221;]<\/p>\n<h3 style=\"text-align: center;\">Muestre su compromiso con la sostenibilidad y el liderazgo en siderurgia digital.<\/h3>\n<p>[\/vc_column_text][\/vc_column_inner][\/vc_row_inner][vc_row_inner][vc_column_inner][vc_empty_space][vc_empty_space][vc_separator css_animation=&#8221;none&#8221;][\/vc_column_inner][\/vc_row_inner][vc_row_inner equal_height=&#8221;yes&#8221; content_placement=&#8221;middle&#8221; gap=&#8221;20&#8243;][vc_column_inner el_class=&#8221;color-card&#8221; width=&#8221;1\/3&#8243; css=&#8221;.vc_custom_1776976152312{padding-right: 20px !important;padding-left: 20px !important;background-color: #F0F0F0 !important;border-radius: 10px !important;}&#8221;][vc_column_text css=&#8221;&#8221;]<\/p>\n<h2 style=\"margin-bottom: 5px;\"><b>30,000+<\/b><\/h2>\n<p>Participantes en todo el mundo[\/vc_column_text][\/vc_column_inner][vc_column_inner el_class=&#8221;color-card&#8221; width=&#8221;1\/3&#8243; css=&#8221;.vc_custom_1776976166673{padding-right: 20px !important;padding-left: 20px !important;background-color: #F0F0F0 !important;border-radius: 10px !important;}&#8221;][vc_column_text]<\/p>\n<h2 style=\"margin-bottom: 5px;\"><b>3M+<\/b><\/h2>\n<p>Ejecuciones de simulador<\/p>\n<p>[\/vc_column_text][\/vc_column_inner][vc_column_inner el_class=&#8221;color-card&#8221; width=&#8221;1\/3&#8243; css=&#8221;.vc_custom_1776976182430{padding-right: 20px !important;padding-left: 20px !important;background-color: #F0F0F0 !important;border-radius: 10px !important;}&#8221;][vc_column_text css=&#8221;&#8221;]<\/p>\n<h2 style=\"margin-bottom: 5px;\"><b>2,000\u20133,000<\/b><\/h2>\n<p>Participantes cada a\u00f1o[\/vc_column_text][\/vc_column_inner][\/vc_row_inner][vc_row_inner][vc_column_inner][vc_empty_space][vc_separator css_animation=&#8221;none&#8221;][vc_empty_space][\/vc_column_inner][\/vc_row_inner][vc_row_inner][vc_column_inner][vc_column_text css=&#8221;&#8221;]<\/p>\n<h2>\u201cCompetici\u00f3n dentro de la competici\u00f3n\u201d<\/h2>\n<p>[\/vc_column_text][vc_column_text css=&#8221;&#8221;]<br \/>\nEsta funci\u00f3n permite a los patrocinadores organizar su propio desaf\u00edo interno, nacional o multinacional dentro de steelChallenge-21.<\/p>\n<p>Proporciona una forma pr\u00e1ctica de involucrar a empleados, estudiantes o instituciones asociadas, al tiempo que se benefician de la plataforma global de steeluniversity, el apoyo en comunicaciones y la presentaci\u00f3n estructurada de resultados.<\/p>\n<p>[\/vc_column_text][\/vc_column_inner][\/vc_row_inner][vc_row_inner][vc_column_inner][vc_empty_space][vc_separator css_animation=&#8221;none&#8221;][vc_empty_space][\/vc_column_inner][\/vc_row_inner][vc_row_inner][vc_column_inner][vc_column_text css=&#8221;&#8221;]<\/p>\n<h2>Niveles de patrocinio<\/h2>\n<p>[\/vc_column_text][vc_column_text css=&#8221;&#8221;]<br \/>\nYa sea que su objetivo sea la visibilidad de marca, el desarrollo del talento o la colaboraci\u00f3n acad\u00e9mica, steelChallenge-21 ofrece una gama de opciones de patrocinio dise\u00f1adas para generar un impacto medible. Explore los beneficios de cada nivel a continuaci\u00f3n para encontrar la opci\u00f3n que mejor se adapte a su organizaci\u00f3n.[\/vc_column_text][vc_column_text css=&#8221;&#8221;]<\/p>\n<table style=\"width: 100%; border-collapse: collapse; text-align: left;\">\n<thead style=\"background-color: #f2f2f2;\">\n<tr>\n<th style=\"padding: 12px; border: 1px solid #ddd;\">Caracter\u00edstica<\/th>\n<th style=\"padding: 12px; border: 1px solid #ddd;\">Bronce<\/th>\n<th style=\"padding: 12px; border: 1px solid #ddd;\">Plata<\/th>\n<th style=\"padding: 12px; border: 1px solid #ddd;\">Oro<\/th>\n<th style=\"padding: 12px; border: 1px solid #ddd;\">Steel<\/th>\n<\/tr>\n<\/thead>\n<tbody><!-- PROMOTION --><\/p>\n<tr>\n<td style=\"padding: 10px; border: 1px solid #ddd;\">Reconocimiento en el sitio web de steelChallenge, comunicaciones, comunicados de prensa y redes sociales<\/td>\n<td style=\"text-align: center;\"><span class=\"fa fa-check\"> <\/span><\/td>\n<td style=\"text-align: center;\"><span class=\"fa fa-check\"> <\/span><\/td>\n<td style=\"text-align: center;\"><span class=\"fa fa-check\"> <\/span><\/td>\n<td style=\"text-align: center;\"><span class=\"fa fa-check\"> <\/span><\/td>\n<\/tr>\n<tr>\n<td style=\"padding: 10px; border: 1px solid #ddd;\">Logotipo en certificados para campeones regionales y mundiales<\/td>\n<td style=\"text-align: center;\">\u2013<\/td>\n<td style=\"text-align: center;\">\u2013<\/td>\n<td style=\"text-align: center;\">\u2013<\/td>\n<td style=\"text-align: center;\"><span class=\"fa fa-check\"> <\/span><\/td>\n<\/tr>\n<p><!-- WORLD CHAMPIONSHIP --><\/p>\n<tr>\n<td style=\"padding: 10px; border: 1px solid #ddd;\">Menci\u00f3n durante el Campeonato Mundial y la ceremonia de premiaci\u00f3n<\/td>\n<td style=\"text-align: center;\"><span class=\"fa fa-check\"> <\/span><\/td>\n<td style=\"text-align: center;\"><span class=\"fa fa-check\"> <\/span><\/td>\n<td style=\"text-align: center;\"><span class=\"fa fa-check\"> <\/span><\/td>\n<td style=\"text-align: center;\"><span class=\"fa fa-check\"> <\/span><\/td>\n<\/tr>\n<p><!-- REPORTING --><\/p>\n<tr>\n<td style=\"padding: 10px; border: 1px solid #ddd;\">Informe clasificado de participantes de la empresa<\/td>\n<td style=\"text-align: center;\"><span class=\"fa fa-check\"> <\/span><\/td>\n<td style=\"text-align: center;\"><span class=\"fa fa-check\"> <\/span><\/td>\n<td style=\"text-align: center;\"><span class=\"fa fa-check\"> <\/span><\/td>\n<td style=\"text-align: center;\"><span class=\"fa fa-check\"> <\/span><\/td>\n<\/tr>\n<tr>\n<td style=\"padding: 10px; border: 1px solid #ddd;\">Informe con lista completa de participantes<\/td>\n<td style=\"text-align: center;\">\u2013<\/td>\n<td style=\"text-align: center;\">\u2013<\/td>\n<td style=\"text-align: center;\"><span class=\"fa fa-check\"> <\/span><\/td>\n<td style=\"text-align: center;\"><span class=\"fa fa-check\"> <\/span><\/td>\n<\/tr>\n<p><!-- MASTER CLASSES --><\/p>\n<tr>\n<td style=\"padding: 10px; border: 1px solid #ddd;\">Acceso a Master Classes (todos los participantes)<\/td>\n<td style=\"text-align: center;\"><span class=\"fa fa-check\"> <\/span><\/td>\n<td style=\"text-align: center;\"><span class=\"fa fa-check\"> <\/span><\/td>\n<td style=\"text-align: center;\"><span class=\"fa fa-check\"> <\/span><\/td>\n<td style=\"text-align: center;\"><span class=\"fa fa-check\"> <\/span><\/td>\n<\/tr>\n<tr>\n<td style=\"padding: 10px; border: 1px solid #ddd;\">Master Class privada para participantes de la empresa<\/td>\n<td style=\"text-align: center;\">\u2013<\/td>\n<td style=\"text-align: center;\">\u2013<\/td>\n<td style=\"text-align: center;\">\u2013<\/td>\n<td style=\"text-align: center;\"><span class=\"fa fa-check\"> <\/span><\/td>\n<\/tr>\n<p><!-- COMPETITION --><\/p>\n<tr>\n<td style=\"padding: 10px; border: 1px solid #ddd;\"><em>\u201cCompetici\u00f3n dentro de la competici\u00f3n\u201d<\/em> \u2013 Nivel de empresa<\/td>\n<td style=\"text-align: center;\"><span class=\"fa fa-check\"> <\/span><\/td>\n<td style=\"text-align: center;\"><span class=\"fa fa-check\"> <\/span><\/td>\n<td style=\"text-align: center;\"><span class=\"fa fa-check\"> <\/span><\/td>\n<td style=\"text-align: center;\"><span class=\"fa fa-check\"> <\/span><\/td>\n<\/tr>\n<tr>\n<td style=\"padding: 10px; border: 1px solid #ddd;\"><em>\u201cCompetici\u00f3n dentro de la competici\u00f3n\u201d<\/em> \u2013 Nivel nacional (1 pa\u00eds)<\/td>\n<td style=\"text-align: center;\">\u2013<\/td>\n<td style=\"text-align: center;\">\u2013<\/td>\n<td style=\"text-align: center;\"><span class=\"fa fa-check\"> <\/span><\/td>\n<td style=\"text-align: center;\"><span class=\"fa fa-check\"> <\/span><\/td>\n<\/tr>\n<tr>\n<td style=\"padding: 10px; border: 1px solid #ddd;\"><em>\u201cCompetici\u00f3n dentro de la competici\u00f3n\u201d<\/em> \u2013 Nivel multinacional (3 pa\u00edses)<\/td>\n<td style=\"text-align: center;\">\u2013<\/td>\n<td style=\"text-align: center;\">\u2013<\/td>\n<td style=\"text-align: center;\">\u2013<\/td>\n<td style=\"text-align: center;\"><span class=\"fa fa-check\"> <\/span><\/td>\n<\/tr>\n<p><!-- REGISTRATION --><\/p>\n<tr>\n<td style=\"padding: 10px; border: 1px solid #ddd;\">Inscripciones gratuitas de la industria<\/td>\n<td style=\"text-align: center;\">50<\/td>\n<td style=\"text-align: center;\">100<\/td>\n<td style=\"text-align: center;\">300<\/td>\n<td style=\"text-align: center;\">Ilimitadas<\/td>\n<\/tr>\n<tr>\n<td style=\"padding: 10px; border: 1px solid #ddd;\">Inscripciones gratuitas de estudiantes universitarios<\/td>\n<td style=\"text-align: center;\">100<\/td>\n<td style=\"text-align: center;\">200<\/td>\n<td style=\"text-align: center;\">500<\/td>\n<td style=\"text-align: center;\">Ilimitadas<\/td>\n<\/tr>\n<tr>\n<td style=\"padding: 10px; border: 1px solid #ddd;\">Inscripciones gratuitas de estudiantes de secundaria<\/td>\n<td style=\"text-align: center;\">100<\/td>\n<td style=\"text-align: center;\">200<\/td>\n<td style=\"text-align: center;\">500<\/td>\n<td style=\"text-align: center;\">Ilimitadas<\/td>\n<\/tr>\n<p><!-- EDUCATION --><\/p>\n<tr>\n<td style=\"padding: 10px; border: 1px solid #ddd;\">Licencia de 1 a\u00f1o del Technical Bundle para hasta 3 universidades o escuelas secundarias<\/td>\n<td style=\"text-align: center;\">\u2013<\/td>\n<td style=\"text-align: center;\">\u2013<\/td>\n<td style=\"text-align: center;\">\u2013<\/td>\n<td style=\"text-align: center;\"><span class=\"fa fa-check\"> <\/span><\/td>\n<\/tr>\n<\/tbody>\n<\/table>\n<p>[\/vc_column_text][\/vc_column_inner][\/vc_row_inner][vc_row_inner][vc_column_inner][vc_empty_space][vc_empty_space][\/vc_column_inner][\/vc_row_inner][vc_row_inner css=&#8221;.vc_custom_1749760225751{background-color: #D0202E !important;border-radius: 10px !important;}&#8221;][vc_column_inner width=&#8221;1\/4&#8243; offset=&#8221;vc_hidden-md vc_hidden-sm vc_hidden-xs&#8221;][vc_single_image image=&#8221;99507&#8243; img_size=&#8221;medium&#8221; alignment=&#8221;center&#8221; css=&#8221;&#8221;][\/vc_column_inner][vc_column_inner width=&#8221;3\/4&#8243; offset=&#8221;vc_hidden-md vc_hidden-sm vc_hidden-xs&#8221;][vc_column_text css=&#8221;&#8221;]<\/p>\n<h2><span style=\"color: #ffffff;\">\u00bfEst\u00e1 listo para <b>patrocinar steelChallenge-21?<\/b><\/span><\/h2>\n<p>[\/vc_column_text][vc_column_text css=&#8221;&#8221;]<span style=\"color: #ffffff;\"><b>Atraiga talento, fortalezca alianzas universitarias y muestre su liderazgo en la siderurgia sostenible. \u00danase a esta iniciativa global y reserve su nivel de patrocinio<\/b><\/span><\/p>\n<p><span style=\"color: #ffffff;\">Cont\u00e1ctenos en <a style=\"color: #ffffff;\" href=\"mailto:avila@steeluniversity.org\"><b>avila@steeluniversity.org<\/b><\/a> (Tom\u00e1s Avila) para conocer m\u00e1s sobre las oportunidades de patrocinio para su empresa u organizaci\u00f3n.<\/span>[\/vc_column_text][vc_column_text css=&#8221;&#8221;]<\/p>\n<p style=\"text-align: center;\"><a class=\"su-btn-secondary\" href=\"mailto:avila@steeluniversity.org\"><i class=\"fas fa-envelope\"><\/i> \u00a1P\u00f3ngase <b>en contacto!<\/b><\/a><\/p>\n<p>[\/vc_column_text][\/vc_column_inner][\/vc_row_inner][vc_row_inner disable_element=&#8221;yes&#8221;][vc_column_inner][vc_column_text css=&#8221;&#8221;]<\/p>\n<p style=\"text-align: center;\"><strong>steel<\/strong>Challenge-20 cuenta con el generoso patrocinio de las siguientes empresas:<\/p>\n<p>[\/vc_column_text][\/vc_column_inner][\/vc_row_inner][vc_row_inner content_placement=&#8221;middle&#8221; disable_element=&#8221;yes&#8221;][vc_column_inner width=&#8221;1\/3&#8243;][vc_single_image image=&#8221;78274&#8243; img_size=&#8221;220&#215;100&#8243; alignment=&#8221;center&#8221; css=&#8221;&#8221;][\/vc_column_inner][vc_column_inner width=&#8221;1\/3&#8243;][vc_single_image image=&#8221;78277&#8243; img_size=&#8221;220&#215;100&#8243; alignment=&#8221;center&#8221; css=&#8221;&#8221;][\/vc_column_inner][vc_column_inner width=&#8221;1\/3&#8243;][vc_single_image image=&#8221;87784&#8243; img_size=&#8221;220&#215;100&#8243; alignment=&#8221;center&#8221; css=&#8221;&#8221;][\/vc_column_inner][\/vc_row_inner][vc_row_inner equal_height=&#8221;yes&#8221; content_placement=&#8221;middle&#8221; disable_element=&#8221;yes&#8221;][vc_column_inner width=&#8221;1\/3&#8243;][vc_single_image image=&#8221;57263&#8243; img_size=&#8221;220&#215;100&#8243; alignment=&#8221;center&#8221; css=&#8221;&#8221;][\/vc_column_inner][vc_column_inner width=&#8221;1\/3&#8243;][vc_single_image image=&#8221;78353&#8243; img_size=&#8221;220&#215;100&#8243; alignment=&#8221;center&#8221; css=&#8221;&#8221;][\/vc_column_inner][vc_column_inner width=&#8221;1\/3&#8243;][vc_single_image image=&#8221;86890&#8243; img_size=&#8221;220&#215;100&#8243; alignment=&#8221;center&#8221; css=&#8221;&#8221;][\/vc_column_inner][\/vc_row_inner][vc_row_inner equal_height=&#8221;yes&#8221; content_placement=&#8221;middle&#8221; disable_element=&#8221;yes&#8221;][vc_column_inner width=&#8221;1\/4&#8243;][vc_single_image image=&#8221;56826&#8243; img_size=&#8221;160&#215;100&#8243; alignment=&#8221;center&#8221; css=&#8221;&#8221;][\/vc_column_inner][vc_column_inner width=&#8221;1\/4&#8243;][vc_single_image image=&#8221;78551&#8243; img_size=&#8221;160&#215;100&#8243; alignment=&#8221;center&#8221; css=&#8221;&#8221;][\/vc_column_inner][vc_column_inner width=&#8221;1\/4&#8243;][vc_single_image image=&#8221;98193&#8243; img_size=&#8221;160&#215;100&#8243; alignment=&#8221;center&#8221; css=&#8221;&#8221;][\/vc_column_inner][vc_column_inner width=&#8221;1\/4&#8243;][vc_single_image image=&#8221;82100&#8243; img_size=&#8221;160&#215;100&#8243; alignment=&#8221;center&#8221; css=&#8221;&#8221;][\/vc_column_inner][\/vc_row_inner][vc_row_inner equal_height=&#8221;yes&#8221; content_placement=&#8221;middle&#8221; disable_element=&#8221;yes&#8221;][vc_column_inner width=&#8221;1\/5&#8243;][vc_single_image image=&#8221;82097&#8243; img_size=&#8221;160&#215;100&#8243; alignment=&#8221;center&#8221; css=&#8221;&#8221;][\/vc_column_inner][vc_column_inner width=&#8221;1\/5&#8243;][vc_single_image image=&#8221;84065&#8243; img_size=&#8221;160&#215;100&#8243; alignment=&#8221;center&#8221; css=&#8221;&#8221;][\/vc_column_inner][vc_column_inner width=&#8221;1\/5&#8243;][vc_single_image image=&#8221;85265&#8243; img_size=&#8221;160&#215;100&#8243; alignment=&#8221;center&#8221; css=&#8221;&#8221;][\/vc_column_inner][vc_column_inner width=&#8221;1\/5&#8243;][vc_single_image image=&#8221;82106&#8243; img_size=&#8221;160&#215;100&#8243; alignment=&#8221;center&#8221; css=&#8221;&#8221;][\/vc_column_inner][vc_column_inner width=&#8221;1\/5&#8243;][vc_single_image image=&#8221;82103&#8243; img_size=&#8221;160&#215;100&#8243; alignment=&#8221;center&#8221; css=&#8221;&#8221;][\/vc_column_inner][\/vc_row_inner][\/vc_column][vc_column width=&#8221;1\/3&#8243; el_class=&#8221;.sc-sidebar&#8221;][vc_row_inner el_class=&#8221;widget&#8221; css=&#8221;.vc_custom_1776899264163{border-radius: 10px !important;}&#8221;][vc_column_inner el_class=&#8221;red-bg&#8221; css=&#8221;.vc_custom_1777039136330{background-color: #D0202E !important;border-radius: 5px !important;}&#8221;][vc_column_text css=&#8221;&#8221; el_class=&#8221;.heading-widget&#8221;]<\/p>\n<h2><span style=\"color: #ffffff;\">\u00a1Participe!<\/span><\/h2>\n<p>[\/vc_column_text][vc_column_text css=&#8221;.vc_custom_1777039753417{margin-bottom: 20px !important;}&#8221; el_class=&#8221;.heading-widget-red-bg&#8221;]<\/p>\n<h3 style=\"text-align: left;\"><span style=\"color: #ffffff;\"><strong>\u00a1Patrocine steelChallenge-21!<\/strong><\/span><\/h3>\n<p>[\/vc_column_text][vc_column_text css=&#8221;&#8221;]<span style=\"color: #ffffff;\"><b>Atraiga talento, fortalezca alianzas universitarias y muestre su liderazgo en la siderurgia sostenible. \u00danase a esta iniciativa global y reserve su nivel de patrocinio<\/b><\/span>[\/vc_column_text][vc_column_text css=&#8221;&#8221;]<\/p>\n<p style=\"text-align: center;\"><a class=\"su-btn-secondary\" href=\"mailto:avila@steeluniversity.org\"><i class=\"fas fa-envelope\"><\/i> \u00a1P\u00f3ngase <b>en contacto!<\/b><\/a><\/p>\n<p>[\/vc_column_text][\/vc_column_inner][\/vc_row_inner][vc_row_inner el_class=&#8221;.widget&#8221; css=&#8221;.vc_custom_1726494588029{padding-right: 0px !important;padding-left: 0px !important;}&#8221;][vc_column_inner css=&#8221;.vc_custom_1726494330393{margin-right: 0px !important;margin-left: 0px !important;padding-right: 0px !important;padding-left: 0px !important;}&#8221;][vc_wp_custommenu nav_menu=&#8221;865&#8243; el_class=&#8221;side-menu&#8221;][\/vc_column_inner][\/vc_row_inner][\/vc_column][\/vc_row]<\/p>\n<\/div>","protected":false},"excerpt":{"rendered":"<p>[vc_row][vc_column][vc_column_text css=&#8221;&#8221;] Patrocinio de steelChallenge-21 [\/vc_column_text][\/vc_column][\/vc_row][vc_row gap=&#8221;20&#8243;][vc_column width=&#8221;2\/3&#8243;][vc_column_text] steelChallenge es una puerta de entrada para inspirar talento excepcional y fomentar relaciones a largo plazo con&hellip;<\/p>\n","protected":false},"author":96147,"featured_media":0,"parent":109243,"menu_order":0,"comment_status":"closed","ping_status":"closed","template":"","meta":{"footnotes":""},"class_list":["post-109230","page","type-page","status-publish","hentry"],"aioseo_notices":[],"_links":{"self":[{"href":"https:\/\/steeluniversity.org\/es\/wp-json\/wp\/v2\/pages\/109230","targetHints":{"allow":["GET"]}}],"collection":[{"href":"https:\/\/steeluniversity.org\/es\/wp-json\/wp\/v2\/pages"}],"about":[{"href":"https:\/\/steeluniversity.org\/es\/wp-json\/wp\/v2\/types\/page"}],"author":[{"embeddable":true,"href":"https:\/\/steeluniversity.org\/es\/wp-json\/wp\/v2\/users\/96147"}],"replies":[{"embeddable":true,"href":"https:\/\/steeluniversity.org\/es\/wp-json\/wp\/v2\/comments?post=109230"}],"version-history":[{"count":0,"href":"https:\/\/steeluniversity.org\/es\/wp-json\/wp\/v2\/pages\/109230\/revisions"}],"up":[{"embeddable":true,"href":"https:\/\/steeluniversity.org\/es\/wp-json\/wp\/v2\/pages\/109243"}],"wp:attachment":[{"href":"https:\/\/steeluniversity.org\/es\/wp-json\/wp\/v2\/media?parent=109230"}],"curies":[{"name":"wp","href":"https:\/\/api.w.org\/{rel}","templated":true}]}}