{"id":109233,"date":"2025-05-29T00:00:32","date_gmt":"2025-05-29T00:00:32","guid":{"rendered":"https:\/\/steeluniversity.org\/steelchallenge-21\/"},"modified":"2026-04-30T15:16:55","modified_gmt":"2026-04-30T15:16:55","slug":"steelchallenge-21es","status":"publish","type":"page","link":"https:\/\/steeluniversity.org\/es\/steelchallenge-21es\/","title":{"rendered":"steelChallenge-21"},"content":{"rendered":"<div class=\"wpb-content-wrapper\"><p>[vc_row][vc_column][vc_column_text css=&#8221;&#8221;]<\/p>\n<h1><b>steel<\/b>Challenge-21<\/h1>\n<p>[\/vc_column_text][\/vc_column][\/vc_row][vc_row gap=&#8221;20&#8243;][vc_column width=&#8221;2\/3&#8243;][vc_row_inner][vc_column_inner][vc_column_text]<\/p>\n<h3><span style=\"font-weight: 500;\">steel<\/span>Challenge es un programa de aprendizaje combinado basado en juegos reconocido por la comunidad sider\u00fargica mundial como la competici\u00f3n preeminente para involucrar a estudiantes y profesionales de la industria, a fin de demostrar su capacidad para fabricar acero con la mejor calidad al menor coste.<\/h3>\n<p>[\/vc_column_text][vc_single_image image=&#8221;109156&#8243; img_size=&#8221;large&#8221; alignment=&#8221;center&#8221; css=&#8221;&#8221;][\/vc_column_inner][\/vc_row_inner][vc_row_inner][vc_column_inner][vc_column_text]<\/p>\n<h2>El desaf\u00edo<\/h2>\n<p>[\/vc_column_text][vc_column_text css=&#8221;&#8221;]<\/p>\n<h4><b>steelChallenge-21<\/b> se llevar\u00e1 a cabo en <b>dos rondas<\/b>. La primera, el Campeonato Regional, se celebrar\u00e1 el <b>24 de noviembre de 2026<\/b>, comenzando a las 12:00 UTC. Los participantes tendr\u00e1n <b>24 horas<\/b> para completar ejecuciones exitosas <b>utilizando nuestros simuladores de fabricaci\u00f3n de acero<\/b>. Los <b>cinco mejores participantes de cada categor\u00eda<\/b> avanzar\u00e1n a la siguiente ronda, el Campeonato Mundial.<\/h4>\n<p>[\/vc_column_text][vc_column_text css=&#8221;&#8221;]El <strong>Campeonato Regional<\/strong> atrae a miles de estudiantes que compiten utilizando nuestros simuladores de fabricaci\u00f3n de acero, esforz\u00e1ndose por producir el grado de acero requerido al menor coste posible. Los ganadores de cada regi\u00f3n y categor\u00eda <strong>avanzaron al Campeonato Mundial<\/strong>, celebrado durante la<strong> Asamblea General Especial de worldsteel<\/strong>\u2014una oportunidad excepcional para que los finalistas conecten con los principales aceristas del mundo.<\/p>\n<p>steelChallenge se ha convertido en una <strong>iniciativa emblem\u00e1tica en la educaci\u00f3n sider\u00fargica<\/strong>, atrayendo a m\u00e1s de <strong>30.000 participantes<\/strong> desde su creaci\u00f3n. A trav\u00e9s de simuladores realistas de fabricaci\u00f3n de acero, la competici\u00f3n ofrece una experiencia \u00fanica de aprendizaje pr\u00e1ctico que conecta la teor\u00eda acad\u00e9mica con la pr\u00e1ctica industrial. Los participantes no solo perfeccionan sus habilidades t\u00e9cnicas, sino que tambi\u00e9n obtienen exposici\u00f3n global, conectan con l\u00edderes de la industria y acceden a oportunidades que pueden moldear sus futuras carreras.[\/vc_column_text][\/vc_column_inner][\/vc_row_inner][vc_row_inner][vc_column_inner][vc_empty_space][vc_separator][vc_empty_space][\/vc_column_inner][\/vc_row_inner][vc_row_inner][vc_column_inner][vc_column_text]<\/p>\n<h2>Categor\u00edas y regiones<\/h2>\n<p>[\/vc_column_text][vc_single_image image=&#8221;87780&#8243; img_size=&#8221;full&#8221; alignment=&#8221;center&#8221; css=&#8221;&#8221;][\/vc_column_inner][\/vc_row_inner][vc_row_inner][vc_column_inner][vc_column_text css=&#8221;.vc_custom_1777041717397{margin-bottom: 0px !important;}&#8221;]Los participantes competir\u00e1n en una de tres categor\u00edas: <strong>Estudiante universitario<\/strong>, <strong>Industria<\/strong> o <strong>Estudiante de secundaria<\/strong>. Esta estructura refleja el amplio alcance educativo y profesional de <strong>steelChallenge<\/strong>\u2014apoyando tanto el desarrollo del talento futuro como el crecimiento continuo de los profesionales que ya trabajan en la industria sider\u00fargica.<\/p>\n<p>Cada competidor se ubica en una de <strong>cinco regiones globales<\/strong>:[\/vc_column_text][vc_empty_space height=&#8221;20px&#8221;][\/vc_column_inner][\/vc_row_inner][vc_row_inner equal_height=&#8221;yes&#8221; content_placement=&#8221;middle&#8221; gap=&#8221;10&#8243; css=&#8221;.vc_custom_1777041825774{margin-right: 0px !important;margin-left: 0px !important;}&#8221;][vc_column_inner el_class=&#8221;sc-regions&#8221; width=&#8221;1\/5&#8243; css=&#8221;.vc_custom_1777041125399{background-color: #D0202E !important;border-radius: 10px !important;}&#8221;][vc_column_text css=&#8221;.vc_custom_1777041552761{margin-bottom: 0px !important;}&#8221;]<\/p>\n<h6 style=\"text-align: center;\"><span style=\"color: #ffffff;\"><strong>Am\u00e9ricas<\/strong><\/span><\/h6>\n<p>[\/vc_column_text][\/vc_column_inner][vc_column_inner el_class=&#8221;sc-regions&#8221; width=&#8221;1\/5&#8243; css=&#8221;.vc_custom_1777041130094{background-color: #F4C000 !important;border-radius: 10px !important;}&#8221;][vc_column_text css=&#8221;.vc_custom_1777041556873{margin-bottom: 0px !important;}&#8221;]<\/p>\n<h6 style=\"text-align: center;\"><strong>Europa y \u00c1frica<\/strong><\/h6>\n<p>[\/vc_column_text][\/vc_column_inner][vc_column_inner el_class=&#8221;sc-regions&#8221; width=&#8221;1\/5&#8243; css=&#8221;.vc_custom_1777041133033{background-color: #76A519 !important;border-radius: 10px !important;}&#8221;][vc_column_text css=&#8221;.vc_custom_1777041560602{margin-bottom: 0px !important;}&#8221;]<\/p>\n<h6 style=\"text-align: center;\"><strong>Asia &#8211; Oeste<\/strong><\/h6>\n<p>[\/vc_column_text][\/vc_column_inner][vc_column_inner el_class=&#8221;sc-regions&#8221; width=&#8221;1\/5&#8243; css=&#8221;.vc_custom_1777041135679{background-color: #99ADB7 !important;border-radius: 10px !important;}&#8221;][vc_column_text css=&#8221;.vc_custom_1777041567697{margin-bottom: 0px !important;}&#8221;]<\/p>\n<h6 style=\"text-align: center;\"><strong>Asia &#8211; Norte<\/strong><\/h6>\n<p>[\/vc_column_text][\/vc_column_inner][vc_column_inner el_class=&#8221;sc-regions&#8221; width=&#8221;1\/5&#8243; css=&#8221;.vc_custom_1777041138559{background-color: #841C80 !important;border-radius: 10px !important;}&#8221;][vc_column_text css=&#8221;.vc_custom_1777041743989{margin-bottom: 0px !important;}&#8221;]<\/p>\n<h6 style=\"text-align: center;\"><span style=\"color: #ffffff;\"><strong>Asia &#8211; Este y Ocean\u00eda<\/strong><\/span><\/h6>\n<p>[\/vc_column_text][\/vc_column_inner][\/vc_row_inner][vc_row_inner][vc_column_inner][vc_empty_space height=&#8221;20px&#8221;][vc_column_text css=&#8221;&#8221;]<strong>Los ganadores en las categor\u00edas de Estudiante universitario e Industria de cada regi\u00f3n clasificar\u00e1n para el Campeonato Mundial.<\/strong>[\/vc_column_text][\/vc_column_inner][\/vc_row_inner][vc_row_inner][vc_column_inner][vc_empty_space][vc_separator][vc_empty_space][\/vc_column_inner][\/vc_row_inner][vc_row_inner][vc_column_inner][vc_column_text css=&#8221;&#8221;]<\/p>\n<h2>Calendario<\/h2>\n<p>[\/vc_column_text][\/vc_column_inner][\/vc_row_inner][vc_row_inner equal_height=&#8221;yes&#8221; css=&#8221;.vc_custom_1777064922285{margin-right: 0px !important;margin-left: 0px !important;}&#8221;][vc_column_inner width=&#8221;1\/12&#8243; css=&#8221;.vc_custom_1725030971547{padding-right: 0px !important;padding-left: 0px !important;}&#8221;][vc_column_text css=&#8221;&#8221;]<span class=\"bullet-num\">1<\/span>[\/vc_column_text][\/vc_column_inner][vc_column_inner width=&#8221;1\/4&#8243; offset=&#8221;vc_hidden-xs&#8221; css=&#8221;.vc_custom_1777064989942{padding-right: 0px !important;padding-left: 0px !important;}&#8221;][vc_column_text css=&#8221;&#8221;]<\/p>\n<h3><i class=\"far fa-calendar-alt\"><\/i> 1 de septiembre de 2026<br \/>\n<strong><span style=\"color: #d0202e;\">Apertura de<br \/>\ninscripciones<\/span><\/strong><\/h3>\n<p>La inscripci\u00f3n puede realizarse en <a href=\"https:\/\/steeluniversity.org\/\"><strong>steel<\/strong>university.org<\/a> y dar\u00e1 acceso a simulaciones, modelos 3D, cursos de e-learning, videotutoriales, foro y mesa de ayuda.[\/vc_column_text][\/vc_column_inner][vc_column_inner width=&#8221;1\/12&#8243; css=&#8221;.vc_custom_1725030988272{padding-right: 0px !important;padding-left: 0px !important;}&#8221;][vc_column_text css=&#8221;&#8221;]<span class=\"bullet-num\">2<\/span>[\/vc_column_text][\/vc_column_inner][vc_column_inner width=&#8221;1\/4&#8243; css=&#8221;.vc_custom_1777064997662{padding-right: 0px !important;padding-left: 0px !important;}&#8221;][vc_column_text css=&#8221;&#8221;]<\/p>\n<h3><i class=\"far fa-chalkboard-teacher\"><\/i> Por confirmar octubre de 2026<br \/>\n<strong><span style=\"color: #d0202e;\">Aprender haciendo &#8211; Explicaci\u00f3n de la simulaci\u00f3n de EAF y metalurgia secundaria<\/span><\/strong><\/h3>\n<p><strong>Masterclass de steelTalks<\/strong> de 1 hora impartida por <a href=\"https:\/\/www.linkedin.com\/in\/ronald-o-brien-b1331444\/\" target=\"_blank\" rel=\"noopener\"><strong>Dr. Ing. Ronald O&#8217;Brien<\/strong><\/a>. La clase se grabar\u00e1 y estar\u00e1 disponible para volver a verla.<\/p>\n<p>[\/vc_column_text][\/vc_column_inner][vc_column_inner width=&#8221;1\/12&#8243;][vc_column_text css=&#8221;&#8221;]<span class=\"bullet-num\">3<\/span>[\/vc_column_text][\/vc_column_inner][vc_column_inner width=&#8221;1\/4&#8243; css=&#8221;.vc_custom_1777065006239{padding-right: 0px !important;padding-left: 0px !important;}&#8221;][vc_column_text css=&#8221;&#8221;]<\/p>\n<h3><i class=\"fa-regular fa-ranking-star\"><\/i> 24 de noviembre de 2026<br \/>\n<strong><span style=\"color: #d0202e;\">Campeonato<br \/>\nRegional<\/span><\/strong><\/h3>\n<p>Los participantes tendr\u00e1n <strong>24 horas<\/strong> para registrar ejecuciones exitosas de los simuladores de fabricaci\u00f3n de acero elegidos.<\/p>\n<p>[\/vc_column_text][\/vc_column_inner][\/vc_row_inner][vc_row_inner][vc_column_inner][vc_empty_space][\/vc_column_inner][\/vc_row_inner][vc_row_inner equal_height=&#8221;yes&#8221; css=&#8221;.vc_custom_1777064922285{margin-right: 0px !important;margin-left: 0px !important;}&#8221;][vc_column_inner width=&#8221;1\/12&#8243; css=&#8221;.vc_custom_1725030971547{padding-right: 0px !important;padding-left: 0px !important;}&#8221;][vc_column_text css=&#8221;&#8221;]<span class=\"bullet-num\">4<\/span>[\/vc_column_text][\/vc_column_inner][vc_column_inner width=&#8221;1\/4&#8243; offset=&#8221;vc_hidden-xs&#8221; css=&#8221;.vc_custom_1777064989942{padding-right: 0px !important;padding-left: 0px !important;}&#8221;][vc_column_text css=&#8221;&#8221;]<\/p>\n<h3><i class=\"fa-kit fa-sc19\"><\/i> Por confirmar abril de 2026<br \/>\n<strong><span style=\"color: #d0202e;\">Campeonato<br \/>\nMundial<\/span><\/strong><\/h3>\n<p>Los <strong>10 mejores participantes clasificar\u00e1n <\/strong>para el Campeonato Mundial. Los clasificados incluyen a los ganadores de Estudiante universitario e Industria de cada regi\u00f3n.<\/p>\n<p>[\/vc_column_text][\/vc_column_inner][vc_column_inner width=&#8221;1\/12&#8243; css=&#8221;.vc_custom_1725030988272{padding-right: 0px !important;padding-left: 0px !important;}&#8221;][\/vc_column_inner][vc_column_inner width=&#8221;1\/4&#8243; css=&#8221;.vc_custom_1777064997662{padding-right: 0px !important;padding-left: 0px !important;}&#8221;][\/vc_column_inner][vc_column_inner width=&#8221;1\/12&#8243;][\/vc_column_inner][vc_column_inner width=&#8221;1\/4&#8243; css=&#8221;.vc_custom_1777065006239{padding-right: 0px !important;padding-left: 0px !important;}&#8221;][\/vc_column_inner][\/vc_row_inner][vc_row_inner][vc_column_inner][vc_empty_space][vc_column_text css=&#8221;&#8221;]<\/p>\n<p style=\"text-align: center;\">El calendario de la masterclass <b>puede cambiar sin previo aviso<\/b>. Las actualizaciones se compartir\u00e1n en nuestro sitio web, redes sociales y por correo electr\u00f3nico.<br \/>\n[\/vc_column_text][\/vc_column_inner][\/vc_row_inner][vc_row_inner][vc_column_inner][vc_empty_space][vc_separator][vc_empty_space][\/vc_column_inner][\/vc_row_inner][vc_row_inner css=&#8221;.vc_custom_1715174951774{padding-right: 20px !important;padding-left: 20px !important;background-color: #f6f6f6 !important;border-radius: 20px !important;}&#8221;][vc_column_inner][vc_column_text css=&#8221;&#8221;]<\/p>\n<h2 id=\"newsletter\">Bolet\u00edn de <strong>steel<\/strong>Challenge<\/h2>\n<p>Obtenga las \u00faltimas noticias suscribi\u00e9ndose al bolet\u00edn de <b>steel<\/b>Challenge.[\/vc_column_text][vc_column_text]\n\t\t\t<form id=\"sib_signup_form_11\" method=\"post\" class=\"sib_signup_form\">\n\t\t\t\t<div class=\"sib_loader\" style=\"display:none;\"><img\n\t\t\t\t\t\t\tsrc=\"https:\/\/steeluniversity.org\/wp-includes\/images\/spinner.gif\" alt=\"loader\"><\/div>\n\t\t\t\t<input type=\"hidden\" name=\"sib_form_action\" value=\"subscribe_form_submit\">\n\t\t\t\t<input type=\"hidden\" name=\"sib_form_id\" value=\"11\">\n                <input type=\"hidden\" name=\"sib_form_alert_notice\" value=\"Please fill out this field\">\n                <input type=\"hidden\" name=\"sib_form_invalid_email_notice\" value=\"Your email address is invalid\">\n                <input type=\"hidden\" name=\"sib_security\" value=\"28bf891ce9\">\n\t\t\t\t<div class=\"sib_signup_box_inside_11\">\n\t\t\t\t\t<div style=\"\/*display:none*\/\" class=\"sib_msg_disp\">\n\t\t\t\t\t<\/div>\n                    \t\t\t\t\t\r\n\r\n\r\n    <style>\r\n        .form-container {\r\n            text-align: center;\r\n        }\r\n\r\n        .form-container p {\r\n            display: flex;\r\n            justify-content: center;\r\n            align-items: center;\r\n            margin: 10px 0;\r\n        }\r\n\r\n        .form-container label, \r\n        .form-container input {\r\n            margin: 5px;\r\n        }\r\n\r\n        .form-container input[type=\"email\"],\r\n        .form-container input[type=\"text\"] {\r\n            width: 100%;\r\n        }\r\n\r\n        .form-container input[type=\"submit\"] {\r\n            width: auto;\r\n        }\r\n\r\n        .form-container small {\r\n            display: block;\r\n            text-align: center;\r\n            margin-top: 10px;\r\n        }\r\n    <\/style>\r\n\r\n\r\n    <div class=\"form-container\">\r\n        \r\n            <p class=\"sib-email-area\">\r\n                <label class=\"sib-email-area\">*<\/label>\r\n                <input type=\"email\" class=\"sib-email-area\" name=\"email\" placeholder=\"Email Address\" required=\"required\">\r\n            <\/p>\r\n            <p class=\"sib-FIRSTNAME-area\"> \r\n                <label class=\"sib-FIRSTNAME-area\">*<\/label> \r\n                <input type=\"text\" class=\"sib-FIRSTNAME-area\" name=\"FIRSTNAME\" placeholder=\"First Name\" required=\"required\"> \r\n                <label class=\"sib-LASTNAME-area\">*<\/label> \r\n                <input type=\"text\" class=\"sib-LASTNAME-area\" name=\"LASTNAME\" placeholder=\"Last Name\" required=\"required\"> \r\n            <\/p>\r\n            <p class=\"sib-email-area\">\r\n                <label class=\"sib-CATEGORY-area\">*<\/label> \r\n                <input type=\"text\" class=\"sib-CATEGORY-area\" name=\"CATEGORY\" placeholder=\"Student or Industry\" required=\"required\"> \r\n                <label class=\"sib-ORGANISATION-area\">*<\/label>    \r\n                <input type=\"text\" class=\"sib-ORGANISATION-area\" name=\"ORGANISATION\" placeholder=\"Company or University\"> \r\n            <\/p>\r\n            <p>\r\n                <input type=\"submit\" class=\"sib-default-btn\" value=\"Subscribe\">\r\n            <\/p>\r\n            <p>\r\n                <small>Your e-mail address is only used to send you our newsletter about the activities of steeluniversity. You can always use the unsubscribe link included in the newsletter. By clicking Subscribe, you agree to our <a href=\"https:\/\/www.worldsteel.org\/global\/terms-of-use.html\">Terms<\/a> and that you have read our <a href=\"https:\/\/www.worldsteel.org\/global\/privacy-policy.html\">Privacy Policy<\/a>, including our <a href=\"https:\/\/www.worldsteel.org\/global\/privacy-policy.html\">cookie use<\/a>.<\/small>\r\n            <\/p>\r\n        \r\n    <\/div>\r\n\r\n\r\n\t\t\t\t<\/div>\n\t\t\t<\/form>\n\t\t\t<style>\n\t\t\t\tform#sib_signup_form_11 p.sib-alert-message {\n    padding: 6px 12px;\n    margin-bottom: 20px;\n    border: 1px solid transparent;\n    border-radius: 4px;\n    -webkit-box-sizing: border-box;\n    -moz-box-sizing: border-box;\n    box-sizing: border-box;\n}\nform#sib_signup_form_11 p.sib-alert-message-error {\n    background-color: #f2dede;\n    border-color: #ebccd1;\n    color: #a94442;\n}\nform#sib_signup_form_11 p.sib-alert-message-success {\n    background-color: #dff0d8;\n    border-color: #d6e9c6;\n    color: #3c763d;\n}\nform#sib_signup_form_11 p.sib-alert-message-warning {\n    background-color: #fcf8e3;\n    border-color: #faebcc;\n    color: #8a6d3b;\n}\n\t\t\t<\/style>\n\t\t\t[\/vc_column_text][\/vc_column_inner][\/vc_row_inner][vc_row_inner][vc_column_inner][vc_empty_space][vc_separator][vc_empty_space][\/vc_column_inner][\/vc_row_inner][vc_row_inner disable_element=&#8221;yes&#8221;][vc_column_inner][vc_empty_space height=&#8221;64px&#8221;][vc_column_text css=&#8221;&#8221;]<\/p>\n<p style=\"text-align: center;\"><strong>steel<\/strong>Challenge-20 cuenta con el generoso patrocinio de las siguientes empresas:<\/p>\n<p>[\/vc_column_text][\/vc_column_inner][\/vc_row_inner][vc_row_inner content_placement=&#8221;middle&#8221; disable_element=&#8221;yes&#8221; css=&#8221;.vc_custom_1776898762449{padding-top: 0px !important;padding-bottom: 0px !important;}&#8221;][vc_column_inner width=&#8221;1\/3&#8243;][vc_single_image image=&#8221;78277&#8243; img_size=&#8221;240&#215;100&#8243; alignment=&#8221;center&#8221; css=&#8221;&#8221;][\/vc_column_inner][vc_column_inner width=&#8221;1\/3&#8243;][vc_single_image image=&#8221;85265&#8243; img_size=&#8221;240&#215;100&#8243; alignment=&#8221;center&#8221; css=&#8221;&#8221;][\/vc_column_inner][vc_column_inner width=&#8221;1\/3&#8243;][vc_single_image image=&#8221;86890&#8243; img_size=&#8221;240&#215;100&#8243; alignment=&#8221;center&#8221; css=&#8221;&#8221;][\/vc_column_inner][\/vc_row_inner][vc_row_inner content_placement=&#8221;middle&#8221; disable_element=&#8221;yes&#8221; css=&#8221;.vc_custom_1776898765650{padding-top: 0px !important;padding-bottom: 0px !important;}&#8221;][vc_column_inner width=&#8221;1\/2&#8243;][vc_single_image image=&#8221;78353&#8243; img_size=&#8221;240&#215;100&#8243; alignment=&#8221;center&#8221; css=&#8221;&#8221;][\/vc_column_inner][vc_column_inner width=&#8221;1\/2&#8243;][vc_single_image image=&#8221;82097&#8243; img_size=&#8221;240&#215;100&#8243; alignment=&#8221;center&#8221; css=&#8221;&#8221;][\/vc_column_inner][\/vc_row_inner][vc_row_inner equal_height=&#8221;yes&#8221; content_placement=&#8221;middle&#8221; disable_element=&#8221;yes&#8221; css=&#8221;.vc_custom_1776898769132{padding-top: 0px !important;padding-bottom: 0px !important;}&#8221;][vc_column_inner width=&#8221;1\/4&#8243;][vc_single_image image=&#8221;56826&#8243; img_size=&#8221;180&#215;100&#8243; alignment=&#8221;center&#8221; css=&#8221;&#8221;][\/vc_column_inner][vc_column_inner width=&#8221;1\/4&#8243;][vc_single_image image=&#8221;57263&#8243; img_size=&#8221;180&#215;100&#8243; alignment=&#8221;center&#8221; css=&#8221;&#8221;][\/vc_column_inner][vc_column_inner width=&#8221;1\/4&#8243;][vc_single_image image=&#8221;87784&#8243; img_size=&#8221;180&#215;100&#8243; alignment=&#8221;center&#8221; css=&#8221;&#8221;][\/vc_column_inner][vc_column_inner width=&#8221;1\/4&#8243;][vc_single_image image=&#8221;99943&#8243; img_size=&#8221;160&#215;100&#8243; alignment=&#8221;center&#8221; css=&#8221;&#8221;][\/vc_column_inner][\/vc_row_inner][vc_row_inner equal_height=&#8221;yes&#8221; content_placement=&#8221;middle&#8221; disable_element=&#8221;yes&#8221; css=&#8221;.vc_custom_1776898773322{padding-top: 0px !important;padding-bottom: 0px !important;}&#8221;][vc_column_inner width=&#8221;1\/3&#8243;][vc_single_image image=&#8221;78551&#8243; img_size=&#8221;140&#215;100&#8243; alignment=&#8221;center&#8221; css=&#8221;&#8221;][\/vc_column_inner][vc_column_inner width=&#8221;1\/3&#8243;][vc_single_image image=&#8221;98193&#8243; img_size=&#8221;140&#215;100&#8243; alignment=&#8221;center&#8221; css=&#8221;&#8221;][\/vc_column_inner][vc_column_inner width=&#8221;1\/3&#8243;][vc_single_image image=&#8221;82100&#8243; img_size=&#8221;140&#215;100&#8243; alignment=&#8221;center&#8221; css=&#8221;&#8221;][\/vc_column_inner][\/vc_row_inner][vc_row_inner equal_height=&#8221;yes&#8221; content_placement=&#8221;middle&#8221; disable_element=&#8221;yes&#8221; css=&#8221;.vc_custom_1776898779138{padding-top: 0px !important;padding-bottom: 0px !important;}&#8221;][vc_column_inner width=&#8221;1\/4&#8243;][vc_single_image image=&#8221;84065&#8243; img_size=&#8221;120&#215;100&#8243; alignment=&#8221;center&#8221; css=&#8221;&#8221;][\/vc_column_inner][vc_column_inner width=&#8221;1\/4&#8243;][vc_single_image image=&#8221;99677&#8243; img_size=&#8221;120&#215;100&#8243; alignment=&#8221;center&#8221; css=&#8221;&#8221;][\/vc_column_inner][vc_column_inner width=&#8221;1\/4&#8243;][vc_single_image image=&#8221;82106&#8243; img_size=&#8221;120&#215;100&#8243; alignment=&#8221;center&#8221; css=&#8221;&#8221;][\/vc_column_inner][vc_column_inner width=&#8221;1\/4&#8243;][vc_single_image image=&#8221;82103&#8243; img_size=&#8221;120&#215;100&#8243; alignment=&#8221;center&#8221; css=&#8221;&#8221;][\/vc_column_inner][\/vc_row_inner][\/vc_column][vc_column width=&#8221;1\/3&#8243; el_class=&#8221;sc-sidebar&#8221;][vc_row_inner el_class=&#8221;widget&#8221; css=&#8221;.vc_custom_1776899264163{border-radius: 10px !important;}&#8221;][vc_column_inner el_class=&#8221;red-bg&#8221; css=&#8221;.vc_custom_1777039136330{background-color: #D0202E !important;border-radius: 5px !important;}&#8221;][vc_column_text css=&#8221;&#8221; el_class=&#8221;.heading-widget&#8221;]<\/p>\n<h2><span style=\"color: #ffffff;\">\u00bfQu\u00e9 sigue?<\/span><\/h2>\n<p>[\/vc_column_text][vc_column_text css=&#8221;.vc_custom_1777035491651{margin-bottom: 20px !important;}&#8221; el_class=&#8221;.heading-widget-red-bg&#8221;]<\/p>\n<h3 style=\"text-align: left;\"><span style=\"color: #ffffff;\"> <i class=\"fa-regular fa-ranking-star\"><\/i> <strong> Abril de 2026<br \/>\n\u00a1Patrocinio abierto!<\/strong> <\/span><\/h3>\n<p>[\/vc_column_text][vc_column_text css=&#8221;&#8221;]<span style=\"color: #ffffff;\"><b>Atraiga talento, fortalezca alianzas universitarias y muestre su liderazgo en la siderurgia sostenible. \u00danase a esta iniciativa global y reserve su nivel de patrocinio<\/b><\/span>[\/vc_column_text][vc_column_text css=&#8221;&#8221;]<\/p>\n<p style=\"text-align: center;\"><a class=\"su-btn-secondary\" href=\"mailto:avila@steeluniversity.org\"><i class=\"fas fa-envelope\"><\/i> \u00a1P\u00f3ngase <b>en contacto!<\/b><\/a><\/p>\n<p>[\/vc_column_text][\/vc_column_inner][\/vc_row_inner][vc_row_inner el_class=&#8221;.widget&#8221; css=&#8221;.vc_custom_1726494588029{padding-right: 0px !important;padding-left: 0px !important;}&#8221;][vc_column_inner css=&#8221;.vc_custom_1726494330393{margin-right: 0px !important;margin-left: 0px !important;padding-right: 0px !important;padding-left: 0px !important;}&#8221;][vc_wp_custommenu nav_menu=&#8221;865&#8243; el_class=&#8221;side-menu&#8221;][\/vc_column_inner][\/vc_row_inner][\/vc_column][\/vc_row]<\/p>\n<\/div>","protected":false},"excerpt":{"rendered":"<p>[vc_row][vc_column][vc_column_text css=&#8221;&#8221;] steelChallenge-21 [\/vc_column_text][\/vc_column][\/vc_row][vc_row gap=&#8221;20&#8243;][vc_column width=&#8221;2\/3&#8243;][vc_row_inner][vc_column_inner][vc_column_text] steelChallenge es un programa de aprendizaje combinado basado en juegos reconocido por la comunidad sider\u00fargica mundial como la competici\u00f3n&hellip;<\/p>\n","protected":false},"author":96147,"featured_media":0,"parent":0,"menu_order":0,"comment_status":"closed","ping_status":"closed","template":"","meta":{"footnotes":""},"class_list":["post-109233","page","type-page","status-publish","hentry"],"aioseo_notices":[],"_links":{"self":[{"href":"https:\/\/steeluniversity.org\/es\/wp-json\/wp\/v2\/pages\/109233","targetHints":{"allow":["GET"]}}],"collection":[{"href":"https:\/\/steeluniversity.org\/es\/wp-json\/wp\/v2\/pages"}],"about":[{"href":"https:\/\/steeluniversity.org\/es\/wp-json\/wp\/v2\/types\/page"}],"author":[{"embeddable":true,"href":"https:\/\/steeluniversity.org\/es\/wp-json\/wp\/v2\/users\/96147"}],"replies":[{"embeddable":true,"href":"https:\/\/steeluniversity.org\/es\/wp-json\/wp\/v2\/comments?post=109233"}],"version-history":[{"count":0,"href":"https:\/\/steeluniversity.org\/es\/wp-json\/wp\/v2\/pages\/109233\/revisions"}],"wp:attachment":[{"href":"https:\/\/steeluniversity.org\/es\/wp-json\/wp\/v2\/media?parent=109233"}],"curies":[{"name":"wp","href":"https:\/\/api.w.org\/{rel}","templated":true}]}}