{"id":14152,"date":"2017-05-23T20:26:57","date_gmt":"2017-05-23T18:26:57","guid":{"rendered":"https:\/\/steeluniversity.org\/steelchallenge-11\/ganadores-anteriores-de-steelchallenge\/"},"modified":"2021-05-28T20:47:24","modified_gmt":"2021-05-28T20:47:24","slug":"ganadores-anteriores-de-steelchallenge","status":"publish","type":"page","link":"https:\/\/steeluniversity.org\/es\/ganadores-anteriores-de-steelchallenge\/","title":{"rendered":"Ganadores Anteriores steelChallenge"},"content":{"rendered":"<div class=\"wpb-content-wrapper\"><p>[vc_row][vc_column][vc_column_text]<\/p>\n<h1>Ganadores Anteriores steelChallenge<\/h1>\n<table>\n<thead>\n<tr>\n<td width=\"38\"><strong>Nro.<\/strong><\/td>\n<td width=\"63\"><strong>A\u00f1o<\/strong><\/td>\n<td width=\"209\"><strong>Nombre<\/strong><\/td>\n<td width=\"120\"><strong>Asociaci\u00f3n<\/strong><\/td>\n<td width=\"78\"><strong>Categor\u00eda<\/strong><\/td>\n<td width=\"83\"><strong>Pa\u00eds<\/strong><\/td>\n<\/tr>\n<\/thead>\n<tbody>\n<tr>\n<td width=\"38\">1<\/td>\n<td width=\"63\">2005<\/td>\n<td width=\"209\">Sebastian Michelic<\/td>\n<td width=\"120\">Universidad de Leoben<\/td>\n<td width=\"78\">Estudiante<\/td>\n<td width=\"83\">Austria<\/td>\n<\/tr>\n<tr>\n<td width=\"38\"><\/td>\n<td width=\"63\"><\/td>\n<td width=\"209\">Francesco Lentini<\/p>\n<p>Buonomo Alessandro<\/p>\n<p>Mariggi\u00f2 Gianvito<\/td>\n<td width=\"120\">RIVA-ILCA S.p.A<\/td>\n<td width=\"78\">Industria<\/td>\n<td width=\"83\">Italia<\/td>\n<\/tr>\n<tr>\n<td width=\"38\">2<\/td>\n<td width=\"63\">2006<\/td>\n<td width=\"209\">Zhao Chong<\/p>\n<p>Qin Bo<\/p>\n<p>Chen Lei<\/td>\n<td width=\"120\">Universidad de Ciencia y Tecnolog\u00eda de Pohang<\/td>\n<td width=\"78\">Estudiante<\/td>\n<td width=\"83\">Corea del Sur<\/td>\n<\/tr>\n<tr>\n<td width=\"38\"><\/td>\n<td width=\"63\"><\/td>\n<td width=\"209\">Sung Jin Kim<\/p>\n<p>Jin Hong Park<\/p>\n<p>Tae Gyun Kim<\/td>\n<td width=\"120\">POSCO<\/td>\n<td width=\"78\">Industria<\/td>\n<td width=\"83\">Corea del Sur<\/td>\n<\/tr>\n<tr>\n<td width=\"38\">3<\/td>\n<td width=\"63\">2007<\/td>\n<td width=\"209\">Hyunsoo Kim<\/p>\n<p>Sangmin Lee<\/p>\n<p>Daehee Woo<\/td>\n<td width=\"120\">Universidad de Ciencia y Tecnolog\u00eda de Pohang<\/td>\n<td width=\"78\">Estudiante<\/td>\n<td width=\"83\">Corea del Sur<\/td>\n<\/tr>\n<tr>\n<td width=\"38\"><\/td>\n<td width=\"63\"><\/td>\n<td width=\"209\">Zhang Wen<\/p>\n<p>Zhao Gang<\/td>\n<td width=\"120\">Ansteel<\/td>\n<td width=\"78\">Industria<\/td>\n<td width=\"83\">China<\/td>\n<\/tr>\n<tr>\n<td width=\"38\">4<\/td>\n<td width=\"63\">2008<\/td>\n<td width=\"209\">Nabil Marouf<\/p>\n<p>Raphael Chosson<\/p>\n<p>Pierre Sallot<\/td>\n<td width=\"120\">Escuela Nacional de Minas de Saint-\u00c9tienne<\/td>\n<td width=\"78\">Estudiante<\/td>\n<td width=\"83\">Francia<\/td>\n<\/tr>\n<tr>\n<td width=\"38\"><\/td>\n<td width=\"63\"><\/td>\n<td width=\"209\">Yin Lu<\/p>\n<p>Ge Hua<\/p>\n<p>Chen Cen<\/td>\n<td width=\"120\">Baosteel<\/td>\n<td width=\"78\">Industria<\/td>\n<td width=\"83\">China<\/td>\n<\/tr>\n<tr>\n<td width=\"38\">5<\/td>\n<td width=\"63\">2009\/10<\/td>\n<td width=\"209\">Luo Zhaozhen<\/td>\n<td width=\"120\">Universidad de Ciencia y Tecnolog\u00eda de Wuhan<\/td>\n<td width=\"78\">Estudiante<\/td>\n<td width=\"83\">China<\/td>\n<\/tr>\n<tr>\n<td width=\"38\"><\/td>\n<td width=\"63\"><\/td>\n<td width=\"209\">Chia Mei Lu<\/p>\n<p>Yen Hsun Wu<\/td>\n<td width=\"120\">China Steel<\/td>\n<td width=\"78\">Industria<\/td>\n<td width=\"83\">Taiwan, China<\/td>\n<\/tr>\n<tr>\n<td width=\"38\">6<\/td>\n<td width=\"63\">2011\/12<\/td>\n<td width=\"209\">Heliton Morais Rego Lima Filho<\/p>\n<p>Fernando Emerson Viana Sousa<\/td>\n<td width=\"120\">Universidad Federal de Cear\u00e1<\/td>\n<td width=\"78\">Estudiante<\/td>\n<td width=\"83\">Brasil<\/td>\n<\/tr>\n<tr>\n<td width=\"38\"><\/td>\n<td width=\"63\"><\/td>\n<td width=\"209\">Lu Fei<\/p>\n<p>Yu Chen<\/td>\n<td width=\"120\">Shougang Qiangang<\/td>\n<td width=\"78\">Industria<\/td>\n<td width=\"83\">China<\/td>\n<\/tr>\n<tr>\n<td width=\"38\">7<\/td>\n<td width=\"63\">2012\/13<\/td>\n<td width=\"209\">Andra\u017e Brade\u0161ko<\/p>\n<p>An\u017ee Tekav\u010di\u010d<\/td>\n<td width=\"120\">Universidad de Liubliana<\/td>\n<td width=\"78\">Estudiante<\/td>\n<td width=\"83\">Eslovenia<\/td>\n<\/tr>\n<tr>\n<td width=\"38\"><\/td>\n<td width=\"63\"><\/td>\n<td width=\"209\">Manjunathan Mohan<\/p>\n<p>Chandra Prakesh Sankar<\/td>\n<td width=\"120\">Tata Steel Ltd.<\/td>\n<td width=\"78\">Industria<\/td>\n<td width=\"83\">India<\/td>\n<\/tr>\n<tr>\n<td width=\"38\">8<\/td>\n<td width=\"63\">2013\/14<\/td>\n<td width=\"209\">Ezio Agust\u00edn Casalini<\/p>\n<p>Francisco Bra\u00f1as<\/td>\n<td width=\"120\">Universidad Nacional del Sur<\/td>\n<td width=\"78\">Estudiante<\/td>\n<td width=\"83\">Argentina<\/td>\n<\/tr>\n<tr>\n<td width=\"38\"><\/td>\n<td width=\"63\"><\/td>\n<td width=\"209\">Kausik Tamuli<\/p>\n<p>Animesh Kumar Singh<\/td>\n<td width=\"120\">Tata Steel Ltd.<\/td>\n<td width=\"78\">Industria<\/td>\n<td width=\"83\">India<\/td>\n<\/tr>\n<tr>\n<td width=\"38\">9<\/td>\n<td width=\"63\">2014\/15<\/td>\n<td width=\"209\">Yongping Wei<\/p>\n<p>Yongxu Wang<\/td>\n<td width=\"120\">Universidad de Ciencia y Tecnolog\u00eda de Chongqing<\/td>\n<td width=\"78\">Estudiante<\/td>\n<td width=\"83\">China<\/td>\n<\/tr>\n<tr>\n<td width=\"38\"><\/td>\n<td width=\"63\"><\/td>\n<td width=\"209\">Ye Wang<\/td>\n<td width=\"120\">Baosteel<\/td>\n<td width=\"78\">Industria<\/td>\n<td width=\"83\">China<\/td>\n<\/tr>\n<tr>\n<td width=\"38\">10<\/td>\n<td width=\"63\">2015\/16<\/td>\n<td width=\"209\">Eonseung LEE<\/td>\n<td width=\"120\">Universidad Nacional Kyungpook<\/td>\n<td width=\"78\">Estudiante<\/td>\n<td width=\"83\">Corea del Sur<\/td>\n<\/tr>\n<tr>\n<td width=\"38\"><\/td>\n<td width=\"63\"><\/td>\n<td width=\"209\">Marcos Daniel GOUVEIA FILHO<\/td>\n<td width=\"120\">Companhia Sider\u00fargica de Pec\u00e9m (CSP)<\/td>\n<td width=\"78\">Industria<\/td>\n<td width=\"83\">Brasil<\/td>\n<\/tr>\n<tr>\n<td width=\"38\">11<\/td>\n<td width=\"63\">2016\/17<\/td>\n<td width=\"209\">ChiaChu Li<\/td>\n<td width=\"120\">Universidad Nacional Chung Hsing<\/td>\n<td width=\"78\">Estudiante<\/td>\n<td width=\"83\">Taiwan, China<\/td>\n<\/tr>\n<tr>\n<td width=\"38\"><\/td>\n<td width=\"63\"><\/td>\n<td width=\"209\">Wentao Zhou<\/td>\n<td width=\"120\">HBIS Group Co., Ltd<\/td>\n<td width=\"78\">Industria<\/td>\n<td width=\"83\">China<\/td>\n<\/tr>\n<tr>\n<td width=\"38\"> 12<\/td>\n<td width=\"63\"> 2017\/18<\/td>\n<td width=\"209\">An\u017ee BAJ\u017dELJ<\/td>\n<td width=\"120\">Universidad de Liubliana<\/td>\n<td width=\"78\">Estudiante<\/td>\n<td width=\"83\">Eslovenia<\/td>\n<\/tr>\n<tr>\n<td width=\"38\"><\/td>\n<td width=\"63\"><\/td>\n<td width=\"209\">Xiaoyu TANG<\/td>\n<td width=\"120\">HBIS Group Co., Ltd<\/td>\n<td width=\"78\">Industria<\/td>\n<td width=\"83\">China<\/td>\n<\/tr>\n<\/tbody>\n<\/table>\n<p>[\/vc_column_text][\/vc_column][\/vc_row]<\/p>\n<\/div>","protected":false},"excerpt":{"rendered":"<p>[vc_row][vc_column][vc_column_text] Ganadores Anteriores steelChallenge Nro. A\u00f1o Nombre Asociaci\u00f3n Categor\u00eda Pa\u00eds 1 2005 Sebastian Michelic Universidad de Leoben Estudiante Austria Francesco Lentini Buonomo Alessandro Mariggi\u00f2 Gianvito&hellip;<\/p>\n","protected":false},"author":2,"featured_media":0,"parent":0,"menu_order":20,"comment_status":"closed","ping_status":"closed","template":"","meta":{"footnotes":""},"class_list":["post-14152","page","type-page","status-publish","hentry"],"aioseo_notices":[],"_links":{"self":[{"href":"https:\/\/steeluniversity.org\/es\/wp-json\/wp\/v2\/pages\/14152","targetHints":{"allow":["GET"]}}],"collection":[{"href":"https:\/\/steeluniversity.org\/es\/wp-json\/wp\/v2\/pages"}],"about":[{"href":"https:\/\/steeluniversity.org\/es\/wp-json\/wp\/v2\/types\/page"}],"author":[{"embeddable":true,"href":"https:\/\/steeluniversity.org\/es\/wp-json\/wp\/v2\/users\/2"}],"replies":[{"embeddable":true,"href":"https:\/\/steeluniversity.org\/es\/wp-json\/wp\/v2\/comments?post=14152"}],"version-history":[{"count":0,"href":"https:\/\/steeluniversity.org\/es\/wp-json\/wp\/v2\/pages\/14152\/revisions"}],"wp:attachment":[{"href":"https:\/\/steeluniversity.org\/es\/wp-json\/wp\/v2\/media?parent=14152"}],"curies":[{"name":"wp","href":"https:\/\/api.w.org\/{rel}","templated":true}]}}