{"id":14166,"date":"2017-05-23T22:46:28","date_gmt":"2017-05-23T20:46:28","guid":{"rendered":"https:\/\/steeluniversity.org\/?page_id=14166"},"modified":"2021-06-04T12:41:44","modified_gmt":"2021-06-04T12:41:44","slug":"steelchallenge-11","status":"publish","type":"page","link":"https:\/\/steeluniversity.org\/es\/steelchallenge-11\/","title":{"rendered":"steelChallenge-11"},"content":{"rendered":"<div class=\"wpb-content-wrapper\"><p>[vc_row][vc_column][vc_column_text]<\/p>\n<p><img loading=\"lazy\" decoding=\"async\" class=\"alignnone size-full wp-image-8519\" src=\"\/\/steeluniversity.org\/wp-content\/uploads\/2016\/07\/steelchallenge-11-logo.png\" alt=\"steelchallenge-11-logo\" width=\"545\" height=\"120\" srcset=\"https:\/\/steeluniversity.org\/wp-content\/uploads\/2016\/07\/steelchallenge-11-logo.png 545w, https:\/\/steeluniversity.org\/wp-content\/uploads\/2016\/07\/steelchallenge-11-logo-300x66.png 300w\" sizes=\"auto, (max-width: 545px) 100vw, 545px\" \/><\/p>\n<p>La 11\u00b0 edici\u00f3n de steelChallenge tuvo lugar en dos rondas. La primera ronda, el Campeonato Regional, se desarroll\u00f3 online durante un per\u00edodo de 24 horas comenzando a las 12.00 GMT el 30 de Noviembre de 2016. Los resultados se anunciaron el 7 de diciembre de 2016.<\/p>\n<p>La segunda ronda, el Camponato Mundial, tuvo lugar en Pek\u00edn, China, el 11 de abril de 2017. En un desarrollo emocionante, la ceremonia de premiaci\u00f3n del Campeonato Mundial tuvo lugar en presencia de los l\u00edderes empresariales mundiales de la industria del acero.<\/p>\n<p>[\/vc_column_text][\/vc_column][\/vc_row][vc_row][vc_column][vc_column_text]<strong>Europa y \u00c1frica &#8211; Categor\u00eda Estudiante<\/strong><\/p>\n<table width=\"644\">\n<tbody>\n<tr>\n<td width=\"57\">Posici\u00f3n<\/td>\n<td width=\"255\">Persona<\/td>\n<td width=\"227\">Afiliaci\u00f3n<\/td>\n<td width=\"105\">Pa\u00eds<\/td>\n<td>Precio<\/td>\n<\/tr>\n<tr>\n<td align=\"center\" width=\"57\">1<\/td>\n<td width=\"255\">Emerson Edilson Barros de Souza<\/td>\n<td width=\"227\">Universidade Federal do Cear\u00e1<\/td>\n<td width=\"105\">Francia *<\/td>\n<td width=\"105\">418.51<\/td>\n<\/tr>\n<tr>\n<td align=\"center\" width=\"57\">2<\/td>\n<td width=\"255\">Jure Bozank<\/td>\n<td width=\"227\">University of Ljubljana<\/td>\n<td width=\"105\">Eslovenia<\/td>\n<td width=\"105\">421.06<\/td>\n<\/tr>\n<tr>\n<td align=\"center\" width=\"57\">3<\/td>\n<td width=\"255\">Gabriel Aranha Martins<\/td>\n<td width=\"227\">Universidade Federal de Santa Catarina<\/td>\n<td width=\"105\">Francia *<\/td>\n<td width=\"105\">421.97<\/td>\n<\/tr>\n<tr>\n<td align=\"center\" width=\"57\">4<\/td>\n<td width=\"255\">Gregor \u0160egel<\/td>\n<td width=\"227\">University of Ljubljana<\/td>\n<td width=\"105\">Eslovenia<\/td>\n<td width=\"105\">422.69<\/td>\n<\/tr>\n<tr>\n<td align=\"center\" width=\"57\">5<\/td>\n<td width=\"255\">Marcel Grnjak<\/td>\n<td width=\"227\">University of Ljubljana<\/td>\n<td width=\"105\">Eslovenia<\/td>\n<td width=\"105\">422.76<\/td>\n<\/tr>\n<\/tbody>\n<\/table>\n<p><em>* Las reglas de steelChallenge-14 establecen que una persona debe competir en la regi\u00f3n en la que reside en el momento del Campeonato Regional. El estudiante ganador de Europa y \u00c1frica es un estudiante de una universidad en Brasil, pero residente en Europa en el momento del Campeonato Regional mientras est\u00e1 en una pasant\u00eda en Francia.<\/em><\/p>\n<p><strong>Am\u00e9rica &#8211; Categor\u00eda Estudiante<\/strong><\/p>\n<table width=\"644\">\n<tbody>\n<tr>\n<td width=\"57\">Posici\u00f3n<\/td>\n<td width=\"255\">Persona<\/td>\n<td width=\"227\">Afiliaci\u00f3n<\/td>\n<td width=\"105\">Pa\u00eds<\/td>\n<td>Precio<\/td>\n<\/tr>\n<tr>\n<td align=\"center\" width=\"57\">1<\/td>\n<td width=\"255\">Mateus Nunes de Oliveira<\/td>\n<td width=\"227\">Universidade Federal do Cear\u00e1<\/td>\n<td width=\"105\">Brasil<\/td>\n<td width=\"105\">417.48<\/td>\n<\/tr>\n<tr>\n<td align=\"center\" width=\"57\">2<\/td>\n<td width=\"255\">Pablo Bruno Paiva Le\u00e3o<\/td>\n<td width=\"227\">Universidade Federal do Cear\u00e1<\/td>\n<td width=\"105\">Brasil<\/td>\n<td width=\"105\">417.64<\/td>\n<\/tr>\n<tr>\n<td align=\"center\" width=\"57\">3<\/td>\n<td width=\"255\">Fabr\u00edcio Braga<\/td>\n<td width=\"227\">Universidade Federal do Cear\u00e1<\/td>\n<td width=\"105\">Brasil<\/td>\n<td width=\"105\">417.67<\/td>\n<\/tr>\n<tr>\n<td align=\"center\" width=\"57\">4<\/td>\n<td width=\"255\">Bruno Sena Saunders<\/td>\n<td width=\"227\">Universidade Federal do Cear\u00e1<\/td>\n<td width=\"105\">Brasil<\/td>\n<td width=\"105\">417.84<\/td>\n<\/tr>\n<tr>\n<td align=\"center\" width=\"57\">5<\/td>\n<td width=\"255\">Darley Da Silva Lima<\/td>\n<td width=\"227\">Universidade Federal do Cear\u00e1<\/td>\n<td width=\"105\">Brasil<\/td>\n<td width=\"105\">418.31<\/td>\n<\/tr>\n<\/tbody>\n<\/table>\n<p><strong>Asia &#8211; Oeste &#8211; Categor\u00eda Estudiante<\/strong><\/p>\n<table width=\"644\">\n<tbody>\n<tr>\n<td width=\"57\">Posici\u00f3n<\/td>\n<td width=\"255\">Persona<\/td>\n<td width=\"227\">Afiliaci\u00f3n<\/td>\n<td width=\"105\">Pa\u00eds<\/td>\n<td>Precio<\/td>\n<\/tr>\n<tr>\n<td align=\"center\" width=\"57\">1<\/td>\n<td width=\"255\">Aditya Lara<\/td>\n<td width=\"227\">Shavak Nanavati Technical Institute<\/td>\n<td width=\"105\">India<\/td>\n<td width=\"105\">418.86<\/td>\n<\/tr>\n<tr>\n<td align=\"center\" width=\"57\">2<\/td>\n<td width=\"255\">Gyan Ratna<\/td>\n<td width=\"227\">Shavak Nanavati Technical Institute<\/td>\n<td width=\"105\">India<\/td>\n<td width=\"105\">419.05<\/td>\n<\/tr>\n<tr>\n<td align=\"center\" width=\"57\">3<\/td>\n<td width=\"255\">Atanu Mahato<\/td>\n<td width=\"227\">Shavak Nanavati Technical Institute<\/td>\n<td width=\"105\">India<\/td>\n<td width=\"105\">419.19<\/td>\n<\/tr>\n<tr>\n<td align=\"center\" width=\"57\">4<\/td>\n<td width=\"255\">Vishal Raj<\/td>\n<td width=\"227\">Shavak Nanavati Technical Institute<\/td>\n<td width=\"105\">India<\/td>\n<td width=\"105\">419.20<\/td>\n<\/tr>\n<tr>\n<td align=\"center\" width=\"57\">5<\/td>\n<td width=\"255\">Akash Sahil<\/td>\n<td width=\"227\">Shavak Nanavati Technical Institute<\/td>\n<td width=\"105\">India<\/td>\n<td width=\"105\">419.20<\/td>\n<\/tr>\n<\/tbody>\n<\/table>\n<p><strong>Asia Norte &#8211; Categor\u00eda Estudiante<\/strong><\/p>\n<table width=\"644\">\n<tbody>\n<tr>\n<td width=\"57\">Posici\u00f3n<\/td>\n<td width=\"255\">Persona<\/td>\n<td width=\"227\">Afiliaci\u00f3n<\/td>\n<td width=\"105\">Pa\u00eds<\/td>\n<td>Precio<\/td>\n<\/tr>\n<tr>\n<td align=\"center\" width=\"57\">1<\/td>\n<td width=\"255\">Huan Xu \u2013 \u6b22 \u5f90<\/td>\n<td width=\"227\">Chongqing University of Science and Technology<\/td>\n<td width=\"105\">China<\/td>\n<td width=\"105\">417.10<\/td>\n<\/tr>\n<tr>\n<td align=\"center\" width=\"57\">2<\/td>\n<td width=\"255\">\u68ee\u6797 \u8d3a<\/td>\n<td width=\"227\">Chongqing University of Science and Technology<\/td>\n<td width=\"105\">China<\/td>\n<td>417,12<\/td>\n<\/tr>\n<tr>\n<td align=\"center\" width=\"57\">3<\/td>\n<td width=\"255\">Xian Fu<\/td>\n<td width=\"227\"><em>To be confirmed<\/em><\/td>\n<td width=\"105\">China<\/td>\n<td width=\"105\">417,12<\/td>\n<\/tr>\n<tr>\n<td align=\"center\" width=\"57\">4<\/td>\n<td width=\"255\">\u989c\u6c5f\u6797 \u989c<\/td>\n<td width=\"227\">Chongqing University of Science and Technology<\/td>\n<td width=\"105\">China<\/td>\n<td width=\"105\">417.13<\/td>\n<\/tr>\n<tr>\n<td align=\"center\" width=\"57\">5<\/td>\n<td width=\"255\">\u660c\u5143 \u675c<\/td>\n<td width=\"227\">Chongqing University of Science and Technology<\/td>\n<td width=\"105\">China<\/td>\n<td width=\"105\">417.15<\/td>\n<\/tr>\n<\/tbody>\n<\/table>\n<p><strong>Asia &#8211; Este y Ocean\u00eda &#8211; Categor\u00eda Estudiante<\/strong><\/p>\n<table width=\"644\">\n<tbody>\n<tr>\n<td width=\"57\">Posici\u00f3n<\/td>\n<td width=\"255\">Persona<\/td>\n<td width=\"227\">Afiliaci\u00f3n<\/td>\n<td width=\"105\">Pa\u00eds<\/td>\n<td>Precio<\/td>\n<\/tr>\n<tr>\n<td align=\"center\" width=\"57\">1<\/td>\n<td width=\"255\">Lee Yun Seong<\/td>\n<td width=\"227\">Dong-A University<\/td>\n<td width=\"105\">South Korea<\/td>\n<td width=\"105\">417.65<\/td>\n<\/tr>\n<tr>\n<td align=\"center\" width=\"57\">2<\/td>\n<td width=\"255\">Cho Hee Yeol<\/td>\n<td width=\"227\">ChonBuk National University<\/td>\n<td width=\"105\">South Korea<\/td>\n<td width=\"105\">417.66<\/td>\n<\/tr>\n<tr>\n<td align=\"center\" width=\"57\">3<\/td>\n<td width=\"255\">Koo Tae Min<\/td>\n<td width=\"227\">Dong-A University<\/td>\n<td width=\"105\">South Korea<\/td>\n<td width=\"105\">417.68<\/td>\n<\/tr>\n<tr>\n<td align=\"center\" width=\"57\">4<\/td>\n<td width=\"255\">SeungBin Oh<\/td>\n<td width=\"227\">ChonBuk National University<\/td>\n<td width=\"105\">South Korea<\/td>\n<td width=\"105\">417.73<\/td>\n<\/tr>\n<tr>\n<td align=\"center\" width=\"57\">5<\/td>\n<td width=\"255\">Yeong Jin Jeong<\/td>\n<td width=\"227\">Dong-A University<\/td>\n<td width=\"105\">South Korea<\/td>\n<td width=\"105\">417.85<\/td>\n<\/tr>\n<\/tbody>\n<\/table>\n<p>[\/vc_column_text][\/vc_column][\/vc_row][vc_row][vc_column][vc_empty_space][vc_column_text]<\/p>\n<h3>Categor\u00eda Industria<\/h3>\n<p>El top 5 por regi\u00f3n es:<\/p>\n<p><strong>Europa y \u00c1frica- Categor\u00eda Industria<\/strong><\/p>\n<table width=\"644\">\n<tbody>\n<tr>\n<td width=\"57\">Posici\u00f3n<\/td>\n<td width=\"255\">Persona<\/td>\n<td width=\"227\">Afiliaci\u00f3n<\/td>\n<td width=\"105\">Pa\u00eds<\/td>\n<td>Precio<\/td>\n<\/tr>\n<tr>\n<td align=\"center\" width=\"57\">1<\/td>\n<td width=\"255\">Pietro De Seta Cosentino<\/td>\n<td width=\"227\">ArcelorMittal<\/td>\n<td width=\"105\">Francia<\/td>\n<td width=\"105\">428.94<\/td>\n<\/tr>\n<tr>\n<td align=\"center\" width=\"57\">2<\/td>\n<td width=\"255\">Rodolfo Paulo Santos Ferreira<\/td>\n<td width=\"227\">ArcelorMittal<\/td>\n<td width=\"105\">Francia<\/td>\n<td>429,12<\/td>\n<\/tr>\n<tr>\n<td align=\"center\" width=\"57\">3<\/td>\n<td width=\"255\">Alexander Yurievich Nesmeev \u2013 \u0410\u043b\u0435\u043a\u0441\u0430\u043d\u0434\u0440 \u041d\u0435\u0441\u043c\u0435\u0435\u0432<\/td>\n<td width=\"227\">TMK<\/td>\n<td width=\"105\">Rusia<\/td>\n<td width=\"105\">430.56<\/td>\n<\/tr>\n<tr>\n<td align=\"center\" width=\"57\">4<\/td>\n<td width=\"255\">Mahmoud Abdallah<\/td>\n<td width=\"227\">EZDK<\/td>\n<td width=\"105\">Egipto<\/td>\n<td width=\"105\">432.42<\/td>\n<\/tr>\n<tr>\n<td align=\"center\" width=\"57\">5<\/td>\n<td width=\"255\">Timur Gaisin<\/td>\n<td width=\"227\">TMK<\/td>\n<td width=\"105\">Rusia<\/td>\n<td width=\"105\">433.68<\/td>\n<\/tr>\n<\/tbody>\n<\/table>\n<p><strong>Am\u00e9rica &#8211; Categor\u00eda Industria<\/strong><\/p>\n<table width=\"644\">\n<tbody>\n<tr>\n<td width=\"57\">Posici\u00f3n<\/td>\n<td width=\"255\">Persona<\/td>\n<td width=\"227\">Afiliaci\u00f3n<\/td>\n<td width=\"105\">Pa\u00eds<\/td>\n<td>Precio<\/td>\n<\/tr>\n<tr>\n<td align=\"center\" width=\"57\">1<\/td>\n<td width=\"255\">Franco Andres Gottig<\/td>\n<td width=\"227\">Ternium<\/td>\n<td width=\"105\">Argentina<\/td>\n<td width=\"105\">425.38<\/td>\n<\/tr>\n<tr>\n<td align=\"center\" width=\"57\">2<\/td>\n<td width=\"255\">Soraia Karolinne Castro Silva<\/td>\n<td width=\"227\">Gerdau<\/td>\n<td width=\"105\">Brasil<\/td>\n<td width=\"105\">425.60<\/td>\n<\/tr>\n<tr>\n<td align=\"center\" width=\"57\">3<\/td>\n<td width=\"255\">Aldenor Pinheiro Neto<\/td>\n<td width=\"227\">Gerdau<\/td>\n<td width=\"105\">Brasil<\/td>\n<td width=\"105\">425.71<\/td>\n<\/tr>\n<tr>\n<td align=\"center\" width=\"57\">4<\/td>\n<td width=\"255\">Bruno Mynelly Galdino Sousa<\/td>\n<td width=\"227\">Polimatec Usinagem<\/td>\n<td width=\"105\">Brasil<\/td>\n<td>427.20<\/td>\n<\/tr>\n<tr>\n<td align=\"center\" width=\"57\">5<\/td>\n<td width=\"255\">Davila de Oliveira Viana<\/td>\n<td width=\"227\">Gerdau<\/td>\n<td width=\"105\">Brasil<\/td>\n<td width=\"105\">431.31<\/td>\n<\/tr>\n<\/tbody>\n<\/table>\n<p><strong>Asia Oeste &#8211; Categor\u00eda Industria<\/strong><\/p>\n<table width=\"644\">\n<tbody>\n<tr>\n<td width=\"57\">Posici\u00f3n<\/td>\n<td width=\"255\">Persona<\/td>\n<td width=\"227\">Afiliaci\u00f3n<\/td>\n<td width=\"105\">Pa\u00eds<\/td>\n<td>Precio<\/td>\n<\/tr>\n<tr>\n<td align=\"center\" width=\"57\">1<\/td>\n<td width=\"255\">Sumit Kumar Puhan<\/td>\n<td width=\"227\">Tata Steel Limited<\/td>\n<td width=\"105\">India<\/td>\n<td width=\"105\">424.31<\/td>\n<\/tr>\n<tr>\n<td align=\"center\" width=\"57\">2<\/td>\n<td width=\"255\">Pratyush Ranjan Samantaray<\/td>\n<td width=\"227\">Tata Steel Limited<\/td>\n<td width=\"105\">India<\/td>\n<td width=\"105\">424.32<\/td>\n<\/tr>\n<tr>\n<td align=\"center\" width=\"57\">3<\/td>\n<td width=\"255\">Subhasmita Mishra<\/td>\n<td width=\"227\">Tata Steel Limited<\/td>\n<td width=\"105\">India<\/td>\n<td width=\"105\">424.43<\/td>\n<\/tr>\n<tr>\n<td align=\"center\" width=\"57\">4<\/td>\n<td width=\"255\">Rohit Kumar Lal<\/td>\n<td width=\"227\">Tata Steel Limited<\/td>\n<td width=\"105\">India<\/td>\n<td>424.56<\/td>\n<\/tr>\n<tr>\n<td align=\"center\" width=\"57\">5<\/td>\n<td width=\"255\">Shivani Agarwal<\/td>\n<td width=\"227\">Tata Steel Limited<\/td>\n<td width=\"105\">India<\/td>\n<td>424.63<\/td>\n<\/tr>\n<\/tbody>\n<\/table>\n<p><strong>Asia Norte &#8211; Categor\u00eda Industria<\/strong><\/p>\n<table width=\"644\">\n<tbody>\n<tr>\n<td width=\"57\">Posici\u00f3n<\/td>\n<td width=\"255\">Persona<\/td>\n<td width=\"227\">Afiliaci\u00f3n<\/td>\n<td width=\"105\">Pa\u00eds<\/td>\n<td>Precio<\/td>\n<\/tr>\n<tr>\n<td align=\"center\" width=\"57\">1<\/td>\n<td width=\"255\">Jian ZHANG \u2013 \u5f20 \u5251<\/td>\n<td width=\"227\">HBIS Group Co., Ltd.<\/td>\n<td width=\"105\">China<\/td>\n<td width=\"105\">420.19<\/td>\n<\/tr>\n<tr>\n<td align=\"center\" width=\"57\">2<\/td>\n<td width=\"255\">Ma Jingchao<\/td>\n<td width=\"227\">HBIS Group Co., Ltd.<\/td>\n<td width=\"105\">China<\/td>\n<td width=\"105\">421.62<\/td>\n<\/tr>\n<tr>\n<td align=\"center\" width=\"57\">3<\/td>\n<td width=\"255\">Ruibin Wang<\/td>\n<td width=\"227\">HBIS Group Co., Ltd.<\/td>\n<td width=\"105\">China<\/td>\n<td width=\"105\">421.77<\/td>\n<\/tr>\n<tr>\n<td align=\"center\" width=\"57\">4<\/td>\n<td width=\"255\">Gang Zu<\/td>\n<td width=\"227\">HBIS Group Co., Ltd.<\/td>\n<td width=\"105\">China<\/td>\n<td width=\"105\">421.97<\/td>\n<\/tr>\n<tr>\n<td align=\"center\" width=\"57\">5<\/td>\n<td width=\"255\">\u6653\u4e50 \u6768<\/td>\n<td width=\"227\">HBIS Group Co., Ltd.<\/td>\n<td width=\"105\">China<\/td>\n<td width=\"105\">422.13<\/td>\n<\/tr>\n<\/tbody>\n<\/table>\n<p><strong>Asia &#8211; Este y Ocean\u00eda &#8211; Categor\u00eda Industria<\/strong><\/p>\n<table width=\"644\">\n<tbody>\n<tr>\n<td width=\"57\">Posici\u00f3n<\/td>\n<td width=\"255\">Persona<\/td>\n<td width=\"227\">Afiliaci\u00f3n<\/td>\n<td width=\"105\">Pa\u00eds<\/td>\n<td>Precio<\/td>\n<\/tr>\n<tr>\n<td align=\"center\" width=\"57\">1<\/td>\n<td width=\"255\">Keun Hak Kim<\/td>\n<td width=\"227\">POSCO<\/td>\n<td width=\"105\">South Korea<\/td>\n<td width=\"105\">424.25<\/td>\n<\/tr>\n<tr>\n<td align=\"center\" width=\"57\">2<\/td>\n<td width=\"255\">Donghyeon Kwak<\/td>\n<td width=\"227\">POSCO<\/td>\n<td width=\"105\">South Korea<\/td>\n<td width=\"105\">424.78<\/td>\n<\/tr>\n<tr>\n<td align=\"center\" width=\"57\">3<\/td>\n<td width=\"255\">Ohyeong Kwon<\/td>\n<td width=\"227\">POSCO<\/td>\n<td width=\"105\">South Korea<\/td>\n<td width=\"105\">424.87<\/td>\n<\/tr>\n<tr>\n<td align=\"center\" width=\"57\">4<\/td>\n<td width=\"255\">Junho Choi<\/td>\n<td width=\"227\">POSCO<\/td>\n<td width=\"105\">South Korea<\/td>\n<td width=\"105\">425.19<\/td>\n<\/tr>\n<tr>\n<td align=\"center\" width=\"57\">5<\/td>\n<td width=\"255\">Hyoungkeun Choi<\/td>\n<td width=\"227\">Hyundai Steel<\/td>\n<td width=\"105\">South Korea<\/td>\n<td width=\"105\">425.83<\/td>\n<\/tr>\n<\/tbody>\n<\/table>\n<p>[\/vc_column_text][\/vc_column][\/vc_row][vc_row][vc_column][vc_empty_space][vc_separator][vc_empty_space][vc_column_text]<\/p>\n<h2>Resultados \u2013 Campeonato Mundial<\/h2>\n<p><strong>Los Campeons Mundiales son<\/strong><\/p>\n<table>\n<tbody>\n<tr>\n<td align=\"left\" width=\"20%\"><strong>Nombre<\/strong><\/td>\n<td align=\"left\" width=\"40%\"><strong>Afiliaci\u00f3n<\/strong><\/td>\n<td align=\"left\" width=\"20%\"><strong>Pa\u00eds<\/strong><\/td>\n<\/tr>\n<tr>\n<td align=\"left\">Huan Xu<\/td>\n<td align=\"left\">Chongqing University of Science and Technology<\/td>\n<td align=\"left\">China<\/td>\n<\/tr>\n<\/tbody>\n<\/table>\n<table>\n<tbody>\n<tr>\n<th class=\"wslightblue \" colspan=\"4\" rowspan=\"1\" align=\"center\"><strong>Categor\u00eda Industria<\/strong><\/th>\n<\/tr>\n<tr>\n<td align=\"left\" width=\"20%\"><strong>Nombre<\/strong><\/td>\n<td align=\"left\" width=\"40%\"><strong>Afiliaci\u00f3n<\/strong><\/td>\n<td align=\"left\" width=\"20%\"><strong>Pa\u00eds<\/strong><\/td>\n<\/tr>\n<tr>\n<td align=\"left\">Keun Hak Kim<\/td>\n<td align=\"left\">Posco<\/td>\n<td align=\"left\">Corea del Sur<\/td>\n<\/tr>\n<\/tbody>\n<\/table>\n<p>[\/vc_column_text][vc_empty_space][\/vc_column][\/vc_row][vc_row][vc_column][vc_column_text]<\/p>\n<h2>Patrocinadores<\/h2>\n<p><strong>Patrocinador de Acero<\/strong><br \/>\n<img loading=\"lazy\" decoding=\"async\" class=\"wp-image-9967 size-full alignnone\" style=\"padding-right: 20px;\" src=\"https:\/\/steeluniversity.org\/wp-content\/uploads\/2016\/09\/china-steel-corporation.png\" alt=\"China Steel Corporation\" width=\"150\" height=\"75\" \/><\/p>\n<p><strong>Patrocinador de Plata<\/strong><br \/>\n<img loading=\"lazy\" decoding=\"async\" class=\"size-full wp-image-9557 alignnone\" style=\"padding-right: 20px;\" src=\"https:\/\/steeluniversity.org\/wp-content\/uploads\/2016\/07\/tenaris.png\" alt=\"Tenaris\" width=\"100\" height=\"50\" \/> <img loading=\"lazy\" decoding=\"async\" class=\"size-full wp-image-9560 alignnone\" style=\"padding-right: 20px;\" src=\"https:\/\/steeluniversity.org\/wp-content\/uploads\/2016\/07\/ternium.png\" alt=\"Ternium\" width=\"100\" height=\"50\" \/> <img loading=\"lazy\" decoding=\"async\" class=\"wp-image-10181 size-full alignnone\" style=\"padding-right: 20px;\" src=\"https:\/\/steeluniversity.org\/wp-content\/uploads\/2016\/07\/tata-steel.png\" width=\"100\" height=\"50\" \/><\/p>\n<p><strong>Patrocinador de Bronce<\/strong><br \/>\n<img loading=\"lazy\" decoding=\"async\" class=\"wp-image-10034 size-full alignleft\" style=\"padding-right: 20px;\" src=\"https:\/\/steeluniversity.org\/wp-content\/uploads\/2016\/07\/jfe.png\" alt=\"JFE Steel\" width=\"100\" height=\"50\" \/><img loading=\"lazy\" decoding=\"async\" class=\"alignnone size-full wp-image-9563\" src=\"https:\/\/steeluniversity.org\/wp-content\/uploads\/2016\/07\/nucor.png\" alt=\"Nucor\" width=\"100\" height=\"50\" \/><\/p>\n<p>[\/vc_column_text][\/vc_column][\/vc_row]<\/p>\n<\/div>","protected":false},"excerpt":{"rendered":"<p>[vc_row][vc_column][vc_column_text] La 11\u00b0 edici\u00f3n de steelChallenge tuvo lugar en dos rondas. La primera ronda, el Campeonato Regional, se desarroll\u00f3 online durante un per\u00edodo de 24&hellip;<\/p>\n","protected":false},"author":2,"featured_media":0,"parent":0,"menu_order":14,"comment_status":"closed","ping_status":"closed","template":"","meta":{"footnotes":""},"class_list":["post-14166","page","type-page","status-publish","hentry"],"aioseo_notices":[],"_links":{"self":[{"href":"https:\/\/steeluniversity.org\/es\/wp-json\/wp\/v2\/pages\/14166","targetHints":{"allow":["GET"]}}],"collection":[{"href":"https:\/\/steeluniversity.org\/es\/wp-json\/wp\/v2\/pages"}],"about":[{"href":"https:\/\/steeluniversity.org\/es\/wp-json\/wp\/v2\/types\/page"}],"author":[{"embeddable":true,"href":"https:\/\/steeluniversity.org\/es\/wp-json\/wp\/v2\/users\/2"}],"replies":[{"embeddable":true,"href":"https:\/\/steeluniversity.org\/es\/wp-json\/wp\/v2\/comments?post=14166"}],"version-history":[{"count":0,"href":"https:\/\/steeluniversity.org\/es\/wp-json\/wp\/v2\/pages\/14166\/revisions"}],"wp:attachment":[{"href":"https:\/\/steeluniversity.org\/es\/wp-json\/wp\/v2\/media?parent=14166"}],"curies":[{"name":"wp","href":"https:\/\/api.w.org\/{rel}","templated":true}]}}