{"id":17651,"date":"2017-11-14T22:04:19","date_gmt":"2017-11-14T21:04:19","guid":{"rendered":"https:\/\/steeluniversity.org\/steelchallenge-12\/consejos\/"},"modified":"2017-11-14T22:14:17","modified_gmt":"2017-11-14T21:14:17","slug":"consejos","status":"publish","type":"page","link":"https:\/\/steeluniversity.org\/es\/steelchallenge-12\/consejos\/","title":{"rendered":"Consejos"},"content":{"rendered":"<div class=\"wpb-content-wrapper\"><p>[vc_row][vc_column width=&#8221;2\/3&#8243;][vc_column_text]<\/p>\n<h1>6 consejos para aprovechar al m\u00e1ximo steelChallenge-12<\/h1>\n<p>steelChallenge-12 est\u00e1 por comenzar. El Campeonato Regional de la mayor competencia de la industria del acero tendr\u00e1 lugar el pr\u00f3ximo 29 de noviembre. Durante 24 horas, miles de personas estar\u00e1n en l\u00ednea para participar de la competencia.<\/p>\n<p>Para conseguir un buen desempe\u00f1o, te dejamos algunos consejos:<\/p>\n<p>[\/vc_column_text][vc_separator][vc_column_text]<\/p>\n<h4>1) Tomar el curso de metalurgia secundaria<\/h4>\n<p>Conocer en detalle la teor\u00eda detr\u00e1s del uso del simulador te ayudar\u00e1 a tener un mejor desempe\u00f1o. Aunque seas un estudiante que se est\u00e1 iniciando en el tema o seas un profesional experimentado, darle un repaso al a base te\u00f3rica a partir de la cual funciona el simulador te ayudar\u00e1 a comprender mejor c\u00f3mo optimizar los valores para conseguir mejorar los costos de producci\u00f3n<\/p>\n<p>[\/vc_column_text][vc_separator][vc_column_text]<\/p>\n<h4>2) Practicar con el simulador<\/h4>\n<p>La pr\u00e1ctica hace al maestro, dice un viejo refr\u00e1n. Por ello, es muy importante que te familiarices con el simulador, su interfaz, la ubicaci\u00f3n de los controles y su funcionamiento en general. Para la competencia se utilizar\u00e1 el mismo simulador, aunque se solicitar\u00e1 un grado de acero especialmente dise\u00f1ado para la competencia<\/p>\n<p>[\/vc_column_text][vc_separator][vc_column_text]<\/p>\n<h4>3) Participar de la comunidad<\/h4>\n<p>Tenemos una gran comunidad de estudiantes, profesores y profesionales del acero que participan de las actividades y curso de de steeluniversity. Ya sea a trav\u00e9s de nuestra p\u00e1gina en Facebook, sigui\u00e9ndonos en Twitter o mediante las actualizaciones de LinkedIn, aprovecha la experiencia para conectar con personas que tienen tus mismos intereses.<\/p>\n<p>Si quieres invitar a compa\u00f1eros, colegas, alumnos o amigos, \u00a1enhorabuena! Tenemos un paquete de comunicaci\u00f3n para que nos ayudes a que la comunidad del acero sea a\u00fan m\u00e1s grande.<\/p>\n<p>[\/vc_column_text][vc_separator][vc_column_text]<\/p>\n<h4>4) Leer el reglamento<\/h4>\n<p>Si bien leer un reglamento no es la actividad m\u00e1s divertida, te ayudar\u00e1 a conocer c\u00f3mo est\u00e1 organizado steelChallenge-12 en detalle, qu\u00e9 cosas est\u00e1n permitidas y cu\u00e1les no. Desde la lista de premios hasta el tipo de conducta que se espera de un finalista, todo est\u00e1 explicado con detalle para que no te lleves ninguna sorpresa.<\/p>\n<p>Si a\u00fan tienes dudas, puedes contactar con nuestro equipo de soporte en la direcci\u00f3n de correo support@steeluniversity.org<\/p>\n<p>[\/vc_column_text][vc_separator][vc_column_text]<\/p>\n<h4>5) Disfrutar la competencia<\/h4>\n<p>No solo importa la meta, tambi\u00e9n es importante disfrutar del camino. steelChallenge-12 es una competencia que genera motivaci\u00f3n y entusiasmo entre los participantes. Aprovecha para conectar con personas que no conozcas, aprender algo nuevo y sentirte parte de la competencia. Muchos eligen participar en grupo, mientras que otros lo hacen solos. Como sea, comparte tu foto con el hashtag #steelchallenge12 durante la competencia para mostrarnos como est\u00e1s llevando adelante el desaf\u00edo.<\/p>\n<p>[\/vc_column_text][vc_separator][vc_column_text]<\/p>\n<h4>6) Descansar<\/h4>\n<p>steelChallenge-12 est\u00e1 abierto por 24 horas. Eso no significa que debas competir todo el tiempo, aunque eres bienvenido a hacerlo. Mantenemos la competencia abierta durante 24 horas para facilitar la participaci\u00f3n en diferentes husos horarios en todo el mundo as\u00ed todos pueden competir durante el d\u00eda. Necesita 3 ejecuciones exitosas del simulador para obtener un puntaje promedio para determinar su clasificaci\u00f3n.<\/p>\n<p>[\/vc_column_text][\/vc_column][vc_column width=&#8221;1\/3&#8243;][vc_single_image image=&#8221;17533&#8243; img_size=&#8221;full&#8221;][\/vc_column][\/vc_row]<\/p>\n<\/div>","protected":false},"excerpt":{"rendered":"<p>[vc_row][vc_column width=&#8221;2\/3&#8243;][vc_column_text] 6 consejos para aprovechar al m\u00e1ximo steelChallenge-12 steelChallenge-12 est\u00e1 por comenzar. El Campeonato Regional de la mayor competencia de la industria del acero&hellip;<\/p>\n","protected":false},"author":2,"featured_media":0,"parent":7907,"menu_order":45,"comment_status":"closed","ping_status":"closed","template":"","meta":{"footnotes":""},"class_list":["post-17651","page","type-page","status-publish","hentry"],"aioseo_notices":[],"_links":{"self":[{"href":"https:\/\/steeluniversity.org\/es\/wp-json\/wp\/v2\/pages\/17651","targetHints":{"allow":["GET"]}}],"collection":[{"href":"https:\/\/steeluniversity.org\/es\/wp-json\/wp\/v2\/pages"}],"about":[{"href":"https:\/\/steeluniversity.org\/es\/wp-json\/wp\/v2\/types\/page"}],"author":[{"embeddable":true,"href":"https:\/\/steeluniversity.org\/es\/wp-json\/wp\/v2\/users\/2"}],"replies":[{"embeddable":true,"href":"https:\/\/steeluniversity.org\/es\/wp-json\/wp\/v2\/comments?post=17651"}],"version-history":[{"count":0,"href":"https:\/\/steeluniversity.org\/es\/wp-json\/wp\/v2\/pages\/17651\/revisions"}],"up":[{"embeddable":true,"href":"https:\/\/steeluniversity.org\/es\/wp-json\/wp\/v2\/pages\/7907"}],"wp:attachment":[{"href":"https:\/\/steeluniversity.org\/es\/wp-json\/wp\/v2\/media?parent=17651"}],"curies":[{"name":"wp","href":"https:\/\/api.w.org\/{rel}","templated":true}]}}