{"id":18296,"date":"2017-12-15T19:33:49","date_gmt":"2017-12-15T18:33:49","guid":{"rendered":"https:\/\/steeluniversity.org\/steelchallenge-12\/world-championship-finalists\/"},"modified":"2018-04-03T15:37:47","modified_gmt":"2018-04-03T13:37:47","slug":"world-championship-finalists","status":"publish","type":"page","link":"https:\/\/steeluniversity.org\/es\/steelchallenge-12\/world-championship-finalists\/","title":{"rendered":"Finalistas del Campeonato Regional"},"content":{"rendered":"<div class=\"wpb-content-wrapper\"><p>[vc_row][vc_column][vc_column_text]<\/p>\n<h3>Student Category\tCategor\u00eda Estudiante<\/h3>\n<p>[\/vc_column_text][\/vc_column][\/vc_row]<br \/>\n[vc_row][vc_column width=&#8221;2\/3&#8243;][vc_column_text]<\/p>\n<h2 style=\"font-size: 1.4em; font-weight: bold; margin: 0; padding: 0;\">AN\u017dE BAJ\u017dELJ<\/h2>\n<h3 style=\"font-size: 1.2em; font-weight: bold; margin: 0; padding: 0;\">Campe\u00f3n Regional de Europa, CEI, Oriente Medio y \u00c1frica \u2013 Estudiante <\/h3>\n<h4 style=\"font-size: 0.9em; color: #999; font-weight: normal; text-transform: uppercase; letter-spacing: 1px; margin: 0; padding: 0;\">UNIVERSIDAD DE LJUBLJANA, ESLOVENIA<\/h4>\n<p>\t\t\t<em>&#8220;steelChallenge es una competencia interesante porque las simulaciones se realizan en computadoras. Creo que esto atrae a muchos participantes. Es bueno reconocer que las cosas que aprendes en los libros no siempre se aplican cuando se ejecuta una simulaci\u00f3n real. Para adquirir ese tipo de conocimiento se requiere tiempo y, lo m\u00e1s importante, pr\u00e1ctica&#8221;.<\/em>[\/vc_column_text]<br \/>\n\t\t[vc_separator]<br \/>\n\t[\/vc_column]<br \/>\n\t[vc_column width=&#8221;1\/3&#8243;][vc_single_image image=&#8221;19749&#8243; style=&#8221;vc_box_border_circle&#8221; label=&#8221;&#8221;][\/vc_column][\/vc_row]<br \/>\n[vc_row][vc_column width=&#8221;2\/3&#8243;]\t[vc_column_text]<\/p>\n<h2 style=\"font-size: 1.4em; font-weight: bold; margin: 0; padding: 0;\">JAMIL NOBRE DE CASTRO<\/h2>\n<h3 style=\"font-size: 1.2em; font-weight: bold; margin: 0; padding: 0;\">Campe\u00f3n Regional de Norte y Sur Am\u00e9rica \u2013 Estudiante <\/h3>\n<h4 style=\"font-size: 0.9em; color: #999; font-weight: normal; text-transform: uppercase; letter-spacing: 1px; margin: 0; padding: 0;\">UNIVERSIDAD FEDERAL DEL CEARA, BRASIL<\/h4>\n<p>\t\t\t<em>&#8220;Creo que steelChallenge me ayudar\u00e1 a alcanzar mis objetivos profesionales, ya que me da la oportunidad de representar a mi universidad, mi regi\u00f3n y mi pa\u00eds en un importante evento para ingenieros metal\u00fargicos&#8221;.<\/em><br \/>\n\t\t[\/vc_column_text]<br \/>\n\t\t[vc_separator]<br \/>\n\t[\/vc_column]<br \/>\n\t[vc_column width=&#8221;1\/3&#8243;][vc_single_image image=&#8221;19785&#8243; style=&#8221;vc_box_border_circle&#8221; label=&#8221;&#8221;][\/vc_column][\/vc_row]<br \/>\n[vc_row][vc_column width=&#8221;2\/3&#8243;][vc_column_text]<\/p>\n<h2 style=\"font-size: 1.4em; font-weight: bold; margin: 0; padding: 0;\">EUNSUNG PARK<\/h2>\n<h3 style=\"font-size: 1.2em; font-weight: bold; margin: 0; padding: 0;\">Campe\u00f3n Regional de Asia y Ocean\u00eda\u2013 Estudiante<\/h3>\n<h4 style=\"font-size: 0.9em; color: #999; font-weight: normal; text-transform: uppercase; letter-spacing: 1px; margin: 0; padding: 0;\">Universidad Nacional de Chonbuk, Corea del Sur<\/h4>\n<p>\t\t\t<em>&#8220;Reducir los costos de producci\u00f3n es un factor crucial. Para los estudiantes que deseen participar en la pr\u00f3xima competencia, ser\u00e1 muy \u00fatil probar varias simulaciones antes de que se anuncie el evento. \u00a1Buena suerte a todos los que se preparan para steelChallenge-13!&#8221;<\/em><br \/>\n\t\t[\/vc_column_text][vc_separator]<br \/>\n\t[\/vc_column]<br \/>\n\t[vc_column width=&#8221;1\/3&#8243;][vc_single_image image=&#8221;19781&#8243; style=&#8221;vc_box_border_circle&#8221; label=&#8221;&#8221;][\/vc_column][\/vc_row]<br \/>\n[vc_row][vc_column width=&#8221;2\/3&#8243;][vc_column_text]<\/p>\n<h2 style=\"font-size: 1.4em; font-weight: bold; margin: 0; padding: 0;\">ZHAOPENG ZENG<\/h2>\n<h3 style=\"font-size: 1.2em; font-weight: bold; margin: 0; padding: 0;\">Campe\u00f3n Regional de China\u2013 Estudiante<\/h3>\n<h4 style=\"font-size: 0.9em; color: #999; font-weight: normal; text-transform: uppercase; letter-spacing: 1px; margin: 0; padding: 0;\">CHONGQING UNIVERSIDAD DE CIENCIA Y TECNOLOG\u00cdA, CHINA<\/h4>\n<p>\t\t\t<em>&#8220;steelChallenge es una oportunidad \u00fanica de demostrarme y mostrarme. Disfruto de la experiencia de trabajar arduamente y comunicarme profundamente con mis socios durante la competencia. Es un proceso que hace que las personas crezcan r\u00e1pido. Tener \u00e9xito despu\u00e9s de una dura lucha tambi\u00e9n es muy emocionante&#8221;.<\/em><br \/>\n\t\t[\/vc_column_text]<br \/>\n\t\t[vc_separator]<br \/>\n\t[\/vc_column]<br \/>\n\t[vc_column width=&#8221;1\/3&#8243;][vc_single_image image=&#8221;19777&#8243; style=&#8221;vc_box_border_circle&#8221; label=&#8221;&#8221;][\/vc_column][\/vc_row]<br \/>\n[vc_row][vc_column width=&#8221;2\/3&#8243;][vc_column_text]<\/p>\n<h2 style=\"font-size: 1.4em; font-weight: bold; margin: 0; padding: 0;\">SHI JUN ZHANG<\/h2>\n<h3 style=\"font-size: 1.2em; font-weight: bold; margin: 0; padding: 0;\">Mejor Finalista \u2013 Estudiante <\/h3>\n<h4 style=\"font-size: 0.9em; color: #999; font-weight: normal; text-transform: uppercase; letter-spacing: 1px; margin: 0; padding: 0;\">CHONGQING UNIVERSIDAD DE CIENCIA Y TECNOLOG\u00cdA, CHINA<\/h4>\n<p>\t\t\t<em>&#8220;Participar en la final steelChallenge-12 es una gran oportunidad para presentarme a empresas sider\u00fargicas reconocidas&#8221;.<\/em>[\/vc_column_text]<br \/>\n\t\t[vc_separator]<br \/>\n\t[\/vc_column]<br \/>\n\t[vc_column width=&#8221;1\/3&#8243;][vc_single_image image=&#8221;19765&#8243; style=&#8221;vc_box_border_circle&#8221; label=&#8221;&#8221;][\/vc_column][\/vc_row]<br \/>\n[vc_row][vc_column][vc_column_text]<\/p>\n<h3>Categor\u00eda Industria<\/h3>\n<p>[\/vc_column_text][\/vc_column][\/vc_row]<br \/>\n[vc_row][vc_column width=&#8221;2\/3&#8243;][vc_column_text]<\/p>\n<h2 style=\"font-size: 1.4em; font-weight: bold; margin: 0; padding: 0;\">STEVO AKKERMAN<\/h2>\n<h3 style=\"font-size: 1.2em; font-weight: bold; margin: 0; padding: 0;\">Campe\u00f3n Regional de Europa, CEI, Oriente Medio y \u00c1frica \u2013 Industria<\/h3>\n<h4 style=\"font-size: 0.9em; color: #999; font-weight: normal; text-transform: uppercase; letter-spacing: 1px; margin: 0; padding: 0;\">Tata Steel Europa, Holanda<\/h4>\n<p>\t\t\t<em>&#8220;Mi ambici\u00f3n es convertirme en uno de los futuros l\u00edderes de Tata Steel Europe. Me gusta mucho establecer una visi\u00f3n y una misi\u00f3n, tomar decisiones de alto nivel basadas en la informaci\u00f3n de expertos y motivar e inspirar a las personas&#8221;.<\/em><br \/>\n\t\t[\/vc_column_text]<br \/>\n\t\t[vc_separator]<br \/>\n\t[\/vc_column]<br \/>\n\t[vc_column width=&#8221;1\/3&#8243;][vc_single_image image=&#8221;19769&#8243; style=&#8221;vc_box_border_circle&#8221; label=&#8221;&#8221;][\/vc_column]<br \/>\n[\/vc_row]<br \/>\n[vc_row][vc_column width=&#8221;2\/3&#8243;][vc_column_text]<\/p>\n<h2 style=\"font-size: 1.4em; font-weight: bold; margin: 0; padding: 0;\">FRANCISCO ALBERTO ROCHA<\/h2>\n<h3 style=\"font-size: 1.2em; font-weight: bold; margin: 0; padding: 0;\">Campe\u00f3n Regional de Norte y Sur Am\u00e9rica \u2013 Industria<\/h3>\n<h4 style=\"font-size: 0.9em; color: #999; font-weight: normal; text-transform: uppercase; letter-spacing: 1px; margin: 0; padding: 0;\">Gerdau, Brasil<\/h4>\n<p>\t\t\t<em>&#8220;Tengo la intenci\u00f3n de convertirme en un profesional con mucha experiencia y conocimiento en procesos de fabricaci\u00f3n de acero, desarrollando proyectos para mejorar el rendimiento y reducir los costos del proceso. En 5 a\u00f1os, me veo en mejores posiciones de liderazgo o en una carrera t\u00e9cnica en la industria del acero&#8221;.<\/em><br \/>\n\t\t[\/vc_column_text]<br \/>\n\t\t[vc_separator]<br \/>\n\t[\/vc_column]<br \/>\n\t[vc_column width=&#8221;1\/3&#8243;][vc_single_image image=&#8221;19753&#8243; style=&#8221;vc_box_border_circle&#8221; label=&#8221;&#8221;][\/vc_column]<br \/>\n[\/vc_row]<br \/>\n[vc_row][vc_column width=&#8221;2\/3&#8243;][vc_column_text]<\/p>\n<h2 style=\"font-size: 1.4em; font-weight: bold; margin: 0; padding: 0;\">HO YEON <\/h2>\n<h3 style=\"font-size: 1.2em; font-weight: bold; margin: 0; padding: 0;\">Campe\u00f3n Regional de Asia y Ocean\u00eda\u2013 Industria<\/h3>\n<h4 style=\"font-size: 0.9em; color: #999; font-weight: normal; text-transform: uppercase; letter-spacing: 1px; margin: 0; padding: 0;\">POSCO, Corea del Sur<\/h4>\n<p>\t\t\t<em>&#8220;steelChallenge me ayudar\u00e1 en la carrera, creo. A trav\u00e9s de muchas simulaciones, steelChallenge facilita la comprensi\u00f3n del proceso de fabricaci\u00f3n del acero&#8221;.<\/em><br \/>\n\t\t[\/vc_column_text]<br \/>\n\t\t[vc_separator]<br \/>\n\t[\/vc_column]<br \/>\n\t[vc_column width=&#8221;1\/3&#8243;][vc_single_image image=&#8221;19757&#8243; style=&#8221;vc_box_border_circle&#8221; label=&#8221;&#8221;][\/vc_column]<br \/>\n[\/vc_row]<br \/>\n[vc_row][vc_column width=&#8221;2\/3&#8243;][vc_column_text]<\/p>\n<h2 style=\"font-size: 1.4em; font-weight: bold; margin: 0; padding: 0;\">HUAN MA <\/h2>\n<h3 style=\"font-size: 1.2em; font-weight: bold; margin: 0; padding: 0;\">Campe\u00f3n Regional de China\u2013 Industria<\/h3>\n<h4 style=\"font-size: 0.9em; color: #999; font-weight: normal; text-transform: uppercase; letter-spacing: 1px; margin: 0; padding: 0;\">China Baowu Steel Group Corporation Limited, China<\/h4>\n<p>\t\t\t<em>&#8220;Quiero ser la persona n\u00famero uno en la industria del acero a nivel t\u00e9cnico&#8221;.<\/em>[\/vc_column_text]<br \/>\n\t\t[vc_separator]<br \/>\n\t[\/vc_column]<br \/>\n\t[vc_column width=&#8221;1\/3&#8243;][vc_single_image image=&#8221;19761&#8243; style=&#8221;vc_box_border_circle&#8221; label=&#8221;&#8221;][\/vc_column]<br \/>\n[\/vc_row]<br \/>\n[vc_row][vc_column width=&#8221;2\/3&#8243;][vc_column_text]<\/p>\n<h2 style=\"font-size: 1.4em; font-weight: bold; margin: 0; padding: 0;\">XIAOYU TANG <\/h2>\n<h3 style=\"font-size: 1.2em; font-weight: bold; margin: 0; padding: 0;\">Mejor Finalista \u2013 Industria<\/h3>\n<h4 style=\"font-size: 0.9em; color: #999; font-weight: normal; text-transform: uppercase; letter-spacing: 1px; margin: 0; padding: 0;\">HBIS Group Co., Ltd, China<\/h4>\n<p>\t\t\t<em>&#8220;steelChallenge es una simulaci\u00f3n de siderurgia, y el desarrollo adicional de la fabricaci\u00f3n de acero simulado es la fabricaci\u00f3n de acero inteligente. La fabricaci\u00f3n inteligente de acero es la tendencia de la industria sider\u00fargica&#8221;.<\/em><br \/>\n\t\t[\/vc_column_text]<br \/>\n\t\t[vc_separator]<br \/>\n\t[\/vc_column]<br \/>\n\t[vc_column width=&#8221;1\/3&#8243;][vc_single_image image=&#8221;19773&#8243; style=&#8221;vc_box_border_circle&#8221; label=&#8221;&#8221;][\/vc_column]<br \/>\n[\/vc_row]<br \/>\n[vc_row]<br \/>\n\t[vc_column][vc_column_text]<\/p>\n<h6 align=\"center\">steelChallenge-12 es generosamente patrocinado por:<\/h6>\n<p>\t\t\t\t[vc_row_inner][vc_column_inner width=&#8221;1\/2&#8243;][vc_single_image source=&#8221;external_link&#8221; alignment=&#8221;center&#8221; onclick=&#8221;custom_link&#8221; img_link_target=&#8221;_blank&#8221; css_animation=&#8221;fadeIn&#8221; custom_src=&#8221;https:\/\/marketing-image-production.s3.amazonaws.com\/uploads\/4231c6611402b64d42b0080fdf4b2bfd9a90ab734f49fda3f5fa2e50da05b52fa811c80fdcecf6a07c0fb705f8dfb6ab681990e905b11d2945dd372db4a8066a.png&#8221; link=&#8221;http:\/\/www.hbisco.com\/site\/en\/index.html&#8221;][vc_single_image source=&#8221;external_link&#8221; alignment=&#8221;center&#8221; onclick=&#8221;custom_link&#8221; img_link_target=&#8221;_blank&#8221; css_animation=&#8221;fadeIn&#8221; custom_src=&#8221;https:\/\/marketing-image-production.s3.amazonaws.com\/uploads\/20e71d7c9370645e9ca683ed3eeecb4ff1b93f2daa15dfe02063605bf3669b558db8dee04b4beeb5543ed4ffde0aef0c4e9150da8a1715259055c0e8706967ee.png&#8221; link=&#8221;http:\/\/www.ternium.com\/&#8221;][vc_single_image source=&#8221;external_link&#8221; alignment=&#8221;center&#8221; onclick=&#8221;custom_link&#8221; css_animation=&#8221;fadeIn&#8221; custom_src=&#8221;https:\/\/marketing-image-production.s3.amazonaws.com\/uploads\/4968368dc36cddffe16c9e70d157a045ccfddf01fe76c8124c82dce5359440a2228340cc43e5295ae97a67f81469234f9e7dd9cac33a40592c9c5b45f500ff1b.png&#8221; link=&#8221;http:\/\/www.tatasteel.com\/&#8221;][vc_single_image source=&#8221;external_link&#8221; alignment=&#8221;center&#8221; onclick=&#8221;custom_link&#8221; css_animation=&#8221;fadeIn&#8221; custom_src=&#8221;https:\/\/marketing-image-production.s3.amazonaws.com\/uploads\/1a327f807cd9baa1aaf90db635347fa4472cd8524089b6fa4a064166b844341198d4ea4ceea6bd522ecbaaf56da2ca4efd2de588a9535973d7613909f9c1770b.png&#8221; link=&#8221;http:\/\/www.nucor.com\/&#8221;][\/vc_column_inner][vc_column_inner width=&#8221;1\/2&#8243;][vc_single_image source=&#8221;external_link&#8221; alignment=&#8221;center&#8221; onclick=&#8221;custom_link&#8221; img_link_target=&#8221;_blank&#8221; css_animation=&#8221;fadeIn&#8221; custom_src=&#8221;https:\/\/marketing-image-production.s3.amazonaws.com\/uploads\/05b3a9549def07dd90c1e73ae84985e6d4650508e533ffaf03e3ce0453a2ac877bcdbcb3edc34a2cb599d6bb049bbcea2f2330f7b4c777a5c12a50d9eb7fc3b7.png&#8221; link=&#8221;http:\/\/www.csc.com.tw\/indexe.html&#8221;][vc_single_image source=&#8221;external_link&#8221; alignment=&#8221;center&#8221; onclick=&#8221;custom_link&#8221; img_link_target=&#8221;_blank&#8221; css_animation=&#8221;fadeIn&#8221; custom_src=&#8221;https:\/\/marketing-image-production.s3.amazonaws.com\/uploads\/dc2a4b496b0fce82f07458a2c21b9765ea88184bdfb49690b60735d3e1db3034d13090a309bd90f99a9ed9ba0b9a3914f12423b9aff54f48e769f3564c7c0275.png&#8221; link=&#8221;http:\/\/www.tenaris.com\/&#8221;][vc_single_image source=&#8221;external_link&#8221; external_img_size=&#8221;100&#215;50&#8243; alignment=&#8221;center&#8221; onclick=&#8221;custom_link&#8221; img_link_target=&#8221;_blank&#8221; css_animation=&#8221;fadeIn&#8221; custom_src=&#8221;https:\/\/steeluniversity.org\/wp-content\/uploads\/2018\/04\/jfe-corp-logo.png&#8221; link=&#8221;http:\/\/www.jfe-steel.co.jp\/en\/&#8221; label=&#8221;&#8221;][vc_single_image source=&#8221;external_link&#8221; alignment=&#8221;center&#8221; onclick=&#8221;custom_link&#8221; img_link_target=&#8221;_blank&#8221; css_animation=&#8221;fadeIn&#8221; custom_src=&#8221;https:\/\/marketing-image-production.s3.amazonaws.com\/uploads\/e4c23282b4a1f5d0e7b02b5ea67419575dfd996c452cd82f006b421c5f6b4cace6dd365b00494ed250d14032398b8ae9a0d51419a26529893b232c1c02b419f5.png&#8221; link=&#8221;https:\/\/www.kosa.or.kr\/&#8221;][\/vc_column_inner][\/vc_row_inner][\/vc_column_text][\/vc_column][\/vc_row][vc_row][vc_column][\/vc_column][\/vc_row][vc_row][vc_column][\/vc_column][\/vc_row]<\/p>\n<\/div>","protected":false},"excerpt":{"rendered":"<p>[vc_row][vc_column][vc_column_text] Student Category Categor\u00eda Estudiante [\/vc_column_text][\/vc_column][\/vc_row] [vc_row][vc_column width=&#8221;2\/3&#8243;][vc_column_text] AN\u017dE BAJ\u017dELJ Campe\u00f3n Regional de Europa, CEI, Oriente Medio y \u00c1frica \u2013 Estudiante UNIVERSIDAD DE LJUBLJANA, ESLOVENIA&hellip;<\/p>\n","protected":false},"author":2,"featured_media":0,"parent":7907,"menu_order":8,"comment_status":"closed","ping_status":"closed","template":"","meta":{"footnotes":""},"class_list":["post-18296","page","type-page","status-publish","hentry"],"aioseo_notices":[],"_links":{"self":[{"href":"https:\/\/steeluniversity.org\/es\/wp-json\/wp\/v2\/pages\/18296","targetHints":{"allow":["GET"]}}],"collection":[{"href":"https:\/\/steeluniversity.org\/es\/wp-json\/wp\/v2\/pages"}],"about":[{"href":"https:\/\/steeluniversity.org\/es\/wp-json\/wp\/v2\/types\/page"}],"author":[{"embeddable":true,"href":"https:\/\/steeluniversity.org\/es\/wp-json\/wp\/v2\/users\/2"}],"replies":[{"embeddable":true,"href":"https:\/\/steeluniversity.org\/es\/wp-json\/wp\/v2\/comments?post=18296"}],"version-history":[{"count":0,"href":"https:\/\/steeluniversity.org\/es\/wp-json\/wp\/v2\/pages\/18296\/revisions"}],"up":[{"embeddable":true,"href":"https:\/\/steeluniversity.org\/es\/wp-json\/wp\/v2\/pages\/7907"}],"wp:attachment":[{"href":"https:\/\/steeluniversity.org\/es\/wp-json\/wp\/v2\/media?parent=18296"}],"curies":[{"name":"wp","href":"https:\/\/api.w.org\/{rel}","templated":true}]}}