{"id":20158,"date":"2018-04-18T16:37:29","date_gmt":"2018-04-18T14:37:29","guid":{"rendered":"https:\/\/steeluniversity.org\/catalogo\/modelos-3d-interactivos\/alto-horno\/"},"modified":"2020-02-11T20:09:25","modified_gmt":"2020-02-11T19:09:25","slug":"alto-horno","status":"publish","type":"page","link":"https:\/\/steeluniversity.org\/es\/catalogo\/modelos-3d-interactivos\/alto-horno\/","title":{"rendered":"Alto Horno"},"content":{"rendered":"<div class=\"wpb-content-wrapper\"><p>[vc_row][vc_column width=&#8221;2\/3&#8243;][vc_column_text]<iframe loading=\"lazy\" src=\"https:\/\/sketchfab.com\/models\/91bb588ded564941a182d24e4f72979a\/embed?preload=1\" width=\"100%\" height=\"600\" frameborder=\"0\" allowfullscreen=\"allowfullscreen\"><\/iframe>[\/vc_column_text][\/vc_column][vc_column width=&#8221;1\/3&#8243;][vc_column_text]<br \/>\nEl alto horno utiliza mineral de hierro como materia prima que contiene hierro, coque y carb\u00f3n pulverizado como agentes reductores y cal o piedra caliza como agentes fundentes.<\/p>\n<p>El objetivo principal de la fabricaci\u00f3n de hierro de alto horno es producir metal caliente con calidad constante para el proceso de fabricaci\u00f3n de acero de BOS. T\u00edpicamente, la especificaci\u00f3n de los trabajos de acero requiere un metal caliente con 0.3-0.7% Si, 0.2-0.4% Mn, y 0.06-0.13% P, y una temperatura lo m\u00e1s alta posible (1480-1520 \u00b0 C al tapping).<\/p>\n<p>Un alto horno moderno tiene un di\u00e1metro de chimenea de 14-15 m, y una altura de 35 m con un volumen interno de aproximadamente 4500 m3. Uno de esos grandes altos hornos puede producir 10,000 toneladas de metal caliente por d\u00eda.<br \/>\n[\/vc_column_text][\/vc_column][\/vc_row]<\/p>\n<\/div>","protected":false},"excerpt":{"rendered":"<p>[vc_row][vc_column width=&#8221;2\/3&#8243;][vc_column_text][\/vc_column_text][\/vc_column][vc_column width=&#8221;1\/3&#8243;][vc_column_text] El alto horno utiliza mineral de hierro como materia prima que contiene hierro, coque y carb\u00f3n pulverizado como agentes reductores y cal&hellip;<\/p>\n","protected":false},"author":2,"featured_media":0,"parent":20157,"menu_order":0,"comment_status":"closed","ping_status":"closed","template":"","meta":{"footnotes":""},"class_list":["post-20158","page","type-page","status-publish","hentry"],"aioseo_notices":[],"_links":{"self":[{"href":"https:\/\/steeluniversity.org\/es\/wp-json\/wp\/v2\/pages\/20158","targetHints":{"allow":["GET"]}}],"collection":[{"href":"https:\/\/steeluniversity.org\/es\/wp-json\/wp\/v2\/pages"}],"about":[{"href":"https:\/\/steeluniversity.org\/es\/wp-json\/wp\/v2\/types\/page"}],"author":[{"embeddable":true,"href":"https:\/\/steeluniversity.org\/es\/wp-json\/wp\/v2\/users\/2"}],"replies":[{"embeddable":true,"href":"https:\/\/steeluniversity.org\/es\/wp-json\/wp\/v2\/comments?post=20158"}],"version-history":[{"count":0,"href":"https:\/\/steeluniversity.org\/es\/wp-json\/wp\/v2\/pages\/20158\/revisions"}],"up":[{"embeddable":true,"href":"https:\/\/steeluniversity.org\/es\/wp-json\/wp\/v2\/pages\/20157"}],"wp:attachment":[{"href":"https:\/\/steeluniversity.org\/es\/wp-json\/wp\/v2\/media?parent=20158"}],"curies":[{"name":"wp","href":"https:\/\/api.w.org\/{rel}","templated":true}]}}