{"id":20203,"date":"2018-04-18T21:06:41","date_gmt":"2018-04-18T19:06:41","guid":{"rendered":"https:\/\/steeluniversity.org\/catalogo\/modelos-3d-interactivos\/maquina-de-charpy\/"},"modified":"2020-02-14T17:16:41","modified_gmt":"2020-02-14T16:16:41","slug":"maquina-de-charpy","status":"publish","type":"page","link":"https:\/\/steeluniversity.org\/es\/catalogo\/modelos-3d-interactivos\/maquina-de-charpy\/","title":{"rendered":"M\u00e1quina de Charpy"},"content":{"rendered":"<div class=\"wpb-content-wrapper\"><p>[vc_row][vc_column width=&#8221;2\/3&#8243;][vc_column_text]<\/p>\n<p><iframe loading=\"lazy\" src=\"https:\/\/sketchfab.com\/models\/a53917e783de4ee2b9a868e1ab9df43a\/embed?preload=1\" width=\"100%\" height=\"600\" frameborder=\"0\" allowfullscreen=\"allowfullscreen\"><\/iframe><\/p>\n<p>[\/vc_column_text][\/vc_column][vc_column width=&#8221;1\/3&#8243;][vc_column_text]<\/p>\n<h4 style=\"margin-bottom: 0;\">M\u00e1quina de Charpy<\/h4>\n<h5 style=\"margin-top: 0; font-weight: bold; color: #666 !important; font-size: 1.1em;\">Modelo 3D interactivo<\/h5>\n<p>La energ\u00eda absorbida por un material durante la fractura es una medida de la tenacidad de un material dado y act\u00faa como una herramienta para estudiar la transici\u00f3n d\u00factil-fr\u00e1gil dependiente de la temperatura. Se aplica ampliamente en la industria ya que es f\u00e1cil de preparar y realizar y los resultados se pueden obtener de forma r\u00e1pida y econ\u00f3mica. La prueba fue desarrollada alrededor de 1900 por S. B. Russell y G. Charpy. Se conoci\u00f3 como la prueba de Charpy a principios de 1900 debido a las contribuciones t\u00e9cnicas y los esfuerzos de estandarizaci\u00f3n de Georges Charpy. La prueba fue fundamental para comprender los problemas de fractura de los barcos durante la Segunda Guerra Mundial. Hoy en d\u00eda se utiliza en muchas industrias para probar materiales, por ejemplo, la construcci\u00f3n de recipientes a presi\u00f3n y puentes para determinar c\u00f3mo las tormentas afectar\u00e1n los materiales utilizados.<br \/>\n[\/vc_column_text][\/vc_column][\/vc_row]<\/p>\n<\/div>","protected":false},"excerpt":{"rendered":"<p>[vc_row][vc_column width=&#8221;2\/3&#8243;][vc_column_text] [\/vc_column_text][\/vc_column][vc_column width=&#8221;1\/3&#8243;][vc_column_text] M\u00e1quina de Charpy Modelo 3D interactivo La energ\u00eda absorbida por un material durante la fractura es una medida de la tenacidad&hellip;<\/p>\n","protected":false},"author":2,"featured_media":0,"parent":20157,"menu_order":0,"comment_status":"closed","ping_status":"closed","template":"","meta":{"footnotes":""},"class_list":["post-20203","page","type-page","status-publish","hentry"],"aioseo_notices":[],"_links":{"self":[{"href":"https:\/\/steeluniversity.org\/es\/wp-json\/wp\/v2\/pages\/20203","targetHints":{"allow":["GET"]}}],"collection":[{"href":"https:\/\/steeluniversity.org\/es\/wp-json\/wp\/v2\/pages"}],"about":[{"href":"https:\/\/steeluniversity.org\/es\/wp-json\/wp\/v2\/types\/page"}],"author":[{"embeddable":true,"href":"https:\/\/steeluniversity.org\/es\/wp-json\/wp\/v2\/users\/2"}],"replies":[{"embeddable":true,"href":"https:\/\/steeluniversity.org\/es\/wp-json\/wp\/v2\/comments?post=20203"}],"version-history":[{"count":0,"href":"https:\/\/steeluniversity.org\/es\/wp-json\/wp\/v2\/pages\/20203\/revisions"}],"up":[{"embeddable":true,"href":"https:\/\/steeluniversity.org\/es\/wp-json\/wp\/v2\/pages\/20157"}],"wp:attachment":[{"href":"https:\/\/steeluniversity.org\/es\/wp-json\/wp\/v2\/media?parent=20203"}],"curies":[{"name":"wp","href":"https:\/\/api.w.org\/{rel}","templated":true}]}}