{"id":20204,"date":"2018-04-18T21:08:24","date_gmt":"2018-04-18T19:08:24","guid":{"rendered":"https:\/\/steeluniversity.org\/catalogo\/modelos-3d-interactivos\/alto-horno-2\/"},"modified":"2020-02-11T16:13:23","modified_gmt":"2020-02-11T15:13:23","slug":"convertidor-ld","status":"publish","type":"page","link":"https:\/\/steeluniversity.org\/es\/catalogo\/modelos-3d-interactivos\/convertidor-ld\/","title":{"rendered":"Convertidor LD"},"content":{"rendered":"<div class=\"wpb-content-wrapper\"><p>[vc_row][vc_column width=&#8221;2\/3&#8243;][vc_column_text]<iframe loading=\"lazy\" src=\"https:\/\/sketchfab.com\/models\/d1937ad1946a463e9aafe1a71a971799\/embed?preload=1\" width=\"100%\" height=\"600\" frameborder=\"0\" allowfullscreen=\"allowfullscreen\"><\/iframe>[\/vc_column_text][\/vc_column][vc_column width=&#8221;1\/3&#8243;][vc_column_text]<\/p>\n<h4 style=\"margin-bottom: 0;\">Convertidor LD<\/h4>\n<h5 style=\"margin-top: 0; font-weight: bold; color: #666 !important; font-size: 1.1em;\">Modelo 3D interactivo<\/h5>\n<p>El objetivo del proceso de fabricaci\u00f3n de acero con el Convertidor LD es refinar el metal caliente producido en el alto horno en acero l\u00edquido en bruto, que posteriormente puede refinarse en la acer\u00eda sider\u00fargica secundaria.<\/p>\n<p>Las funciones principales del Convertidor LD son descarburar, eliminar el f\u00f3sforo del metal caliente, y optimizar la temperatura del acero para que cualquier otro tratamiento previo a la fundici\u00f3n pueda realizarse con un recalentamiento o enfriamiento m\u00ednimos del acero.<\/p>\n<p>Las reacciones de oxidaci\u00f3n exot\u00e9rmica que se producen durante el proceso generan una gran cantidad de energ\u00eda t\u00e9rmica, m\u00e1s de la necesaria para alcanzar la temperatura objetivo del acero. Este calor extra se usa para fundir adiciones de mineral de hierro y desecho.<br \/>\n[\/vc_column_text][\/vc_column][\/vc_row]<\/p>\n<\/div>","protected":false},"excerpt":{"rendered":"<p>[vc_row][vc_column width=&#8221;2\/3&#8243;][vc_column_text][\/vc_column_text][\/vc_column][vc_column width=&#8221;1\/3&#8243;][vc_column_text] Convertidor LD Modelo 3D interactivo El objetivo del proceso de fabricaci\u00f3n de acero con el Convertidor LD es refinar el metal caliente&hellip;<\/p>\n","protected":false},"author":2,"featured_media":0,"parent":20157,"menu_order":0,"comment_status":"closed","ping_status":"closed","template":"","meta":{"footnotes":""},"class_list":["post-20204","page","type-page","status-publish","hentry"],"aioseo_notices":[],"_links":{"self":[{"href":"https:\/\/steeluniversity.org\/es\/wp-json\/wp\/v2\/pages\/20204","targetHints":{"allow":["GET"]}}],"collection":[{"href":"https:\/\/steeluniversity.org\/es\/wp-json\/wp\/v2\/pages"}],"about":[{"href":"https:\/\/steeluniversity.org\/es\/wp-json\/wp\/v2\/types\/page"}],"author":[{"embeddable":true,"href":"https:\/\/steeluniversity.org\/es\/wp-json\/wp\/v2\/users\/2"}],"replies":[{"embeddable":true,"href":"https:\/\/steeluniversity.org\/es\/wp-json\/wp\/v2\/comments?post=20204"}],"version-history":[{"count":0,"href":"https:\/\/steeluniversity.org\/es\/wp-json\/wp\/v2\/pages\/20204\/revisions"}],"up":[{"embeddable":true,"href":"https:\/\/steeluniversity.org\/es\/wp-json\/wp\/v2\/pages\/20157"}],"wp:attachment":[{"href":"https:\/\/steeluniversity.org\/es\/wp-json\/wp\/v2\/media?parent=20204"}],"curies":[{"name":"wp","href":"https:\/\/api.w.org\/{rel}","templated":true}]}}