{"id":20206,"date":"2018-04-18T21:13:04","date_gmt":"2018-04-18T19:13:04","guid":{"rendered":"https:\/\/steeluniversity.org\/catalogo\/modelos-3d-interactivos\/horno-de-arco-electrico\/"},"modified":"2018-04-18T22:53:18","modified_gmt":"2018-04-18T20:53:18","slug":"horno-de-arco-electrico","status":"publish","type":"page","link":"https:\/\/steeluniversity.org\/es\/catalogo\/modelos-3d-interactivos\/horno-de-arco-electrico\/","title":{"rendered":"Horno de Arco El\u00e9ctrico"},"content":{"rendered":"<div class=\"wpb-content-wrapper\"><p>[vc_row][vc_column width=&#8221;2\/3&#8243;][vc_column_text]<iframe loading=\"lazy\" src=\"https:\/\/sketchfab.com\/models\/12b5412d2e8a42229e8f4879a2f252d3\/embed?preload=1\" width=\"100%\" height=\"600\" frameborder=\"0\" allowfullscreen=\"allowfullscreen\"><\/iframe>[\/vc_column_text][\/vc_column][vc_column width=&#8221;1\/3&#8243;][vc_column_text]<\/p>\n<h4 style=\"margin-bottom: 0;\">Horno de Arco El\u00e9ctrico<\/h4>\n<h5 style=\"margin-top: 0; font-weight: bold; color: #666 !important; font-size: 1.1em;\">Modelo 3D interactivo<\/h5>\n<p>Los hornos de arco el\u00e9ctrico se utilizan para producir aceros al carbono y aceros aleados principalmente mediante el reciclado de chatarra ferrosa. En un horno de arco el\u00e9ctrico, la chatarra y \/ o hierro manufacturado, como hierro esponja, arrabio, carburo de hierro, las unidades se funden y se convierten en acero de alta calidad mediante el uso de arcos el\u00e9ctricos de alta potencia formados entre un c\u00e1todo y un \u00e1nodo (para CC un \u00e1nodo o tres \u00e1nodos para AC). Se pasa una corriente el\u00e9ctrica a trav\u00e9s de los electrodos para formar un arco. El calor generado por este arco derrite la chatarra. La electricidad necesaria para este proceso es suficiente para alimentar una ciudad con una poblaci\u00f3n de 100,000 habitantes. Durante el proceso de fusi\u00f3n, otros metales (ferroaleaciones) se agregan al acero para darle la composici\u00f3n qu\u00edmica requerida.<\/p>\n<p>La chatarra es, por lejos, el recurso m\u00e1s importante, y representa alrededor del 80% de toda la materia prima para hornos de arco el\u00e9ctrico. El horno de arco el\u00e9ctrico moderno generalmente produce 150 toneladas en cada fundici\u00f3n, lo que demora alrededor de 90 minutos.<br \/>\n[\/vc_column_text][\/vc_column][\/vc_row]<\/p>\n<\/div>","protected":false},"excerpt":{"rendered":"<p>[vc_row][vc_column width=&#8221;2\/3&#8243;][vc_column_text][\/vc_column_text][\/vc_column][vc_column width=&#8221;1\/3&#8243;][vc_column_text] Horno de Arco El\u00e9ctrico Modelo 3D interactivo Los hornos de arco el\u00e9ctrico se utilizan para producir aceros al carbono y aceros aleados&hellip;<\/p>\n","protected":false},"author":2,"featured_media":0,"parent":20157,"menu_order":0,"comment_status":"closed","ping_status":"closed","template":"","meta":{"footnotes":""},"class_list":["post-20206","page","type-page","status-publish","hentry"],"aioseo_notices":[],"_links":{"self":[{"href":"https:\/\/steeluniversity.org\/es\/wp-json\/wp\/v2\/pages\/20206","targetHints":{"allow":["GET"]}}],"collection":[{"href":"https:\/\/steeluniversity.org\/es\/wp-json\/wp\/v2\/pages"}],"about":[{"href":"https:\/\/steeluniversity.org\/es\/wp-json\/wp\/v2\/types\/page"}],"author":[{"embeddable":true,"href":"https:\/\/steeluniversity.org\/es\/wp-json\/wp\/v2\/users\/2"}],"replies":[{"embeddable":true,"href":"https:\/\/steeluniversity.org\/es\/wp-json\/wp\/v2\/comments?post=20206"}],"version-history":[{"count":0,"href":"https:\/\/steeluniversity.org\/es\/wp-json\/wp\/v2\/pages\/20206\/revisions"}],"up":[{"embeddable":true,"href":"https:\/\/steeluniversity.org\/es\/wp-json\/wp\/v2\/pages\/20157"}],"wp:attachment":[{"href":"https:\/\/steeluniversity.org\/es\/wp-json\/wp\/v2\/media?parent=20206"}],"curies":[{"name":"wp","href":"https:\/\/api.w.org\/{rel}","templated":true}]}}