{"id":20208,"date":"2018-04-18T21:15:22","date_gmt":"2018-04-18T19:15:22","guid":{"rendered":"https:\/\/steeluniversity.org\/catalogo\/modelos-3d-interactivos\/horno-cuchara\/"},"modified":"2018-08-06T13:14:08","modified_gmt":"2018-08-06T11:14:08","slug":"horno-cuchara","status":"publish","type":"page","link":"https:\/\/steeluniversity.org\/es\/catalogo\/modelos-3d-interactivos\/horno-cuchara\/","title":{"rendered":"Horno Cuchara"},"content":{"rendered":"<div class=\"wpb-content-wrapper\"><p>[vc_row][vc_column width=&#8221;2\/3&#8243;][vc_column_text]<iframe loading=\"lazy\" src=\"https:\/\/sketchfab.com\/models\/b35eea14d7364fdba46dcc92c6387f6d\/embed?preload=1\" width=\"100%\" height=\"600\" frameborder=\"0\" allowfullscreen=\"allowfullscreen\"><\/iframe>[\/vc_column_text][\/vc_column][vc_column width=&#8221;1\/3&#8243;][vc_column_text]<\/p>\n<h4 style=\"margin-bottom: 0;\">Horno Cuchara<\/h4>\n<h5 style=\"margin-top: 0; font-weight: bold; color: #666 !important; font-size: 1.1em;\">Modelo 3D interactivo<\/h5>\n<p>La operaci\u00f3n ejecutada en el horno cuchara es una parte esencial del tratamiento de metalurgia secundaria, como el refinado, el ajuste de la temperatura del acero l\u00edquido y la composici\u00f3n qu\u00edmica con el objetivo de aumentar la calidad del acero.<\/p>\n<p>El burbujeo de arg\u00f3n se aplica para homogeneizar la composici\u00f3n y la temperatura del acero. El calentamiento de hasta 3 \u00b0 C por minuto se logra mediante un conjunto de electrodos de grafito, que se bajan a la capa de escoria, justo encima de la superficie de acero fundido. Otro objetivo del horno cuchara es actuar como un horno de retenci\u00f3n entre el Convertidor LD y la m\u00e1quina de colada continua.<br \/>\n[\/vc_column_text][\/vc_column][\/vc_row]<\/p>\n<\/div>","protected":false},"excerpt":{"rendered":"<p>[vc_row][vc_column width=&#8221;2\/3&#8243;][vc_column_text][\/vc_column_text][\/vc_column][vc_column width=&#8221;1\/3&#8243;][vc_column_text] Horno Cuchara Modelo 3D interactivo La operaci\u00f3n ejecutada en el horno cuchara es una parte esencial del tratamiento de metalurgia secundaria, como&hellip;<\/p>\n","protected":false},"author":2,"featured_media":0,"parent":20157,"menu_order":0,"comment_status":"closed","ping_status":"closed","template":"","meta":{"footnotes":""},"class_list":["post-20208","page","type-page","status-publish","hentry"],"aioseo_notices":[],"_links":{"self":[{"href":"https:\/\/steeluniversity.org\/es\/wp-json\/wp\/v2\/pages\/20208","targetHints":{"allow":["GET"]}}],"collection":[{"href":"https:\/\/steeluniversity.org\/es\/wp-json\/wp\/v2\/pages"}],"about":[{"href":"https:\/\/steeluniversity.org\/es\/wp-json\/wp\/v2\/types\/page"}],"author":[{"embeddable":true,"href":"https:\/\/steeluniversity.org\/es\/wp-json\/wp\/v2\/users\/2"}],"replies":[{"embeddable":true,"href":"https:\/\/steeluniversity.org\/es\/wp-json\/wp\/v2\/comments?post=20208"}],"version-history":[{"count":0,"href":"https:\/\/steeluniversity.org\/es\/wp-json\/wp\/v2\/pages\/20208\/revisions"}],"up":[{"embeddable":true,"href":"https:\/\/steeluniversity.org\/es\/wp-json\/wp\/v2\/pages\/20157"}],"wp:attachment":[{"href":"https:\/\/steeluniversity.org\/es\/wp-json\/wp\/v2\/media?parent=20208"}],"curies":[{"name":"wp","href":"https:\/\/api.w.org\/{rel}","templated":true}]}}