{"id":20211,"date":"2018-04-18T21:18:20","date_gmt":"2018-04-18T19:18:20","guid":{"rendered":"https:\/\/steeluniversity.org\/catalogo\/modelos-3d-interactivos\/maquina-de-prueba-universal\/"},"modified":"2020-02-14T17:12:25","modified_gmt":"2020-02-14T16:12:25","slug":"maquina-de-prueba-universal","status":"publish","type":"page","link":"https:\/\/steeluniversity.org\/es\/catalogo\/modelos-3d-interactivos\/maquina-de-prueba-universal\/","title":{"rendered":"M\u00e1quina de Prueba Universal"},"content":{"rendered":"<div class=\"wpb-content-wrapper\"><p>[vc_row][vc_column width=&#8221;2\/3&#8243;][vc_column_text]<iframe loading=\"lazy\" src=\"https:\/\/sketchfab.com\/models\/a59415fe086643b6b098716b7592961d\/embed?preload=1\" width=\"100%\" height=\"600\" frameborder=\"0\" allowfullscreen=\"allowfullscreen\"><\/iframe>[\/vc_column_text][\/vc_column][vc_column width=&#8221;1\/3&#8243;][vc_column_text]<\/p>\n<h4 style=\"margin-bottom: 0;\">M\u00e1quina de Prueba Universal<\/h4>\n<h5 style=\"margin-top: 0; font-weight: bold; color: #666 !important; font-size: 1.1em;\">Modelo 3D interactivo<\/h5>\n<p>Para medir las propiedades de tracci\u00f3n de un acero, se requiere extender una pieza de prueba a una velocidad fija y medir continuamente la extensi\u00f3n a medida que aumenta la fuerza aplicada o la carga, como cabr\u00eda esperar de la ley Hooke hasta el l\u00edmite el\u00e1stico y m\u00e1s all\u00e1. La pieza de prueba y la configuraci\u00f3n de la m\u00e1quina necesitan especificaciones publicadas por una organizaci\u00f3n de est\u00e1ndares. Esto especifica la preparaci\u00f3n de la muestra, la fijaci\u00f3n, la longitud del calibre, el an\u00e1lisis, etc.<\/p>\n<p>La pieza de prueba se coloca en la m\u00e1quina entre los agarres y un extens\u00f3metro, si es necesario, puede registrar autom\u00e1ticamente el cambio en la longitud del calibre durante la prueba. La m\u00e1quina no solo registra el cambio en la longitud de la muestra, sino tambi\u00e9n todos los dem\u00e1s componentes extensibles \/ el\u00e1sticos de la m\u00e1quina de prueba y sus sistemas de transmisi\u00f3n, incluido cualquier deslizamiento de la muestra en los agarres.<\/p>\n<p>Una vez que la m\u00e1quina se inicia, comienza a aplicar una carga creciente en la muestra. Durante las pruebas, el sistema de control y su software asociado registran la carga y la extensi\u00f3n o compresi\u00f3n de la muestra. A partir de los datos de alargamiento de carga, la m\u00e1quina calcula la tensi\u00f3n y la tracci\u00f3n.[\/vc_column_text][\/vc_column][\/vc_row]<\/p>\n<\/div>","protected":false},"excerpt":{"rendered":"<p>[vc_row][vc_column width=&#8221;2\/3&#8243;][vc_column_text][\/vc_column_text][\/vc_column][vc_column width=&#8221;1\/3&#8243;][vc_column_text] M\u00e1quina de Prueba Universal Modelo 3D interactivo Para medir las propiedades de tracci\u00f3n de un acero, se requiere extender una pieza de&hellip;<\/p>\n","protected":false},"author":2,"featured_media":0,"parent":20157,"menu_order":0,"comment_status":"closed","ping_status":"closed","template":"","meta":{"footnotes":""},"class_list":["post-20211","page","type-page","status-publish","hentry"],"aioseo_notices":[],"_links":{"self":[{"href":"https:\/\/steeluniversity.org\/es\/wp-json\/wp\/v2\/pages\/20211","targetHints":{"allow":["GET"]}}],"collection":[{"href":"https:\/\/steeluniversity.org\/es\/wp-json\/wp\/v2\/pages"}],"about":[{"href":"https:\/\/steeluniversity.org\/es\/wp-json\/wp\/v2\/types\/page"}],"author":[{"embeddable":true,"href":"https:\/\/steeluniversity.org\/es\/wp-json\/wp\/v2\/users\/2"}],"replies":[{"embeddable":true,"href":"https:\/\/steeluniversity.org\/es\/wp-json\/wp\/v2\/comments?post=20211"}],"version-history":[{"count":0,"href":"https:\/\/steeluniversity.org\/es\/wp-json\/wp\/v2\/pages\/20211\/revisions"}],"up":[{"embeddable":true,"href":"https:\/\/steeluniversity.org\/es\/wp-json\/wp\/v2\/pages\/20157"}],"wp:attachment":[{"href":"https:\/\/steeluniversity.org\/es\/wp-json\/wp\/v2\/media?parent=20211"}],"curies":[{"name":"wp","href":"https:\/\/api.w.org\/{rel}","templated":true}]}}