{"id":20368,"date":"2018-04-24T19:19:09","date_gmt":"2018-04-24T17:19:09","guid":{"rendered":"https:\/\/steeluniversity.org\/juego\/steelsafety\/"},"modified":"2021-04-28T12:50:41","modified_gmt":"2021-04-28T12:50:41","slug":"steelsafety","status":"publish","type":"page","link":"https:\/\/steeluniversity.org\/es\/juego\/steelsafety\/","title":{"rendered":"steelSafety"},"content":{"rendered":"<div class=\"wpb-content-wrapper\"><p>[vc_row][vc_column][vc_column_text]<\/p>\n<h1 class=\"normal_title dark_gray editContent\">steelSafety<\/h1>\n<p>[\/vc_column_text][vc_empty_space][vc_column_text]<\/p>\n<h2>Misi\u00f3n 1: Almac\u00e9n<\/h2>\n<p><strong>Un juego inmersivo para ayudar al entrenamiento en seguridad en la industria del acero<\/strong><\/p>\n<p>[\/vc_column_text][vc_empty_space][vc_column_text]<video class=\"videos\" style=\"border: 1px solid #999;\" crossorigin=\"anonymous\" poster=\"https:\/\/steeluniversity.org\/wp-content\/uploads\/2018\/05\/video-cover.png\" controls=\"controls\" width=\"100%\" height=\"100%\"><source src=\"https:\/\/content.steeluniversity.org\/videos\/steelsafety\/teaser_steelsafety_v10.mp4\"><\/source><source src=\"https:\/\/content.steeluniversity.org\/videos\/steelsafety\/teaser_steelsafety_v10.ogv\"><\/source><\/video>[\/vc_column_text][vc_empty_space][vc_column_text]El estudiante asume el papel de un trabajador industrial en una historia interactiva basada en la exploraci\u00f3n y la resoluci\u00f3n de problemas dentro de un almac\u00e9n.[\/vc_column_text][vc_empty_space][vc_column_text]<\/p>\n<p style=\"text-align: center;\"><a class=\"su-btn-primary\" href=\"https:\/\/steeluniversity.org\/es\/juego\/steelsafety\/steelsafety-mision-1-almacen\/\">Descubre steelSafety Misi\u00f3n 1: Almac\u00e9n<\/a>[\/vc_column_text][vc_separator css=&#8221;.vc_custom_1503432547307{margin-top: 60px !important;margin-bottom: 50px !important;}&#8221;][vc_column_text]<!-- wpml:html_fragment <\/p>\n\n --><\/p>\n<h2>Misi\u00f3n 2: Horno de Arco El\u00e9ctrico<\/h2>\n<p><strong>Un juego educativo sobre seguridad de procesos<\/strong>[\/vc_column_text][vc_empty_space][vc_single_image image=&#8221;28870&#8243; img_size=&#8221;large&#8221;][vc_empty_space][vc_column_text]Los estudiantes controlan el proceso del horno de arco el\u00e9ctrico desde el p\u00falpito.[\/vc_column_text][vc_empty_space][vc_column_text css=&#8221;.vc_custom_1619552277021{padding-right: 10% !important;padding-left: 10% !important;}&#8221;]<\/p>\n<p style=\"text-align: center;\"><a class=\"su-btn-primary\" href=\"https:\/\/steeluniversity.org\/es\/juego\/steelsafety\/steelsafety-mision-2-horno-de-arco-electrico\/\">Descubre steelSafety Misi\u00f3n 2: Horno de Arco El\u00e9ctrico<\/a><\/p>\n<p>[\/vc_column_text][\/vc_column][\/vc_row]<\/p>\n<\/div>","protected":false},"excerpt":{"rendered":"<p>[vc_row][vc_column][vc_column_text] steelSafety [\/vc_column_text][vc_empty_space][vc_column_text] Misi\u00f3n 1: Almac\u00e9n Un juego inmersivo para ayudar al entrenamiento en seguridad en la industria del acero [\/vc_column_text][vc_empty_space][vc_column_text][\/vc_column_text][vc_empty_space][vc_column_text]El estudiante asume el papel&hellip;<\/p>\n","protected":false},"author":2,"featured_media":0,"parent":7366,"menu_order":0,"comment_status":"closed","ping_status":"closed","template":"","meta":{"footnotes":""},"class_list":["post-20368","page","type-page","status-publish","hentry"],"aioseo_notices":[],"_links":{"self":[{"href":"https:\/\/steeluniversity.org\/es\/wp-json\/wp\/v2\/pages\/20368","targetHints":{"allow":["GET"]}}],"collection":[{"href":"https:\/\/steeluniversity.org\/es\/wp-json\/wp\/v2\/pages"}],"about":[{"href":"https:\/\/steeluniversity.org\/es\/wp-json\/wp\/v2\/types\/page"}],"author":[{"embeddable":true,"href":"https:\/\/steeluniversity.org\/es\/wp-json\/wp\/v2\/users\/2"}],"replies":[{"embeddable":true,"href":"https:\/\/steeluniversity.org\/es\/wp-json\/wp\/v2\/comments?post=20368"}],"version-history":[{"count":0,"href":"https:\/\/steeluniversity.org\/es\/wp-json\/wp\/v2\/pages\/20368\/revisions"}],"up":[{"embeddable":true,"href":"https:\/\/steeluniversity.org\/es\/wp-json\/wp\/v2\/pages\/7366"}],"wp:attachment":[{"href":"https:\/\/steeluniversity.org\/es\/wp-json\/wp\/v2\/media?parent=20368"}],"curies":[{"name":"wp","href":"https:\/\/api.w.org\/{rel}","templated":true}]}}