{"id":21172,"date":"2018-06-27T13:19:21","date_gmt":"2018-06-27T11:19:21","guid":{"rendered":"https:\/\/steeluniversity.org\/steelchallenge-13\/"},"modified":"2021-06-04T13:17:00","modified_gmt":"2021-06-04T13:17:00","slug":"steelchallenge-13","status":"publish","type":"page","link":"https:\/\/steeluniversity.org\/es\/steelchallenge-13\/","title":{"rendered":"steelChallenge-13"},"content":{"rendered":"<div class=\"wpb-content-wrapper\"><p>[vc_row][vc_column][vc_single_image image=&#8221;29692&#8243; img_size=&#8221;full&#8221; alignment=&#8221;center&#8221;][vc_column_text]El Campeonato Regional tuvo lugar el 28 de noviembre de 2018 a las 12.00 UTC. Los participantes accedieron a la competencia desde el sitio web de steeluniversity y tuvieron 24 horas para producir un grado de acero que cumpliera con los requisitos t\u00e9cnicos al menor costo por tonelada.<\/p>\n<p>Los simuladores utilizados para steelChallenge-13 fueron el <a href=\"https:\/\/steeluniversity.org\/es\/product\/basic-oxygen-steelmaking-simulation\/\">Simulador de Metalurgia en el Convertidor LD<\/a> y el <a href=\"https:\/\/steeluniversity.org\/es\/product\/secondary-steelmaking-simulation\/\">Simulador de Metalurgia Secundaria<\/a>.<\/p>\n<p>Las personas participaron en la categor\u00eda de estudiantes o de industria, y en una de las cuatro regiones:<\/p>\n<ul>\n<li>Am\u00e9rica del Norte y del Sur,<\/li>\n<li>Europa, CEI, Oriente Medio y \u00c1frica<\/li>\n<li>Asia y Ocean\u00eda (excluida China), y<\/li>\n<li>China.<\/li>\n<\/ul>\n<p>Habr\u00e1 10 clasificados para el Campeonato Mundial que se celebrar\u00e1 el 16 de abril de 2019 en Madrid, Espa\u00f1a. Los clasificados incluyen a los ganadores estudiantes y de la industria en cada regi\u00f3n, m\u00e1s al mejor estudiante y persona de la industria que tenga el mejor resultado que no es un ganador regional.[\/vc_column_text][vc_empty_space][vc_separator][vc_empty_space][vc_column_text]<\/p>\n<h2>Resultados &#8211; Regional<\/h2>\n<p>[\/vc_column_text][vc_empty_space][vc_column_text]<\/p>\n<h3>Categor\u00eda Estudiantes<\/h3>\n<p>Los 5 mejores por regi\u00f3n son:[\/vc_column_text][vc_empty_space][vc_column_text]<strong>Europa, CEI, Medio Oriente, \u00c1frica &#8211; Categor\u00eda Estudiantes<\/strong><\/p>\n<table width=\"644\">\n<tbody>\n<tr>\n<td width=\"57\">Puesto<\/td>\n<td width=\"255\">Persona<\/td>\n<td width=\"227\">Asociaci\u00f3n<\/td>\n<td width=\"105\">Pa\u00eds<\/td>\n<td>Premio<\/td>\n<\/tr>\n<tr>\n<td align=\"center\" width=\"57\">1<\/td>\n<td width=\"255\">Vid Vengust<br \/>\n<em>(Campe\u00f3n Regional)<\/em><\/td>\n<td width=\"227\">Universidad de Liubliana<\/td>\n<td width=\"105\">Eslovenia<\/td>\n<td width=\"105\">373,559<\/td>\n<\/tr>\n<tr>\n<td align=\"center\" width=\"57\">2<\/td>\n<td width=\"255\">Luka Plahuta<\/td>\n<td width=\"227\">Universidad de Liubliana<\/td>\n<td width=\"105\">Eslovenia<\/td>\n<td width=\"105\">373.795<\/td>\n<\/tr>\n<tr>\n<td align=\"center\" width=\"57\">3<\/td>\n<td width=\"255\">Nu\u0161a Baj\u017eelj<\/td>\n<td width=\"227\">Universidad de Liubliana<\/td>\n<td width=\"105\">Eslovenia<\/td>\n<td width=\"105\">377.565<\/td>\n<\/tr>\n<tr>\n<td align=\"center\" width=\"57\">4<\/td>\n<td width=\"255\">Krishnanand Srinivasan<\/td>\n<td width=\"227\">RWTH Aachen University<\/td>\n<td width=\"105\">Alemania<\/td>\n<td width=\"105\">389.008<\/td>\n<\/tr>\n<tr>\n<td align=\"center\" width=\"57\">5<\/td>\n<td width=\"255\">Alain Pro\u0161t<\/td>\n<td width=\"227\">Universidad de Liubliana<\/td>\n<td width=\"105\">Eslovenia<\/td>\n<td width=\"105\">389.156<\/td>\n<\/tr>\n<\/tbody>\n<\/table>\n<p>[\/vc_column_text][vc_empty_space][vc_column_text]<strong>Am\u00e9rica del Norte y del Sur &#8211; Categor\u00eda Estudiantes<\/strong><\/p>\n<table width=\"644\">\n<tbody>\n<tr>\n<td width=\"57\">Puesto<\/td>\n<td width=\"255\">Persona<\/td>\n<td width=\"227\">Asociaci\u00f3n<\/td>\n<td width=\"105\">Pa\u00eds<\/td>\n<td>Premio<\/td>\n<\/tr>\n<tr>\n<td align=\"center\" width=\"57\">1<\/td>\n<td width=\"255\">Dylan Da Silva Santos<br \/>\n<em>(Campe\u00f3n Regional)<\/em><\/td>\n<td width=\"227\">Universidad Federal de Cear\u00e1<\/td>\n<td width=\"105\">Brasil<\/td>\n<td width=\"105\">369.014<\/td>\n<\/tr>\n<tr>\n<td align=\"center\" width=\"57\">2<\/td>\n<td width=\"255\">Bruno Sena Saunders<\/td>\n<td width=\"227\">Universidad Federal de Cear\u00e1<\/td>\n<td width=\"105\">Brasil<\/td>\n<td width=\"105\">369.023<\/td>\n<\/tr>\n<tr>\n<td align=\"center\" width=\"57\">3<\/td>\n<td width=\"255\">Mateus Nunes de Oliveira<\/td>\n<td width=\"227\">Universidad Federal de Cear\u00e1<\/td>\n<td width=\"105\">Brasil<\/td>\n<td width=\"105\">369.255<\/td>\n<\/tr>\n<tr>\n<td align=\"center\" width=\"57\">4<\/td>\n<td width=\"255\">Darley Lima<\/td>\n<td width=\"227\">Universidad Federal de Cear\u00e1<\/td>\n<td width=\"105\">Brasil<\/td>\n<td width=\"105\">369.868<\/td>\n<\/tr>\n<tr>\n<td align=\"center\" width=\"57\">5<\/td>\n<td width=\"255\">Pablo Leao<\/td>\n<td width=\"227\">Universidad Federal de Cear\u00e1<\/td>\n<td width=\"105\">Brasil<\/td>\n<td width=\"105\">370.407<\/td>\n<\/tr>\n<\/tbody>\n<\/table>\n<p>[\/vc_column_text][vc_empty_space][vc_column_text]<strong>Asia y Ocean\u00eda (excluida China) &#8211; Categor\u00eda Estudiantes<\/strong><\/p>\n<table width=\"644\">\n<tbody>\n<tr>\n<td width=\"57\">Puesto<\/td>\n<td width=\"255\">Persona<\/td>\n<td width=\"227\">Asociaci\u00f3n<\/td>\n<td width=\"105\">Pa\u00eds<\/td>\n<td>Premio<\/td>\n<\/tr>\n<tr>\n<td align=\"center\" width=\"57\">1<\/td>\n<td width=\"255\">Yu-En Chang<br \/>\n<em>(Campe\u00f3n Regional)<\/em><\/td>\n<td width=\"227\">Universidad Nacional Chung Hsing<\/td>\n<td width=\"105\">Taiwan, China<\/td>\n<td>367.832<\/td>\n<\/tr>\n<tr>\n<td align=\"center\" width=\"57\">2<\/td>\n<td width=\"255\">Shao-Wei Lou (\u7d39\u7def\u6a13)<br \/>\n<em>(Mejor Subcampe\u00f3n)<\/em><\/td>\n<td width=\"227\">Universidad Nacional Chung Hsing<\/td>\n<td width=\"105\">Taiwan, China<\/td>\n<td>368.444<\/td>\n<\/tr>\n<tr>\n<td align=\"center\" width=\"57\">3<\/td>\n<td width=\"255\">Shenghao Sun (\u8056\u7693 \u8607)<\/td>\n<td width=\"227\">Universidad Nacional Chung Hsing<\/td>\n<td width=\"105\">Taiwan, China<\/td>\n<td>368.969<\/td>\n<\/tr>\n<tr>\n<td align=\"center\" width=\"57\">4<\/td>\n<td width=\"255\">Chi-Ming Lin (\u7d39\u7def \u6a13)<\/td>\n<td width=\"227\">Universidad Nacional Chung Hsing<\/td>\n<td width=\"105\">Taiwan, China<\/td>\n<td>369.431<\/td>\n<\/tr>\n<tr>\n<td align=\"center\" width=\"57\">5<\/td>\n<td width=\"255\">Chia-Shan Lu<\/td>\n<td width=\"227\">Universidad Nacional Chung Hsing<\/td>\n<td width=\"105\">Taiwan, China<\/td>\n<td>369.452<\/td>\n<\/tr>\n<\/tbody>\n<\/table>\n<p>[\/vc_column_text][vc_empty_space][vc_column_text]<\/p>\n<table width=\"644\">\n<tbody>\n<tr>\n<td width=\"57\">Puesto<\/td>\n<td width=\"255\">Persona<\/td>\n<td width=\"227\">Asociaci\u00f3n<\/td>\n<td width=\"105\">Pa\u00eds<\/td>\n<td width=\"105\">Premio<\/td>\n<\/tr>\n<tr>\n<td align=\"center\" width=\"57\">1<\/td>\n<td width=\"255\">Wei Zhang (\u4f1f\u5f20)<br \/>\n<em>(Campe\u00f3n Regional)<\/em><\/td>\n<td width=\"227\">Universidad de Ciencia y Tecnolog\u00eda de Chongqing<\/td>\n<td width=\"105\">China<\/td>\n<td>368.918<\/td>\n<\/tr>\n<tr>\n<td align=\"center\" width=\"57\">2<\/td>\n<td width=\"255\">Chuanyi Liu (\u4f20\u76ca \u5218)<\/td>\n<td width=\"227\">Universidad de Ciencia y Tecnolog\u00eda de Chongqing<\/td>\n<td width=\"105\">China<\/td>\n<td>369.054<\/td>\n<\/tr>\n<tr>\n<td align=\"center\" width=\"57\">3<\/td>\n<td width=\"255\">Xinhua Lv (\u65b0\u534e \u5415)<\/td>\n<td width=\"227\">Universidad de Ciencia y Tecnolog\u00eda de Chongqing<\/td>\n<td width=\"105\">China<\/td>\n<td>369.087<\/td>\n<\/tr>\n<tr>\n<td align=\"center\" width=\"57\">4<\/td>\n<td width=\"255\">Shijun Zhang (\u5f20\u65f6\u541b \u5f20)<\/td>\n<td width=\"227\">Universidad de Ciencia y Tecnolog\u00eda de Chongqing<\/td>\n<td width=\"105\">China<\/td>\n<td>369.104<\/td>\n<\/tr>\n<tr>\n<td align=\"center\" width=\"57\">5<\/td>\n<td width=\"255\">Jianglin Yan (\u989c\u6c5f\u6797 \u989c)<\/td>\n<td width=\"227\">Universidad de Ciencia y Tecnolog\u00eda de Chongqing<\/td>\n<td width=\"105\">China<\/td>\n<td>369.279<\/td>\n<\/tr>\n<\/tbody>\n<\/table>\n<p>[\/vc_column_text][vc_empty_space][vc_column_text]<\/p>\n<h3>Categor\u00eda Industria<\/h3>\n<p>Los 5 mejores por regi\u00f3n son:[\/vc_column_text][vc_empty_space][vc_column_text]<strong>Europa, CEI, Oriente Medio, \u00c1frica &#8211; Categor\u00eda Industria<\/strong><\/p>\n<table width=\"644\">\n<tbody>\n<tr>\n<td width=\"57\">Puesto<\/td>\n<td width=\"255\">Persona<\/td>\n<td width=\"227\">Asociaci\u00f3n<\/td>\n<td width=\"105\">Pa\u00eds<\/td>\n<td>Premio<\/td>\n<\/tr>\n<tr>\n<td align=\"center\" width=\"57\">1<\/td>\n<td width=\"255\">Tom Neuvel<br \/>\n<em>(Campe\u00f3n Regional)<\/em><\/td>\n<td width=\"227\">Tata Steel Europe<\/td>\n<td width=\"105\">Pa\u00edses Bajos<\/td>\n<td>378.287<\/td>\n<\/tr>\n<tr>\n<td align=\"center\" width=\"57\">2<\/td>\n<td width=\"255\">Lucas Karl Zierold<\/td>\n<td width=\"227\">Tata Steel<\/td>\n<td width=\"105\">Reino Unido<\/td>\n<td>379.403<\/td>\n<\/tr>\n<tr>\n<td align=\"center\" width=\"57\">3<\/td>\n<td width=\"255\">Mahmoud Mohamed Abdallah<\/td>\n<td width=\"227\">EZDK, EZZ Dekheila Steel Co.<\/td>\n<td width=\"105\">Egipto<\/td>\n<td>379.574<\/td>\n<\/tr>\n<tr>\n<td align=\"center\" width=\"57\">4<\/td>\n<td width=\"255\">Balahanuman Naradala<\/td>\n<td width=\"227\">Emirates Steel<\/td>\n<td width=\"105\">Emiratos \u00c1rabes Unidos<\/td>\n<td>385.305<\/td>\n<\/tr>\n<tr>\n<td align=\"center\" width=\"57\">5<\/td>\n<td width=\"255\">Mohamed Mohmoud Ahmed<\/td>\n<td width=\"227\">Emirates Steel<\/td>\n<td width=\"105\">Emiratos \u00c1rabes Unidos<\/td>\n<td>385.755<\/td>\n<\/tr>\n<\/tbody>\n<\/table>\n<p>[\/vc_column_text][vc_empty_space][vc_column_text]<strong>Am\u00e9rica del Norte y del Sur &#8211; Categor\u00eda Industria<\/strong><\/p>\n<table width=\"644\">\n<tbody>\n<tr>\n<td width=\"57\">Puesto<\/td>\n<td width=\"255\">Persona<\/td>\n<td width=\"227\">Asociaci\u00f3n<\/td>\n<td width=\"105\">Pa\u00eds<\/td>\n<td>Premio<\/td>\n<\/tr>\n<tr>\n<td align=\"center\" width=\"57\">1<\/td>\n<td width=\"255\">Marcelo Ricardo de Souza Angelotto<br \/>\n<em>(Campe\u00f3n Regional)<\/em><\/td>\n<td width=\"227\">Companhia Siderurgica do Pec\u00e9m<\/td>\n<td width=\"105\">Brasil<\/td>\n<td>369.714<\/td>\n<\/tr>\n<tr>\n<td align=\"center\" width=\"57\">2<\/td>\n<td width=\"255\">Antonio Aldenor Pinheiro Neto<\/td>\n<td width=\"227\">Gerdau<\/td>\n<td width=\"105\">Brasil<\/td>\n<td>370.285<\/td>\n<\/tr>\n<tr>\n<td align=\"center\" width=\"57\">3<\/td>\n<td width=\"255\">Diego Costa<\/td>\n<td width=\"227\">Compa\u00f1\u00eda Sider\u00fargica do Pec\u00e9m<\/td>\n<td width=\"105\">Brasil<\/td>\n<td>370.525<\/td>\n<\/tr>\n<tr>\n<td align=\"center\" width=\"57\">4<\/td>\n<td width=\"255\">Emmanuel Almeida<\/td>\n<td width=\"227\">Compa\u00f1\u00eda Sider\u00fargica do Pec\u00e9m<\/td>\n<td width=\"105\">Brasil<\/td>\n<td>370.787<\/td>\n<\/tr>\n<tr>\n<td align=\"center\" width=\"57\">5<\/td>\n<td width=\"255\">Hana Livia Frota Coelho<\/td>\n<td width=\"227\">Compa\u00f1\u00eda Sider\u00fargica do Pec\u00e9m<\/td>\n<td width=\"105\">Brasil<\/td>\n<td>370.904<\/td>\n<\/tr>\n<\/tbody>\n<\/table>\n<p>[\/vc_column_text][vc_empty_space][vc_column_text]<strong>Asia y Ocean\u00eda (excluida China) &#8211; Categor\u00eda Industria<\/strong><\/p>\n<table width=\"644\">\n<tbody>\n<tr>\n<td width=\"57\">Puesto<\/td>\n<td width=\"255\">Persona<\/td>\n<td width=\"227\">Asociaci\u00f3n<\/td>\n<td width=\"105\">Pa\u00eds<\/td>\n<td>Premio<\/td>\n<\/tr>\n<tr>\n<td align=\"center\" width=\"57\">1<\/td>\n<td width=\"255\">Kim Yongtae<br \/>\n<em>(Campe\u00f3n Regional)<\/em><\/td>\n<td width=\"227\">POSCO<\/td>\n<td width=\"105\">Corea del Sur<\/td>\n<td>368.830<\/td>\n<\/tr>\n<tr>\n<td align=\"center\" width=\"57\">2<\/td>\n<td width=\"255\">Chih-Fan Chen<\/td>\n<td width=\"227\">China Steel Corporation (CSC)<\/td>\n<td width=\"105\">Taiwan, China<\/td>\n<td>369.602<\/td>\n<\/tr>\n<tr>\n<td align=\"center\" width=\"57\">3<\/td>\n<td width=\"255\">Seongseo Park<\/td>\n<td width=\"227\">POSCO<\/td>\n<td width=\"105\">Corea del Sur<\/td>\n<td>369.941<\/td>\n<\/tr>\n<tr>\n<td align=\"center\" width=\"57\">4<\/td>\n<td width=\"255\">Po-Hau Hsu<\/td>\n<td width=\"227\">China Steel Corporation (CSC)<\/td>\n<td width=\"105\">Taiwan, China<\/td>\n<td>370.486<\/td>\n<\/tr>\n<tr>\n<td align=\"center\" width=\"57\">5<\/td>\n<td width=\"255\">ICHENG HUNG<\/td>\n<td width=\"227\">China Steel Corporation (CSC)<\/td>\n<td width=\"105\">Taiwan, China<\/td>\n<td>370.515<\/td>\n<\/tr>\n<\/tbody>\n<\/table>\n<p>[\/vc_column_text][vc_empty_space][vc_column_text]<strong>China &#8211; Categor\u00eda Industria<\/strong><\/p>\n<table width=\"644\">\n<tbody>\n<tr>\n<td width=\"57\">Puesto<\/td>\n<td width=\"255\">Persona<\/td>\n<td width=\"227\">Asociaci\u00f3n<\/td>\n<td width=\"105\">Pa\u00eds<\/td>\n<td>Premio<\/td>\n<\/tr>\n<tr>\n<td align=\"center\" width=\"57\">1<\/td>\n<td width=\"255\">Sanfeng Jin (\u4e09\u5cf0\u9773)<br \/>\n<em>(Campe\u00f3n Regional)<\/em><\/td>\n<td width=\"227\">HBIS Group Co., Ltd.<\/td>\n<td>China<\/td>\n<td>367.777<\/td>\n<\/tr>\n<tr>\n<td align=\"center\" width=\"57\">2<\/td>\n<td width=\"255\">Yijie Han (\u97e9 \u4e00\u6770)<br \/>\n<em>(Mejor subcampe\u00f3n)<\/em><\/td>\n<td width=\"227\">HBIS Group Co., Ltd.<\/td>\n<td width=\"105\">China<\/td>\n<td>367.817<\/td>\n<\/tr>\n<tr>\n<td align=\"center\" width=\"57\">3<\/td>\n<td width=\"255\">Lei Bian (\u96f7 \u8fb9)<\/td>\n<td width=\"227\">HBIS Group Co., Ltd.<\/td>\n<td width=\"105\">China<\/td>\n<td>367.831<\/td>\n<\/tr>\n<tr>\n<td align=\"center\" width=\"57\">4<\/td>\n<td width=\"255\">Chengxiang Sun (\u6210\u7fd4 \u5b59)<\/td>\n<td width=\"227\">HBIS Group Co., Ltd.<\/td>\n<td width=\"105\">China<\/td>\n<td>367.844<\/td>\n<\/tr>\n<tr>\n<td align=\"center\" width=\"57\">5<\/td>\n<td width=\"255\">Ruibin Wang (\u745e\u5bbe \u738b)<\/td>\n<td width=\"227\">HBIS Group Co., Ltd.<\/td>\n<td width=\"105\">China<\/td>\n<td>367.855<\/td>\n<\/tr>\n<\/tbody>\n<\/table>\n<p>[\/vc_column_text][vc_empty_space][vc_column_text]<\/p>\n<h2>Resultados &#8211; Campeonato Mundial<\/h2>\n<p>[\/vc_column_text][vc_empty_space][vc_column_text]<strong>Categor\u00eda Estudiantes<\/strong><\/p>\n<table width=\"644\">\n<tbody>\n<tr>\n<td width=\"57\">Puesto<\/td>\n<td width=\"255\">Persona<\/td>\n<td width=\"227\">Asociaci\u00f3n<\/td>\n<td width=\"105\">Pa\u00eds<\/td>\n<\/tr>\n<tr>\n<td align=\"center\" width=\"57\">1<\/td>\n<td width=\"255\">Shao-Wei LOU<\/td>\n<td width=\"227\">National Ching Hsing University<\/td>\n<td width=\"105\">Taiwan, China<\/td>\n<\/tr>\n<\/tbody>\n<\/table>\n<p>[\/vc_column_text][vc_empty_space][vc_column_text]<strong>Categor\u00eda Industria<\/strong><\/p>\n<table width=\"644\">\n<tbody>\n<tr>\n<td width=\"57\">Puesto<\/td>\n<td width=\"255\">Persona<\/td>\n<td width=\"227\">Asociaci\u00f3n<\/td>\n<td width=\"105\">Pa\u00eds<\/td>\n<\/tr>\n<tr>\n<td align=\"center\" width=\"57\">1<\/td>\n<td width=\"255\">Yongtae KIM<\/td>\n<td width=\"227\">POSCO<\/td>\n<td width=\"105\">Corea del Sur<\/td>\n<\/tr>\n<\/tbody>\n<\/table>\n<p>[\/vc_column_text][vc_empty_space height=&#8221;64px&#8221;][\/vc_column][\/vc_row][vc_row][vc_column][vc_column_text]<\/p>\n<h5 style=\"text-align: center;\">steelChallenge-13 est\u00e1 generosamente patrocinado por las siguientes compa\u00f1\u00edas:<\/h5>\n<p>[\/vc_column_text][vc_single_image image=&#8221;22384&#8243; img_size=&#8221;full&#8221; alignment=&#8221;center&#8221;][\/vc_column][\/vc_row][vc_row el_class=&#8221;desktop&#8221;][vc_column offset=&#8221;vc_hidden-lg vc_hidden-md&#8221;][vc_column_text]<\/p>\n<h5 style=\"text-align: center;\">steelChallenge-13 est\u00e1 generosamente patrocinado por las siguientes compa\u00f1\u00edas:<\/h5>\n<p>[\/vc_column_text][vc_single_image image=&#8221;22389&#8243; img_size=&#8221;full&#8221; alignment=&#8221;center&#8221;][\/vc_column][\/vc_row][vc_row][vc_column][vc_column_text]<\/p>\n<p>[\/vc_column_text][\/vc_column][\/vc_row][vc_row el_class=&#8221;desktop&#8221;][vc_column offset=&#8221;vc_hidden-lg vc_hidden-md&#8221;][vc_column_text]<\/p>\n<h5 style=\"text-align: center;\">steelChallenge-13 est\u00e1 generosamente patrocinado por las siguientes compa\u00f1\u00edas:<\/h5>\n<p>[\/vc_column_text][vc_single_image image=&#8221;22389&#8243; img_size=&#8221;full&#8221; alignment=&#8221;center&#8221;][\/vc_column][\/vc_row]<\/p>\n<\/div>","protected":false},"excerpt":{"rendered":"<p>[vc_row][vc_column][vc_single_image image=&#8221;29692&#8243; img_size=&#8221;full&#8221; alignment=&#8221;center&#8221;][vc_column_text]El Campeonato Regional tuvo lugar el 28 de noviembre de 2018 a las 12.00 UTC. Los participantes accedieron a la competencia desde&hellip;<\/p>\n","protected":false},"author":2,"featured_media":0,"parent":0,"menu_order":0,"comment_status":"closed","ping_status":"closed","template":"","meta":{"footnotes":""},"class_list":["post-21172","page","type-page","status-publish","hentry"],"aioseo_notices":[],"_links":{"self":[{"href":"https:\/\/steeluniversity.org\/es\/wp-json\/wp\/v2\/pages\/21172","targetHints":{"allow":["GET"]}}],"collection":[{"href":"https:\/\/steeluniversity.org\/es\/wp-json\/wp\/v2\/pages"}],"about":[{"href":"https:\/\/steeluniversity.org\/es\/wp-json\/wp\/v2\/types\/page"}],"author":[{"embeddable":true,"href":"https:\/\/steeluniversity.org\/es\/wp-json\/wp\/v2\/users\/2"}],"replies":[{"embeddable":true,"href":"https:\/\/steeluniversity.org\/es\/wp-json\/wp\/v2\/comments?post=21172"}],"version-history":[{"count":0,"href":"https:\/\/steeluniversity.org\/es\/wp-json\/wp\/v2\/pages\/21172\/revisions"}],"wp:attachment":[{"href":"https:\/\/steeluniversity.org\/es\/wp-json\/wp\/v2\/media?parent=21172"}],"curies":[{"name":"wp","href":"https:\/\/api.w.org\/{rel}","templated":true}]}}