{"id":22033,"date":"2022-09-01T12:05:24","date_gmt":"2022-09-01T12:05:24","guid":{"rendered":"https:\/\/steeluniversity.org\/steelchallenge-13\/kit-de-prensa-2\/"},"modified":"2022-08-31T13:35:34","modified_gmt":"2022-08-31T13:35:34","slug":"kit-prensa","status":"publish","type":"page","link":"https:\/\/steeluniversity.org\/es\/steelchallenge-18-es\/kit-prensa\/","title":{"rendered":"Paquete de comunicaciones"},"content":{"rendered":"<div class=\"wpb-content-wrapper\"><p>[vc_row][vc_column][vc_column_text]<\/p>\n<h1>Paquete de comunicaciones<\/h1>\n<p>[\/vc_column_text][vc_empty_space][vc_column_text]<\/p>\n<p><img loading=\"lazy\" decoding=\"async\" class=\"wp-image-70698 size-medium alignright\" src=\"https:\/\/steeluniversity.org\/wp-content\/uploads\/2022\/08\/javiero-maria-sc17-300x287.png\" alt=\"\" width=\"300\" height=\"287\" srcset=\"https:\/\/steeluniversity.org\/wp-content\/uploads\/2022\/08\/javiero-maria-sc17-300x287.png 300w, https:\/\/steeluniversity.org\/wp-content\/uploads\/2022\/08\/javiero-maria-sc17-768x735.png 768w, https:\/\/steeluniversity.org\/wp-content\/uploads\/2022\/08\/javiero-maria-sc17-624x597.png 624w, https:\/\/steeluniversity.org\/wp-content\/uploads\/2022\/08\/javiero-maria-sc17-600x574.png 600w, https:\/\/steeluniversity.org\/wp-content\/uploads\/2022\/08\/javiero-maria-sc17.png 1024w\" sizes=\"auto, (max-width: 300px) 100vw, 300px\" \/>steeluniversity agradece el apoyo para promover la participaci\u00f3n en steelChallenge-17 entre estudiantes y profesionales de la industria. Contamos con un kit de comunicaci\u00f3n que incluye carteles, logotipos, im\u00e1genes y un video.<\/p>\n<p>Descargue el kit para imprimir un p\u00f3ster y publicarlo en tableros de anuncios, agregar una p\u00e1gina de steelChallenge a su sitio web o intranet, enviar correos electr\u00f3nicos con el logotipo de la competencia y compartir el video con sus colegas. La decisi\u00f3n es tuya.<\/p>\n<p style=\"text-align: center;\"><a class=\"su-btn-primary\" href=\"https:\/\/filedn.com\/llxavSQ7E0Ducp5Migg2WSb\/steelChallenge-17\/\" target=\"_blank\" rel=\"noopener\">Descargar Todo<\/a><\/p>\n<p>[\/vc_column_text][vc_empty_space][vc_separator][vc_empty_space][vc_column_text]<\/p>\n<h3>Videos steelChallenge-17<\/h3>\n<p>[\/vc_column_text][vc_empty_space][vc_column_text]<\/p>\n<p align=\"center\"><iframe loading=\"lazy\" style=\"background: #fff !important; border: 0 !important;\" src=\"https:\/\/cdn.hub.steeluniversity.org\/assets\/videos\/play.html?id=SC01701-ES\" width=\"860\" height=\"483\"><\/iframe><\/p>\n<p>[\/vc_column_text][vc_column_text]<!--\n\n\n<p style=\"text-align: center; font-size: 0.9em; color: #d0202e;\"><strong>Full package with posters, infographic, logo, video and more!<\/strong><\/p>\n\n\n-->[\/vc_column_text][vc_row_inner][vc_column_inner width=&#8221;1\/2&#8243;][vc_column_text]<\/p>\n<p style=\"text-align: center;\"><a class=\"su-btn-primary\" href=\"https:\/\/youtu.be\/684nq1lV1SY\" target=\"_blank\" rel=\"noopener\">Video en YouTube<\/a><\/p>\n<p>[\/vc_column_text][\/vc_column_inner][vc_column_inner width=&#8221;1\/2&#8243;][vc_column_text]<\/p>\n<p style=\"text-align: center;\"><a class=\"su-btn-secondary\" href=\"https:\/\/filedn.com\/llxavSQ7E0Ducp5Migg2WSb\/steelChallenge-17\/video\/\" target=\"_blank\" rel=\"noopener\">Descargar Video<\/a><\/p>\n<p>[\/vc_column_text][\/vc_column_inner][\/vc_row_inner][vc_empty_space][vc_separator][vc_empty_space][\/vc_column][\/vc_row][vc_row][vc_column][vc_column_text]<\/p>\n<h4>Poster steelChallenge-17<\/h4>\n<p style=\"text-align: center;\">Alta resoluci\u00f3n, listo para imprimir. <!-- Available in PDF \/ PNG. Sizes are A3 (29.7 x 42.0 cm 11.69 x 16.53 inches) and A4 (21.0 x 29,7 cm \/ 8.27 x 11.69 inches). --><\/p>\n<p>[\/vc_column_text][vc_single_image image=&#8221;70766&#8243; img_size=&#8221;large&#8221; alignment=&#8221;center&#8221;][vc_empty_space][vc_column_text]<\/p>\n<p style=\"text-align: center;\"><a class=\"su-btn-primary\" href=\"https:\/\/filedn.com\/llxavSQ7E0Ducp5Migg2WSb\/steelChallenge-17\/posters\/\" target=\"_blank\" rel=\"noopener\">Descargar Poster<\/a><\/p>\n<p>[\/vc_column_text][vc_empty_space][\/vc_column][\/vc_row][vc_row][vc_column][vc_separator][vc_empty_space][vc_column_text]<\/p>\n<h3>Infograf\u00eda steelChallenge-17<\/h3>\n<p>Disponible en PNG. Ideal para compartir en sitios web, blogs, foros y redes sociales.[\/vc_column_text][vc_single_image image=&#8221;70769&#8243; img_size=&#8221;full&#8221; alignment=&#8221;center&#8221;][vc_empty_space][vc_column_text]<\/p>\n<p style=\"text-align: center;\"><a class=\"su-btn-primary\" href=\"https:\/\/filedn.com\/llxavSQ7E0Ducp5Migg2WSb\/steelChallenge-17\/infographics\/\" target=\"_blank\" rel=\"noopener\">Descargar infograf\u00eda<\/a><\/p>\n<p>[\/vc_column_text][\/vc_column][\/vc_row][vc_row][vc_column][vc_empty_space][vc_separator][vc_empty_space][vc_column_text]<\/p>\n<h4>Logotipo steelChallenge-17<\/h4>\n<p style=\"text-align: center;\"><img loading=\"lazy\" decoding=\"async\" class=\"aligncenter wp-image-70772 size-large\" src=\"https:\/\/steeluniversity.org\/wp-content\/uploads\/2022\/08\/STEELCHALLENGE-17_REGIONAL-1-1024x576.png\" alt=\"\" width=\"640\" height=\"360\" srcset=\"https:\/\/steeluniversity.org\/wp-content\/uploads\/2022\/08\/STEELCHALLENGE-17_REGIONAL-1-1024x576.png 1024w, https:\/\/steeluniversity.org\/wp-content\/uploads\/2022\/08\/STEELCHALLENGE-17_REGIONAL-1-300x169.png 300w, https:\/\/steeluniversity.org\/wp-content\/uploads\/2022\/08\/STEELCHALLENGE-17_REGIONAL-1-768x432.png 768w, https:\/\/steeluniversity.org\/wp-content\/uploads\/2022\/08\/STEELCHALLENGE-17_REGIONAL-1-1536x864.png 1536w, https:\/\/steeluniversity.org\/wp-content\/uploads\/2022\/08\/STEELCHALLENGE-17_REGIONAL-1-624x351.png 624w, https:\/\/steeluniversity.org\/wp-content\/uploads\/2022\/08\/STEELCHALLENGE-17_REGIONAL-1-600x338.png 600w, https:\/\/steeluniversity.org\/wp-content\/uploads\/2022\/08\/STEELCHALLENGE-17_REGIONAL-1.png 1920w\" sizes=\"auto, (max-width: 640px) 100vw, 640px\" \/><br \/>\nAlta resoluci\u00f3n.<\/p>\n<p style=\"text-align: center;\"><a class=\"su-btn-primary\" href=\"https:\/\/filedn.com\/llxavSQ7E0Ducp5Migg2WSb\/steelChallenge-17\/logo\/\" target=\"_blank\" rel=\"noopener\">Descargar logo<\/a><\/p>\n<p>[\/vc_column_text][vc_empty_space][\/vc_column][\/vc_row]<\/p>\n<\/div>","protected":false},"excerpt":{"rendered":"<p>[vc_row][vc_column][vc_column_text] Paquete de comunicaciones [\/vc_column_text][vc_empty_space][vc_column_text] steeluniversity agradece el apoyo para promover la participaci\u00f3n en steelChallenge-17 entre estudiantes y profesionales de la industria. Contamos con un&hellip;<\/p>\n","protected":false},"author":2,"featured_media":0,"parent":70156,"menu_order":0,"comment_status":"closed","ping_status":"closed","template":"","meta":{"footnotes":""},"class_list":["post-22033","page","type-page","status-publish","hentry"],"aioseo_notices":[],"_links":{"self":[{"href":"https:\/\/steeluniversity.org\/es\/wp-json\/wp\/v2\/pages\/22033","targetHints":{"allow":["GET"]}}],"collection":[{"href":"https:\/\/steeluniversity.org\/es\/wp-json\/wp\/v2\/pages"}],"about":[{"href":"https:\/\/steeluniversity.org\/es\/wp-json\/wp\/v2\/types\/page"}],"author":[{"embeddable":true,"href":"https:\/\/steeluniversity.org\/es\/wp-json\/wp\/v2\/users\/2"}],"replies":[{"embeddable":true,"href":"https:\/\/steeluniversity.org\/es\/wp-json\/wp\/v2\/comments?post=22033"}],"version-history":[{"count":0,"href":"https:\/\/steeluniversity.org\/es\/wp-json\/wp\/v2\/pages\/22033\/revisions"}],"up":[{"embeddable":true,"href":"https:\/\/steeluniversity.org\/es\/wp-json\/wp\/v2\/pages\/70156"}],"wp:attachment":[{"href":"https:\/\/steeluniversity.org\/es\/wp-json\/wp\/v2\/media?parent=22033"}],"curies":[{"name":"wp","href":"https:\/\/api.w.org\/{rel}","templated":true}]}}