{"id":24447,"date":"2018-12-05T15:28:33","date_gmt":"2018-12-05T14:28:33","guid":{"rendered":"https:\/\/steeluniversity.org\/steelchallenge-13\/finalistas-del-campeonato-mundial\/"},"modified":"2020-04-22T14:55:51","modified_gmt":"2020-04-22T12:55:51","slug":"finalistas-del-campeonato-mundial","status":"publish","type":"page","link":"https:\/\/steeluniversity.org\/es\/steelchallenge-14\/finalistas-del-campeonato-mundial\/","title":{"rendered":"Finalistas del Campeonato Mundial"},"content":{"rendered":"<div class=\"wpb-content-wrapper\"><p>[vc_row][vc_column][vc_column_text]<!-- wpml:html_fragment --><\/p>\n<h3>Categor\u00eda Estudiantes<\/h3>\n<p>[\/vc_column_text][\/vc_column][\/vc_row][vc_row][vc_column][vc_column_text]<br \/>\n[\/vc_column_text][\/vc_column][\/vc_row][vc_row][vc_column width=&#8221;2\/3&#8243;][vc_column_text]<!-- wpml:html_fragment --><\/p>\n<h2 style=\"font-size: 1.4em; font-weight: bold; margin: 0; padding: 0;\">Emerson Edilson Barros de Souza<\/h2>\n<h3 style=\"font-size: 1.2em; font-weight: bold; margin: 0; padding: 0;\">Campe\u00f3n Regional de Europa y \u00c1frica, Estudiante<\/h3>\n<h4 style=\"font-size: 0.9em; color: #999; font-weight: normal; text-transform: uppercase; letter-spacing: 1px; margin: 0; padding: 0;\">Universidade Federal do Cear\u00e1<br \/>\nFRANCIA *<\/h4>\n<blockquote>\n<p><em>steelChallenge es un gran evento para celebrar uno de los materiales m\u00e1s importantes conocidos por la humanidad. <\/em><\/p>\n<\/blockquote>\n<p>* Las reglas de steelChallenge-14 establecen que una persona debe competir en la regi\u00f3n en que reside en el momento del Campeonato Regional. El estudiante ganador de Europa y \u00c1frica es un estudiante de una universidad en Brasil, pero reside en Europa en el momento del Campeonato Regional durante una pasant\u00eda en Francia.[\/vc_column_text][vc_separator][\/vc_column][vc_column width=&#8221;1\/3&#8243;][vc_single_image image=&#8221;39766&#8243; alignment=&#8221;center&#8221;][\/vc_column][\/vc_row][vc_row][vc_column][vc_column_text]<br \/>\n[\/vc_column_text][\/vc_column][\/vc_row][vc_row][vc_column width=&#8221;2\/3&#8243;][vc_column_text]<!-- wpml:html_fragment --><\/p>\n<h2 style=\"font-size: 1.4em; font-weight: bold; margin: 0; padding: 0;\">Mateus Nunes de Oliveira<\/h2>\n<h3 style=\"font-size: 1.2em; font-weight: bold; margin: 0; padding: 0;\">Campe\u00f3n Regional de Am\u00e9rica, Estudiante<\/h3>\n<h4 style=\"font-size: 0.9em; color: #999; font-weight: normal; text-transform: uppercase; letter-spacing: 1px; margin: 0; padding: 0;\">Universidade Federal Do Ceara<br \/>\nBrasil<\/h4>\n<blockquote>\n<p><em>Desde mi primer a\u00f1o en la universidad, mi sue\u00f1o ha sido trabajar en una empresa sider\u00fargica. steelChallenge es otro paso en esa direcci\u00f3n. <\/em><\/p>\n<\/blockquote>\n<p>[\/vc_column_text][vc_separator][\/vc_column][vc_column width=&#8221;1\/3&#8243;][vc_single_image image=&#8221;39406&#8243; alignment=&#8221;center&#8221;][\/vc_column][\/vc_row][vc_row][vc_column][vc_column_text]<br \/>\n[\/vc_column_text][\/vc_column][\/vc_row][vc_row][vc_column width=&#8221;2\/3&#8243;][vc_column_text]<!-- wpml:html_fragment --><\/p>\n<h2 style=\"font-size: 1.4em; font-weight: bold; margin: 0; padding: 0;\">Aditya Lara<\/h2>\n<h3 style=\"font-size: 1.2em; font-weight: bold; margin: 0; padding: 0;\">Campe\u00f3n Regional de Asia- Oeste, Estudiante<\/h3>\n<h4 style=\"font-size: 0.9em; color: #999; font-weight: normal; text-transform: uppercase; letter-spacing: 1px; margin: 0; padding: 0;\">Shavak Nanavati Technical Institute<br \/>\nIndia<\/h4>\n<blockquote>\n<p><em>A trav\u00e9s de mis estudios, estoy siguiendo una carrera en metalurgia y procesos de planta. <\/em><\/p>\n<\/blockquote>\n<p>[\/vc_column_text][vc_separator][\/vc_column][vc_column width=&#8221;1\/3&#8243;][vc_single_image image=&#8221;39410&#8243; alignment=&#8221;center&#8221;][\/vc_column][\/vc_row][vc_row][vc_column][vc_column_text]<br \/>\n[\/vc_column_text][\/vc_column][\/vc_row][vc_row][vc_column width=&#8221;2\/3&#8243;][vc_column_text]<!-- wpml:html_fragment --><\/p>\n<h2 style=\"font-size: 1.4em; font-weight: bold; margin: 0; padding: 0;\">Huan Xu &#8211; \u6b22 \u5f90<\/h2>\n<h3 style=\"font-size: 1.2em; font-weight: bold; margin: 0; padding: 0;\">Campe\u00f3n Regional de Asia- Norte, Estudiante<\/h3>\n<h4 style=\"font-size: 0.9em; color: #999; font-weight: normal; text-transform: uppercase; letter-spacing: 1px; margin: 0; padding: 0;\">Chongqing University of Science and Technology<br \/>\nChina<\/h4>\n<blockquote>\n<p><em>Me siento honrado de tener la oportunidad de participar en el Campeonato Mundial.<\/em><\/p>\n<\/blockquote>\n<p>[\/vc_column_text][vc_separator][\/vc_column][vc_column width=&#8221;1\/3&#8243;][vc_single_image image=&#8221;39414&#8243; alignment=&#8221;center&#8221;][\/vc_column][\/vc_row][vc_row][vc_column][vc_column_text]<br \/>\n[\/vc_column_text][\/vc_column][\/vc_row][vc_row][vc_column width=&#8221;2\/3&#8243;][vc_column_text]<!-- wpml:html_fragment --><\/p>\n<h2 style=\"font-size: 1.4em; font-weight: bold; margin: 0; padding: 0;\">Lee Yun Seong<\/h2>\n<h3 style=\"font-size: 1.2em; font-weight: bold; margin: 0; padding: 0;\">Campe\u00f3n Regional Asia &#8211; Este y Ocean\u00eda, Estudiante<\/h3>\n<h4 style=\"font-size: 0.9em; color: #999; font-weight: normal; text-transform: uppercase; letter-spacing: 1px; margin: 0; padding: 0;\">Dong-A University<br \/>\nCorea del Sur<\/h4>\n<blockquote>\n<p><em>Realmente disfruto las clases de fabricaci\u00f3n de hierro y acero en la universidad. <\/em><\/p>\n<\/blockquote>\n<p>[\/vc_column_text][vc_separator][\/vc_column][vc_column width=&#8221;1\/3&#8243;][vc_single_image image=&#8221;40306&#8243; alignment=&#8221;center&#8221;][\/vc_column][\/vc_row][vc_row][vc_column][vc_column_text]<br \/>\n[\/vc_column_text][\/vc_column][\/vc_row][vc_row][vc_column][vc_column_text]<a name=\"industry\"><\/a><!-- wpml:html_fragment --><\/p>\n<h3>Categor\u00eda Industria<\/h3>\n<p>[\/vc_column_text][\/vc_column][\/vc_row][vc_row][vc_column][vc_column_text]<br \/>\n[\/vc_column_text][\/vc_column][\/vc_row][vc_row][vc_column width=&#8221;2\/3&#8243;][vc_column_text]<!-- wpml:html_fragment --><\/p>\n<h2 style=\"font-size: 1.4em; font-weight: bold; margin: 0; padding: 0;\">Pietro De Seta Cosentino<\/h2>\n<h3 style=\"font-size: 1.2em; font-weight: bold; margin: 0; padding: 0;\">Campe\u00f3n Regional de Europa y \u00c1frica, Industria<\/h3>\n<h4 style=\"font-size: 0.9em; color: #999; font-weight: normal; text-transform: uppercase; letter-spacing: 1px; margin: 0; padding: 0;\">ArcelorMittal<br \/>\nFrancia<\/h4>\n<blockquote>\n<p><em>Fascinado con el proceso de fabricaci\u00f3n de acero, estoy abriendo camino en la industria del acero. <\/em><\/p>\n<\/blockquote>\n<p>[\/vc_column_text][vc_separator][\/vc_column][vc_column width=&#8221;1\/3&#8243;][vc_single_image image=&#8221;39753&#8243; alignment=&#8221;center&#8221;][\/vc_column][\/vc_row][vc_row][vc_column][vc_column_text]<br \/>\n[\/vc_column_text][\/vc_column][\/vc_row][vc_row][vc_column width=&#8221;2\/3&#8243;][vc_column_text]<!-- wpml:html_fragment --><\/p>\n<h2 style=\"font-size: 1.4em; font-weight: bold; margin: 0; padding: 0;\">Franco Andres Gottig<\/h2>\n<h3 style=\"font-size: 1.2em; font-weight: bold; margin: 0; padding: 0;\">Campe\u00f3n Regional de Am\u00e9rica, Industria<\/h3>\n<h4 style=\"font-size: 0.9em; color: #999; font-weight: normal; text-transform: uppercase; letter-spacing: 1px; margin: 0; padding: 0;\">Ternium<br \/>\nArgentina<\/h4>\n<blockquote>\n<p><em>Me apasionan los negocios y la tecnolog\u00eda, tratando de cambiar el mundo. <\/em><\/p>\n<\/blockquote>\n<p>[\/vc_column_text][vc_separator][\/vc_column][vc_column width=&#8221;1\/3&#8243;][vc_single_image image=&#8221;39418&#8243; alignment=&#8221;center&#8221;][\/vc_column][\/vc_row][vc_row][vc_column][vc_column_text]<br \/>\n[\/vc_column_text][\/vc_column][\/vc_row][vc_row][vc_column width=&#8221;2\/3&#8243;][vc_column_text]<!-- wpml:html_fragment --><\/p>\n<h2 style=\"font-size: 1.4em; font-weight: bold; margin: 0; padding: 0;\">Sumit Kumar Puhan<\/h2>\n<h3 style=\"font-size: 1.2em; font-weight: bold; margin: 0; padding: 0;\">Campe\u00f3n Regional de Asia- Oeste, Industria<\/h3>\n<h4 style=\"font-size: 0.9em; color: #999; font-weight: normal; text-transform: uppercase; letter-spacing: 1px; margin: 0; padding: 0;\">Tata Steel Limited<br \/>\nIndia<\/h4>\n<blockquote>\n<p><em>Durante los \u00faltimos a\u00f1os, he estado construyendo mi carrera en la industria del acero.<\/em><\/p>\n<\/blockquote>\n<p>[\/vc_column_text][vc_separator][\/vc_column][vc_column width=&#8221;1\/3&#8243;][vc_single_image image=&#8221;39422&#8243; alignment=&#8221;center&#8221;][\/vc_column][\/vc_row][vc_row][vc_column][vc_column_text]<br \/>\n[\/vc_column_text][\/vc_column][\/vc_row][vc_row][vc_column width=&#8221;2\/3&#8243;][vc_column_text]<!-- wpml:html_fragment --><\/p>\n<h2 style=\"font-size: 1.4em; font-weight: bold; margin: 0; padding: 0;\">Ma Jingchao<\/h2>\n<h3 style=\"font-size: 1.2em; font-weight: bold; margin: 0; padding: 0;\">Campe\u00f3n Regional de Asia- Norte, Industria<\/h3>\n<h4 style=\"font-size: 0.9em; color: #999; font-weight: normal; text-transform: uppercase; letter-spacing: 1px; margin: 0; padding: 0;\">HBIS Group<br \/>\nChina<\/h4>\n<blockquote>\n<p><em>Espero ansioso competir en el Campeonato Mundial. <\/em><\/p>\n<\/blockquote>\n<p>[\/vc_column_text][vc_separator][\/vc_column][vc_column width=&#8221;1\/3&#8243;][vc_single_image image=&#8221;39757&#8243; alignment=&#8221;center&#8221;][\/vc_column][\/vc_row][vc_row][vc_column][vc_column_text]<br \/>\n[\/vc_column_text][\/vc_column][\/vc_row][vc_row][vc_column width=&#8221;2\/3&#8243;][vc_column_text]<!-- wpml:html_fragment --><\/p>\n<h2 style=\"font-size: 1.4em; font-weight: bold; margin: 0; padding: 0;\">Keun Hak Kim<\/h2>\n<h3 style=\"font-size: 1.2em; font-weight: bold; margin: 0; padding: 0;\">Campe\u00f3n Regional Asia &#8211; Este y Ocean\u00eda, Industria<\/h3>\n<h4 style=\"font-size: 0.9em; color: #999; font-weight: normal; text-transform: uppercase; letter-spacing: 1px; margin: 0; padding: 0;\">POSCO<br \/>\nCorea del Sur<\/h4>\n<blockquote>\n<p><em>Hace unos a\u00f1os, me clasifiqu\u00e9 entre los 5 mejores concursantes para Asia y Ocean\u00eda. Muy feliz de estar en la cima de mi regi\u00f3n en el steelChallenge-14. <\/em><\/p>\n<\/blockquote>\n<p>[\/vc_column_text][vc_empty_space][\/vc_column][vc_column width=&#8221;1\/3&#8243;][vc_single_image image=&#8221;39761&#8243; alignment=&#8221;center&#8221;][\/vc_column][\/vc_row][vc_row][vc_column][vc_column_text]<!-- wpml:html_fragment --><\/p>\n<h5 style=\"text-align: center;\">steelChallenge-14 est\u00e1 generosamente patrocinado por las siguientes compa\u00f1\u00edas.<\/h5>\n<p>[\/vc_column_text][vc_single_image image=&#8221;30722&#8243; img_size=&#8221;full&#8221; alignment=&#8221;center&#8221;][\/vc_column][\/vc_row][vc_row el_class=&#8221;desktop&#8221;][vc_column offset=&#8221;vc_hidden-lg vc_hidden-md&#8221;][vc_column_text]<!-- wpml:html_fragment --><\/p>\n<h5 style=\"text-align: center;\">steelChallenge-14 est\u00e1 generosamente patrocinado por las siguientes compa\u00f1\u00edas:<\/h5>\n<p>[\/vc_column_text][vc_single_image image=&#8221;30726&#8243; img_size=&#8221;full&#8221; alignment=&#8221;center&#8221;][\/vc_column][\/vc_row]<\/p>\n<\/div>","protected":false},"excerpt":{"rendered":"<p>[vc_row][vc_column][vc_column_text] Categor\u00eda Estudiantes [\/vc_column_text][\/vc_column][\/vc_row][vc_row][vc_column][vc_column_text] [\/vc_column_text][\/vc_column][\/vc_row][vc_row][vc_column width=&#8221;2\/3&#8243;][vc_column_text] Emerson Edilson Barros de Souza Campe\u00f3n Regional de Europa y \u00c1frica, Estudiante Universidade Federal do Cear\u00e1 FRANCIA * steelChallenge&hellip;<\/p>\n","protected":false},"author":2,"featured_media":0,"parent":29715,"menu_order":0,"comment_status":"closed","ping_status":"closed","template":"","meta":{"footnotes":""},"class_list":["post-24447","page","type-page","status-publish","hentry"],"aioseo_notices":[],"_links":{"self":[{"href":"https:\/\/steeluniversity.org\/es\/wp-json\/wp\/v2\/pages\/24447","targetHints":{"allow":["GET"]}}],"collection":[{"href":"https:\/\/steeluniversity.org\/es\/wp-json\/wp\/v2\/pages"}],"about":[{"href":"https:\/\/steeluniversity.org\/es\/wp-json\/wp\/v2\/types\/page"}],"author":[{"embeddable":true,"href":"https:\/\/steeluniversity.org\/es\/wp-json\/wp\/v2\/users\/2"}],"replies":[{"embeddable":true,"href":"https:\/\/steeluniversity.org\/es\/wp-json\/wp\/v2\/comments?post=24447"}],"version-history":[{"count":0,"href":"https:\/\/steeluniversity.org\/es\/wp-json\/wp\/v2\/pages\/24447\/revisions"}],"up":[{"embeddable":true,"href":"https:\/\/steeluniversity.org\/es\/wp-json\/wp\/v2\/pages\/29715"}],"wp:attachment":[{"href":"https:\/\/steeluniversity.org\/es\/wp-json\/wp\/v2\/media?parent=24447"}],"curies":[{"name":"wp","href":"https:\/\/api.w.org\/{rel}","templated":true}]}}