{"id":27426,"date":"2019-04-16T23:05:38","date_gmt":"2019-04-16T21:05:38","guid":{"rendered":"https:\/\/steeluniversity.org\/juego\/videos-de-incidentes-de-seguridad-steelsafety\/"},"modified":"2019-04-17T20:22:50","modified_gmt":"2019-04-17T18:22:50","slug":"videos-de-incidentes-de-seguridad-steelsafety","status":"publish","type":"page","link":"https:\/\/steeluniversity.org\/es\/juego\/videos-de-incidentes-de-seguridad-steelsafety\/","title":{"rendered":"V\u00eddeos de incidentes de seguridad steelSafety"},"content":{"rendered":"<div class=\"wpb-content-wrapper\"><p>[vc_row][vc_column][vc_column_text]<\/p>\n<h2 class=\"normal_title dark_gray editContent\" style=\"text-align: center;\">Videos de incidentes de seguridad steelSafety<\/h2>\n<p>[\/vc_column_text][vc_column_text]<\/p>\n<h4 class=\"normal_title dark_gray editContent\" style=\"text-align: center;\">Una soluci\u00f3n corporativa de capacitaci\u00f3n que cubre incidentes de seguridad realistas en plantas de acero<\/h4>\n<p>[\/vc_column_text][vc_column_text css_animation=&#8221;fadeInDown&#8221; css=&#8221;.vc_custom_1555097514392{padding-right: 20% !important;padding-left: 20% !important;}&#8221;]<\/p>\n<p align=\"center\">Nuestra videoteca de animaci\u00f3n 3D compila los incidentes de seguridad m\u00e1s comunes en las plantas de acero y explica c\u00f3mo evitarlos.<\/p>\n<p>[\/vc_column_text][vc_column_text css_animation=&#8221;none&#8221; css=&#8221;.vc_custom_1555297655200{padding-right: 0px !important;padding-left: 0px !important;}&#8221;]<video class=\"videos\" style=\"border: 1px solid #999;\" crossorigin=\"anonymous\" controls=\"controls\" width=\"100%\" height=\"100%\"><br \/><source src=\"https:\/\/sucontent.s3.amazonaws.com\/videos\/steelsafety-incidents-video\/reelsafetyincident.mp4\" type=\"video\/mp4\" \/><br \/>\nYour browser don&#8217;t support videos, please update it.<br \/><\/video>[\/vc_column_text][vc_separator css=&#8221;.vc_custom_1503432547307{margin-top: 60px !important;margin-bottom: 50px !important;}&#8221;][\/vc_column][\/vc_row][vc_row][vc_column width=&#8221;1\/2&#8243;][vc_icon type=&#8221;openiconic&#8221; icon_openiconic=&#8221;vc-oi vc-oi-video&#8221; color=&#8221;custom&#8221; background_style=&#8221;rounded&#8221; background_color=&#8221;custom&#8221; size=&#8221;lg&#8221; align=&#8221;center&#8221; css_animation=&#8221;fadeInDown&#8221; custom_color=&#8221;#ffffff&#8221; custom_background_color=&#8221;#d0202e&#8221;][vc_column_text css_animation=&#8221;fadeIn&#8221; css=&#8221;.vc_custom_1554831460707{margin-right: 25px !important;margin-left: 25px !important;}&#8221;]<\/p>\n<h3 style=\"color: #d0202e;\" align=\"center\">Aprendizaje visual<\/h3>\n<p>[\/vc_column_text][vc_column_text css_animation=&#8221;fadeIn&#8221; css=&#8221;.vc_custom_1555098114472{margin-right: 25px !important;margin-left: 25px !important;}&#8221;]<\/p>\n<p style=\"text-align: center;\">Cada video animado en 3D muestra un incidente de seguridad en una planta de acero. Al inicio se indica qu\u00e9 sali\u00f3 mal y, luego, c\u00f3mo evitar el incidente<\/p>\n<p>[\/vc_column_text][\/vc_column][vc_column width=&#8221;1\/2&#8243;][vc_icon icon_fontawesome=&#8221;fa fa-address-card&#8221; color=&#8221;custom&#8221; background_style=&#8221;rounded&#8221; background_color=&#8221;custom&#8221; size=&#8221;lg&#8221; align=&#8221;center&#8221; css_animation=&#8221;fadeInDown&#8221; custom_color=&#8221;#ffffff&#8221; custom_background_color=&#8221;#d0202e&#8221;][vc_column_text css_animation=&#8221;fadeIn&#8221; css=&#8221;.vc_custom_1555098198097{margin-right: 25px !important;margin-left: 25px !important;}&#8221;]<\/p>\n<h3 style=\"color: #d0202e;\" align=\"center\">Desarrollado con expertos<\/h3>\n<p>[\/vc_column_text][vc_column_text css_animation=&#8221;fadeIn&#8221; css=&#8221;.vc_custom_1555098128689{margin-right: 25px !important;margin-left: 25px !important;}&#8221;]<\/p>\n<p align=\"center\">Expertos en seguridad de la industria sider\u00fargica analizaron cada incidente e informaron las acciones correctas<\/p>\n<p>[\/vc_column_text][\/vc_column][\/vc_row][vc_row][vc_column width=&#8221;1\/2&#8243;][vc_icon type=&#8221;openiconic&#8221; icon_openiconic=&#8221;vc-oi vc-oi-loop-alt&#8221; color=&#8221;custom&#8221; background_style=&#8221;rounded&#8221; background_color=&#8221;custom&#8221; size=&#8221;lg&#8221; align=&#8221;center&#8221; css_animation=&#8221;fadeInDown&#8221; custom_color=&#8221;#ffffff&#8221; custom_background_color=&#8221;#d0202e&#8221;][vc_column_text css_animation=&#8221;fadeIn&#8221; css=&#8221;.vc_custom_1555448812075{margin-right: 25px !important;margin-left: 25px !important;}&#8221;]<\/p>\n<h3 style=\"color: #d0202e;\" align=\"center\">Formaci\u00f3n flexible<\/h3>\n<p>[\/vc_column_text][vc_column_text css_animation=&#8221;fadeIn&#8221; css=&#8221;.vc_custom_1555448870326{margin-right: 25px !important;margin-left: 25px !important;}&#8221;]<\/p>\n<p align=\"center\">V\u00eddeos para clases o cursos de aprendizaje a distancia, se pueden implementar\u00a0 eun un LMS coporativo o agregarlo a una aplicaci\u00f3n de microaprendizaje<\/p>\n<p>[\/vc_column_text][\/vc_column][vc_column width=&#8221;1\/2&#8243;][vc_icon type=&#8221;material&#8221; icon_material=&#8221;vc-material vc-material-videogame_asset&#8221; color=&#8221;custom&#8221; background_style=&#8221;rounded&#8221; background_color=&#8221;custom&#8221; size=&#8221;lg&#8221; align=&#8221;center&#8221; css_animation=&#8221;fadeInDown&#8221; custom_color=&#8221;#ffffff&#8221; custom_background_color=&#8221;#d0202e&#8221;][vc_column_text css_animation=&#8221;fadeIn&#8221; css=&#8221;.vc_custom_1554831743560{margin-right: 25px !important;margin-left: 25px !important;}&#8221;]<\/p>\n<h3 style=\"color: #d0202e;\" align=\"center\">Aprendizaje expandido<\/h3>\n<p>[\/vc_column_text][vc_column_text css_animation=&#8221;fadeIn&#8221; css=&#8221;.vc_custom_1555098218245{margin-right: 25px !important;margin-left: 25px !important;}&#8221;]<\/p>\n<p align=\"center\">A\u00f1adir steelSafety Videos de incidentes con el steelSafety Juego 3D para la formaci\u00f3n de seguridad de su empresa<\/p>\n<p>[\/vc_column_text][\/vc_column][\/vc_row][vc_row][vc_column][vc_separator css=&#8221;.vc_custom_1503432547307{margin-top: 60px !important;margin-bottom: 50px !important;}&#8221;][vc_column_text css_animation=&#8221;fadeInDown&#8221;]<\/p>\n<h4 style=\"text-align: center !important;\">Descubra c\u00f3mo mejorar la capacitaci\u00f3n de seguridad en su empresa<\/h4>\n<p>[\/vc_column_text][ult_buttons btn_title=&#8221;Obtener los videos de incidentes de seguridad steelSafety&#8221; btn_link=&#8221;url:%2F%2Fsteeluniversity.org%2Fjuego%2Fvideos-de-incidentes-de-seguridad-steelsafety%2Fobtener%2F%3Flang%3Des|||&#8221; btn_align=&#8221;ubtn-center&#8221; btn_title_color=&#8221;#d0202e&#8221; btn_bg_color=&#8221;#ffffff&#8221; btn_hover=&#8221;ubtn-top-bg&#8221; btn_bg_color_hover=&#8221;#d0202e&#8221; btn_title_color_hover=&#8221;#ffffff&#8221; icon_size=&#8221;32&#8243; btn_icon_pos=&#8221;ubtn-sep-icon-at-left&#8221; btn_border_style=&#8221;solid&#8221; btn_color_border=&#8221;#d0202e&#8221; btn_color_border_hover=&#8221;#d0202e&#8221; btn_border_size=&#8221;2&#8243; btn_radius=&#8221;1&#8243; btn_font_size=&#8221;desktop:16px;&#8221; btn_font_style=&#8221;font-weight:bold;&#8221;][vc_single_image image=&#8221;27203&#8243; img_size=&#8221;600&#215;382&#8243; alignment=&#8221;center&#8221; onclick=&#8221;custom_link&#8221; css_animation=&#8221;fadeInUp&#8221; link=&#8221;\/\/steeluniversity.org\/play\/safety-incident-videos\/get\/&#8221;][\/vc_column][\/vc_row]<\/p>\n<\/div>","protected":false},"excerpt":{"rendered":"<p>[vc_row][vc_column][vc_column_text] Videos de incidentes de seguridad steelSafety [\/vc_column_text][vc_column_text] Una soluci\u00f3n corporativa de capacitaci\u00f3n que cubre incidentes de seguridad realistas en plantas de acero [\/vc_column_text][vc_column_text css_animation=&#8221;fadeInDown&#8221;&hellip;<\/p>\n","protected":false},"author":2,"featured_media":0,"parent":7366,"menu_order":0,"comment_status":"closed","ping_status":"closed","template":"","meta":{"footnotes":""},"class_list":["post-27426","page","type-page","status-publish","hentry"],"aioseo_notices":[],"_links":{"self":[{"href":"https:\/\/steeluniversity.org\/es\/wp-json\/wp\/v2\/pages\/27426","targetHints":{"allow":["GET"]}}],"collection":[{"href":"https:\/\/steeluniversity.org\/es\/wp-json\/wp\/v2\/pages"}],"about":[{"href":"https:\/\/steeluniversity.org\/es\/wp-json\/wp\/v2\/types\/page"}],"author":[{"embeddable":true,"href":"https:\/\/steeluniversity.org\/es\/wp-json\/wp\/v2\/users\/2"}],"replies":[{"embeddable":true,"href":"https:\/\/steeluniversity.org\/es\/wp-json\/wp\/v2\/comments?post=27426"}],"version-history":[{"count":0,"href":"https:\/\/steeluniversity.org\/es\/wp-json\/wp\/v2\/pages\/27426\/revisions"}],"up":[{"embeddable":true,"href":"https:\/\/steeluniversity.org\/es\/wp-json\/wp\/v2\/pages\/7366"}],"wp:attachment":[{"href":"https:\/\/steeluniversity.org\/es\/wp-json\/wp\/v2\/media?parent=27426"}],"curies":[{"name":"wp","href":"https:\/\/api.w.org\/{rel}","templated":true}]}}