{"id":29371,"date":"2019-07-10T18:00:50","date_gmt":"2019-07-10T16:00:50","guid":{"rendered":"https:\/\/steeluniversity.org\/?page_id=29371"},"modified":"2021-04-28T12:50:52","modified_gmt":"2021-04-28T12:50:52","slug":"steelsafety-mision-1-almacen","status":"publish","type":"page","link":"https:\/\/steeluniversity.org\/es\/juego\/steelsafety\/steelsafety-mision-1-almacen\/","title":{"rendered":"steelSafety Misi\u00f3n 1: Almac\u00e9n"},"content":{"rendered":"<div class=\"wpb-content-wrapper\"><p>[vc_row][vc_column][vc_column_text]<\/p>\n<h1>steelSafety Misi\u00f3n 1: Almac\u00e9n<\/h1>\n<p>[\/vc_column_text][vc_empty_space][vc_column_text]<\/p>\n<h2>Un juego inmersivo para ayudar al entrenamiento en seguridad en la industria del acero<\/h2>\n<p>[\/vc_column_text][vc_empty_space][vc_single_image image=&#8221;19127&#8243; img_size=&#8221;large&#8221; alignment=&#8221;center&#8221;][vc_empty_space][\/vc_column][\/vc_row][vc_row][vc_column width=&#8221;1\/2&#8243;][vc_icon type=&#8221;material&#8221; icon_material=&#8221;vc-material vc-material-3d_rotation&#8221; color=&#8221;custom&#8221; background_style=&#8221;rounded&#8221; background_color=&#8221;custom&#8221; size=&#8221;lg&#8221; align=&#8221;center&#8221; css_animation=&#8221;none&#8221; custom_color=&#8221;#ffffff&#8221; custom_background_color=&#8221;#d0202e&#8221;][vc_column_text css_animation=&#8221;none&#8221; css=&#8221;.vc_custom_1619553694743{margin-right: 25px !important;margin-left: 25px !important;}&#8221;]<strong>Un juego educativo en 3D. <\/strong>El estudiante asume el papel de un trabajador industrial en una historia interactiva basada en la exploraci\u00f3n y la resoluci\u00f3n de problemas.[\/vc_column_text][vc_empty_space][\/vc_column][vc_column width=&#8221;1\/2&#8243;][vc_icon type=&#8221;material&#8221; icon_material=&#8221;vc-material vc-material-person&#8221; color=&#8221;custom&#8221; background_style=&#8221;rounded&#8221; background_color=&#8221;custom&#8221; size=&#8221;lg&#8221; align=&#8221;center&#8221; css_animation=&#8221;none&#8221; custom_color=&#8221;#ffffff&#8221; custom_background_color=&#8221;#d0202e&#8221;][vc_column_text css_animation=&#8221;none&#8221; css=&#8221;.vc_custom_1619553705359{margin-right: 25px !important;margin-left: 25px !important;}&#8221;]<\/p>\n<p style=\"text-align: left;\" align=\"center\"><strong>Para los estudiantes de hoy. <\/strong>Un curso de seguridad impartido de forma interactiva, informativa y atractiva.<\/p>\n<p>[\/vc_column_text][vc_empty_space][\/vc_column][\/vc_row][vc_row][vc_column width=&#8221;1\/2&#8243;][vc_icon type=&#8221;material&#8221; icon_material=&#8221;vc-material vc-material-beenhere&#8221; color=&#8221;custom&#8221; background_style=&#8221;rounded&#8221; background_color=&#8221;custom&#8221; size=&#8221;lg&#8221; align=&#8221;center&#8221; css_animation=&#8221;none&#8221; custom_color=&#8221;#ffffff&#8221; custom_background_color=&#8221;#d0202e&#8221;][vc_column_text css_animation=&#8221;none&#8221; css=&#8221;.vc_custom_1619553748944{margin-right: 25px !important;margin-left: 25px !important;}&#8221;]<\/p>\n<p><strong>Los incidentes de seguridad m\u00e1s comunes cubiertos. <\/strong>Ca\u00edda desde altura, uso correcto de EPP, maquinaria en movimiento, tr\u00e1fico vehicular, ca\u00edda de objetos y m\u00e1s.<\/p>\n<p>[\/vc_column_text][\/vc_column][vc_column width=&#8221;1\/2&#8243;][vc_icon type=&#8221;material&#8221; icon_material=&#8221;vc-material vc-material-shuffle&#8221; color=&#8221;custom&#8221; background_style=&#8221;rounded&#8221; background_color=&#8221;custom&#8221; size=&#8221;lg&#8221; align=&#8221;center&#8221; css_animation=&#8221;none&#8221; custom_color=&#8221;#ffffff&#8221; custom_background_color=&#8221;#d0202e&#8221;][vc_column_text css_animation=&#8221;none&#8221; css=&#8221;.vc_custom_1619553768501{margin-right: 25px !important;margin-left: 25px !important;}&#8221;]<\/p>\n<p><strong>Flexible para diferentes necesidades de aprendizaje.<\/strong> Se juega de forma independiente o en un programa de entrenamiento.<\/p>\n<p>[\/vc_column_text][\/vc_column][\/vc_row][vc_row][vc_column][vc_separator css=&#8221;.vc_custom_1503432547307{margin-top: 60px !important;margin-bottom: 50px !important;}&#8221;][vc_column_text]<\/p>\n<h2>Objetivos de aprendizaje<\/h2>\n<ul>\n<li>Identificar los riesgos de seguridad en una planta de fabricaci\u00f3n de acero;<\/li>\n<li>Aplicar medidas para mitigar o eliminar riesgos;<\/li>\n<li>Responder a los compa\u00f1eros de trabajo utilizando pr\u00e1cticas inseguras; y<\/li>\n<li>Planee usar el equipo correcto para completar la tarea.<\/li>\n<\/ul>\n<p>[\/vc_column_text][vc_separator css=&#8221;.vc_custom_1503432547307{margin-top: 60px !important;margin-bottom: 50px !important;}&#8221;][vc_column_text]<\/p>\n<h2>Modalidades<\/h2>\n<p><b>Presencial.  <\/b>El juego puede ser utilizado en la formaci\u00f3n presencial. Por ejemplo, al final de una clase de entrenamiento en seguridad, el juego podr\u00eda jugarse para aplicar el conocimiento aprendido. Como una opci\u00f3n de metodolog\u00eda atractiva, los estudiantes pueden ser separados en equipos para competir por la mejor puntuaci\u00f3n.<\/p>\n<p><b>Semipresencial. <\/b>El juego puede ser incorporado en un programa de aprendizaje semipresencial. Esto podr\u00eda incluir elementos como un curso de aprendizaje a distancia seguido por un componente presencial y jugar steelSafety en una fecha posterior para reforzar la capacitaci\u00f3n.<\/p>\n<p><b>Entrenamiento aut\u00f3nomo. <\/b>El juego tiene un instructor virtual que guiar\u00e1 al jugador en caso de que se cometan errores. Cada jugador puede usar el juego de forma independiente, similar a c\u00f3mo se usa un curso de aprendizaje electr\u00f3nico. La posibilidad de conectar el juego a un sistema de gesti\u00f3n de aprendizaje (LMS) permite grabar el progreso del estudiante.[\/vc_column_text][vc_separator css=&#8221;.vc_custom_1503432547307{margin-top: 60px !important;margin-bottom: 50px !important;}&#8221;][vc_column_text css_animation=&#8221;none&#8221;]<\/p>\n<h4 style=\"text-align: center !important;\">Descubra c\u00f3mo steelSafety puede mejorar la capacitaci\u00f3n de sus empleados.<\/h4>\n<h4><\/h4>\n<p>[\/vc_column_text][vc_column_text css_animation=&#8221;none&#8221;]<\/p>\n<p style=\"text-align: center;\"><a class=\"su-btn-primary\" href=\"https:\/\/steeluniversity.org\/es\/courses\/sim-safm1-steelsafety-mission-1\/\">Obtener steelSafety Misi\u00f3n 1<\/a><\/p>\n<p>[\/vc_column_text][vc_empty_space][\/vc_column][\/vc_row]<\/p>\n<\/div>","protected":false},"excerpt":{"rendered":"<p>[vc_row][vc_column][vc_column_text] steelSafety Misi\u00f3n 1: Almac\u00e9n [\/vc_column_text][vc_empty_space][vc_column_text] Un juego inmersivo para ayudar al entrenamiento en seguridad en la industria del acero [\/vc_column_text][vc_empty_space][vc_single_image image=&#8221;19127&#8243; img_size=&#8221;large&#8221; alignment=&#8221;center&#8221;][vc_empty_space][\/vc_column][\/vc_row][vc_row][vc_column width=&#8221;1\/2&#8243;][vc_icon&hellip;<\/p>\n","protected":false},"author":2,"featured_media":0,"parent":20368,"menu_order":0,"comment_status":"closed","ping_status":"closed","template":"","meta":{"footnotes":""},"class_list":["post-29371","page","type-page","status-publish","hentry"],"aioseo_notices":[],"_links":{"self":[{"href":"https:\/\/steeluniversity.org\/es\/wp-json\/wp\/v2\/pages\/29371","targetHints":{"allow":["GET"]}}],"collection":[{"href":"https:\/\/steeluniversity.org\/es\/wp-json\/wp\/v2\/pages"}],"about":[{"href":"https:\/\/steeluniversity.org\/es\/wp-json\/wp\/v2\/types\/page"}],"author":[{"embeddable":true,"href":"https:\/\/steeluniversity.org\/es\/wp-json\/wp\/v2\/users\/2"}],"replies":[{"embeddable":true,"href":"https:\/\/steeluniversity.org\/es\/wp-json\/wp\/v2\/comments?post=29371"}],"version-history":[{"count":0,"href":"https:\/\/steeluniversity.org\/es\/wp-json\/wp\/v2\/pages\/29371\/revisions"}],"up":[{"embeddable":true,"href":"https:\/\/steeluniversity.org\/es\/wp-json\/wp\/v2\/pages\/20368"}],"wp:attachment":[{"href":"https:\/\/steeluniversity.org\/es\/wp-json\/wp\/v2\/media?parent=29371"}],"curies":[{"name":"wp","href":"https:\/\/api.w.org\/{rel}","templated":true}]}}