{"id":29374,"date":"2019-07-10T18:05:36","date_gmt":"2019-07-10T16:05:36","guid":{"rendered":"https:\/\/steeluniversity.org\/?page_id=29374"},"modified":"2021-04-28T12:50:48","modified_gmt":"2021-04-28T12:50:48","slug":"steelsafety-mision-2-horno-de-arco-electrico","status":"publish","type":"page","link":"https:\/\/steeluniversity.org\/es\/juego\/steelsafety\/steelsafety-mision-2-horno-de-arco-electrico\/","title":{"rendered":"steelSafety Misi\u00f3n 2: Horno de Arco El\u00e9ctrico"},"content":{"rendered":"<div class=\"wpb-content-wrapper\"><p>[vc_row][vc_column][vc_column_text]<\/p>\n<h1>steelSafety Misi\u00f3n 2: Horno de Arco El\u00e9ctrico<\/h1>\n<p>[\/vc_column_text][vc_empty_space][vc_column_text]<\/p>\n<h2>Un juego educativo sobre seguridad de procesos<\/h2>\n<p>[\/vc_column_text][vc_empty_space][vc_single_image image=&#8221;28870&#8243; img_size=&#8221;full&#8221; animation_type=&#8221;fadeInDown&#8221;][vc_empty_space][vc_column_text]En este juego educativo, los estudiantes controlan el proceso del Horno de Arco El\u00e9ctrico desde el p\u00falpito. Los incidentes se muestran en diferentes partes del proceso, como las fugas de agua, y necesitan resolverse. Adem\u00e1s, los estudiantes monitorean el trabajo de los operadores en la fundici\u00f3n, analizando los peligros y realizando acciones a trav\u00e9s de los monitores.[\/vc_column_text][vc_empty_space][vc_column_text]<\/p>\n<p style=\"text-align: center;\"><a class=\"su-btn-primary\" href=\"https:\/\/steeluniversity.org\/es\/courses\/saf0100900-steelsafety-mision-2-horno-de-arco-electrico\/\">Probar steelSafety Misi\u00f3n 2<\/a><\/p>\n<p>[\/vc_column_text][vc_empty_space][vc_separator][vc_empty_space][vc_column_text]<\/p>\n<h2>Objetivos de Aprendizaje<\/h2>\n<ul>\n<li>Identificar los peligros asociados con el proceso;<\/li>\n<li>Tomar acciones para mitigar los peligros del proceso;<\/li>\n<li>Identificar los peligros en la acer\u00eda;<\/li>\n<li>Aplicar medidas para mitigar o eliminar el peligro;<\/li>\n<\/ul>\n<p>[\/vc_column_text][vc_empty_space][vc_separator][vc_empty_space][vc_column_text]<\/p>\n<h2>Modalidades<\/h2>\n<p><b>Presencial.  <\/b>El juego puede ser utilizado en la formaci\u00f3n presencial. Por ejemplo, al final de una clase de entrenamiento en seguridad, el juego podr\u00eda jugarse para aplicar el conocimiento aprendido. Como una opci\u00f3n de metodolog\u00eda atractiva, los estudiantes pueden ser separados en equipos para competir por la mejor puntuaci\u00f3n.<\/p>\n<p><b>Semipresencial. <\/b>El juego puede ser incorporado en un programa de aprendizaje semipresencial. Esto podr\u00eda incluir elementos como un curso de aprendizaje a distancia seguido por un componente presencial y jugar steelSafety en una fecha posterior para reforzar la capacitaci\u00f3n.<\/p>\n<p><b>Entrenamiento aut\u00f3nomo. <\/b>El juego tiene un instructor virtual que guiar\u00e1 al jugador en caso de que se cometan errores. Cada jugador puede usar el juego de forma independiente, similar a c\u00f3mo se usa un curso de aprendizaje electr\u00f3nico. La posibilidad de conectar el juego a un sistema de gesti\u00f3n de aprendizaje (LMS) permite grabar el progreso del estudiante.[\/vc_column_text][vc_empty_space][vc_separator][vc_empty_space][vc_column_text css_animation=&#8221;none&#8221;]<\/p>\n<h3 align=\"center\">Capturas de pantalla<\/h3>\n<p>[\/vc_column_text][vc_empty_space][vc_images_carousel images=&#8221;28896,28900,28904&#8243; img_size=&#8221;800&#215;500&#8243; css_animation=&#8221;fadeIn&#8221;][vc_empty_space][vc_column_text]<\/p>\n<p style=\"text-align: center;\"><a class=\"su-btn-primary\" href=\"https:\/\/steeluniversity.org\/es\/courses\/saf0100900-steelsafety-mision-2-horno-de-arco-electrico\/\">Probar steelSafety Misi\u00f3n 2<\/a><\/p>\n<p>[\/vc_column_text][\/vc_column][\/vc_row]<\/p>\n<\/div>","protected":false},"excerpt":{"rendered":"<p>[vc_row][vc_column][vc_column_text] steelSafety Misi\u00f3n 2: Horno de Arco El\u00e9ctrico [\/vc_column_text][vc_empty_space][vc_column_text] Un juego educativo sobre seguridad de procesos [\/vc_column_text][vc_empty_space][vc_single_image image=&#8221;28870&#8243; img_size=&#8221;full&#8221; animation_type=&#8221;fadeInDown&#8221;][vc_empty_space][vc_column_text]En este juego educativo, los estudiantes&hellip;<\/p>\n","protected":false},"author":2,"featured_media":0,"parent":20368,"menu_order":0,"comment_status":"closed","ping_status":"closed","template":"","meta":{"footnotes":""},"class_list":["post-29374","page","type-page","status-publish","hentry"],"aioseo_notices":[],"_links":{"self":[{"href":"https:\/\/steeluniversity.org\/es\/wp-json\/wp\/v2\/pages\/29374","targetHints":{"allow":["GET"]}}],"collection":[{"href":"https:\/\/steeluniversity.org\/es\/wp-json\/wp\/v2\/pages"}],"about":[{"href":"https:\/\/steeluniversity.org\/es\/wp-json\/wp\/v2\/types\/page"}],"author":[{"embeddable":true,"href":"https:\/\/steeluniversity.org\/es\/wp-json\/wp\/v2\/users\/2"}],"replies":[{"embeddable":true,"href":"https:\/\/steeluniversity.org\/es\/wp-json\/wp\/v2\/comments?post=29374"}],"version-history":[{"count":0,"href":"https:\/\/steeluniversity.org\/es\/wp-json\/wp\/v2\/pages\/29374\/revisions"}],"up":[{"embeddable":true,"href":"https:\/\/steeluniversity.org\/es\/wp-json\/wp\/v2\/pages\/20368"}],"wp:attachment":[{"href":"https:\/\/steeluniversity.org\/es\/wp-json\/wp\/v2\/media?parent=29374"}],"curies":[{"name":"wp","href":"https:\/\/api.w.org\/{rel}","templated":true}]}}