{"id":29715,"date":"2019-07-24T19:18:58","date_gmt":"2019-07-24T17:18:58","guid":{"rendered":"https:\/\/steeluniversity.org\/steelchallenge-14\/"},"modified":"2021-06-04T13:16:55","modified_gmt":"2021-06-04T13:16:55","slug":"steelchallenge-14","status":"publish","type":"page","link":"https:\/\/steeluniversity.org\/es\/steelchallenge-14\/","title":{"rendered":"steelChallenge-14"},"content":{"rendered":"<div class=\"wpb-content-wrapper\"><p>[vc_row css=&#8221;.vc_custom_1572013654068{margin-top: 50px !important;}&#8221;][vc_column][vc_single_image image=&#8221;40422&#8243; img_size=&#8221;500&#215;185&#8243; alignment=&#8221;center&#8221;][vc_column_text css_animation=&#8221;none&#8221;]El campeonato mundial del 14\u00ba steelChallenge se llev\u00f3 a cabo en l\u00ednea el 21 de abril de 2020. Originalmente programada para llevarse a cabo en Londres, Reino Unido, la competencia se llev\u00f3 a cabo de forma remota para seguir las pautas de distanciamiento social de las autoridades sanitarias de todo el mundo.<\/p>\n<p>El Campeonato Regional steelChallenge-14 tuvo lugar el 27 de noviembre de 2019 desde las 12.00 UTC. Los participantes accedieron a la competencia desde el sitio web de steeluniversity y tuvieron 24 horas para producir un grado de acero que cumpliera con los requisitos t\u00e9cnicos al menor costo por tonelada.<\/p>\n<p>Los simuladores utilizados para steelChallenge-14 fueron el Horno de Arco El\u00e9ctrico y el Simulador de Metalurgia Secundaria.<\/p>\n<p>Las personas participaron en la categor\u00eda de estudiantes o de industria, y en una de las cinco regiones:<\/p>\n<ul>\n<li>Am\u00e9ricas,<\/li>\n<li>Europa y \u00c1frica,<\/li>\n<li>Asia \u2013 Occidental,<\/li>\n<li>Asia \u2013 Norte, y<\/li>\n<li>Asia \u2013 Este y Ocean\u00eda<\/li>\n<\/ul>\n<p>[\/vc_column_text][vc_empty_space][vc_column_text]<\/p>\n<h2>Resultados &#8211; Regional<\/h2>\n<h3>Categor\u00eda Estudiantes<\/h3>\n<p>Los 5 mejores por regi\u00f3n son:<\/p>\n<p><strong>Europa y \u00c1frica &#8211; Categor\u00eda Estudiante<\/strong><\/p>\n<table width=\"644\">\n<tbody>\n<tr>\n<td width=\"57\">Puesto<\/td>\n<td width=\"255\">Persona<\/td>\n<td width=\"227\">Asociaci\u00f3n<\/td>\n<td width=\"105\">Pa\u00eds<\/td>\n<td>Premio<\/td>\n<\/tr>\n<tr>\n<td align=\"center\" width=\"57\">1<\/td>\n<td width=\"255\">Emerson Edilson Barros de Souza<\/td>\n<td width=\"227\">Universidad Federal de Cear\u00e1<\/td>\n<td width=\"105\">Francia *<\/td>\n<td width=\"105\">418.51<\/td>\n<\/tr>\n<tr>\n<td align=\"center\" width=\"57\">2<\/td>\n<td width=\"255\">Jure Bozank<\/td>\n<td width=\"227\">Universidad de Liubliana<\/td>\n<td width=\"105\">Eslovenia<\/td>\n<td width=\"105\">421.06<\/td>\n<\/tr>\n<tr>\n<td align=\"center\" width=\"57\">3<\/td>\n<td width=\"255\">Gabriel Aranha Martins<\/td>\n<td width=\"227\">Universidade Federal de Santa Catarina<\/td>\n<td width=\"105\">Francia *<\/td>\n<td width=\"105\">421.97<\/td>\n<\/tr>\n<tr>\n<td align=\"center\" width=\"57\">4<\/td>\n<td width=\"255\">Gregor \u0160egel<\/td>\n<td width=\"227\">Universidad de Liubliana<\/td>\n<td width=\"105\">Eslovenia<\/td>\n<td width=\"105\">422.69<\/td>\n<\/tr>\n<tr>\n<td align=\"center\" width=\"57\">5<\/td>\n<td width=\"255\">Marcel Grnjak<\/td>\n<td width=\"227\">Universidad de Liubliana<\/td>\n<td width=\"105\">Eslovenia<\/td>\n<td width=\"105\">422.76<\/td>\n<\/tr>\n<\/tbody>\n<\/table>\n<p style=\"margin: 1em 0;\">* <em>Las reglas de steelChallenge-14 establecen que una persona debe competir en la regi\u00f3n en que reside en el momento del Campeonato Regional. Los # 1 y # 3 son estudiantes de una universidad en Brasil, pero residentes en Europa en el momento del Campeonato Regional durante una pasant\u00eda en Francia.<\/em><\/p>\n<p><strong>Am\u00e9ricas &#8211; Categor\u00eda Estudiante<\/strong><\/p>\n<table width=\"644\">\n<tbody>\n<tr>\n<td width=\"57\">Puesto<\/td>\n<td width=\"255\">Persona<\/td>\n<td width=\"227\">Asociaci\u00f3n<\/td>\n<td width=\"105\">Pa\u00eds<\/td>\n<td>Premio<\/td>\n<\/tr>\n<tr>\n<td align=\"center\" width=\"57\">1<\/td>\n<td width=\"255\">Mateus Nunes de Oliveira<\/td>\n<td width=\"227\">Universidad Federal de Cear\u00e1<\/td>\n<td width=\"105\">Brasil<\/td>\n<td width=\"105\">417.48<\/td>\n<\/tr>\n<tr>\n<td align=\"center\" width=\"57\">2<\/td>\n<td width=\"255\">Pablo Bruno Paiva Le\u00e3o<\/td>\n<td width=\"227\">Universidad Federal de Cear\u00e1<\/td>\n<td width=\"105\">Brasil<\/td>\n<td width=\"105\">417.64<\/td>\n<\/tr>\n<tr>\n<td align=\"center\" width=\"57\">3<\/td>\n<td width=\"255\">Fabr\u00edcio Braga<\/td>\n<td width=\"227\">Universidad Federal de Cear\u00e1<\/td>\n<td width=\"105\">Brasil<\/td>\n<td width=\"105\">417.67<\/td>\n<\/tr>\n<tr>\n<td align=\"center\" width=\"57\">4<\/td>\n<td width=\"255\">Bruno Sena Saunders<\/td>\n<td width=\"227\">Universidad Federal de Cear\u00e1<\/td>\n<td width=\"105\">Brasil<\/td>\n<td width=\"105\">417.84<\/td>\n<\/tr>\n<tr>\n<td align=\"center\" width=\"57\">5<\/td>\n<td width=\"255\">Darley Da Silva Lima<\/td>\n<td width=\"227\">Universidad Federal de Cear\u00e1<\/td>\n<td width=\"105\">Brasil<\/td>\n<td width=\"105\">418.31<\/td>\n<\/tr>\n<\/tbody>\n<\/table>\n<p><strong>Asia &#8211; Oeste &#8211; Categor\u00eda Estudiante<\/strong><\/p>\n<table width=\"644\">\n<tbody>\n<tr>\n<td width=\"57\">Puesto<\/td>\n<td width=\"255\">Persona<\/td>\n<td width=\"227\">Asociaci\u00f3n<\/td>\n<td width=\"105\">Pa\u00eds<\/td>\n<td>Premio<\/td>\n<\/tr>\n<tr>\n<td align=\"center\" width=\"57\">1<\/td>\n<td width=\"255\">Aditya Lara<\/td>\n<td width=\"227\">Shavak Nanavati Technical Institute<\/td>\n<td width=\"105\">India<\/td>\n<td width=\"105\">418.86<\/td>\n<\/tr>\n<tr>\n<td align=\"center\" width=\"57\">2<\/td>\n<td width=\"255\">Gyan Ratna<\/td>\n<td width=\"227\">Shavak Nanavati Technical Institute<\/td>\n<td width=\"105\">India<\/td>\n<td width=\"105\">419.05<\/td>\n<\/tr>\n<tr>\n<td align=\"center\" width=\"57\">3<\/td>\n<td width=\"255\">Atanu Mahato<\/td>\n<td width=\"227\">Shavak Nanavati Technical Institute<\/td>\n<td width=\"105\">India<\/td>\n<td width=\"105\">419.19<\/td>\n<\/tr>\n<tr>\n<td align=\"center\" width=\"57\">4<\/td>\n<td width=\"255\">Vishal Raj<\/td>\n<td width=\"227\">Shavak Nanavati Technical Institute<\/td>\n<td width=\"105\">India<\/td>\n<td width=\"105\">419.20<\/td>\n<\/tr>\n<tr>\n<td align=\"center\" width=\"57\">5<\/td>\n<td width=\"255\">Akash Sahil<\/td>\n<td width=\"227\">Shavak Nanavati Technical Institute<\/td>\n<td width=\"105\">India<\/td>\n<td width=\"105\">419.20<\/td>\n<\/tr>\n<\/tbody>\n<\/table>\n<p><strong>Asia del Norte &#8211; Categor\u00eda Estudiante<\/strong><\/p>\n<table width=\"644\">\n<tbody>\n<tr>\n<td width=\"57\">Puesto<\/td>\n<td width=\"255\">Persona<\/td>\n<td width=\"227\">Asociaci\u00f3n<\/td>\n<td width=\"105\">Pa\u00eds<\/td>\n<td width=\"105\">Premio<\/td>\n<\/tr>\n<tr>\n<td align=\"center\" width=\"57\">1<\/td>\n<td width=\"255\">Huan Xu &#8211; \u6b22 \u5f90<\/td>\n<td width=\"227\">Universidad de Ciencia y Tecnolog\u00eda de Chongqing<\/td>\n<td width=\"105\">China<\/td>\n<td width=\"105\">417.10<\/td>\n<\/tr>\n<tr>\n<td align=\"center\" width=\"57\">2<\/td>\n<td width=\"255\">\u68ee\u6797 \u8d3a<\/td>\n<td width=\"227\">Universidad de Ciencia y Tecnolog\u00eda de Chongqing<\/td>\n<td width=\"105\">China<\/td>\n<td>417,12<\/td>\n<\/tr>\n<tr>\n<td align=\"center\" width=\"57\">3<\/td>\n<td width=\"255\">Xian Fu<\/td>\n<td width=\"227\"><em>A ser definido<\/em><\/td>\n<td width=\"105\">China<\/td>\n<td width=\"105\">417,12<\/td>\n<\/tr>\n<tr>\n<td align=\"center\" width=\"57\">4<\/td>\n<td width=\"255\">\u989c\u6c5f\u6797 \u989c<\/td>\n<td width=\"227\">Universidad de Ciencia y Tecnolog\u00eda de Chongqing<\/td>\n<td width=\"105\">China<\/td>\n<td width=\"105\">417.13<\/td>\n<\/tr>\n<tr>\n<td align=\"center\" width=\"57\">5<\/td>\n<td width=\"255\">\u660c\u5143 \u675c<\/td>\n<td width=\"227\">Universidad de Ciencia y Tecnolog\u00eda de Chongqing<\/td>\n<td width=\"105\">China<\/td>\n<td width=\"105\">417.15<\/td>\n<\/tr>\n<\/tbody>\n<\/table>\n<p><strong>Asia &#8211; Oriente y Ocean\u00eda &#8211; Categor\u00eda Estudiante<\/strong><\/p>\n<table width=\"644\">\n<tbody>\n<tr>\n<td width=\"57\">Puesto<\/td>\n<td width=\"255\">Persona<\/td>\n<td width=\"227\">Asociaci\u00f3n<\/td>\n<td width=\"105\">Pa\u00eds<\/td>\n<td width=\"105\">Premio<\/td>\n<\/tr>\n<tr>\n<td align=\"center\" width=\"57\">1<\/td>\n<td width=\"255\">Lee Yun Seong<\/td>\n<td width=\"227\">Dong-A University<\/td>\n<td width=\"105\">Corea del Sur<\/td>\n<td width=\"105\">417.65<\/td>\n<\/tr>\n<tr>\n<td align=\"center\" width=\"57\">2<\/td>\n<td width=\"255\">Cho Hee Yeol<\/td>\n<td width=\"227\">ChonBuk National University<\/td>\n<td width=\"105\">Corea del Sur<\/td>\n<td width=\"105\">417.66<\/td>\n<\/tr>\n<tr>\n<td align=\"center\" width=\"57\">3<\/td>\n<td width=\"255\">Koo Tae Min<\/td>\n<td width=\"227\">Dong-A University<\/td>\n<td width=\"105\">Corea del Sur<\/td>\n<td width=\"105\">417.68<\/td>\n<\/tr>\n<tr>\n<td align=\"center\" width=\"57\">4<\/td>\n<td width=\"255\">SeungBin Oh<\/td>\n<td width=\"227\">ChonBuk National University<\/td>\n<td width=\"105\">Corea del Sur<\/td>\n<td width=\"105\">417.73<\/td>\n<\/tr>\n<tr>\n<td align=\"center\" width=\"57\">5<\/td>\n<td width=\"255\">Yeong Jin Jeong<\/td>\n<td width=\"227\">Dong-A University<\/td>\n<td width=\"105\">Corea del Sur<\/td>\n<td width=\"105\">417.85<\/td>\n<\/tr>\n<\/tbody>\n<\/table>\n<p>[\/vc_column_text][vc_empty_space][vc_column_text]<\/p>\n<h3>Categor\u00eda Industria<\/h3>\n<p>Los 5 mejores por regi\u00f3n son:<\/p>\n<p><strong>Europa y \u00c1frica- Categor\u00eda Industria<\/strong><\/p>\n<table width=\"644\">\n<tbody>\n<tr>\n<td width=\"57\">Puesto<\/td>\n<td width=\"255\">Persona<\/td>\n<td width=\"227\">Asociaci\u00f3n<\/td>\n<td width=\"105\">Pa\u00eds<\/td>\n<td>Premio<\/td>\n<\/tr>\n<tr>\n<td align=\"center\" width=\"57\">1<\/td>\n<td width=\"255\">Pietro De Seta Cosentino<\/td>\n<td width=\"227\">ArcelorMittal<\/td>\n<td width=\"105\">Francia<\/td>\n<td width=\"105\">428.94<\/td>\n<\/tr>\n<tr>\n<td align=\"center\" width=\"57\">2<\/td>\n<td width=\"255\">Rodolfo Paulo Santos Ferreira<\/td>\n<td width=\"227\">ArcelorMittal<\/td>\n<td width=\"105\">Francia<\/td>\n<td>429,12<\/td>\n<\/tr>\n<tr>\n<td align=\"center\" width=\"57\">3<\/td>\n<td width=\"255\">Alexander Yurievich Nesmeev &#8211; \u0410\u043b\u0435\u043a\u0441\u0430\u043d\u0434\u0440 \u041d\u0435\u0441\u043c\u0435\u0435\u0432<\/td>\n<td width=\"227\">TMK<\/td>\n<td width=\"105\">Rusia<\/td>\n<td width=\"105\">430.56<\/td>\n<\/tr>\n<tr>\n<td align=\"center\" width=\"57\">4<\/td>\n<td width=\"255\">Mahmoud Abdallah<\/td>\n<td width=\"227\">EZDK<\/td>\n<td width=\"105\">Egipto<\/td>\n<td width=\"105\">432.42<\/td>\n<\/tr>\n<tr>\n<td align=\"center\" width=\"57\">5<\/td>\n<td width=\"255\">Timur Gaisin<\/td>\n<td width=\"227\">TMK<\/td>\n<td width=\"105\">Rusia<\/td>\n<td width=\"105\">433.68<\/td>\n<\/tr>\n<\/tbody>\n<\/table>\n<p><strong>Am\u00e9ricas &#8211; Categor\u00eda Industria<\/strong><\/p>\n<table width=\"644\">\n<tbody>\n<tr>\n<td width=\"57\">Puesto<\/td>\n<td width=\"255\">Persona<\/td>\n<td width=\"227\">Asociaci\u00f3n<\/td>\n<td width=\"105\">Pa\u00eds<\/td>\n<td width=\"105\">Premio<\/td>\n<\/tr>\n<tr>\n<td align=\"center\" width=\"57\">1<\/td>\n<td width=\"255\">Franco Andres Gottig<\/td>\n<td width=\"227\">Ternium<\/td>\n<td width=\"105\">Argentina<\/td>\n<td width=\"105\">425.38<\/td>\n<\/tr>\n<tr>\n<td align=\"center\" width=\"57\">2<\/td>\n<td width=\"255\">Soraia Karolinne Castro Silva<\/td>\n<td width=\"227\">Gerdau<\/td>\n<td width=\"105\">Brasil<\/td>\n<td width=\"105\">425.60<\/td>\n<\/tr>\n<tr>\n<td align=\"center\" width=\"57\">3<\/td>\n<td width=\"255\">Aldenor Pinheiro Neto<\/td>\n<td width=\"227\">Gerdau<\/td>\n<td width=\"105\">Brasil<\/td>\n<td width=\"105\">425.71<\/td>\n<\/tr>\n<tr>\n<td align=\"center\" width=\"57\">4<\/td>\n<td width=\"255\">Bruno Mynelly Galdino Sousa<\/td>\n<td width=\"227\">Polimatec Usinagem<\/td>\n<td width=\"105\">Brasil<\/td>\n<td>427.20<\/td>\n<\/tr>\n<tr>\n<td align=\"center\" width=\"57\">5<\/td>\n<td width=\"255\">Davila de Oliveira Viana<\/td>\n<td width=\"227\">Gerdau<\/td>\n<td width=\"105\">Brasil<\/td>\n<td width=\"105\">431.31<\/td>\n<\/tr>\n<\/tbody>\n<\/table>\n<p><strong>Asia Occidental &#8211; Categor\u00eda Industria<\/strong><\/p>\n<table width=\"644\">\n<tbody>\n<tr>\n<td width=\"57\">Puesto<\/td>\n<td width=\"255\">Persona<\/td>\n<td width=\"227\">Asociaci\u00f3n<\/td>\n<td width=\"105\">Pa\u00eds<\/td>\n<td width=\"105\">Premio<\/td>\n<\/tr>\n<tr>\n<td align=\"center\" width=\"57\">1<\/td>\n<td width=\"255\">Sumit Kumar Puhan<\/td>\n<td width=\"227\">Tata Steel Limited<\/td>\n<td width=\"105\">India<\/td>\n<td width=\"105\">424.31<\/td>\n<\/tr>\n<tr>\n<td align=\"center\" width=\"57\">2<\/td>\n<td width=\"255\">Pratyush Ranjan Samantaray<\/td>\n<td width=\"227\">Tata Steel Limited<\/td>\n<td width=\"105\">India<\/td>\n<td width=\"105\">424.32<\/td>\n<\/tr>\n<tr>\n<td align=\"center\" width=\"57\">3<\/td>\n<td width=\"255\">Subhasmita Mishra<\/td>\n<td width=\"227\">Tata Steel Limited<\/td>\n<td width=\"105\">India<\/td>\n<td width=\"105\">424.43<\/td>\n<\/tr>\n<tr>\n<td align=\"center\" width=\"57\">4<\/td>\n<td width=\"255\">Rohit Kumar Lal<\/td>\n<td width=\"227\">Tata Steel Limited<\/td>\n<td width=\"105\">India<\/td>\n<td>424.56<\/td>\n<\/tr>\n<tr>\n<td align=\"center\" width=\"57\">5<\/td>\n<td width=\"255\">Shivani Agarwal<\/td>\n<td width=\"227\">Tata Steel Limited<\/td>\n<td width=\"105\">India<\/td>\n<td>424.63<\/td>\n<\/tr>\n<\/tbody>\n<\/table>\n<p><strong>Asia del Norte &#8211; Categor\u00eda Industria<\/strong><\/p>\n<table width=\"644\">\n<tbody>\n<tr>\n<td width=\"57\">Puesto<\/td>\n<td width=\"255\">Persona<\/td>\n<td width=\"227\">Asociaci\u00f3n<\/td>\n<td width=\"105\">Pa\u00eds<\/td>\n<td width=\"105\">Premio<\/td>\n<\/tr>\n<tr>\n<td align=\"center\" width=\"57\">1<\/td>\n<td width=\"255\">Jian ZHANG &#8211; \u5f20 \u5251<\/td>\n<td width=\"227\">HBIS Group Co., Ltd.<\/td>\n<td width=\"105\">China<\/td>\n<td width=\"105\">420.19<\/td>\n<\/tr>\n<tr>\n<td align=\"center\" width=\"57\">2<\/td>\n<td width=\"255\">Ma Jingchao<\/td>\n<td width=\"227\">HBIS Group Co., Ltd.<\/td>\n<td width=\"105\">China<\/td>\n<td width=\"105\">421.62<\/td>\n<\/tr>\n<tr>\n<td align=\"center\" width=\"57\">3<\/td>\n<td width=\"255\">Ruibin Wang<\/td>\n<td width=\"227\">HBIS Group Co., Ltd.<\/td>\n<td width=\"105\">China<\/td>\n<td width=\"105\">421.77<\/td>\n<\/tr>\n<tr>\n<td align=\"center\" width=\"57\">4<\/td>\n<td width=\"255\">Gang Zu<\/td>\n<td width=\"227\">HBIS Group Co., Ltd.<\/td>\n<td width=\"105\">China<\/td>\n<td width=\"105\">421.97<\/td>\n<\/tr>\n<tr>\n<td align=\"center\" width=\"57\">5<\/td>\n<td width=\"255\">\u6653\u4e50 \u6768<\/td>\n<td width=\"227\">HBIS Group Co., Ltd.<\/td>\n<td width=\"105\">China<\/td>\n<td width=\"105\">422.13<\/td>\n<\/tr>\n<\/tbody>\n<\/table>\n<p><strong>Asia &#8211; Este y Ocean\u00eda &#8211; Categor\u00eda Industria<\/strong><\/p>\n<table width=\"644\">\n<tbody>\n<tr>\n<td width=\"57\">Puesto<\/td>\n<td width=\"255\">Persona<\/td>\n<td width=\"227\">Asociaci\u00f3n<\/td>\n<td width=\"105\">Pa\u00eds<\/td>\n<td width=\"105\">Premio<\/td>\n<\/tr>\n<tr>\n<td align=\"center\" width=\"57\">1<\/td>\n<td width=\"255\">Keun Hak Kim<\/td>\n<td width=\"227\">POSCO<\/td>\n<td width=\"105\">Corea del Sur<\/td>\n<td width=\"105\">424.25<\/td>\n<\/tr>\n<tr>\n<td align=\"center\" width=\"57\">2<\/td>\n<td width=\"255\">Donghyeon Kwak<\/td>\n<td width=\"227\">POSCO<\/td>\n<td width=\"105\">Corea del Sur<\/td>\n<td width=\"105\">424.78<\/td>\n<\/tr>\n<tr>\n<td align=\"center\" width=\"57\">3<\/td>\n<td width=\"255\">Ohyeong Kwon<\/td>\n<td width=\"227\">POSCO<\/td>\n<td width=\"105\">Corea del Sur<\/td>\n<td width=\"105\">424.87<\/td>\n<\/tr>\n<tr>\n<td align=\"center\" width=\"57\">4<\/td>\n<td width=\"255\">Junho Choi<\/td>\n<td width=\"227\">POSCO<\/td>\n<td width=\"105\">Corea del Sur<\/td>\n<td width=\"105\">425.19<\/td>\n<\/tr>\n<tr>\n<td align=\"center\" width=\"57\">5<\/td>\n<td width=\"255\">Hyoungkeun Choi<\/td>\n<td width=\"227\">Hyundai Steel<\/td>\n<td width=\"105\">Corea del Sur<\/td>\n<td width=\"105\">425.83<\/td>\n<\/tr>\n<\/tbody>\n<\/table>\n<p>[\/vc_column_text][vc_empty_space][vc_column_text]<\/p>\n<h2>Resultados &#8211; Campeonato Mundial<\/h2>\n<p><strong>Los Campeones Mundiales son:<\/strong><\/p>\n<table class=\"table table-hover \" width=\"100%\">\n<tbody>\n<tr>\n<td align=\"left\" width=\"20%\"><strong>Nombre<\/strong><\/td>\n<td align=\"left\" width=\"40%\"><strong>Asociaci\u00f3n<\/strong><\/td>\n<td align=\"left\" width=\"20%\"><strong>Pa\u00eds<\/strong><\/td>\n<\/tr>\n<tr>\n<td align=\"left\">Huan Xu<\/td>\n<td align=\"left\">Universidad de Ciencia y Tecnolog\u00eda de Chongqing<\/td>\n<td align=\"left\">China<\/td>\n<\/tr>\n<\/tbody>\n<\/table>\n<table class=\"table table-hover \" width=\"100%\">\n<tbody>\n<tr>\n<th class=\"wslightblue \" colspan=\"4\" rowspan=\"1\" align=\"center\"><strong>Categor\u00eda Industria<\/strong><\/th>\n<\/tr>\n<tr>\n<td align=\"left\" width=\"20%\"><strong>Nombre<\/strong><\/td>\n<td align=\"left\" width=\"40%\"><strong>Asociaci\u00f3n<\/strong><\/td>\n<td align=\"left\" width=\"20%\"><strong>Pa\u00eds<\/strong><\/td>\n<\/tr>\n<tr>\n<td align=\"left\">Keun Hak Kim<\/td>\n<td align=\"left\">Posco<\/td>\n<td align=\"left\">Corea del Sur<\/td>\n<\/tr>\n<\/tbody>\n<\/table>\n<p>[\/vc_column_text][vc_empty_space height=&#8221;64px&#8221;][vc_column_text]<video class=\"videos\" style=\"border: 1px solid #999;\" crossorigin=\"anonymous\" poster=\"https:\/\/sucontent.s3.amazonaws.com\/steelchallenge\/14\/videos\/HD\/steelchallenge14-award-ceremony.png\" controls=\"controls\" width=\"100%\" height=\"100%\"><source src=\"https:\/\/sucontent.s3.amazonaws.com\/steelchallenge\/14\/videos\/HD\/steelchallenge14-award-ceremony.mp4\"><\/source><\/video><\/p>\n<p>[\/vc_column_text][vc_empty_space][vc_separator][vc_empty_space][\/vc_column][\/vc_row][vc_row el_class=&#8221;desktop&#8221; css=&#8221;.vc_custom_1563973334931{margin-top: 50px !important;}&#8221;][vc_column offset=&#8221;vc_hidden-sm vc_hidden-xs&#8221;][vc_column_text]<\/p>\n<h5 style=\"text-align: center;\">steelChallenge-14 est\u00e1 generosamente patrocinado por las siguientes compa\u00f1\u00edas:<\/h5>\n<p>[\/vc_column_text][vc_empty_space][vc_single_image image=&#8221;31733&#8243; img_size=&#8221;full&#8221; alignment=&#8221;center&#8221;][\/vc_column][\/vc_row][vc_row el_class=&#8221;desktop&#8221;][vc_column offset=&#8221;vc_hidden-lg vc_hidden-md&#8221;][vc_column_text]<\/p>\n<h5 style=\"text-align: center;\">steelChallenge-14 est\u00e1 generosamente patrocinado por las siguientes compa\u00f1\u00edas:<\/h5>\n<p>[\/vc_column_text][vc_single_image image=&#8221;31737&#8243; img_size=&#8221;full&#8221; alignment=&#8221;center&#8221;][\/vc_column][\/vc_row]<\/p>\n<\/div>","protected":false},"excerpt":{"rendered":"<p>[vc_row css=&#8221;.vc_custom_1572013654068{margin-top: 50px !important;}&#8221;][vc_column][vc_single_image image=&#8221;40422&#8243; img_size=&#8221;500&#215;185&#8243; alignment=&#8221;center&#8221;][vc_column_text css_animation=&#8221;none&#8221;]El campeonato mundial del 14\u00ba steelChallenge se llev\u00f3 a cabo en l\u00ednea el 21 de abril de 2020.&hellip;<\/p>\n","protected":false},"author":2,"featured_media":0,"parent":0,"menu_order":0,"comment_status":"closed","ping_status":"closed","template":"","meta":{"footnotes":""},"class_list":["post-29715","page","type-page","status-publish","hentry"],"aioseo_notices":[],"_links":{"self":[{"href":"https:\/\/steeluniversity.org\/es\/wp-json\/wp\/v2\/pages\/29715","targetHints":{"allow":["GET"]}}],"collection":[{"href":"https:\/\/steeluniversity.org\/es\/wp-json\/wp\/v2\/pages"}],"about":[{"href":"https:\/\/steeluniversity.org\/es\/wp-json\/wp\/v2\/types\/page"}],"author":[{"embeddable":true,"href":"https:\/\/steeluniversity.org\/es\/wp-json\/wp\/v2\/users\/2"}],"replies":[{"embeddable":true,"href":"https:\/\/steeluniversity.org\/es\/wp-json\/wp\/v2\/comments?post=29715"}],"version-history":[{"count":0,"href":"https:\/\/steeluniversity.org\/es\/wp-json\/wp\/v2\/pages\/29715\/revisions"}],"wp:attachment":[{"href":"https:\/\/steeluniversity.org\/es\/wp-json\/wp\/v2\/media?parent=29715"}],"curies":[{"name":"wp","href":"https:\/\/api.w.org\/{rel}","templated":true}]}}