{"id":29717,"date":"2024-04-09T13:00:10","date_gmt":"2024-04-09T13:00:10","guid":{"rendered":"https:\/\/steeluniversity.org\/steelchallenge-14\/patrocinar-steelchallenge14\/"},"modified":"2024-11-25T19:58:40","modified_gmt":"2024-11-25T19:58:40","slug":"sponsorship","status":"publish","type":"page","link":"https:\/\/steeluniversity.org\/es\/steelchallenge-19es\/sponsorship\/","title":{"rendered":"Patrocinio de steelChallenge-19"},"content":{"rendered":"<div class=\"wpb-content-wrapper\"><p>[vc_row][vc_column][vc_column_text css=&#8221;&#8221;]<\/p>\n<h1>Patrocinio del <span style=\"font-weight: 500;\">steel<\/span>Challenge-19<\/h1>\n<p>[\/vc_column_text][\/vc_column][\/vc_row][vc_row][vc_column width=&#8221;2\/3&#8243;][vc_column_text]<\/p>\n<h3><b>Steel<\/b> Challenge es una puerta de entrada para inspirar talentos excepcionales y fomentar relaciones a largo plazo con estudiantes, profesores, expertos en la materia y profesionales capacitados y motivados. Este evento global muestra el compromiso del sector del acero con la innovaci\u00f3n, la sostenibilidad y la transformaci\u00f3n digital.<\/h3>\n<p>[\/vc_column_text][vc_empty_space][vc_single_image image=&#8221;87898&#8243; img_size=&#8221;large&#8221; alignment=&#8221;center&#8221; css=&#8221;&#8221;][vc_empty_space][vc_column_text]Al patrocinar <strong>Steel<\/strong> Challenge, se conectar\u00e1 con partes interesadas clave en el ecosistema de desarrollo de talentos que pueden ayudar a su empresa a desarrollar una fuerza laboral altamente especializada y con m\u00faltiples habilidades. Entre ellos se incluyen centros de investigaci\u00f3n de alto nivel, proveedores de formaci\u00f3n, asociaciones, proveedores de equipos y servicios, gobiernos y empresas.<\/p>\n<p>Cont\u00e1ctenos en <a href=\"mailto:support@steeluniversity.org\">support@steeluniversity.org<\/a> para obtener m\u00e1s informaci\u00f3n sobre las oportunidades de patrocinio para su empresa u organizaci\u00f3n.[\/vc_column_text][vc_column_text]<!--<\/p>\n\n\n\n\n<p style=\"text-align: center;\"><a class=\"su-btn-primary\" href=\"https:\/\/steeluniversity.org\/wp-content\/uploads\/2023\/07\/steelChallenge-BASICv2EN.pdf\">Why Sponsor steelChallenge-18 (PDF)<\/a><\/p>\n\n\n\n\n<p>-->[\/vc_column_text][vc_row_inner][vc_column_inner][vc_empty_space][vc_separator css_animation=&#8221;none&#8221;][vc_empty_space][\/vc_column_inner][\/vc_row_inner][vc_row_inner][vc_column_inner][vc_column_text css=&#8221;&#8221;]<\/p>\n<div class=\"wpb_text_column wpb_content_element \">\n<div class=\"wpb_wrapper\">\n<p style=\"text-align: center;\"><strong>steel<\/strong>Challenge-19 es generosamente patrocinado por las siguientes empresas:<\/p>\n<\/div>\n<\/div>\n<p>[\/vc_column_text][\/vc_column_inner][\/vc_row_inner][vc_row_inner content_placement=&#8221;middle&#8221;][vc_column_inner width=&#8221;1\/3&#8243;][vc_single_image image=&#8221;78274&#8243; img_size=&#8221;220&#215;100&#8243; alignment=&#8221;center&#8221; css=&#8221;&#8221;][\/vc_column_inner][vc_column_inner width=&#8221;1\/3&#8243;][vc_single_image image=&#8221;78277&#8243; img_size=&#8221;220&#215;100&#8243; alignment=&#8221;center&#8221; css=&#8221;&#8221;][\/vc_column_inner][vc_column_inner width=&#8221;1\/3&#8243;][vc_single_image image=&#8221;87784&#8243; img_size=&#8221;220&#215;100&#8243; alignment=&#8221;center&#8221; css=&#8221;&#8221;][\/vc_column_inner][\/vc_row_inner][vc_row_inner equal_height=&#8221;yes&#8221; content_placement=&#8221;middle&#8221;][vc_column_inner width=&#8221;1\/3&#8243;][vc_single_image image=&#8221;57263&#8243; img_size=&#8221;220&#215;100&#8243; alignment=&#8221;center&#8221; css=&#8221;&#8221;][\/vc_column_inner][vc_column_inner width=&#8221;1\/3&#8243;][vc_single_image image=&#8221;78353&#8243; img_size=&#8221;220&#215;100&#8243; alignment=&#8221;center&#8221; css=&#8221;&#8221;][\/vc_column_inner][vc_column_inner width=&#8221;1\/3&#8243;][vc_single_image image=&#8221;86890&#8243; img_size=&#8221;220&#215;100&#8243; alignment=&#8221;center&#8221; css=&#8221;&#8221;][\/vc_column_inner][\/vc_row_inner][vc_row_inner equal_height=&#8221;yes&#8221; content_placement=&#8221;middle&#8221;][vc_column_inner width=&#8221;1\/4&#8243;][vc_single_image image=&#8221;56826&#8243; img_size=&#8221;160&#215;100&#8243; alignment=&#8221;center&#8221; css=&#8221;&#8221;][\/vc_column_inner][vc_column_inner width=&#8221;1\/4&#8243;][vc_single_image image=&#8221;78551&#8243; img_size=&#8221;160&#215;100&#8243; alignment=&#8221;center&#8221; css=&#8221;&#8221;][\/vc_column_inner][vc_column_inner width=&#8221;1\/4&#8243;][vc_single_image image=&#8221;98193&#8243; img_size=&#8221;160&#215;100&#8243; alignment=&#8221;center&#8221; css=&#8221;&#8221;][\/vc_column_inner][vc_column_inner width=&#8221;1\/4&#8243;][vc_single_image image=&#8221;82100&#8243; img_size=&#8221;160&#215;100&#8243; alignment=&#8221;center&#8221; css=&#8221;&#8221;][\/vc_column_inner][\/vc_row_inner][vc_row_inner equal_height=&#8221;yes&#8221; content_placement=&#8221;middle&#8221;][vc_column_inner width=&#8221;1\/5&#8243;][vc_single_image image=&#8221;82097&#8243; img_size=&#8221;160&#215;100&#8243; alignment=&#8221;center&#8221; css=&#8221;&#8221;][\/vc_column_inner][vc_column_inner width=&#8221;1\/5&#8243;][vc_single_image image=&#8221;84065&#8243; img_size=&#8221;160&#215;100&#8243; alignment=&#8221;center&#8221; css=&#8221;&#8221;][\/vc_column_inner][vc_column_inner width=&#8221;1\/5&#8243;][vc_single_image image=&#8221;85265&#8243; img_size=&#8221;160&#215;100&#8243; alignment=&#8221;center&#8221; css=&#8221;&#8221;][\/vc_column_inner][vc_column_inner width=&#8221;1\/5&#8243;][vc_single_image image=&#8221;82106&#8243; img_size=&#8221;160&#215;100&#8243; alignment=&#8221;center&#8221; css=&#8221;&#8221;][\/vc_column_inner][vc_column_inner width=&#8221;1\/5&#8243;][vc_single_image image=&#8221;82103&#8243; img_size=&#8221;160&#215;100&#8243; alignment=&#8221;center&#8221; css=&#8221;&#8221;][\/vc_column_inner][\/vc_row_inner][\/vc_column][vc_column width=&#8221;1\/3&#8243; el_class=&#8221;sc-sidebar&#8221;][vc_row_inner el_class=&#8221;widget&#8221; css=&#8221;.vc_custom_1722518902629{padding-right: 0px !important;padding-left: 0px !important;}&#8221;][vc_column_inner][vc_wp_custommenu nav_menu=&#8221;800&#8243; el_class=&#8221;.sc-side-menu&#8221;][\/vc_column_inner][\/vc_row_inner][\/vc_column][\/vc_row]<\/p>\n<\/div>","protected":false},"excerpt":{"rendered":"<p>[vc_row][vc_column][vc_column_text css=&#8221;&#8221;] Patrocinio del steelChallenge-19 [\/vc_column_text][\/vc_column][\/vc_row][vc_row][vc_column width=&#8221;2\/3&#8243;][vc_column_text] Steel Challenge es una puerta de entrada para inspirar talentos excepcionales y fomentar relaciones a largo plazo con&hellip;<\/p>\n","protected":false},"author":2,"featured_media":0,"parent":87889,"menu_order":0,"comment_status":"closed","ping_status":"closed","template":"","meta":{"footnotes":""},"class_list":["post-29717","page","type-page","status-publish","hentry"],"aioseo_notices":[],"_links":{"self":[{"href":"https:\/\/steeluniversity.org\/es\/wp-json\/wp\/v2\/pages\/29717","targetHints":{"allow":["GET"]}}],"collection":[{"href":"https:\/\/steeluniversity.org\/es\/wp-json\/wp\/v2\/pages"}],"about":[{"href":"https:\/\/steeluniversity.org\/es\/wp-json\/wp\/v2\/types\/page"}],"author":[{"embeddable":true,"href":"https:\/\/steeluniversity.org\/es\/wp-json\/wp\/v2\/users\/2"}],"replies":[{"embeddable":true,"href":"https:\/\/steeluniversity.org\/es\/wp-json\/wp\/v2\/comments?post=29717"}],"version-history":[{"count":0,"href":"https:\/\/steeluniversity.org\/es\/wp-json\/wp\/v2\/pages\/29717\/revisions"}],"up":[{"embeddable":true,"href":"https:\/\/steeluniversity.org\/es\/wp-json\/wp\/v2\/pages\/87889"}],"wp:attachment":[{"href":"https:\/\/steeluniversity.org\/es\/wp-json\/wp\/v2\/media?parent=29717"}],"curies":[{"name":"wp","href":"https:\/\/api.w.org\/{rel}","templated":true}]}}