{"id":34952,"date":"2019-12-09T18:56:34","date_gmt":"2019-12-09T17:56:34","guid":{"rendered":"https:\/\/steeluniversity.org\/catalogo\/modelos-3d-interactivos\/desgasificador-por-vacio\/"},"modified":"2019-12-09T19:01:18","modified_gmt":"2019-12-09T18:01:18","slug":"desgasificador-por-vacio","status":"publish","type":"page","link":"https:\/\/steeluniversity.org\/es\/catalogo\/modelos-3d-interactivos\/desgasificador-por-vacio\/","title":{"rendered":"Desgasificador por vacio"},"content":{"rendered":"<div class=\"wpb-content-wrapper\"><p>[vc_row][vc_column width=&#8221;2\/3&#8243;][vc_column_text]<iframe loading=\"lazy\" src=\"https:\/\/sketchfab.com\/3d-models\/desgasificador-por-vacio-metalurgia-secundaria-deac8c5b2a184f9485856439f18a4ba8\/embed?preload=1\" width=\"100%\" height=\"600\" frameborder=\"0\" allowfullscreen=\"allowfullscreen\"><\/iframe>[\/vc_column_text][\/vc_column][vc_column width=&#8221;1\/3&#8243;][vc_column_text]<\/p>\n<h4 style=\"margin-bottom: 0;\">Desgasificador por vac\u00edo &#8211; Metalurgia secundaria<\/h4>\n<h5 style=\"margin-top: 0; font-weight: bold; color: #666 !important; font-size: 1.1em;\">Modelo 3D interactivo<\/h5>\n<p>Esta es una unidad de desgasificaci\u00f3n al vac\u00edo con dispositivos para realizar adiciones de aleaci\u00f3n. Aqu\u00ed, el vac\u00edo se crea a trav\u00e9s de un sistema de bombeo de vac\u00edo. Se crea una presi\u00f3n tan baja como 0.5 mmHg. El proceso es capaz de (i) la homogeneizaci\u00f3n del ba\u00f1o de acero l\u00edquido con respecto a la temperatura y la composici\u00f3n, (ii) el ajuste fino de la qu\u00edmica y (iii) la mejora de la desoxidaci\u00f3n y la reducci\u00f3n de los contenidos de H2, N2 y O2.[\/vc_column_text][\/vc_column][\/vc_row]<\/p>\n<\/div>","protected":false},"excerpt":{"rendered":"<p>[vc_row][vc_column width=&#8221;2\/3&#8243;][vc_column_text][\/vc_column_text][\/vc_column][vc_column width=&#8221;1\/3&#8243;][vc_column_text] Desgasificador por vac\u00edo &#8211; Metalurgia secundaria Modelo 3D interactivo Esta es una unidad de desgasificaci\u00f3n al vac\u00edo con dispositivos para realizar adiciones&hellip;<\/p>\n","protected":false},"author":2,"featured_media":0,"parent":20157,"menu_order":0,"comment_status":"closed","ping_status":"closed","template":"","meta":{"footnotes":""},"class_list":["post-34952","page","type-page","status-publish","hentry"],"aioseo_notices":[],"_links":{"self":[{"href":"https:\/\/steeluniversity.org\/es\/wp-json\/wp\/v2\/pages\/34952","targetHints":{"allow":["GET"]}}],"collection":[{"href":"https:\/\/steeluniversity.org\/es\/wp-json\/wp\/v2\/pages"}],"about":[{"href":"https:\/\/steeluniversity.org\/es\/wp-json\/wp\/v2\/types\/page"}],"author":[{"embeddable":true,"href":"https:\/\/steeluniversity.org\/es\/wp-json\/wp\/v2\/users\/2"}],"replies":[{"embeddable":true,"href":"https:\/\/steeluniversity.org\/es\/wp-json\/wp\/v2\/comments?post=34952"}],"version-history":[{"count":0,"href":"https:\/\/steeluniversity.org\/es\/wp-json\/wp\/v2\/pages\/34952\/revisions"}],"up":[{"embeddable":true,"href":"https:\/\/steeluniversity.org\/es\/wp-json\/wp\/v2\/pages\/20157"}],"wp:attachment":[{"href":"https:\/\/steeluniversity.org\/es\/wp-json\/wp\/v2\/media?parent=34952"}],"curies":[{"name":"wp","href":"https:\/\/api.w.org\/{rel}","templated":true}]}}