{"id":34991,"date":"2019-12-10T12:40:07","date_gmt":"2019-12-10T11:40:07","guid":{"rendered":"https:\/\/steeluniversity.org\/steelchallenge-14\/top-5-campeonato-regional-steelchallenge-14\/"},"modified":"2019-12-11T12:42:05","modified_gmt":"2019-12-11T11:42:05","slug":"top-5-campeonato-regional-steelchallenge-14","status":"publish","type":"page","link":"https:\/\/steeluniversity.org\/es\/steelchallenge-14\/top-5-campeonato-regional-steelchallenge-14\/","title":{"rendered":"Top 5 Campeonato Regional steelChallenge-14"},"content":{"rendered":"<div class=\"wpb-content-wrapper\"><p>[vc_row][vc_column][vc_column_text]<\/p>\n<h3>Categor\u00eda Estudiante<\/h3>\n<p>El top 5 por cada regi\u00f3n es:[\/vc_column_text][ultimate_info_table design_style=&#8221;design06&#8243; color_scheme=&#8221;custom&#8221; color_bg_main=&#8221;#ffffff&#8221; color_txt_main=&#8221;#555555&#8243; color_bg_highlight=&#8221;#ccd6dd&#8221; color_txt_highlight=&#8221;#111111&#8243; package_heading=&#8221;Europa y \u00c1frica &#8211; Categor\u00eda Estudiante&#8221;]<\/p>\n<table width=\"644\">\n<tbody>\n<tr>\n<td width=\"57\">Posici\u00f3n<\/td>\n<td width=\"255\">Persona<\/td>\n<td width=\"227\">Afiliaci\u00f3n<\/td>\n<td width=\"105\">Pa\u00eds<\/td>\n<td>Precio<\/td>\n<\/tr>\n<tr>\n<td align=\"center\" width=\"57\">1<\/td>\n<td width=\"255\">Emerson Edilson Barros de Souza<\/td>\n<td width=\"227\">Universidad Federal de Cear\u00e1<\/td>\n<td width=\"105\">Francia * <\/td>\n<td width=\"105\">418,51<\/td>\n<\/tr>\n<tr>\n<td align=\"center\" width=\"57\">2<\/td>\n<td width=\"255\">Jure Bozank<\/td>\n<td width=\"227\">Universidad de Ljubljana<\/td>\n<td width=\"105\">Eslovenia<\/td>\n<td width=\"105\">421,06<\/td>\n<\/tr>\n<tr>\n<td align=\"center\" width=\"57\">3<\/td>\n<td width=\"255\">Gabriel Aranha Martins<\/td>\n<td width=\"227\">Universidad Federal de Santa Catarina<\/td>\n<td width=\"105\">Francia *<\/td>\n<td width=\"105\">421,97<\/td>\n<\/tr>\n<tr>\n<td align=\"center\" width=\"57\">4<\/td>\n<td width=\"255\">Gregor \u0160egel\u00a0<\/td>\n<td width=\"227\">Universidad de Ljubljana<\/td>\n<td width=\"105\">Eslovenia<\/td>\n<td width=\"105\">422,69<\/td>\n<\/tr>\n<tr>\n<td align=\"center\" width=\"57\">5<\/td>\n<td width=\"255\">Marcel Grnjak<\/td>\n<td width=\"227\">Universidad de Ljubljana<\/td>\n<td width=\"105\">Eslovenia<\/td>\n<td width=\"105\">422,76<\/td>\n<\/tr>\n<\/tbody>\n<\/table>\n<p>[\/ultimate_info_table]<\/p>\n<p style=\"margin:1em 0;\">* <em>El reglamento de steelChallenge-14 establece que una persona debe competir en la regi\u00f3n en la que reside en el momento del Campeonato Regional. El estudiante ganador de Europa y \u00c1frica es estudiante de una universidad en Brasil, pero reside en Europa en el momento del Campeonato Regional mientras realiza una pasant\u00eda en Francia.<\/em><\/p>\n<p>[ultimate_info_table design_style=&#8221;design06&#8243; color_scheme=&#8221;custom&#8221; color_bg_main=&#8221;#ffffff&#8221; color_txt_main=&#8221;#555555&#8243; color_bg_highlight=&#8221;#ccd6dd&#8221; color_txt_highlight=&#8221;#111111&#8243; package_heading=&#8221;Am\u00e9rica &#8211; Categor\u00eda Estudiante&#8221;]<\/p>\n<table width=\"644\">\n<tbody>\n<tr>\n<td width=\"57\">Posici\u00f3n<\/td>\n<td width=\"255\">Persona<\/td>\n<td width=\"227\">Afiliaci\u00f3n<\/td>\n<td width=\"105\">Pa\u00eds<\/td>\n<td>Precio<\/td>\n<\/tr>\n<tr>\n<td align=\"center\" width=\"57\">1<\/td>\n<td width=\"255\">Mateus Nunes de Oliveira<\/td>\n<td width=\"227\">Universidad Federal de Cear\u00e1<\/td>\n<td width=\"105\">Brasil<\/td>\n<td width=\"105\">417,48<\/td>\n<\/tr>\n<tr>\n<td align=\"center\" width=\"57\">2<\/td>\n<td width=\"255\">Pablo Bruno Paiva Le\u00e3o<\/td>\n<td width=\"227\">Universidad Federal do Cear\u00e1<\/td>\n<td width=\"105\">Brasil<\/td>\n<td width=\"105\">417,64<\/td>\n<\/tr>\n<tr>\n<td align=\"center\" width=\"57\">3<\/td>\n<td width=\"255\">Fabr\u00edcio Braga<\/td>\n<td width=\"227\">Universidad Federal do Cear\u00e1<\/td>\n<td width=\"105\">Brasil<\/td>\n<td width=\"105\">417,67<\/td>\n<\/tr>\n<tr>\n<td align=\"center\" width=\"57\">4<\/td>\n<td width=\"255\">Bruno Sena Saunders<\/td>\n<td width=\"227\">Universidad Federal do Cear\u00e1<\/td>\n<td width=\"105\">Brasil<\/td>\n<td width=\"105\">417,84<\/td>\n<\/tr>\n<tr>\n<td align=\"center\" width=\"57\">5<\/td>\n<td width=\"255\">Darley Da Silva Lima<\/td>\n<td width=\"227\">Universidad Federal de Cear\u00e1<\/td>\n<td width=\"105\">Brasil<\/td>\n<td width=\"105\">418,31<\/td>\n<\/tr>\n<\/tbody>\n<\/table>\n<p>[\/ultimate_info_table][ultimate_info_table design_style=&#8221;design06&#8243; color_scheme=&#8221;custom&#8221; color_bg_main=&#8221;#ffffff&#8221; color_txt_main=&#8221;#555555&#8243; color_bg_highlight=&#8221;#ccd6dd&#8221; color_txt_highlight=&#8221;#111111&#8243; package_heading=&#8221;Asia Oeste &#8211; Categor\u00eda Estudiante&#8221;]<\/p>\n<table width=\"644\">\n<tbody>\n<tr>\n<td width=\"57\">Posici\u00f3n<\/td>\n<td width=\"255\">Persona<\/td>\n<td width=\"227\">Afiliaci\u00f3n<\/td>\n<td width=\"105\">Pa\u00eds<\/td>\n<td>Precio<\/td>\n<\/tr>\n<tr>\n<td align=\"center\" width=\"57\">1<\/td>\n<td width=\"255\">Aditya Lara<\/td>\n<td width=\"227\">Instituto T\u00e9cnico Shavak Nanavati<\/td>\n<td width=\"105\">India<\/td>\n<td>418,86<\/td>\n<\/tr>\n<tr>\n<td align=\"center\" width=\"57\">2<\/td>\n<td width=\"255\">Gyan Ratna<\/td>\n<td width=\"227\">Instituto T\u00e9cnico Shavak Nanavati<\/td>\n<td width=\"105\">India<\/td>\n<td>419,05<\/td>\n<\/tr>\n<tr>\n<td align=\"center\" width=\"57\">3<\/td>\n<td width=\"255\">Atanu Mahato<\/td>\n<td width=\"227\">Instituto T\u00e9cnico Shavak Nanavati<\/td>\n<td width=\"105\">India<\/td>\n<td>419,19<\/td>\n<\/tr>\n<tr>\n<td align=\"center\" width=\"57\">4<\/td>\n<td width=\"255\">Vishal Raj<\/td>\n<td width=\"227\">Instituto T\u00e9cnico Shavak Nanavati<\/td>\n<td width=\"105\">India<\/td>\n<td>419,20<\/td>\n<\/tr>\n<tr>\n<td align=\"center\" width=\"57\">5<\/td>\n<td width=\"255\">Akash Sahil<\/td>\n<td width=\"227\">Instituto T\u00e9cnico Shavak Nanavati<\/td>\n<td width=\"105\">India<\/td>\n<td>419,20<\/td>\n<\/tr>\n<\/tbody>\n<\/table>\n<p>[\/ultimate_info_table][ultimate_info_table design_style=&#8221;design06&#8243; color_scheme=&#8221;custom&#8221; color_bg_main=&#8221;#ffffff&#8221; color_txt_main=&#8221;#555555&#8243; color_bg_highlight=&#8221;#ccd6dd&#8221; color_txt_highlight=&#8221;#111111&#8243; package_heading=&#8221;Asia Norte &#8211; Categor\u00eda Estudiante&#8221;]<\/p>\n<table width=\"644\">\n<tbody>\n<tr>\n<td width=\"57\">Posici\u00f3n<\/td>\n<td width=\"255\">Persona<\/td>\n<td width=\"227\">Afiliaci\u00f3n<\/td>\n<td width=\"105\">Pa\u00eds<\/td>\n<td>Precio<\/td>\n<\/tr>\n<tr>\n<td align=\"center\" width=\"57\">1<\/td>\n<td width=\"255\">Huan Xu &#8211; \u6b22 \u5f90<\/td>\n<td width=\"227\">Universidad de Ciencia y Tecnolog\u00eda de Chongqing<\/td>\n<td width=\"105\">China<\/td>\n<td>417,10<\/td>\n<\/tr>\n<tr>\n<td align=\"center\" width=\"57\">2<\/td>\n<td width=\"255\">\u68ee\u6797 \u8d3a<\/td>\n<td width=\"227\">Universidad de Ciencia y Tecnolog\u00eda de Chongqing<\/td>\n<td width=\"105\">China<\/td>\n<td>417,12<\/td>\n<\/tr>\n<tr>\n<td align=\"center\" width=\"57\">3<\/td>\n<td width=\"255\">Xian Fu<\/td>\n<td width=\"227\"><em>A ser confirmado<\/em><\/td>\n<td width=\"105\">China<\/td>\n<td>417,12<\/td>\n<\/tr>\n<tr>\n<td align=\"center\" width=\"57\">4<\/td>\n<td width=\"255\">\u989c\u6c5f\u6797 \u989c<\/td>\n<td width=\"227\">Universidad de Ciencia y Tecnolog\u00eda de Chongqing<\/td>\n<td width=\"105\">China<\/td>\n<td>417,13<\/td>\n<\/tr>\n<tr>\n<td align=\"center\" width=\"57\">5<\/td>\n<td width=\"255\">\u660c\u5143 \u675c<\/td>\n<td width=\"227\">Universidad de Ciencia y Tecnolog\u00eda de Chongqing<\/td>\n<td width=\"105\">China<\/td>\n<td>417,15<\/td>\n<\/tr>\n<\/tbody>\n<\/table>\n<p>[\/ultimate_info_table][ultimate_info_table design_style=&#8221;design06&#8243; color_scheme=&#8221;custom&#8221; color_bg_main=&#8221;#ffffff&#8221; color_txt_main=&#8221;#555555&#8243; color_bg_highlight=&#8221;#ccd6dd&#8221; color_txt_highlight=&#8221;#111111&#8243; package_heading=&#8221;Asia Este y Ocean\u00eda &#8211; Categor\u00eda Estudiante&#8221;]<\/p>\n<table width=\"644\">\n<tbody>\n<tr>\n<td width=\"57\">Posici\u00f3n<\/td>\n<td width=\"255\">Persona<\/td>\n<td width=\"227\">Afiliaci\u00f3n<\/td>\n<td width=\"105\">Pa\u00eds<\/td>\n<td>Precio<\/td>\n<\/tr>\n<tr>\n<td align=\"center\" width=\"57\">1<\/td>\n<td width=\"255\">Lee Yun\tSeong<\/td>\n<td width=\"227\">Universidad Dong-A<\/td>\n<td width=\"105\">Corea del Sur<\/td>\n<td>417,65<\/td>\n<\/tr>\n<tr>\n<td align=\"center\" width=\"57\">2<\/td>\n<td width=\"255\">Cho Hee\tYeol<\/td>\n<td width=\"227\">Universidad Nacional ChonBuk<\/td>\n<td width=\"105\">Corea del Sur<\/td>\n<td>417,66<\/td>\n<\/tr>\n<tr>\n<td align=\"center\" width=\"57\">3<\/td>\n<td width=\"255\">Koo Tae Min<\/td>\n<td width=\"227\">Universidad Dong-A<\/td>\n<td width=\"105\">Corea del Sur<\/td>\n<td>417,68<\/td>\n<\/tr>\n<tr>\n<td align=\"center\" width=\"57\">4<\/td>\n<td width=\"255\">SeungBin Oh<\/td>\n<td width=\"227\">Universidad Nacional de ChonBuk<\/td>\n<td width=\"105\">Corea del Sur<\/td>\n<td>417,73<\/td>\n<\/tr>\n<tr>\n<td align=\"center\" width=\"57\">5<\/td>\n<td width=\"255\">Yeong Jin Jeong<\/td>\n<td width=\"227\">Universidad Dong-A<\/td>\n<td width=\"105\">Corea del Sur<\/td>\n<td>417,85<\/td>\n<\/tr>\n<\/tbody>\n<\/table>\n<p>[\/ultimate_info_table]<\/p>\n<p>[\/vc_column][\/vc_row][vc_row][vc_column][vc_separator][vc_column_text]<\/p>\n<h3>Categor\u00eda Industria<\/h3>\n<p>El top 5 por cada regi\u00f3n es:[\/vc_column_text][ultimate_info_table design_style=&#8221;design06&#8243; color_scheme=&#8221;custom&#8221; color_bg_main=&#8221;#ffffff&#8221; color_txt_main=&#8221;#555555&#8243; color_bg_highlight=&#8221;#ccd6dd&#8221; color_txt_highlight=&#8221;#111111&#8243; package_heading=&#8221;Europa y \u00c1frica &#8211; Categor\u00eda Estudiante&#8221;]<\/p>\n<table width=\"644\">\n<tbody>\n<tr>\n<td width=\"57\">Posici\u00f3n<\/td>\n<td width=\"255\">Persona<\/td>\n<td width=\"227\">Afiliaci\u00f3n<\/td>\n<td width=\"105\">Pa\u00eds<\/td>\n<td>Precio<\/td>\n<\/tr>\n<tr>\n<td align=\"center\" width=\"57\">1<\/td>\n<td width=\"255\">Pietro De Seta Cosentino<\/td>\n<td width=\"227\">ArcelorMittal<\/td>\n<td width=\"105\">Francia<\/td>\n<td>428,94<\/td>\n<\/tr>\n<tr>\n<td align=\"center\" width=\"57\">2<\/td>\n<td width=\"255\">Rodolfo Paulo Santos Ferreira<\/td>\n<td width=\"227\">ArcelorMittal<\/td>\n<td width=\"105\">Francia<\/td>\n<td>429,12<\/td>\n<\/tr>\n<tr>\n<td align=\"center\" width=\"57\">3<\/td>\n<td width=\"255\">Alexander Yurievich Nesmeev &#8211; \u0410\u043b\u0435\u043a\u0441\u0430\u043d\u0434\u0440 \u041d\u0435\u0441\u043c\u0435\u0435\u0432<\/td>\n<td width=\"227\">TMK<\/td>\n<td width=\"105\">Rusia<\/td>\n<td>430,56<\/td>\n<\/tr>\n<tr>\n<td align=\"center\" width=\"57\">4<\/td>\n<td width=\"255\">Mahmoud\tAbdallah<\/td>\n<td width=\"227\">EZDK<\/td>\n<td width=\"105\">Egipto<\/td>\n<td>432,42<\/td>\n<\/tr>\n<tr>\n<td align=\"center\" width=\"57\">5<\/td>\n<td width=\"255\">Timur Gaisin<\/td>\n<td width=\"227\">TMK<\/td>\n<td width=\"105\">Rusia<\/td>\n<td>433,68<\/td>\n<\/tr>\n<\/tbody>\n<\/table>\n<p>[\/ultimate_info_table][ultimate_info_table design_style=&#8221;design06&#8243; color_scheme=&#8221;custom&#8221; color_bg_main=&#8221;#ffffff&#8221; color_txt_main=&#8221;#555555&#8243; color_bg_highlight=&#8221;#ccd6dd&#8221; color_txt_highlight=&#8221;#111111&#8243; package_heading=&#8221;Am\u00e9rica &#8211; Categor\u00eda Industria&#8221;]<\/p>\n<table width=\"644\">\n<tbody>\n<tr>\n<td width=\"57\">Posici\u00f3n<\/td>\n<td width=\"255\">Persona<\/td>\n<td width=\"227\">Afiliaci\u00f3n<\/td>\n<td width=\"105\">Pa\u00eds<\/td>\n<td>Precio<\/td>\n<\/tr>\n<tr>\n<td align=\"center\" width=\"57\">1<\/td>\n<td width=\"255\">Franco Andr\u00e9s Gottig<\/td>\n<td width=\"227\">Ternium<\/td>\n<td width=\"105\">Argentina<\/td>\n<td>425,38<\/td>\n<\/tr>\n<tr>\n<td align=\"center\" width=\"57\">2<\/td>\n<td width=\"255\">Soraia Karolinne Castro Silva<\/td>\n<td width=\"227\">Gerdau<\/td>\n<td width=\"105\">Brasil<\/td>\n<td>425,60<\/td>\n<\/tr>\n<tr>\n<td align=\"center\" width=\"57\">3<\/td>\n<td width=\"255\">Aldenor Pinheiro Neto<\/td>\n<td width=\"227\">Gerdau<\/td>\n<td width=\"105\">Brasil<\/td>\n<td>425,71<\/td>\n<\/tr>\n<tr>\n<td align=\"center\" width=\"57\">4<\/td>\n<td width=\"255\">Bruno Mynelly Galdino Sousa<\/td>\n<td width=\"227\">Polimatec Usinagem<\/td>\n<td width=\"105\">Brasil<\/td>\n<td>427,20<\/td>\n<\/tr>\n<tr>\n<td align=\"center\" width=\"57\">5<\/td>\n<td width=\"255\">Davila de Oliveira Viana<\/td>\n<td width=\"227\">Gerdau<\/td>\n<td width=\"105\">Brasil<\/td>\n<td>431,31<\/td>\n<\/tr>\n<\/tbody>\n<\/table>\n<p>[\/ultimate_info_table][ultimate_info_table design_style=&#8221;design06&#8243; color_scheme=&#8221;custom&#8221; color_bg_main=&#8221;#ffffff&#8221; color_txt_main=&#8221;#555555&#8243; color_bg_highlight=&#8221;#ccd6dd&#8221; color_txt_highlight=&#8221;#111111&#8243; package_heading=&#8221;Asia Oeste &#8211; Categor\u00eda Industria&#8221;]<\/p>\n<table width=\"644\">\n<tbody>\n<tr>\n<td width=\"57\">Posici\u00f3n<\/td>\n<td width=\"255\">Persona<\/td>\n<td width=\"227\">Afiliaci\u00f3n<\/td>\n<td width=\"105\">Pa\u00eds<\/td>\n<td>Precio<\/td>\n<\/tr>\n<tr>\n<td align=\"center\" width=\"57\">1<\/td>\n<td width=\"255\">Sumit Kumar Puhan<\/td>\n<td width=\"227\">Tata Steel Limited<\/td>\n<td width=\"105\">India<\/td>\n<td>424,31<\/td>\n<\/tr>\n<tr>\n<td align=\"center\" width=\"57\">2<\/td>\n<td width=\"255\">Pratyush Ranjan Samantaray<\/td>\n<td width=\"227\">Tata Steel Limited<\/td>\n<td width=\"105\">India<\/td>\n<td>424,32<\/td>\n<\/tr>\n<tr>\n<td align=\"center\" width=\"57\">3<\/td>\n<td width=\"255\">Subhasmita Mishra<\/td>\n<td width=\"227\">Tata Steel Limited<\/td>\n<td width=\"105\">India<\/td>\n<td>424,43<\/td>\n<\/tr>\n<tr>\n<td align=\"center\" width=\"57\">4<\/td>\n<td width=\"255\">Rohit Kumar Lal<\/td>\n<td width=\"227\">Tata Steel Limited<\/td>\n<td width=\"105\">India<\/td>\n<td>424,56<\/td>\n<\/tr>\n<tr>\n<td align=\"center\" width=\"57\">5<\/td>\n<td width=\"255\">Shivani Agarwal<\/td>\n<td width=\"227\">Tata Steel Limited<\/td>\n<td width=\"105\">India<\/td>\n<td>424,63<\/td>\n<\/tr>\n<\/tbody>\n<\/table>\n<p>[\/ultimate_info_table][ultimate_info_table design_style=&#8221;design06&#8243; color_scheme=&#8221;custom&#8221; color_bg_main=&#8221;#ffffff&#8221; color_txt_main=&#8221;#555555&#8243; color_bg_highlight=&#8221;#ccd6dd&#8221; color_txt_highlight=&#8221;#111111&#8243; package_heading=&#8221;Asia Norte &#8211; Categor\u00eda Industria&#8221;]<\/p>\n<table width=\"644\">\n<tbody>\n<tr>\n<td width=\"57\">Posici\u00f3n<\/td>\n<td width=\"255\">Persona<\/td>\n<td width=\"227\">Afiliaci\u00f3n<\/td>\n<td width=\"105\">Pa\u00eds<\/td>\n<td>Precio<\/td>\n<\/tr>\n<tr>\n<td align=\"center\" width=\"57\">1<\/td>\n<td width=\"255\">Jian ZHANG &#8211; \u5f20 \u5251<\/td>\n<td width=\"227\">HBIS Group Co., Ltd.<\/td>\n<td>China<\/td>\n<td>420,19<\/td>\n<\/tr>\n<tr>\n<td align=\"center\" width=\"57\">2<\/td>\n<td width=\"255\">Ma Jingchao<\/td>\n<td width=\"227\">HBIS Group Co., Ltd.<\/td>\n<td>China<\/td>\n<td>421,62<\/td>\n<\/tr>\n<tr>\n<td align=\"center\" width=\"57\">3<\/td>\n<td width=\"255\">Ruibin Wang<\/td>\n<td width=\"227\">HBIS Group Co., Ltd.<\/td>\n<td width=\"105\">China<\/td>\n<td>421,77<\/td>\n<\/tr>\n<tr>\n<td align=\"center\" width=\"57\">4<\/td>\n<td width=\"255\">Gang Zu<\/td>\n<td width=\"227\">HBIS Group Co., Ltd.<\/td>\n<td width=\"105\">China<\/td>\n<td>421,97<\/td>\n<\/tr>\n<tr>\n<td align=\"center\" width=\"57\">5<\/td>\n<td width=\"255\">\u6653\u4e50 \u6768<\/td>\n<td width=\"227\">HBIS Group Co., Ltd.<\/td>\n<td width=\"105\">China<\/td>\n<td>422,13<\/td>\n<\/tr>\n<\/tbody>\n<\/table>\n<p>[\/ultimate_info_table][ultimate_info_table design_style=&#8221;design06&#8243; color_scheme=&#8221;custom&#8221; color_bg_main=&#8221;#ffffff&#8221; color_txt_main=&#8221;#555555&#8243; color_bg_highlight=&#8221;#ccd6dd&#8221; color_txt_highlight=&#8221;#111111&#8243; package_heading=&#8221;Asia Este y Ocean\u00eda &#8211; Categor\u00eda Industria&#8221;]<\/p>\n<table width=\"644\">\n<tbody>\n<tr>\n<td width=\"57\">Posici\u00f3n<\/td>\n<td width=\"255\">Persona<\/td>\n<td width=\"227\">Afiliaci\u00f3n<\/td>\n<td width=\"105\">Pa\u00eds<\/td>\n<td>Precio<\/td>\n<\/tr>\n<tr>\n<td align=\"center\" width=\"57\">1<\/td>\n<td width=\"255\">Keun Hak Kim<\/td>\n<td width=\"227\">POSCO<\/td>\n<td>Corea del Sur<\/td>\n<td>424,25<\/td>\n<\/tr>\n<tr>\n<td align=\"center\" width=\"57\">2<\/td>\n<td width=\"255\">Donghyeon Kwak<\/td>\n<td width=\"227\">POSCO<\/td>\n<td>Corea del Sur<\/td>\n<td>424,78<\/td>\n<\/tr>\n<tr>\n<td align=\"center\" width=\"57\">3<\/td>\n<td width=\"255\">Ohyeong Kwon<\/td>\n<td width=\"227\">POSCO<\/td>\n<td>Corea del Sur<\/td>\n<td>424,87<\/td>\n<\/tr>\n<tr>\n<td align=\"center\" width=\"57\">4<\/td>\n<td width=\"255\">Junho Choi<\/td>\n<td width=\"227\">POSCO<\/td>\n<td>Corea del Sur<\/td>\n<td>425,19<\/td>\n<\/tr>\n<tr>\n<td align=\"center\" width=\"57\">5<\/td>\n<td width=\"255\">Hyoungkeun Choi<\/td>\n<td width=\"227\">Hyundai Steel<\/td>\n<td>Corea del Sur<\/td>\n<td>425,83<\/td>\n<\/tr>\n<\/tbody>\n<\/table>\n<p>[\/ultimate_info_table]<br \/>\n[\/vc_column][\/vc_row][vc_row][vc_column][vc_separator][vc_column_text]<\/p>\n<h5 style=\"text-align: center;\">steelChallenge-14 es generosamente patrocinado por las siguientes empresas.<\/h5>\n<p>[\/vc_column_text][vc_single_image image=&#8221;31733&#8243; img_size=&#8221;full&#8221; alignment=&#8221;center&#8221;][\/vc_column][\/vc_row][vc_row el_class=&#8221;desktop&#8221;][vc_column offset=&#8221;vc_hidden-lg vc_hidden-md&#8221;][vc_column_text]<\/p>\n<h5 style=\"text-align: center;\">steelChallenge-14 es generosamente patrocinado por las siguientes empresas:<\/h5>\n<p>[\/vc_column_text][vc_single_image image=&#8221;31737&#8243; img_size=&#8221;full&#8221; alignment=&#8221;center&#8221;][\/vc_column][\/vc_row]<\/p>\n<\/div>","protected":false},"excerpt":{"rendered":"<p>[vc_row][vc_column][vc_column_text] Categor\u00eda Estudiante El top 5 por cada regi\u00f3n es:[\/vc_column_text][ultimate_info_table design_style=&#8221;design06&#8243; color_scheme=&#8221;custom&#8221; color_bg_main=&#8221;#ffffff&#8221; color_txt_main=&#8221;#555555&#8243; color_bg_highlight=&#8221;#ccd6dd&#8221; color_txt_highlight=&#8221;#111111&#8243; package_heading=&#8221;Europa y \u00c1frica &#8211; Categor\u00eda Estudiante&#8221;] Posici\u00f3n Persona Afiliaci\u00f3n&hellip;<\/p>\n","protected":false},"author":2,"featured_media":0,"parent":29715,"menu_order":0,"comment_status":"closed","ping_status":"closed","template":"","meta":{"footnotes":""},"class_list":["post-34991","page","type-page","status-publish","hentry"],"aioseo_notices":[],"_links":{"self":[{"href":"https:\/\/steeluniversity.org\/es\/wp-json\/wp\/v2\/pages\/34991","targetHints":{"allow":["GET"]}}],"collection":[{"href":"https:\/\/steeluniversity.org\/es\/wp-json\/wp\/v2\/pages"}],"about":[{"href":"https:\/\/steeluniversity.org\/es\/wp-json\/wp\/v2\/types\/page"}],"author":[{"embeddable":true,"href":"https:\/\/steeluniversity.org\/es\/wp-json\/wp\/v2\/users\/2"}],"replies":[{"embeddable":true,"href":"https:\/\/steeluniversity.org\/es\/wp-json\/wp\/v2\/comments?post=34991"}],"version-history":[{"count":0,"href":"https:\/\/steeluniversity.org\/es\/wp-json\/wp\/v2\/pages\/34991\/revisions"}],"up":[{"embeddable":true,"href":"https:\/\/steeluniversity.org\/es\/wp-json\/wp\/v2\/pages\/29715"}],"wp:attachment":[{"href":"https:\/\/steeluniversity.org\/es\/wp-json\/wp\/v2\/media?parent=34991"}],"curies":[{"name":"wp","href":"https:\/\/api.w.org\/{rel}","templated":true}]}}