{"id":37195,"date":"2020-03-06T20:18:23","date_gmt":"2020-03-06T19:18:23","guid":{"rendered":"https:\/\/steeluniversity.org\/catalogo\/steelhub\/"},"modified":"2022-08-02T11:54:44","modified_gmt":"2022-08-02T11:54:44","slug":"steelhub","status":"publish","type":"page","link":"https:\/\/steeluniversity.org\/es\/catalogo\/steelhub\/","title":{"rendered":"steelHub"},"content":{"rendered":"<div class=\"wpb-content-wrapper\"><p>[vc_row][vc_column][vc_column_text css_animation=&#8221;none&#8221;]<!-- wpml:html_fragment --><\/p>\n<h1>steelHub<\/h1>\n<p>[\/vc_column_text][vc_empty_space][vc_column_text css_animation=&#8221;none&#8221;]<!-- wpml:html_fragment --><\/p>\n<h3>Nuestros cursos en tu plataforma<\/h3>\n<p>[\/vc_column_text][vc_empty_space][vc_column_text css_animation=&#8221;bottom-to-top&#8221; css=&#8221;.vc_custom_1659441159986{padding-top: 10px !important;padding-bottom: 10px !important;}&#8221;]<\/p>\n<p><iframe loading=\"lazy\" style=\"background: #fff !important;\" src=\"https:\/\/cdn.hub.steeluniversity.org\/assets\/videos\/play.html?id=MRK0010&amp;lang=es\" width=\"1080\" height=\"607\"><\/iframe><\/p>\n<p>[\/vc_column_text][vc_empty_space][vc_column_text css_animation=&#8221;bottom-to-top&#8221; css=&#8221;.vc_custom_1659441178042{padding-top: 10px !important;padding-right: 10% !important;padding-bottom: 10px !important;padding-left: 10% !important;}&#8221;]<!-- wpml:html_fragment --><\/p>\n<h4 class=\"normal_title dark_gray editContent\" style=\"text-align: center;\">steelHub es una aplicaci\u00f3n desarrollada por steeluniversity para permitir que las organizaciones integren nuestra capacitaci\u00f3n con su sistema de gesti\u00f3n de aprendizaje (LMS).<\/h4>\n<p>[\/vc_column_text][vc_empty_space][\/vc_column][\/vc_row][vc_row][vc_column width=&#8221;1\/2&#8243;][vc_icon icon_fontawesome=&#8221;fas fa-star&#8221; color=&#8221;white&#8221; background_style=&#8221;rounded&#8221; background_color=&#8221;custom&#8221; size=&#8221;lg&#8221; align=&#8221;center&#8221; css_animation=&#8221;none&#8221; custom_background_color=&#8221;#d0202e&#8221;][vc_column_text]<!-- wpml:html_fragment --><\/p>\n<h3 style=\"color: #d0202e;\" align=\"center\">Aprendizaje de Alta Calidad<\/h3>\n<p>[\/vc_column_text][vc_column_text]<!-- wpml:html_fragment --><\/p>\n<p align=\"center\">Nuestro aprendizaje ha sido desarrollado con expertos de la industria del acero y es utilizado por compa\u00f1\u00edas de acero y universidades.<\/p>\n<p>[\/vc_column_text][\/vc_column][vc_column width=&#8221;1\/2&#8243;][vc_icon type=&#8221;typicons&#8221; icon_typicons=&#8221;typcn typcn-device-laptop&#8221; color=&#8221;white&#8221; background_style=&#8221;rounded&#8221; background_color=&#8221;custom&#8221; size=&#8221;lg&#8221; align=&#8221;center&#8221; css_animation=&#8221;none&#8221; custom_background_color=&#8221;#d0202e&#8221;][vc_column_text]<!-- wpml:html_fragment --><\/p>\n<h3 style=\"color: #d0202e;\" align=\"center\">Tu entorno de aprendizaje<\/h3>\n<p>[\/vc_column_text][vc_column_text]<!-- wpml:html_fragment --><\/p>\n<p align=\"center\">Conecta nuestro aprendizaje con tu LMS para acceder a la capacitaci\u00f3n en un entorno familiar. No se requiere software adicional.<\/p>\n<p>[\/vc_column_text][\/vc_column][\/vc_row][vc_row][vc_column][vc_empty_space][vc_separator][vc_empty_space][vc_column_text]<!-- wpml:html_fragment --><\/p>\n<h4 style=\"text-align: center;\">Integrar steelHub en tu programa de capacitaci\u00f3n.<\/h4>\n<p>[\/vc_column_text][vc_empty_space height=&#8221;48px&#8221;][\/vc_column][\/vc_row][vc_row][vc_column width=&#8221;1\/2&#8243;][vc_column_text]<!-- wpml:html_fragment --><\/p>\n<p style=\"text-align: center;\"><a class=\"su-btn-primary\" href=\"steel-industry-courses-for-universities\/\">steelHub para Universidades<\/a><\/p>\n<p>[\/vc_column_text][\/vc_column][vc_column width=&#8221;1\/2&#8243;][vc_column_text]<!-- wpml:html_fragment --><\/p>\n<p style=\"text-align: center;\"><a class=\"su-btn-primary\" href=\"https:\/\/steeluniversity.org\/learn\/steel-industry-courses-for-companies\/\">steelHub para Empresas<\/a><\/p>\n<p>[\/vc_column_text][\/vc_column][\/vc_row][vc_column][\/vc_column]<\/p>\n<\/div>","protected":false},"excerpt":{"rendered":"<p>[vc_row][vc_column][vc_column_text css_animation=&#8221;none&#8221;] steelHub [\/vc_column_text][vc_empty_space][vc_column_text css_animation=&#8221;none&#8221;] Nuestros cursos en tu plataforma [\/vc_column_text][vc_empty_space][vc_column_text css_animation=&#8221;bottom-to-top&#8221; css=&#8221;.vc_custom_1659441159986{padding-top: 10px !important;padding-bottom: 10px !important;}&#8221;] [\/vc_column_text][vc_empty_space][vc_column_text css_animation=&#8221;bottom-to-top&#8221; css=&#8221;.vc_custom_1659441178042{padding-top: 10px !important;padding-right: 10% !important;padding-bottom: 10px&hellip;<\/p>\n","protected":false},"author":2,"featured_media":0,"parent":7331,"menu_order":10,"comment_status":"closed","ping_status":"closed","template":"","meta":{"footnotes":""},"class_list":["post-37195","page","type-page","status-publish","hentry"],"aioseo_notices":[],"_links":{"self":[{"href":"https:\/\/steeluniversity.org\/es\/wp-json\/wp\/v2\/pages\/37195","targetHints":{"allow":["GET"]}}],"collection":[{"href":"https:\/\/steeluniversity.org\/es\/wp-json\/wp\/v2\/pages"}],"about":[{"href":"https:\/\/steeluniversity.org\/es\/wp-json\/wp\/v2\/types\/page"}],"author":[{"embeddable":true,"href":"https:\/\/steeluniversity.org\/es\/wp-json\/wp\/v2\/users\/2"}],"replies":[{"embeddable":true,"href":"https:\/\/steeluniversity.org\/es\/wp-json\/wp\/v2\/comments?post=37195"}],"version-history":[{"count":0,"href":"https:\/\/steeluniversity.org\/es\/wp-json\/wp\/v2\/pages\/37195\/revisions"}],"up":[{"embeddable":true,"href":"https:\/\/steeluniversity.org\/es\/wp-json\/wp\/v2\/pages\/7331"}],"wp:attachment":[{"href":"https:\/\/steeluniversity.org\/es\/wp-json\/wp\/v2\/media?parent=37195"}],"curies":[{"name":"wp","href":"https:\/\/api.w.org\/{rel}","templated":true}]}}