{"id":39428,"date":"2020-04-03T21:54:24","date_gmt":"2020-04-03T19:54:24","guid":{"rendered":"https:\/\/steeluniversity.org\/quienes-somos\/essa-programa-de-habilidades-del-acero-europeo\/"},"modified":"2020-04-03T21:58:19","modified_gmt":"2020-04-03T19:58:19","slug":"essa-programa-de-habilidades-del-acero-europeo","status":"publish","type":"page","link":"https:\/\/steeluniversity.org\/es\/quienes-somos\/essa-programa-de-habilidades-del-acero-europeo\/","title":{"rendered":"ESSA: Programa de Habilidades del Acero Europeo"},"content":{"rendered":"<div class=\"wpb-content-wrapper\"><p>[vc_row][vc_column][vc_column_text]<img loading=\"lazy\" decoding=\"async\" class=\"size-full wp-image-37848 alignright\" src=\"https:\/\/steeluniversity.org\/wp-content\/uploads\/2020\/03\/logo-ESSA.png\" alt=\"\" width=\"262\" height=\"97\">steeluniversity se ha unido a ESSA, el Programa de Habilidades del Acero Europeo, para desarrollar un Plan para una industria del acero sostenible y una agenda europea coordinada de habilidades del acero. Como programa de aprendizaje y capacitaci\u00f3n de World Steel Association, estamos trabajando en este proyecto para desarrollar una estrategia de habilidades proactiva impulsada por la industria<\/p>\n<p>Los objetivos principales de ESSA son:<\/p>\n<ul>\n<li>Identificaci\u00f3n proactiva de las necesidades y demandas de habilidades para desarrollar una capacitaci\u00f3n y planes de estudio apropiados<\/li>\n<li>Identificaci\u00f3n, desarrollo y promoci\u00f3n de esquemas sectoriales exitosos de reclutamiento y capacitaci\u00f3n<\/li>\n<\/ul>\n<p>La digitalizaci\u00f3n puede considerarse el principal impulsor de la transformaci\u00f3n tecnol\u00f3gica actual en la industria del acero y estamos trabajando estrechamente tanto en empresas como en instituciones de educaci\u00f3n y formaci\u00f3n para abordar este desaf\u00edo de manera inmediata y duradera.<\/p>\n<p>Para saber m\u00e1s sobre ESSA, visita su sitio web en:<br \/>\n<a href=\"https:\/\/www.estep.eu\/essa\/\" target=\"_blank\" rel=\"noopener noreferrer\">https:\/\/www.estep.eu\/essa<\/a>[\/vc_column_text][\/vc_column][\/vc_row]<\/p>\n<\/div>","protected":false},"excerpt":{"rendered":"<p>[vc_row][vc_column][vc_column_text]steeluniversity se ha unido a ESSA, el Programa de Habilidades del Acero Europeo, para desarrollar un Plan para una industria del acero sostenible y una&hellip;<\/p>\n","protected":false},"author":2,"featured_media":0,"parent":7383,"menu_order":0,"comment_status":"closed","ping_status":"closed","template":"","meta":{"footnotes":""},"class_list":["post-39428","page","type-page","status-publish","hentry"],"aioseo_notices":[],"_links":{"self":[{"href":"https:\/\/steeluniversity.org\/es\/wp-json\/wp\/v2\/pages\/39428","targetHints":{"allow":["GET"]}}],"collection":[{"href":"https:\/\/steeluniversity.org\/es\/wp-json\/wp\/v2\/pages"}],"about":[{"href":"https:\/\/steeluniversity.org\/es\/wp-json\/wp\/v2\/types\/page"}],"author":[{"embeddable":true,"href":"https:\/\/steeluniversity.org\/es\/wp-json\/wp\/v2\/users\/2"}],"replies":[{"embeddable":true,"href":"https:\/\/steeluniversity.org\/es\/wp-json\/wp\/v2\/comments?post=39428"}],"version-history":[{"count":0,"href":"https:\/\/steeluniversity.org\/es\/wp-json\/wp\/v2\/pages\/39428\/revisions"}],"up":[{"embeddable":true,"href":"https:\/\/steeluniversity.org\/es\/wp-json\/wp\/v2\/pages\/7383"}],"wp:attachment":[{"href":"https:\/\/steeluniversity.org\/es\/wp-json\/wp\/v2\/media?parent=39428"}],"curies":[{"name":"wp","href":"https:\/\/api.w.org\/{rel}","templated":true}]}}