{"id":46272,"date":"2020-06-10T15:20:09","date_gmt":"2020-06-10T13:20:09","guid":{"rendered":"https:\/\/steeluniversity.org\/catalogo\/modelos-3d-interactivos\/calibre\/"},"modified":"2020-06-15T15:10:36","modified_gmt":"2020-06-15T13:10:36","slug":"calibre","status":"publish","type":"page","link":"https:\/\/steeluniversity.org\/es\/catalogo\/modelos-3d-interactivos\/calibre\/","title":{"rendered":"Calibre"},"content":{"rendered":"<div class=\"wpb-content-wrapper\"><p>[vc_row][vc_column width=&#8221;2\/3&#8243;][vc_column_text]<iframe loading=\"lazy\" src=\"https:\/\/sketchfab.com\/3d-models\/39729e5e231d4710896b965c3e022557\/embed?preload=1\" width=\"100%\" height=\"600\" frameborder=\"0\" allowfullscreen=\"allowfullscreen\"><\/iframe>[\/vc_column_text][\/vc_column][vc_column width=&#8221;1\/3&#8243;][vc_column_text]<\/p>\n<h4 style=\"margin-bottom: 0;\">Calibre<\/h4>\n<h5 style=\"margin-top: 0; font-weight: bold; color: #666 !important; font-size: 1.1em;\">Modelo interactivo 3D<\/h5>\n<p>El calibre Vernier es un instrumento que se usa para medir dos lados opuestos de un objeto.<\/p>\n<p>Los calibres Vernier tienen una escala principal fija y una escala vernier m\u00f3vil. La escala principal se grad\u00faa en mil\u00edmetros o  pulgadas. La escala vernier permite tomar lecturas mucho m\u00e1s precisas (generalmente m\u00e1s cercanas a 0.02 mm o 0.001 pulgada) en comparaci\u00f3n con una regla est\u00e1ndar (que solo mide m\u00e1s cercano a 1 mm o 0.25 pulgadas).<\/p>\n<p>[\/vc_column_text][\/vc_column][\/vc_row]<\/p>\n<\/div>","protected":false},"excerpt":{"rendered":"<p>[vc_row][vc_column width=&#8221;2\/3&#8243;][vc_column_text][\/vc_column_text][\/vc_column][vc_column width=&#8221;1\/3&#8243;][vc_column_text] Calibre Modelo interactivo 3D El calibre Vernier es un instrumento que se usa para medir dos lados opuestos de un objeto. Los&hellip;<\/p>\n","protected":false},"author":2,"featured_media":0,"parent":20157,"menu_order":0,"comment_status":"closed","ping_status":"closed","template":"","meta":{"footnotes":""},"class_list":["post-46272","page","type-page","status-publish","hentry"],"aioseo_notices":[],"_links":{"self":[{"href":"https:\/\/steeluniversity.org\/es\/wp-json\/wp\/v2\/pages\/46272","targetHints":{"allow":["GET"]}}],"collection":[{"href":"https:\/\/steeluniversity.org\/es\/wp-json\/wp\/v2\/pages"}],"about":[{"href":"https:\/\/steeluniversity.org\/es\/wp-json\/wp\/v2\/types\/page"}],"author":[{"embeddable":true,"href":"https:\/\/steeluniversity.org\/es\/wp-json\/wp\/v2\/users\/2"}],"replies":[{"embeddable":true,"href":"https:\/\/steeluniversity.org\/es\/wp-json\/wp\/v2\/comments?post=46272"}],"version-history":[{"count":0,"href":"https:\/\/steeluniversity.org\/es\/wp-json\/wp\/v2\/pages\/46272\/revisions"}],"up":[{"embeddable":true,"href":"https:\/\/steeluniversity.org\/es\/wp-json\/wp\/v2\/pages\/20157"}],"wp:attachment":[{"href":"https:\/\/steeluniversity.org\/es\/wp-json\/wp\/v2\/media?parent=46272"}],"curies":[{"name":"wp","href":"https:\/\/api.w.org\/{rel}","templated":true}]}}