{"id":46940,"date":"2020-06-19T19:24:52","date_gmt":"2020-06-19T17:24:52","guid":{"rendered":"https:\/\/steeluniversity.org\/support\/que-hay-de-nuevo-en-steeluniversity\/"},"modified":"2020-06-24T21:01:28","modified_gmt":"2020-06-24T19:01:28","slug":"que-hay-de-nuevo-en-steeluniversity","status":"publish","type":"page","link":"https:\/\/steeluniversity.org\/es\/support\/que-hay-de-nuevo-en-steeluniversity\/","title":{"rendered":"\u00bfQu\u00e9 hay de nuevo en steeluniversity?"},"content":{"rendered":"<div class=\"wpb-content-wrapper\"><p>[vc_row gap=&#8221;20&#8243; css=&#8221;.vc_custom_1592591630079{padding-top: 20px !important;padding-bottom: 20px !important;}&#8221;][vc_column][vc_column_text css_animation=&#8221;fadeIn&#8221; css=&#8221;.vc_custom_1591963897950{margin-top: 25px !important;margin-bottom: 45px !important;}&#8221;]<\/p>\n<h1 style=\"font-weight: normal; font-size: 3.5em;\" align=\"center\">\u00bfQu\u00e9 hay de nuevo en steeluniversity?<\/h1>\n<p>[\/vc_column_text][vc_column_text css_animation=&#8221;fadeIn&#8221;]<\/p>\n<h4 align=\"center\">Hemos estado renovando nuestro sitio web y estamos felices de anunciar las nuevas caracter\u00edsticas.<\/h4>\n<p>[\/vc_column_text][vc_single_image image=&#8221;46289&#8243; img_size=&#8221;600&#215;302&#8243; alignment=&#8221;center&#8221;][vc_empty_space][vc_column_text css_animation=&#8221;none&#8221; css=&#8221;.vc_custom_1593010716964{margin-top: 25px !important;margin-bottom: 25px !important;}&#8221;]<\/p>\n<h3 style=\"font-weight: normal; font-size: 2.0em; text-align: left; text-transform: uppercase; color: #d0202e;\" align=\"center\">M\u00e1s recursos educativos<\/h3>\n<p>[\/vc_column_text][vc_row_inner equal_height=&#8221;yes&#8221; css=&#8221;.vc_custom_1592593681787{margin-bottom: 50px !important;}&#8221;][vc_column_inner width=&#8221;1\/3&#8243;][vc_single_image image=&#8221;46946&#8243; img_size=&#8221;full&#8221; alignment=&#8221;center&#8221; style=&#8221;vc_box_rounded&#8221; hover_effect=&#8221;yes&#8221; css=&#8221;.vc_custom_1593008867400{margin-bottom: 0px !important;}&#8221;][vc_column_text css=&#8221;.vc_custom_1593010171390{padding-top: 20px !important;padding-right: 10px !important;padding-bottom: 20px !important;padding-left: 10px !important;background-color: #ffffff !important;border-radius: 5px !important;}&#8221;]<\/p>\n<h3 align=\"center\">Videos de steelSafety<\/h3>\n<p>Los videos de incidentes de steelSafety est\u00e1n disponibles para la compra individual, adem\u00e1s de la licencia por volumen.[\/vc_column_text][\/vc_column_inner][vc_column_inner width=&#8221;1\/3&#8243;][vc_single_image image=&#8221;47073&#8243; img_size=&#8221;full&#8221; alignment=&#8221;center&#8221; style=&#8221;vc_box_rounded&#8221; hover_effect=&#8221;yes&#8221; css=&#8221;.vc_custom_1593008882584{margin-bottom: 0px !important;}&#8221;][vc_column_text css=&#8221;.vc_custom_1593010204753{padding-top: 20px !important;padding-right: 10px !important;padding-bottom: 20px !important;padding-left: 10px !important;background-color: #ffffff !important;border-radius: 5px !important;}&#8221;]<\/p>\n<h3>M\u00e1s cursos<\/h3>\n<p>M\u00e1s recursos de aprendizaje disponibles como cursos, incluidos simuladores y modelos 3D.[\/vc_column_text][\/vc_column_inner][vc_column_inner width=&#8221;1\/3&#8243;][vc_single_image image=&#8221;47089&#8243; img_size=&#8221;full&#8221; alignment=&#8221;center&#8221; style=&#8221;vc_box_rounded&#8221; hover_effect=&#8221;yes&#8221; css=&#8221;.vc_custom_1593008893971{margin-bottom: 0px !important;}&#8221;][vc_column_text css=&#8221;.vc_custom_1593010215618{padding-top: 20px !important;padding-right: 10px !important;padding-bottom: 20px !important;padding-left: 10px !important;background-color: #ffffff !important;border-radius: 5px !important;}&#8221;]<\/p>\n<h3>M\u00e1s certificados<\/h3>\n<p>M\u00e1s certificados de finalizaci\u00f3n disponibles para m\u00e1s cursos, con certificados generados autom\u00e1ticamente al aprobar con \u00e9xito el examen.[\/vc_column_text][\/vc_column_inner][\/vc_row_inner][vc_column_text css_animation=&#8221;none&#8221; css=&#8221;.vc_custom_1593010800492{margin-top: 25px !important;margin-bottom: 25px !important;}&#8221;]<\/p>\n<h3 style=\"font-weight: normal; font-size: 2.0em; text-align: left; text-transform: uppercase; color: #d0202e;\">Mejor Experiencia de Usuario<\/h3>\n<p>[\/vc_column_text][vc_row_inner css=&#8221;.vc_custom_1592594191012{margin-bottom: 50px !important;}&#8221;][vc_column_inner width=&#8221;1\/3&#8243; css=&#8221;.vc_custom_1593006823168{border-top-width: 10px !important;border-right-width: 10px !important;border-bottom-width: 10px !important;border-left-width: 10px !important;border-left-style: initial !important;border-right-style: initial !important;border-top-style: initial !important;border-bottom-style: initial !important;border-radius: 5px !important;}&#8221;][vc_single_image image=&#8221;47077&#8243; img_size=&#8221;full&#8221; alignment=&#8221;center&#8221; style=&#8221;vc_box_rounded&#8221; hover_effect=&#8221;yes&#8221; css=&#8221;.vc_custom_1593008908666{margin-bottom: 0px !important;}&#8221;][vc_column_text css=&#8221;.vc_custom_1593010228237{padding-top: 20px !important;padding-right: 10px !important;padding-bottom: 20px !important;padding-left: 10px !important;background-color: #ffffff !important;border-radius: 5px !important;}&#8221;]<\/p>\n<h3>Pago directo<\/h3>\n<p>El proceso de compra ahora es m\u00e1s r\u00e1pido con el pago directo. Menos clics para obtener tu contenido de aprendizaje de acero.[\/vc_column_text][\/vc_column_inner][vc_column_inner width=&#8221;1\/3&#8243;][vc_single_image image=&#8221;47081&#8243; img_size=&#8221;full&#8221; alignment=&#8221;center&#8221; style=&#8221;vc_box_rounded&#8221; hover_effect=&#8221;yes&#8221; css=&#8221;.vc_custom_1593008919059{margin-bottom: 0px !important;}&#8221;][vc_column_text css=&#8221;.vc_custom_1593010241635{padding-top: 20px !important;padding-right: 10px !important;padding-bottom: 20px !important;padding-left: 10px !important;background-color: #ffffff !important;border-radius: 5px !important;}&#8221;]<\/p>\n<h3>Mi Cuenta Mejorada<\/h3>\n<p>Organizaci\u00f3n del aprendizaje por tipo de contenido. Nueva cuadr\u00edcula de curso con pantalla &#8220;inteligente&#8221; para mostrar el estado y proporcionar una forma m\u00e1s visual de explorar el aprendizaje.[\/vc_column_text][\/vc_column_inner][vc_column_inner width=&#8221;1\/3&#8243; css=&#8221;.vc_custom_1593006800625{border-top-width: 10px !important;border-right-width: 10px !important;border-bottom-width: 10px !important;border-left-width: 10px !important;border-left-style: initial !important;border-right-style: initial !important;border-top-style: initial !important;border-bottom-style: initial !important;}&#8221;][vc_single_image image=&#8221;47085&#8243; img_size=&#8221;full&#8221; alignment=&#8221;center&#8221; style=&#8221;vc_box_rounded&#8221; hover_effect=&#8221;yes&#8221; css=&#8221;.vc_custom_1593008931593{margin-bottom: 0px !important;}&#8221;][vc_column_text css=&#8221;.vc_custom_1593010253787{padding-top: 20px !important;padding-right: 10px !important;padding-bottom: 20px !important;padding-left: 10px !important;background-color: #ffffff !important;border-radius: 5px !important;}&#8221;]<\/p>\n<h3>M\u00e1s experiencia visual<\/h3>\n<p>Navegaci\u00f3n mejorada y ayudas visuales.[\/vc_column_text][\/vc_column_inner][\/vc_row_inner][vc_column_text css_animation=&#8221;none&#8221; css=&#8221;.vc_custom_1593010812053{margin-top: 25px !important;margin-bottom: 25px !important;}&#8221;]<\/p>\n<h3 style=\"font-weight: normal; font-size: 2.0em; text-align: left; text-transform: uppercase; color: #d0202e;\" align=\"center\">Nuevas Formas de Acceder al Aprendizaje<\/h3>\n<p>[\/vc_column_text][vc_row_inner css=&#8221;.vc_custom_1593021458434{margin-bottom: 25px !important;}&#8221;][vc_column_inner width=&#8221;1\/3&#8243;][vc_single_image image=&#8221;47212&#8243; img_size=&#8221;full&#8221; alignment=&#8221;center&#8221; style=&#8221;vc_box_rounded&#8221; hover_effect=&#8221;yes&#8221; css=&#8221;.vc_custom_1593010062014{margin-bottom: 0px !important;}&#8221;][vc_column_text css=&#8221;.vc_custom_1593011364228{border-top-width: 20px !important;border-right-width: 10px !important;border-bottom-width: 20px !important;border-left-width: 10px !important;border-left-color: #ffffff !important;border-left-style: solid !important;border-right-color: #ffffff !important;border-right-style: solid !important;border-top-color: #ffffff !important;border-top-style: solid !important;border-bottom-color: #ffffff !important;border-bottom-style: solid !important;border-radius: 5px !important;}&#8221;]<\/p>\n<h3>steelLMS<\/h3>\n<p>steelLMS Proporcionar aprendizaje a grupos por un administrador de la organizaci\u00f3n utilizando el LMS de steeluniversity.[\/vc_column_text][\/vc_column_inner][vc_column_inner width=&#8221;1\/3&#8243;][vc_single_image image=&#8221;47217&#8243; img_size=&#8221;full&#8221; alignment=&#8221;center&#8221; style=&#8221;vc_box_rounded&#8221; hover_effect=&#8221;yes&#8221; css=&#8221;.vc_custom_1593010069949{margin-bottom: 0px !important;}&#8221;][vc_column_text css=&#8221;.vc_custom_1593011373733{border-top-width: 20px !important;border-right-width: 10px !important;border-bottom-width: 20px !important;border-left-width: 10px !important;border-left-color: #ffffff !important;border-left-style: solid !important;border-right-color: #ffffff !important;border-right-style: solid !important;border-top-color: #ffffff !important;border-top-style: solid !important;border-bottom-color: #ffffff !important;border-bottom-style: solid !important;border-radius: 5px !important;}&#8221;]<\/p>\n<h3>steelHub<\/h3>\n<p>Ofrecer aprendizaje de steeluniversity a miles de estudiantes a trav\u00e9s del propio LMS de una organizaci\u00f3n.[\/vc_column_text][\/vc_column_inner][vc_column_inner width=&#8221;1\/3&#8243;][\/vc_column_inner][\/vc_row_inner][\/vc_column][\/vc_row][vc_row css=&#8221;.vc_custom_1593011743942{margin-bottom: 0px !important;background-color: #ffffff !important;}&#8221;][vc_column][vc_column_text css_animation=&#8221;none&#8221; css=&#8221;.vc_custom_1593025212006{margin-bottom: 25px !important;}&#8221;]<\/p>\n<h3 style=\"font-weight: normal; font-size: 2.0em; text-align: left; text-transform: uppercase; color: #d0202e;\" align=\"center\">Precios<\/h3>\n<p>[\/vc_column_text][vc_row_inner][vc_column_inner width=&#8221;1\/2&#8243;][vc_column_text]steeluniversity tambi\u00e9n introducir\u00e1 tasas de licencia para m\u00e1s aprendizaje. Como programa de World Steel Association, no tenemos fines de lucro, pero necesitamos generar ingresos para cubrir los gastos si queremos continuar brindando un servicio sostenible a la industria sider\u00fargica global. Las tasas de licencia depender\u00e1n del tipo de aprendizaje y se indicar\u00e1n claramente en el sitio web.<\/p>\n<p>Cada mes habr\u00e1 una selecci\u00f3n de aprendizaje disponible sin cargo. Tambi\u00e9n reconocemos que muchas instituciones educativas utilizan steeluniversity con sus estudiantes. Para estas instituciones se ofrecer\u00e1 una tarifa de licencia reducida.[\/vc_column_text][\/vc_column_inner][vc_column_inner width=&#8221;1\/2&#8243;][vc_single_image image=&#8221;47224&#8243; img_size=&#8221;380&#215;192&#8243; alignment=&#8221;center&#8221; style=&#8221;vc_box_rounded&#8221;][\/vc_column_inner][\/vc_row_inner][vc_empty_space height=&#8221;64&#8243;][vc_column_text css_animation=&#8221;fadeIn&#8221;]<\/p>\n<p style=\"text-align: center;\"><strong>\u00bfNecesitas m\u00e1s informaci\u00f3n?<\/strong><\/p>\n<p>[\/vc_column_text][ult_buttons btn_title=&#8221;Lee nuestras Preguntas Frecuentes&#8221; btn_link=&#8221;url:https%3A%2F%2Fsteeluniversity.org%2Fsupport%2Fpreguntas-frecuentes%2F%3Flang%3Des|title:FAQ||&#8221; btn_align=&#8221;ubtn-center&#8221; btn_title_color=&#8221;#d0202e&#8221; btn_bg_color=&#8221;#ffffff&#8221; btn_hover=&#8221;ubtn-top-bg&#8221; btn_bg_color_hover=&#8221;#d0202e&#8221; btn_title_color_hover=&#8221;#ffffff&#8221; icon_size=&#8221;32&#8243; btn_icon_pos=&#8221;ubtn-sep-icon-at-left&#8221; btn_border_style=&#8221;solid&#8221; btn_color_border=&#8221;#d0202e&#8221; btn_color_border_hover=&#8221;#d0202e&#8221; btn_border_size=&#8221;2&#8243; btn_radius=&#8221;1&#8243; btn_font_style=&#8221;font-weight:bold;&#8221; btn_font_size=&#8221;desktop:16px;&#8221;][\/vc_column][\/vc_row]<\/p>\n<\/div>","protected":false},"excerpt":{"rendered":"<p>[vc_row gap=&#8221;20&#8243; css=&#8221;.vc_custom_1592591630079{padding-top: 20px !important;padding-bottom: 20px !important;}&#8221;][vc_column][vc_column_text css_animation=&#8221;fadeIn&#8221; css=&#8221;.vc_custom_1591963897950{margin-top: 25px !important;margin-bottom: 45px !important;}&#8221;] \u00bfQu\u00e9 hay de nuevo en steeluniversity? [\/vc_column_text][vc_column_text css_animation=&#8221;fadeIn&#8221;] Hemos estado renovando nuestro&hellip;<\/p>\n","protected":false},"author":2,"featured_media":0,"parent":8217,"menu_order":0,"comment_status":"closed","ping_status":"closed","template":"","meta":{"footnotes":""},"class_list":["post-46940","page","type-page","status-publish","hentry"],"aioseo_notices":[],"_links":{"self":[{"href":"https:\/\/steeluniversity.org\/es\/wp-json\/wp\/v2\/pages\/46940","targetHints":{"allow":["GET"]}}],"collection":[{"href":"https:\/\/steeluniversity.org\/es\/wp-json\/wp\/v2\/pages"}],"about":[{"href":"https:\/\/steeluniversity.org\/es\/wp-json\/wp\/v2\/types\/page"}],"author":[{"embeddable":true,"href":"https:\/\/steeluniversity.org\/es\/wp-json\/wp\/v2\/users\/2"}],"replies":[{"embeddable":true,"href":"https:\/\/steeluniversity.org\/es\/wp-json\/wp\/v2\/comments?post=46940"}],"version-history":[{"count":0,"href":"https:\/\/steeluniversity.org\/es\/wp-json\/wp\/v2\/pages\/46940\/revisions"}],"up":[{"embeddable":true,"href":"https:\/\/steeluniversity.org\/es\/wp-json\/wp\/v2\/pages\/8217"}],"wp:attachment":[{"href":"https:\/\/steeluniversity.org\/es\/wp-json\/wp\/v2\/media?parent=46940"}],"curies":[{"name":"wp","href":"https:\/\/api.w.org\/{rel}","templated":true}]}}