{"id":47031,"date":"2020-06-22T20:51:02","date_gmt":"2020-06-22T18:51:02","guid":{"rendered":"https:\/\/steeluniversity.org\/support\/preguntas-frecuentes\/"},"modified":"2021-05-28T21:05:22","modified_gmt":"2021-05-28T21:05:22","slug":"preguntas-frecuentes","status":"publish","type":"page","link":"https:\/\/steeluniversity.org\/es\/support\/preguntas-frecuentes\/","title":{"rendered":"Preguntas Frecuentes"},"content":{"rendered":"<div class=\"wpb-content-wrapper\"><p>[vc_row][vc_column][vc_column_text]<\/p>\n<h3>Quienes Somos<\/h3>\n<p>[\/vc_column_text][vc_empty_space][vc_toggle title=&#8221;\u00bfQui\u00e9n es steeluniversity?&#8221;]steeluniversity es el programa de educaci\u00f3n y capacitaci\u00f3n de World Steel Association (worldsteel). worldsteel es una asociaci\u00f3n industrial sin fines de lucro con miembros en todos los principales pa\u00edses productores de acero. Los miembros incluyen productores de acero, asociaciones nacionales y regionales de la industria del acero e institutos de investigaci\u00f3n del acero. El Dr. Edwin Basson es el Director General de worldsteel y Scott Chubbs es el Director de steeluniversity.[\/vc_toggle][vc_toggle title=&#8221;\u00bfQu\u00e9 tipo de entrenamiento ofrecen?&#8221;]steeluniversity ofrece capacitaci\u00f3n centrada en las necesidades de las compa\u00f1\u00edas sider\u00fargicas y aquellas instituciones educativas con programas que pueden llevar a los estudiantes a carreras en la industria del acero. La capacitaci\u00f3n incluye cursos sobre fabricaci\u00f3n de acero, metalurgia ferrosa, aplicaciones de acero, seguridad, sustentabilidad y el negocio del acero.[\/vc_toggle][vc_toggle title=&#8221;\u00bfC\u00f3mo se ofrece la capacitaci\u00f3n?&#8221;]La mayor\u00eda de la capacitaci\u00f3n se provee como cursos en l\u00ednea. Los cursos pueden incluir instrucci\u00f3n, ejercicios, simuladores y juegos. steelManagement, el curso de estrategia comercial de acero, se entrega como un programa residencial de 4 d\u00edas en Bruselas, B\u00e9lgica.[\/vc_toggle][vc_toggle title=&#8221;\u00bfBrindan capacitaci\u00f3n a las empresas sider\u00fargicas?&#8221;]S\u00ed, las empresas sider\u00fargicas y las empresas de la cadena de suministro de acero pueden licenciar el aprendizaje de steeluniversity y encargar capacitaci\u00f3n personalizada.[\/vc_toggle][vc_empty_space][vc_separator][vc_empty_space][\/vc_column][\/vc_row][vc_row][vc_column][vc_column_text]<\/p>\n<h3>Fijaci\u00f3n de Precios<\/h3>\n<p>[\/vc_column_text][vc_empty_space][vc_toggle title=&#8221;\u00bfLos cursos son gratuitos?&#8221;]A partir del 1<sup>\u00ba<\/sup> de julio de 2020, la mayor\u00eda del aprendizaje en el sitio web de steeluniversity tendr\u00e1 una tarifa de licencia. El monto de la tarifa variar\u00e1 seg\u00fan el tipo de aprendizaje y se indicar\u00e1 claramente en la p\u00e1gina del curso.[\/vc_toggle][vc_toggle title=&#8221;\u00bfPor qu\u00e9 est\u00e1n cobrando por acceder al aprendizaje?&#8221;]steeluniversity opera sin fines de lucro con el objetivo de que diferentes fuentes de ingresos cubran los gastos de desarrollo y oferta de capacitaci\u00f3n especializada para la industria del acero. Las tarifas de licencia de usuario para acceder a los cursos forman una de las fuentes de ingresos que permite a steeluniversity seguir siendo econ\u00f3micamente sostenible.[\/vc_toggle][vc_toggle title=&#8221;\u00bfHabr\u00e1 cursos gratuitos disponibles?&#8221;]S\u00ed, cada mes una selecci\u00f3n de aprendizaje estar\u00e1 disponible de forma gratuita y estar\u00e1 disponible durante 30 d\u00edas.[\/vc_toggle][vc_toggle title=&#8221;Soy profesor\/estudiante. \u00bfOfrecen un descuento para instituciones educativas y estudiantes?&#8221;]S\u00ed, steeluniversity ofrece precios educativos a estudiantes matriculados en una instituci\u00f3n educativa y al profesorado y al personal de instituciones educativas de cualquier nivel.[\/vc_toggle][vc_toggle title=&#8221;\u00bfCu\u00e1l es el precio educativo?&#8221;]El precio educativo es el 50% de la tarifa de licencia regular. Recibe precio acad\u00e9mico al realizar la orden. Usa el c\u00f3digo de descuento &#8216;academic&#8217;.[\/vc_toggle][vc_toggle title=&#8221;\u00bfC\u00f3mo califico para el precio educativo?&#8221;]Los precios educativos est\u00e1n disponibles con licencias grupales para una instituci\u00f3n educativa o para individuos que crean una cuenta con una direcci\u00f3n de correo electr\u00f3nico de su instituci\u00f3n educativa.[\/vc_toggle][vc_toggle title=&#8221;\u00bfCu\u00e1nto tiempo tendr\u00e9 acceso a los cursos que compro?&#8221;]El acceso a los cursos es v\u00e1lido por 90 d\u00edas despu\u00e9s de la compra. Cualquier certificado obtenido permanecer\u00e1 accesible en tu cuenta.[\/vc_toggle][vc_toggle title=&#8221;Compr\u00e9 un curso y cambi\u00e9 de opini\u00f3n. \u00bfPuedo obtener un reembolso?&#8221;]S\u00ed, las personas pueden obtener un reembolso por un curso dentro de los 30 d\u00edas de la compra si no est\u00e1n satisfechos. Cualquier certificado obtenido a trav\u00e9s del curso reembolsado se eliminar\u00e1 de la cuenta de la persona.[\/vc_toggle][vc_empty_space][vc_separator][vc_empty_space][\/vc_column][\/vc_row][vc_row][vc_column][vc_column_text]<\/p>\n<h3>Acceso al Aprendizaje<\/h3>\n<p>[\/vc_column_text][vc_empty_space][vc_toggle title=&#8221;\u00bfC\u00f3mo compro un curso?&#8221;]Puedes licenciar un curso en el sitio web de steeluniversity y pagar con tarjeta de cr\u00e9dito o PayPal. Para compras grupales, tambi\u00e9n es posible organizar el pago mediante factura.<br \/>\n[\/vc_toggle][vc_toggle title=&#8221;\u00bfPuedo descargar un curso para instalarlo en nuestro sistema de TI?&#8221;]<br \/>\nSe puede acceder a los cursos de steeluniversity desde tu sistema de TI (por ejemplo, el sistema de gesti\u00f3n de aprendizaje) utilizando nuestra aplicaci\u00f3n steelHub. Encuentra m\u00e1s informaci\u00f3n sobre <a href=\"https:\/\/steeluniversity.org\/es\/support\/steelhub\/\">steelHub <\/a>y cont\u00e1ctanos para solicitar un presupuesto.<br \/>\n[\/vc_toggle][vc_toggle title=&#8221;\u00bfC\u00f3mo puedo acceder a mi aprendizaje?&#8221;]Los cursos comprados se agregan a tu cuenta. Inicia sesi\u00f3n en tu cuenta para acceder a tus cursos.<br \/>\n[\/vc_toggle][vc_toggle title=&#8221;\u00bfC\u00f3mo puedo administrar la capacitaci\u00f3n para un grupo de estudiantes?&#8221;]Hay dos opciones para administrar un grupo de alumnos. Para las organizaciones sin un sistema de gesti\u00f3n de aprendizaje (LMS), steeluniversity ofrece steelLMS. El aprendizaje se puede agregar a steelLMS y el administrador del grupo puede agregar estudiantes, asignar capacitaci\u00f3n y seguir el progreso. Para las organizaciones con un LMS, steeluniversity ofrece steehHub, mediante el cual se proporcionan archivos a la organizaci\u00f3n para que se vinculen con la capacitaci\u00f3n de steeluniversity desde su LMS. Los administradores de grupo agregan, asignan y rastrean utilizando su interfaz LMS familiar.[\/vc_toggle][vc_toggle title=&#8221;\u00bfQui\u00e9n ver\u00e1 mis resultados de aprendizaje?&#8221;]Si tomas un curso como individuo, solo ver\u00e1s tus resultados. Si tomas un curso que te fue asignado por tu empresa o instituci\u00f3n educativa, los administradores de tu organizaci\u00f3n tambi\u00e9n pueden ver tus resultados.<br \/>\n[\/vc_toggle][vc_empty_space][vc_separator][vc_empty_space][\/vc_column][\/vc_row][vc_row][vc_column][vc_column_text]<\/p>\n<h3>Certificados<\/h3>\n<p>[\/vc_column_text][vc_empty_space][vc_toggle title=&#8221;\u00bfRecibir\u00e9 un certificado?&#8221;]Puedes obtener un certificado para aquellos cursos que ofrecen uno pasando el examen del curso. El certificado se agregar\u00e1 a tu cuenta.[\/vc_toggle][vc_toggle title=&#8221;\u00bfC\u00f3mo puedo saber si mi certificado es v\u00e1lido?&#8221;]Puedes verificar la validez de un certificado de steeluniversity en nuestro sitio web en <a href=\"https:\/\/steeluniversity.org\/es\/catalogo\/validacion-de-certificados\/\">https:\/\/steeluniversity.org\/learn\/certificate-validation\/<\/a>. Ingresa el n\u00famero del certificado para verificar el estado.<br \/>\n[\/vc_toggle][vc_toggle title=&#8221;\u00bfC\u00f3mo obtengo mi certificado?&#8221;]Tus certificados estar\u00e1n disponibles en tu cuenta en el sitio web de steeluniversity. Inicia sesi\u00f3n y ve a &#8220;mi cuenta&#8221; para encontrar tus certificados.<br \/>\n[\/vc_toggle][vc_toggle title=&#8221;\u00bfPuedo recibir un certificado impreso por correo?&#8221;]Actualmente ofrecemos certificados electr\u00f3nicos solo para cursos en l\u00ednea. Esta es una decisi\u00f3n para simplificar la log\u00edstica de proporcionar certificados. Los certificados pueden validarse en el sitio web de steeluniversity y puedes imprimirlos.<br \/>\n[\/vc_toggle][vc_toggle title=&#8221;\u00bfPuedo obtener un certificado por completar un curso gratuito?&#8221;]<\/p>\n<p>S\u00ed, puedes obtener un certificado al completar con \u00e9xito un curso gratuito. La certificaci\u00f3n permanecer\u00e1 en tu cuenta incluso despu\u00e9s de que se haya cerrado el acceso gratuito al curso.[\/vc_toggle][vc_toggle title=&#8221;\u00bfPuedo agregar mi certificado a mi perfil de LinkedIn?&#8221;]S\u00ed. Una vez que obtengas un certificado, se agregar\u00e1 a tu cuenta. Habr\u00e1 un bot\u00f3n para agregar el certificado a tu perfil de LinkedIn.[\/vc_toggle][vc_empty_space][vc_separator][vc_empty_space][\/vc_column][\/vc_row][vc_row][vc_column][vc_column_text]<\/p>\n<h3>steelChallenge<\/h3>\n<p>[\/vc_column_text][vc_empty_space][vc_toggle title=&#8221;\u00bfQu\u00e9 es steelChallenge?&#8221;]steeluniversity organiza un steelChallenge anual que invita a quienes trabajan en la industria del acero y a los estudiantes registrados a competir en una competencia en l\u00ednea para fabricar acero utilizando nuestros simuladores.<br \/>\n[\/vc_toggle][vc_toggle title=&#8221;\u00bfCu\u00e1ndo es steelChallenge?&#8221;]La primera ronda de steelChallenge, el Campeonato Regional, tiene lugar el \u00faltimo mi\u00e9rcoles de noviembre. Los ganadores de la competencia regional est\u00e1n invitados a competir en el Campeonato Mundial programado para el abril siguiente. El d\u00eda del Campeonato Regional, la competencia durar\u00e1 24 horas desde las 12.00 UTC (mediod\u00eda) hasta las 12.00 UTC del d\u00eda siguiente.<br \/>\n[\/vc_toggle][vc_toggle title=&#8221;\u00bfC\u00f3mo compito en steelChallenge?&#8221;]La inscripci\u00f3n se abre en el sitio web de steeluniversity la primera semana de septiembre. Reg\u00edstrate en steelChallenge, toma los cursos relacionados, practica la fabricaci\u00f3n de acero en los simuladores y prep\u00e1rate para el Campeonato Regional.<br \/>\n[\/vc_toggle][vc_toggle title=&#8221;\u00bfPuedo obtener ayuda durante steelChallenge?&#8221;]Alentamos a los participantes a colaborar en la preparaci\u00f3n para steelChallenge, tomar los cursos, practicar y hacer preguntas. Los participantes deben competir individualmente durante la competencia.[\/vc_toggle][vc_toggle title=&#8221;\u00bfPuedo tener mi clasificaci\u00f3n para steelChallenge?&#8221;]Cada steelChallenge atrae a unos miles de participantes que completan decenas de miles de simulaciones. Auditamos y verificamos los mejores resultados para poder declarar a los oficiales 5 mejores de la industria y los 5 mejores estudiantes en cada regi\u00f3n de competencia. No auditamos y verificamos los otros resultados (hay demasiados para hacer de manera oportuna), por lo que podemos ofrecer una posici\u00f3n no oficial para los participantes restantes.[\/vc_toggle][vc_toggle title=&#8221;\u00bfPuedo obtener los resultados de todos en mi empresa (o instituci\u00f3n educativa)?&#8221;]Proporcionamos resultados de personas en una empresa (o instituci\u00f3n educativa) a patrocinadores de steelChallenge. Los patrocinadores nos permiten llevar steelChallenge a un p\u00fablico entusiasta y ofrecer prestigiosos premios. Para convertirse en patrocinador del pr\u00f3ximo steelChallenge, <a href=\"https:\/\/steeluniversity.org\/es\/support\/open-ticket\/\">cont\u00e1ctenos<\/a>.[\/vc_toggle][vc_empty_space][vc_separator][vc_empty_space][\/vc_column][\/vc_row][vc_row][vc_column][vc_column_text]<\/p>\n<h3>Carreras<\/h3>\n<p>[\/vc_column_text][vc_empty_space][vc_toggle title=&#8221;Estoy interesado en una carrera en la industria del acero. \u00bfC\u00f3mo puedo encontrar un trabajo?&#8221;]Estamos investigando la posibilidad de agregar una secci\u00f3n de carreras al sitio web de steeluniversity para proporcionar un centro para encontrar puestos vacantes en la industria del acero. Mientras tanto, se puede consultar la secci\u00f3n de carreras en los sitios web de empresas individuales.<br \/>\n[\/vc_toggle][vc_empty_space][\/vc_column][\/vc_row]<\/p>\n<\/div>","protected":false},"excerpt":{"rendered":"<p>[vc_row][vc_column][vc_column_text] Quienes Somos [\/vc_column_text][vc_empty_space][vc_toggle title=&#8221;\u00bfQui\u00e9n es steeluniversity?&#8221;]steeluniversity es el programa de educaci\u00f3n y capacitaci\u00f3n de World Steel Association (worldsteel). worldsteel es una asociaci\u00f3n industrial sin&hellip;<\/p>\n","protected":false},"author":2,"featured_media":0,"parent":8217,"menu_order":0,"comment_status":"closed","ping_status":"closed","template":"","meta":{"footnotes":""},"class_list":["post-47031","page","type-page","status-publish","hentry"],"aioseo_notices":[],"_links":{"self":[{"href":"https:\/\/steeluniversity.org\/es\/wp-json\/wp\/v2\/pages\/47031","targetHints":{"allow":["GET"]}}],"collection":[{"href":"https:\/\/steeluniversity.org\/es\/wp-json\/wp\/v2\/pages"}],"about":[{"href":"https:\/\/steeluniversity.org\/es\/wp-json\/wp\/v2\/types\/page"}],"author":[{"embeddable":true,"href":"https:\/\/steeluniversity.org\/es\/wp-json\/wp\/v2\/users\/2"}],"replies":[{"embeddable":true,"href":"https:\/\/steeluniversity.org\/es\/wp-json\/wp\/v2\/comments?post=47031"}],"version-history":[{"count":0,"href":"https:\/\/steeluniversity.org\/es\/wp-json\/wp\/v2\/pages\/47031\/revisions"}],"up":[{"embeddable":true,"href":"https:\/\/steeluniversity.org\/es\/wp-json\/wp\/v2\/pages\/8217"}],"wp:attachment":[{"href":"https:\/\/steeluniversity.org\/es\/wp-json\/wp\/v2\/media?parent=47031"}],"curies":[{"name":"wp","href":"https:\/\/api.w.org\/{rel}","templated":true}]}}