{"id":48282,"date":"2020-09-02T14:02:34","date_gmt":"2020-09-02T12:02:34","guid":{"rendered":"https:\/\/steeluniversity.org\/steelchallenge-15\/"},"modified":"2021-04-14T15:51:35","modified_gmt":"2021-04-14T15:51:35","slug":"steelchallenge-15","status":"publish","type":"page","link":"https:\/\/steeluniversity.org\/es\/steelchallenge-15\/","title":{"rendered":"steelChallenge-15"},"content":{"rendered":"<div class=\"wpb-content-wrapper\"><p>[vc_row][vc_column][vc_column_text]<\/p>\n<h1>steelChallenge-15<\/h1>\n<p>[\/vc_column_text][vc_empty_space][vc_column_text]<\/p>\n<h3>steelChallenge es reconocido por la comunidad mundial del acero como la competencia preeminente para involucrar a estudiantes y profesionales de la industria para mostrar su capacidad de fabricar acero con la mejor calidad al menor costo.<\/h3>\n<p>[\/vc_column_text][vc_empty_space][vc_column_text]<video class=\"videos\" style=\"border: 1px solid #999;\" crossorigin=\"anonymous\" poster=\"https:\/\/content.steeluniversity.org\/videos\/sc15\/award_ceremony_cover.jpg\" controls=\"controls\" width=\"100%\" height=\"100%\"><source src=\"https:\/\/content.steeluniversity.org\/videos\/sc15\/award_ceremony.mp4\" \/><\/video>[\/vc_column_text][vc_empty_space][vc_row_inner][vc_column_inner width=&#8221;1\/2&#8243;][vc_column_text]<\/p>\n<p style=\"text-align: center;\"><a class=\"su-btn-primary\" href=\"https:\/\/steeluniversity.org\/steelchallenge-15\/world-champions\/\">Campeones Mundiales steelChallenge-15<\/a><\/p>\n<p>[\/vc_column_text][\/vc_column_inner][vc_column_inner width=&#8221;1\/2&#8243;][vc_column_text]<\/p>\n<p style=\"text-align: center;\"><a class=\"su-btn-secondary\" href=\"https:\/\/steeluniversity.org\/es\/steelchallenge-15\/worldsteel-anuncia-los-finalistas-del-campeonato-mundial-steelchallenge-15\/\" rel=\"noopener\">Conoce a los finalistas<\/a><\/p>\n<p>[\/vc_column_text][vc_column_text]<!--\n\n\n<p style=\"text-align: center;\"><a class=\"su-btn-secondary\" href=\"#\">Conocer a los finalistas<\/a><\/p>\n\n\n-->[\/vc_column_text][\/vc_column_inner][\/vc_row_inner][vc_empty_space][vc_separator][vc_empty_space][\/vc_column][\/vc_row][vc_row][vc_column][vc_column_text]El Campeonato Regional tuvo lugar online durante 24 horas el 25 de noviembre de 2020. steelChallenge de este a\u00f1o atrajo a m\u00e1s de 1200 participantes en representaci\u00f3n de m\u00e1s de 50 empresas y alrededor de 90 instituciones acad\u00e9micas de 27 pa\u00edses. Nuevo este a\u00f1o, todos los participantes que completan con \u00e9xito una carrera de simulaci\u00f3n reciben un certificado de competencia.[\/vc_column_text][vc_empty_space][vc_single_image image=&#8221;53402&#8243; img_size=&#8221;full&#8221; alignment=&#8221;center&#8221; onclick=&#8221;link_image&#8221; label=&#8221;&#8221;][\/vc_column][\/vc_row][vc_row][vc_column][vc_empty_space height=&#8221;64px&#8221;][vc_separator][vc_empty_space][vc_column_text]<\/p>\n<p style=\"text-align: center;\">steelChallenge-15 est\u00e1 generosamente patrocinado por las siguientes compa\u00f1\u00edas:<\/p>\n<p>[\/vc_column_text][vc_empty_space][vc_row_inner][vc_column_inner width=&#8221;1\/4&#8243;]<br \/>\n[\/vc_column_inner][vc_column_inner width=&#8221;1\/4&#8243;][vc_single_image image=&#8221;48456&#8243; img_size=&#8221;full&#8221; alignment=&#8221;center&#8221;][\/vc_column_inner][vc_column_inner width=&#8221;1\/4&#8243;][vc_single_image image=&#8221;50932&#8243; img_size=&#8221;full&#8221; alignment=&#8221;center&#8221;][\/vc_column_inner][vc_column_inner width=&#8221;1\/4&#8243;][\/vc_column_inner][\/vc_row_inner][vc_row_inner][vc_column_inner width=&#8221;1\/4&#8243;][vc_single_image image=&#8221;48448&#8243; img_size=&#8221;full&#8221;][\/vc_column_inner][vc_column_inner width=&#8221;1\/4&#8243;][vc_single_image image=&#8221;52626&#8243; img_size=&#8221;full&#8221; alignment=&#8221;center&#8221;][\/vc_column_inner][vc_column_inner width=&#8221;1\/4&#8243;][vc_single_image image=&#8221;48440&#8243; img_size=&#8221;full&#8221; alignment=&#8221;center&#8221;][\/vc_column_inner][vc_column_inner width=&#8221;1\/4&#8243;][vc_single_image image=&#8221;48452&#8243; img_size=&#8221;full&#8221; alignment=&#8221;center&#8221;][\/vc_column_inner][\/vc_row_inner][vc_row_inner][vc_column_inner width=&#8221;1\/4&#8243;][vc_single_image image=&#8221;48460&#8243; img_size=&#8221;full&#8221; alignment=&#8221;center&#8221;][\/vc_column_inner][vc_column_inner width=&#8221;1\/4&#8243;][vc_single_image image=&#8221;48464&#8243; img_size=&#8221;full&#8221; alignment=&#8221;center&#8221;][\/vc_column_inner][vc_column_inner width=&#8221;1\/4&#8243;][vc_single_image image=&#8221;48432&#8243; img_size=&#8221;full&#8221; alignment=&#8221;center&#8221;][\/vc_column_inner][vc_column_inner width=&#8221;1\/4&#8243;][vc_single_image image=&#8221;48444&#8243; img_size=&#8221;full&#8221; alignment=&#8221;center&#8221;][\/vc_column_inner][\/vc_row_inner][vc_row_inner][vc_column_inner width=&#8221;1\/4&#8243;][vc_single_image image=&#8221;52540&#8243; img_size=&#8221;full&#8221; alignment=&#8221;center&#8221;][\/vc_column_inner][vc_column_inner width=&#8221;1\/4&#8243;][\/vc_column_inner][vc_column_inner width=&#8221;1\/4&#8243;][\/vc_column_inner][vc_column_inner width=&#8221;1\/4&#8243;][\/vc_column_inner][\/vc_row_inner][vc_empty_space height=&#8221;64px&#8221;][\/vc_column][\/vc_row]<\/p>\n<\/div>","protected":false},"excerpt":{"rendered":"<p>[vc_row][vc_column][vc_column_text] steelChallenge-15 [\/vc_column_text][vc_empty_space][vc_column_text] steelChallenge es reconocido por la comunidad mundial del acero como la competencia preeminente para involucrar a estudiantes y profesionales de la industria&hellip;<\/p>\n","protected":false},"author":2,"featured_media":0,"parent":0,"menu_order":0,"comment_status":"closed","ping_status":"closed","template":"","meta":{"footnotes":""},"class_list":["post-48282","page","type-page","status-publish","hentry"],"aioseo_notices":[],"_links":{"self":[{"href":"https:\/\/steeluniversity.org\/es\/wp-json\/wp\/v2\/pages\/48282","targetHints":{"allow":["GET"]}}],"collection":[{"href":"https:\/\/steeluniversity.org\/es\/wp-json\/wp\/v2\/pages"}],"about":[{"href":"https:\/\/steeluniversity.org\/es\/wp-json\/wp\/v2\/types\/page"}],"author":[{"embeddable":true,"href":"https:\/\/steeluniversity.org\/es\/wp-json\/wp\/v2\/users\/2"}],"replies":[{"embeddable":true,"href":"https:\/\/steeluniversity.org\/es\/wp-json\/wp\/v2\/comments?post=48282"}],"version-history":[{"count":0,"href":"https:\/\/steeluniversity.org\/es\/wp-json\/wp\/v2\/pages\/48282\/revisions"}],"wp:attachment":[{"href":"https:\/\/steeluniversity.org\/es\/wp-json\/wp\/v2\/media?parent=48282"}],"curies":[{"name":"wp","href":"https:\/\/api.w.org\/{rel}","templated":true}]}}