{"id":55583,"date":"2021-04-12T11:20:28","date_gmt":"2021-04-12T11:20:28","guid":{"rendered":"https:\/\/steeluniversity.org\/steelchallenge-15\/worldsteel-anuncia-los-finalistas-del-campeonato-mundial-steelchallenge-15\/"},"modified":"2021-04-12T12:33:04","modified_gmt":"2021-04-12T12:33:04","slug":"worldsteel-anuncia-los-finalistas-del-campeonato-mundial-steelchallenge-15","status":"publish","type":"page","link":"https:\/\/steeluniversity.org\/es\/steelchallenge-15\/worldsteel-anuncia-los-finalistas-del-campeonato-mundial-steelchallenge-15\/","title":{"rendered":"Conoce los finalistas del Campeonato Mundial SteelChallenge-15"},"content":{"rendered":"<div class=\"wpb-content-wrapper\"><p>[vc_row][vc_column][vc_column_text]<\/p>\n<h1>worldsteel anuncia los finalistas del Campeonato Mundial SteelChallenge-15<\/h1>\n<h2>Categor\u00eda Estudiantes<\/h2>\n<p>[\/vc_column_text][\/vc_column][\/vc_row][vc_row][vc_column][vc_empty_space][vc_column_text]<strong>Andre GUIMARAES<\/strong><\/p>\n<p><strong>Estudiante de Finanzas, Universidad de Westminster<br \/>\n<\/strong><strong>Campe\u00f3n Regional, Europa y \u00c1frica <\/strong> <\/p>\n<p><img loading=\"lazy\" decoding=\"async\" class=\"alignright size-full wp-image-55421\" src=\"https:\/\/steeluniversity.org\/wp-content\/uploads\/2021\/04\/guimares-sch15-250x250-1.png\" alt=\"\" width=\"250\" height=\"250\" srcset=\"https:\/\/steeluniversity.org\/wp-content\/uploads\/2021\/04\/guimares-sch15-250x250-1.png 250w, https:\/\/steeluniversity.org\/wp-content\/uploads\/2021\/04\/guimares-sch15-250x250-1-100x100.png 100w, https:\/\/steeluniversity.org\/wp-content\/uploads\/2021\/04\/guimares-sch15-250x250-1-150x150.png 150w\" sizes=\"auto, (max-width: 250px) 100vw, 250px\" \/>Andre estudi\u00f3 Ingenier\u00eda en la Universidade Federal do Ceara (Brasil) antes de mudarse a Londres, donde comenz\u00f3 a estudiar Finanzas.<\/p>\n<p>\u201cConozco steelChallenge desde que estudiaba Ingenier\u00eda en Brasil y siempre fue algo de inter\u00e9s para m\u00ed, ya que steeluniversity es una organizaci\u00f3n reconocida a nivel mundial. Por lo tanto, aprovech\u00e9 la oportunidad para competir en el Campeonato Regional steelChallenge-15. Estoy agradecido de ser el Campe\u00f3n Regional, ya que me da la posibilidad de competir en el Campeonato Mundial.\u201d<\/p>\n<p>\u201cCreo que este logro tendr\u00e1 un gran impacto en mi empleabilidad y abrir\u00e1 muchas puertas en mi futura carrera. Y, por supuesto, es un gran logro personal. Tengo muchas ganas de competir en el Campeonato Mundial steelChallenge-15 y dar\u00e9 lo mejor de m\u00ed para salir victorioso una vez m\u00e1s \u201d.[\/vc_column_text][vc_empty_space][vc_separator][\/vc_column][\/vc_row][vc_row][vc_column][vc_empty_space][vc_column_text]<strong>Darley LIMA<\/strong><\/p>\n<p><strong>Estudiante del Doctorado en Ingenier\u00eda y Ciencia de los Materiales, Universidad Federal de Cear\u00e1<br \/>\n<\/strong><strong>Campe\u00f3n Regional, Am\u00e9ricas <\/strong> <\/p>\n<p><img loading=\"lazy\" decoding=\"async\" class=\"alignright size-full wp-image-55426\" src=\"https:\/\/steeluniversity.org\/wp-content\/uploads\/2021\/04\/lima-sch15-250x250-1.png\" alt=\"\" width=\"250\" height=\"250\" srcset=\"https:\/\/steeluniversity.org\/wp-content\/uploads\/2021\/04\/lima-sch15-250x250-1.png 250w, https:\/\/steeluniversity.org\/wp-content\/uploads\/2021\/04\/lima-sch15-250x250-1-100x100.png 100w, https:\/\/steeluniversity.org\/wp-content\/uploads\/2021\/04\/lima-sch15-250x250-1-150x150.png 150w\" sizes=\"auto, (max-width: 250px) 100vw, 250px\" \/>Darley est\u00e1 cursando actualmente, desde 2020, un doctorado en Ingenier\u00eda y Ciencia de los Materiales en la Universidad Federal de Cear\u00e1. En la misma universidad, obtuvo su maestr\u00eda en Ingenier\u00eda y Ciencia de Materiales en 2018. Ese mismo a\u00f1o, obtuvo un MBA en Gesti\u00f3n de Proyectos en UniAteneu.<\/p>\n<p>Darley trabaja actualmente en el LPC &#8211; Laboratorio de Investigaci\u00f3n de Corrosi\u00f3n. Se incorpor\u00f3 al Laboratorio de Investigaci\u00f3n de Corrosi\u00f3n en 2016, como consultor en Companhia Sider\u00fargica do Pec\u00e9m y Termoel\u00e9trica Pec\u00e9m.<\/p>\n<p>Antes de unirse al LPC, Darley adquiri\u00f3 experiencia en LAMEFF &#8211; Laboratorio de Mecanismos de Fractura y Fatiga.<\/p>\n<p>\u201cParticip\u00e9 en steelChallenge-15 porque creo que el desaf\u00edo no es solo una forma de preparar a los profesionales para un mercado de producci\u00f3n de acero cada vez m\u00e1s avanzado y tecnol\u00f3gico, sino que tambi\u00e9n ofrece a j\u00f3venes brillantes la oportunidad de destacarse en el mercado industrial.<\/p>\n<p>Adem\u00e1s de estos puntos principales, hay una fortaleza que tambi\u00e9n me motiva a participar siempre en el desaf\u00edo. La esperanza de que, de alguna manera, mi trayectoria pueda influir en m\u00e1s j\u00f3venes pobres para que crean que es posible ganar a trav\u00e9s de la educaci\u00f3n \u201d.<\/p>\n<p>\u201cCreo que con la conquista del desaf\u00edo surgir\u00e1n m\u00e1s oportunidades industriales y la oportunidad de transmitir los conocimientos adquiridos en este largo camino hacia la victoria\u201d.[\/vc_column_text][vc_empty_space][vc_separator][\/vc_column][\/vc_row][vc_row][vc_column][vc_empty_space][vc_column_text]<strong>Abdelrahman HOSNY GOMMA<\/strong><\/p>\n<p><strong>Estudiante de Ingenier\u00eda Mec\u00e1nica, Universidad de Abu Dhabi<br \/>\n<\/strong><strong>Campe\u00f3n Regional, Asia Occidental <\/strong> <\/p>\n<p><img loading=\"lazy\" decoding=\"async\" class=\"alignright size-full wp-image-55431\" src=\"https:\/\/steeluniversity.org\/wp-content\/uploads\/2021\/04\/gomaa-sch15-250x250-1.png\" alt=\"\" width=\"250\" height=\"250\" srcset=\"https:\/\/steeluniversity.org\/wp-content\/uploads\/2021\/04\/gomaa-sch15-250x250-1.png 250w, https:\/\/steeluniversity.org\/wp-content\/uploads\/2021\/04\/gomaa-sch15-250x250-1-100x100.png 100w, https:\/\/steeluniversity.org\/wp-content\/uploads\/2021\/04\/gomaa-sch15-250x250-1-150x150.png 150w\" sizes=\"auto, (max-width: 250px) 100vw, 250px\" \/>Abdelrahman se gradu\u00f3 de su escuela secundaria, la Escuela Acad\u00e9mica Internacional, como estudiante del Cuadro de Honor en las asignaturas de ciencias. Actualmente, est\u00e1 estudiando Ingenier\u00eda Mec\u00e1nica en la Universidad de Abu Dhabi y mantiene un GPA (promedio de notas) de 3.9.<\/p>\n<p>\u201cParticip\u00e9 en steelChallenge por muchas razones. Por supuesto, la principal es el hecho de que estoy muy decidido a desafiarme a m\u00ed mismo y quiero mejorar y aprender, steelChallenge me ayuda a lograrlo. Aparte de eso, estaba decidido a convertirme en el primer \u00e1rabe en ganar el desaf\u00edo en la regi\u00f3n. Ojal\u00e1 me convierta en el primer \u00e1rabe en convertirme en Campe\u00f3n Mundial. Creo que steelChallenge puede aumentar mis posibilidades a la hora de buscar trabajo, ayudarme a destacar y permitirme tener una ventaja al postularme. Tambi\u00e9n me dar\u00e1 un poco de publicidad en el campo y tal vez incluso me brinde la oportunidad de trabajar para Emirates Steel \u201d.[\/vc_column_text][vc_empty_space][vc_separator][\/vc_column][\/vc_row][vc_row][vc_column][vc_empty_space][vc_column_text]<strong>Zhihao ZHENG<\/strong><\/p>\n<p><strong>Estudiante Junior de Ingenier\u00eda Metal\u00fargica, Universidad de Ciencia y Tecnolog\u00eda de Wuhan<br \/>\n<\/strong><strong>Campe\u00f3n Regional, Asia del Norte <\/strong> <\/p>\n<p><img loading=\"lazy\" decoding=\"async\" class=\"alignright size-full wp-image-55435\" src=\"https:\/\/steeluniversity.org\/wp-content\/uploads\/2021\/04\/zheng-sch15-250x250-1.png\" alt=\"\" width=\"250\" height=\"250\" srcset=\"https:\/\/steeluniversity.org\/wp-content\/uploads\/2021\/04\/zheng-sch15-250x250-1.png 250w, https:\/\/steeluniversity.org\/wp-content\/uploads\/2021\/04\/zheng-sch15-250x250-1-100x100.png 100w, https:\/\/steeluniversity.org\/wp-content\/uploads\/2021\/04\/zheng-sch15-250x250-1-150x150.png 150w\" sizes=\"auto, (max-width: 250px) 100vw, 250px\" \/>Zhihao naci\u00f3 el 25 de marzo de 2000 en Xiaogan, Hubei, China. Es un estudiante junior en la Universidad de Ciencia y Tecnolog\u00eda de Wuhan con especializaci\u00f3n en ingenier\u00eda metal\u00fargica, con la esperanza de completar su licenciatura en el verano de 2022. Ha sido recomendado a WUST para estudios de posgrado por su excelente desempe\u00f1o.<\/p>\n<p>Despu\u00e9s de graduarse, aspira a trabajar para la industria metal\u00fargica como ingeniero.<\/p>\n<p>Le gusta participar en concursos de ciencia y tecnolog\u00eda en su tiempo libre. Como competencia internacional en la industria del acero, Zhihao cree que steelChallenge-15 puede mejorar su propio conocimiento profesional.[\/vc_column_text][vc_empty_space][vc_separator][\/vc_column][\/vc_row][vc_row][vc_column][vc_empty_space][vc_column_text]<strong>Ik Hwan KWON<\/strong><\/p>\n<p><strong>Estudiante S\u00e9nior, Universidad de Donga<br \/>\n<\/strong><strong>Campe\u00f3n Regional, Asia Oriental y Ocean\u00eda <\/strong> <\/p>\n<p><img loading=\"lazy\" decoding=\"async\" class=\"alignright size-full wp-image-55439\" src=\"https:\/\/steeluniversity.org\/wp-content\/uploads\/2021\/04\/kwon-sch15-250x250-v2.png\" alt=\"\" width=\"250\" height=\"250\" srcset=\"https:\/\/steeluniversity.org\/wp-content\/uploads\/2021\/04\/kwon-sch15-250x250-v2.png 250w, https:\/\/steeluniversity.org\/wp-content\/uploads\/2021\/04\/kwon-sch15-250x250-v2-100x100.png 100w, https:\/\/steeluniversity.org\/wp-content\/uploads\/2021\/04\/kwon-sch15-250x250-v2-150x150.png 150w\" sizes=\"auto, (max-width: 250px) 100vw, 250px\" \/>Ik Hwan est\u00e1 cursando una licenciatura en el Departamento de Ciencia e Ingenier\u00eda de Materiales de la Universidad de Donga. Es estudiante del \u00faltimo a\u00f1o.<\/p>\n<p>\u201cParticip\u00e9 en steelChallenge porque es un concurso relacionado con lo que estoy aprendiendo en la universidad. Fue una buena experiencia, aunque fue un proceso intenso. Creo que nunca antes hab\u00eda usado tanta energ\u00eda en un d\u00eda. Creo que este logro ser\u00e1 \u00fatil para trabajar con acero en el futuro.&#8221;[\/vc_column_text][vc_empty_space][vc_separator][\/vc_column][\/vc_row][vc_row][vc_column][vc_empty_space][vc_column_text]<\/p>\n<h2>Categor\u00eda Industria<\/h2>\n<p>[\/vc_column_text][\/vc_column][\/vc_row][vc_row][vc_column][vc_empty_space][vc_column_text]<strong>Alexander NESMEEV<\/strong><\/p>\n<p><strong>Experto en Acer\u00eda, TMK<br \/>\n<\/strong><strong>Campe\u00f3n Regional, Europa y \u00c1frica <\/strong> <\/p>\n<p><img loading=\"lazy\" decoding=\"async\" class=\"alignright size-full wp-image-55443\" src=\"https:\/\/steeluniversity.org\/wp-content\/uploads\/2021\/04\/nesmeev-sch15-250x250-v2.png\" alt=\"\" width=\"250\" height=\"250\" srcset=\"https:\/\/steeluniversity.org\/wp-content\/uploads\/2021\/04\/nesmeev-sch15-250x250-v2.png 250w, https:\/\/steeluniversity.org\/wp-content\/uploads\/2021\/04\/nesmeev-sch15-250x250-v2-100x100.png 100w, https:\/\/steeluniversity.org\/wp-content\/uploads\/2021\/04\/nesmeev-sch15-250x250-v2-150x150.png 150w\" sizes=\"auto, (max-width: 250px) 100vw, 250px\" \/>Alexander trabaj\u00f3 como fabricante de acero durante 11 a\u00f1os. Actualmente trabaja como experto en siderurgia. Participa en la introducci\u00f3n de la producci\u00f3n digital en TMK, en particular en la creaci\u00f3n del sistema MES (por sus siglas en ingl\u00e9s, Manufacturing Execution System).<\/p>\n<p>En enero de este a\u00f1o defendi\u00f3 su tesis de maestr\u00eda y recibi\u00f3 una maestr\u00eda en metalurgia ferrosa de la Universidad Federal de los Urales que lleva el nombre del Primer Presidente de Rusia, B. N. Yeltsin.<\/p>\n<p>\u201cParticip\u00e9 en steelChallenge porque realmente me gustan los simuladores y quer\u00eda poner a prueba mis conocimientos, calificaciones y habilidades. Realmente espero que una actuaci\u00f3n exitosa d\u00e9 un impulso a mi carrera.&#8221;[\/vc_column_text][vc_empty_space][vc_separator][\/vc_column][\/vc_row][vc_row][vc_column][vc_empty_space][vc_column_text]<strong>Bruno GALDINO<\/strong><\/p>\n<p><strong>Analista de Ventas Senior, Companhia Sider\u00fargica do Pec\u00e9m<br \/>\n<\/strong><strong>Campe\u00f3n Regional, Am\u00e9ricas <\/strong> <\/p>\n<p><img loading=\"lazy\" decoding=\"async\" class=\"alignright size-full wp-image-55447\" src=\"https:\/\/steeluniversity.org\/wp-content\/uploads\/2021\/04\/galdino-sch15-250x250-v2.png\" alt=\"\" width=\"250\" height=\"250\" srcset=\"https:\/\/steeluniversity.org\/wp-content\/uploads\/2021\/04\/galdino-sch15-250x250-v2.png 250w, https:\/\/steeluniversity.org\/wp-content\/uploads\/2021\/04\/galdino-sch15-250x250-v2-100x100.png 100w, https:\/\/steeluniversity.org\/wp-content\/uploads\/2021\/04\/galdino-sch15-250x250-v2-150x150.png 150w\" sizes=\"auto, (max-width: 250px) 100vw, 250px\" \/>Bruno trabaja actualmente como Analista de Ventas Senior en CSP, Companhia Sider\u00fargica do Pec\u00e9m. Antes de unirse a CSP, adquiri\u00f3 experiencia como Analista de Procesos y Vendedor T\u00e9cnico en Polimatec.<\/p>\n<p>En la Universidad Federal de Cear\u00e1, Bruno obtuvo su t\u00edtulo en Ingenier\u00eda Metal\u00fargica en 2016. Durante sus estudios, pas\u00f3 un a\u00f1o en la Universidad de Ciencia y Tecnolog\u00eda de Beijing y realiz\u00f3 una pasant\u00eda en una planta de fabricaci\u00f3n de hierro en Xuzhou. Continu\u00f3 su educaci\u00f3n entre 2016 y 2018 con un MBA en Gesti\u00f3n de Proyectos en Unichristus en Ceara, Brasil.<\/p>\n<p>Bruno no es ajeno a steelChallenge. Alcanz\u00f3 el top 4 en su regi\u00f3n en la categor\u00eda de industria en steelChallenge-14.[\/vc_column_text][vc_empty_space][vc_separator][\/vc_column][\/vc_row][vc_row][vc_column][vc_empty_space][vc_column_text]<strong>Uday Kumar BHAKAT<\/strong><\/p>\n<p><strong>Ingeniero Junior, Tata Steel Limited<br \/>\n<\/strong><strong>Campe\u00f3n Regional, Asia Occidental<\/strong><\/p>\n<p><img loading=\"lazy\" decoding=\"async\" class=\"alignright size-full wp-image-55451\" src=\"https:\/\/steeluniversity.org\/wp-content\/uploads\/2021\/04\/bhakat-sch15-250x250-1.png\" alt=\"\" width=\"250\" height=\"250\" srcset=\"https:\/\/steeluniversity.org\/wp-content\/uploads\/2021\/04\/bhakat-sch15-250x250-1.png 250w, https:\/\/steeluniversity.org\/wp-content\/uploads\/2021\/04\/bhakat-sch15-250x250-1-100x100.png 100w, https:\/\/steeluniversity.org\/wp-content\/uploads\/2021\/04\/bhakat-sch15-250x250-1-150x150.png 150w\" sizes=\"auto, (max-width: 250px) 100vw, 250px\" \/>Despu\u00e9s de completar su formaci\u00f3n como Aprendiz de Ingeniero Junior en el Instituto T\u00e9cnico Shavak Nanavati (SNTI), Uday se uni\u00f3 a Tata Steel Ltd. como Ingeniero Junior. Se uni\u00f3 a Tata Steel en 2019 justo despu\u00e9s de obtener su diploma de la Polit\u00e9cnica del Gobierno en Adityapur. Uday fue miembro activo de una exposici\u00f3n t\u00e9cnica organizada por SNTI con el nombre de proyecto \u201cDetecci\u00f3n Online de Romboidez en Colada Continua\u201d.<\/p>\n<p>\u201csteelChallenge da mucha exposici\u00f3n a los aspectos pr\u00e1cticos de la fabricaci\u00f3n del acero. Personalmente he aprendido varios conceptos y estrategias sobre la metalurgia secundaria y la colada continua. No solo proporciona conocimientos te\u00f3ricos, sino que tambi\u00e9n proporciona un enfoque pr\u00e1ctico para la fabricaci\u00f3n de acero. La participaci\u00f3n en este desaf\u00edo fue parte de nuestra capacitaci\u00f3n en SNTI para brindar a los aprendices una exposici\u00f3n al proceso de fabricaci\u00f3n de acero.\u201d<\/p>\n<p>\u201cLa experiencia general de este viaje tendr\u00e1 un impacto significativo en mi carrera en la industria del acero. El conocimiento y la informaci\u00f3n generales que obtuve han agudizado mis destrezas y habilidades, lo que definitivamente me dar\u00e1 una ventaja sobre los dem\u00e1s.&#8221;[\/vc_column_text][vc_empty_space][vc_separator][\/vc_column][\/vc_row][vc_row][vc_column][vc_empty_space][vc_column_text]<strong>Xiaowei SHI (<\/strong><strong>\u6653\u4f1f<\/strong> <strong>\u77f3<\/strong><strong>)<\/strong><\/p>\n<p><strong>Ingeniero de Desarrollo de Productos, Grupo HBIS<br \/>\n<\/strong><strong>Campe\u00f3n regional, Asia del Norte <\/strong> <\/p>\n<p><img loading=\"lazy\" decoding=\"async\" class=\"alignright size-full wp-image-55455\" src=\"https:\/\/steeluniversity.org\/wp-content\/uploads\/2021\/04\/shi-sch15-250x250-1.png\" alt=\"\" width=\"250\" height=\"250\" srcset=\"https:\/\/steeluniversity.org\/wp-content\/uploads\/2021\/04\/shi-sch15-250x250-1.png 250w, https:\/\/steeluniversity.org\/wp-content\/uploads\/2021\/04\/shi-sch15-250x250-1-100x100.png 100w, https:\/\/steeluniversity.org\/wp-content\/uploads\/2021\/04\/shi-sch15-250x250-1-150x150.png 150w\" sizes=\"auto, (max-width: 250px) 100vw, 250px\" \/>Xiaowei, nacido en junio de 1991, se gradu\u00f3 con una maestr\u00eda en Ingenier\u00eda Metal\u00fargica de la Northeastern University en julio de 2015. Actualmente, se desempe\u00f1a como Ingeniero de Desarrollo de Productos en HBIS Group. Ha estado involucrado en el desarrollo de productos y la investigaci\u00f3n de procesos de fabricaci\u00f3n de acero, est\u00e1 comprometido con mejorar la limpieza del acero fundido para la industria del autom\u00f3vil y promover el progreso de la tecnolog\u00eda de fabricaci\u00f3n de acero.<\/p>\n<p>\u201csteelChallenge es reconocido por la comunidad sider\u00fargica mundial como la competencia preeminente para involucrar a estudiantes y profesionales de la industria para que demuestren su capacidad. Es la competencia de m\u00e1s alto nivel y m\u00e1s autorizada en la industria del acero. Es un gran honor para m\u00ed participar en este concurso. Existen muchas similitudes entre el sistema de simulaci\u00f3n de steelChallenge y la producci\u00f3n real, que tiene una gran importancia orientadora para la producci\u00f3n in situ. Al participar en steelChallenge, puedo competir con talentos sobresalientes de muchas plantas sider\u00fargicas famosas en el mundo, ampliar mi visi\u00f3n y mejorar mis habilidades t\u00e9cnicas.\u201d<\/p>\n<p>\u201cSer\u00e1 una experiencia inolvidable para m\u00ed participar en steelChallenge y obtener buenos resultados en la competencia. Al participar en steelChallenge, he mejorado mis conocimientos te\u00f3ricos y he conocido a muchos talentos excelentes en la industria del hierro y el acero. Lo que me enorgullece es que puedo destacar en la competencia, estar a la altura de mis esfuerzos y ganar el honor para HBIS Group.&#8221;[\/vc_column_text][vc_empty_space][vc_separator][\/vc_column][\/vc_row][vc_row][vc_column][vc_empty_space][vc_column_text]<strong>Jung-Ho Choi <\/strong><\/p>\n<p><strong>Ingeniero Sider\u00fargico, POSCO<br \/>\n<\/strong><strong>Campe\u00f3n Regional, Asia Oriental y Ocean\u00eda<\/strong><\/p>\n<p><img loading=\"lazy\" decoding=\"async\" class=\"alignright size-full wp-image-55459\" src=\"https:\/\/steeluniversity.org\/wp-content\/uploads\/2021\/04\/choi-sch15-250x250-1.png\" alt=\"\" width=\"250\" height=\"250\" srcset=\"https:\/\/steeluniversity.org\/wp-content\/uploads\/2021\/04\/choi-sch15-250x250-1.png 250w, https:\/\/steeluniversity.org\/wp-content\/uploads\/2021\/04\/choi-sch15-250x250-1-100x100.png 100w, https:\/\/steeluniversity.org\/wp-content\/uploads\/2021\/04\/choi-sch15-250x250-1-150x150.png 150w\" sizes=\"auto, (max-width: 250px) 100vw, 250px\" \/>Durante sus estudios en la Universidad de Hanyang, Jung-Ho pas\u00f3 dos semestres como estudiante de intercambio en la Hogeschool van Amsterdam.<\/p>\n<p>Se uni\u00f3 a POSCO por primera vez en 2015 y trabaj\u00f3 en varias funciones, a saber, Ingeniero de Fabricaci\u00f3n de Acero, Ingeniero de An\u00e1lisis de Costos e Ingeniero de Servicio T\u00e9cnico. Actualmente, se desempe\u00f1a como Ingeniero Sider\u00fargico en el Departamento de Desarrollo Sider\u00fargico.<\/p>\n<p>\u201cHe estado participando en steelChallenge durante seis a\u00f1os. En este campo, todo el mundo conoce este desaf\u00edo de simulaci\u00f3n y, por supuesto, tambi\u00e9n creo que<\/p>\n<p>todo el mundo quiere ser finalista y ganar los premios. A medida que particip\u00e9 a lo largo de los a\u00f1os, me di cuenta de que esta competencia de simulaci\u00f3n se basa en un significado y un conocimiento m\u00e1s profundos m\u00e1s all\u00e1 de un juego, lo que significa que el premio en la competencia puede ser un honor de clase mundial.&#8221;<\/p>\n<p>\u201cMi empresa atribuye un gran valor a convertirse en finalista o ganador de este concurso. Adem\u00e1s, creo que me enorgullecer\u00e1 mucho la optimizaci\u00f3n de procesos o el desarrollo de la tecnolog\u00eda de fabricaci\u00f3n de acero que estoy haciendo en mi trabajo de construcci\u00f3n de sistemas de f\u00e1bricas inteligentes.\u201d[\/vc_column_text][vc_empty_space][vc_separator][\/vc_column][\/vc_row][vc_row][vc_column][vc_empty_space][vc_column_text]<\/p>\n<p style=\"text-align: center;\">steelChallenge-15 est\u00e1 generosamente patrocinado por las siguientes compa\u00f1\u00edas:<\/p>\n<p>[\/vc_column_text][vc_empty_space][vc_row_inner][vc_column_inner width=&#8221;1\/4&#8243;]<br \/>\n[\/vc_column_inner][vc_column_inner width=&#8221;1\/4&#8243;][vc_single_image image=&#8221;48456&#8243; img_size=&#8221;full&#8221; alignment=&#8221;center&#8221;][\/vc_column_inner][vc_column_inner width=&#8221;1\/4&#8243;][vc_single_image image=&#8221;50932&#8243; img_size=&#8221;full&#8221; alignment=&#8221;center&#8221;][\/vc_column_inner][vc_column_inner width=&#8221;1\/4&#8243;][\/vc_column_inner][\/vc_row_inner][vc_empty_space][vc_row_inner][vc_column_inner width=&#8221;1\/4&#8243;][vc_single_image image=&#8221;48448&#8243; img_size=&#8221;full&#8221;][\/vc_column_inner][vc_column_inner width=&#8221;1\/4&#8243;][vc_single_image image=&#8221;52626&#8243; img_size=&#8221;full&#8221; alignment=&#8221;center&#8221;][\/vc_column_inner][vc_column_inner width=&#8221;1\/4&#8243;][vc_single_image image=&#8221;48440&#8243; img_size=&#8221;full&#8221; alignment=&#8221;center&#8221;][\/vc_column_inner][vc_column_inner width=&#8221;1\/4&#8243;][vc_single_image image=&#8221;48452&#8243; img_size=&#8221;full&#8221; alignment=&#8221;center&#8221;][\/vc_column_inner][\/vc_row_inner][vc_empty_space][vc_row_inner][vc_column_inner width=&#8221;1\/4&#8243;][vc_single_image image=&#8221;48460&#8243; img_size=&#8221;full&#8221; alignment=&#8221;center&#8221;][\/vc_column_inner][vc_column_inner width=&#8221;1\/4&#8243;][vc_single_image image=&#8221;48464&#8243; img_size=&#8221;full&#8221; alignment=&#8221;center&#8221;][\/vc_column_inner][vc_column_inner width=&#8221;1\/4&#8243;][vc_single_image image=&#8221;48432&#8243; img_size=&#8221;full&#8221; alignment=&#8221;center&#8221;][\/vc_column_inner][vc_column_inner width=&#8221;1\/4&#8243;][vc_single_image image=&#8221;48444&#8243; img_size=&#8221;full&#8221; alignment=&#8221;center&#8221;][\/vc_column_inner][\/vc_row_inner][vc_empty_space][vc_row_inner][vc_column_inner width=&#8221;1\/4&#8243;][vc_single_image image=&#8221;52540&#8243; img_size=&#8221;full&#8221; alignment=&#8221;center&#8221;][\/vc_column_inner][vc_column_inner width=&#8221;1\/4&#8243;][\/vc_column_inner][vc_column_inner width=&#8221;1\/4&#8243;][\/vc_column_inner][vc_column_inner width=&#8221;1\/4&#8243;][\/vc_column_inner][\/vc_row_inner][vc_empty_space height=&#8221;64px&#8221;][\/vc_column][\/vc_row]<\/p>\n<\/div>","protected":false},"excerpt":{"rendered":"<p>[vc_row][vc_column][vc_column_text] worldsteel anuncia los finalistas del Campeonato Mundial SteelChallenge-15 Categor\u00eda Estudiantes [\/vc_column_text][\/vc_column][\/vc_row][vc_row][vc_column][vc_empty_space][vc_column_text]Andre GUIMARAES Estudiante de Finanzas, Universidad de Westminster Campe\u00f3n Regional, Europa y \u00c1frica Andre&hellip;<\/p>\n","protected":false},"author":2,"featured_media":0,"parent":48282,"menu_order":0,"comment_status":"closed","ping_status":"closed","template":"","meta":{"footnotes":""},"class_list":["post-55583","page","type-page","status-publish","hentry"],"aioseo_notices":[],"_links":{"self":[{"href":"https:\/\/steeluniversity.org\/es\/wp-json\/wp\/v2\/pages\/55583","targetHints":{"allow":["GET"]}}],"collection":[{"href":"https:\/\/steeluniversity.org\/es\/wp-json\/wp\/v2\/pages"}],"about":[{"href":"https:\/\/steeluniversity.org\/es\/wp-json\/wp\/v2\/types\/page"}],"author":[{"embeddable":true,"href":"https:\/\/steeluniversity.org\/es\/wp-json\/wp\/v2\/users\/2"}],"replies":[{"embeddable":true,"href":"https:\/\/steeluniversity.org\/es\/wp-json\/wp\/v2\/comments?post=55583"}],"version-history":[{"count":0,"href":"https:\/\/steeluniversity.org\/es\/wp-json\/wp\/v2\/pages\/55583\/revisions"}],"up":[{"embeddable":true,"href":"https:\/\/steeluniversity.org\/es\/wp-json\/wp\/v2\/pages\/48282"}],"wp:attachment":[{"href":"https:\/\/steeluniversity.org\/es\/wp-json\/wp\/v2\/media?parent=55583"}],"curies":[{"name":"wp","href":"https:\/\/api.w.org\/{rel}","templated":true}]}}