{"id":55652,"date":"2021-04-14T15:37:09","date_gmt":"2021-04-14T15:37:09","guid":{"rendered":"https:\/\/steeluniversity.org\/steelchallenge-15\/campeones-mundiales-steelchallenge-15\/"},"modified":"2021-04-14T15:37:12","modified_gmt":"2021-04-14T15:37:12","slug":"campeones-mundiales-steelchallenge-15","status":"publish","type":"page","link":"https:\/\/steeluniversity.org\/es\/steelchallenge-15\/campeones-mundiales-steelchallenge-15\/","title":{"rendered":"Campeones Mundiales steelChallenge-15"},"content":{"rendered":"<div class=\"wpb-content-wrapper\"><p>[vc_row][vc_column][vc_column_text]<\/p>\n<h1>Campeones Mundiales steelChallenge-15<\/h1>\n<p><strong>13 de abril de 2021 | Bruselas, B\u00e9lgica. La Asociaci\u00f3n Mundial del Acero (worldsteel) anunci\u00f3 hoy a los nuevos Campeones Mundiales del 15\u00b0 steelChallenge. Xiaowei Shi de HBIS Group en China gan\u00f3 en la categor\u00eda industria y Darley da Silva Lima de la Universidade Federal do Cear\u00e1 en Brasil gan\u00f3 en la categor\u00eda estudiantes.<\/strong><\/p>\n<p>El Campeonato Mundial del 15\u00ba steelChallenge se llev\u00f3 a cabo en l\u00ednea el 12 de abril de 2021. El concurso se realiz\u00f3 de forma remota para seguir las pautas de distanciamiento social de las autoridades sanitarias de todo el mundo.[\/vc_column_text][vc_empty_space][vc_column_text]<video class=\"videos\" style=\"border: 1px solid #999;\" crossorigin=\"anonymous\" poster=\"https:\/\/content.steeluniversity.org\/videos\/sc15\/award_ceremony_cover.jpg\" controls=\"controls\" width=\"100%\" height=\"100%\"><source src=\"https:\/\/content.steeluniversity.org\/videos\/sc15\/award_ceremony.mp4\" \/><\/video>[\/vc_column_text][vc_empty_space][vc_column_text]Los 5 ganadores del Campeonato Regional de cada una de las categor\u00edas Industria y Estudiantes compitieron por el t\u00edtulo mundial. La tarea consist\u00eda en producir un grado de acero de ingenier\u00eda espec\u00edfico al menor costo utilizando los cursos de metalurgia secundaria y de colada continua de steeluniversity en una simulaci\u00f3n combinada.<\/p>\n<p>Scott Chubbs, Director de steeluniversity de worldsteel, dijo: \u201cFelicitaciones a los Campeones Mundiales y a todos los finalistas por una competencia tremenda. El trabajo que emprendieron para estar en la cima de la competencia fue evidente a trav\u00e9s de sus soluciones de fabricaci\u00f3n de acero. Creo que fuimos testigos de c\u00f3mo los futuros l\u00edderes de la industria conquistaron el steelChallenge-15 \u201d.<\/p>\n<p>El Campe\u00f3n Mundial de 2021 en la categor\u00eda industria, Xiaowei Shi dijo: \u201cEl desaf\u00edo fue realmente dif\u00edcil y estoy encantado de ser el Campe\u00f3n Mundial de la industria. steelChallenge es la competencia de m\u00e1s alto nivel y m\u00e1s autorizada en la industria del acero. Es un gran honor para m\u00ed participar en esta competencia.&#8221;<\/p>\n<p>Darley da Silva Lima, Campe\u00f3n Mundial en la categor\u00eda estudiantes para 2021, dijo: \u201cEstoy muy feliz de ser el Campe\u00f3n Mundial de estudiantes. Fue una oportunidad incre\u00edble para mejorar mis conocimientos sobre la fabricaci\u00f3n de acero y conocer gente de todo el mundo. Disfrut\u00e9 de steelChallenge y ser\u00e1 \u00fatil para trabajar en la industria del acero.\u201d<\/p>\n<p>Algo nuevo este a\u00f1o: todos los participantes registrados recibieron acceso a los cursos de Metalurgia Secundaria y de Colada Continua, incluyendo e-learning, modelos interactivos 3D y simuladores. Los participantes inscritos que completaron el curso de Metalurgia Secundaria y el curso de Colada Continua recibieron certificados de finalizaci\u00f3n para cada curso. Adem\u00e1s, los participantes que completaron con \u00e9xito una simulaci\u00f3n durante SteelChallenge-15 recibieron un certificado de competici\u00f3n.[\/vc_column_text][vc_empty_space][vc_column_text]<\/p>\n<h3>Finalistas del Campeonato Mundial &#8211; Categor\u00eda Industria<\/h3>\n<table>\n<tbody>\n<tr>\n<td width=\"255\"><strong>Persona<\/strong><\/td>\n<td width=\"57\"><strong>Regi\u00f3n<\/strong><\/td>\n<td width=\"227\"><strong>Asociaci\u00f3n<\/strong><\/td>\n<td width=\"105\"><strong>Pa\u00eds<\/strong><\/td>\n<\/tr>\n<tr>\n<td width=\"57\">Alexander Nesmeev<\/td>\n<td width=\"255\">Europa y \u00c1frica<\/td>\n<td width=\"227\">TMK<\/td>\n<td width=\"105\">Rusia<\/td>\n<\/tr>\n<tr>\n<td width=\"57\">Bruno Galdino Sousa<\/td>\n<td width=\"255\">Am\u00e9ricas<\/td>\n<td width=\"227\">Compa\u00f1\u00eda Sider\u00fargica do Pec\u00e9m<\/td>\n<td width=\"105\">Brasil<\/td>\n<\/tr>\n<tr>\n<td width=\"57\">Uday Kumar Bhakat<\/td>\n<td width=\"255\">Asia &#8211; Oeste<\/td>\n<td width=\"227\">Tata Steel Limited<\/td>\n<td width=\"105\">India<\/td>\n<\/tr>\n<tr>\n<td width=\"57\">Xiaowei Shi (\u6653\u4f1f \u77f3)<\/td>\n<td width=\"255\">Asia &#8211; Norte<\/td>\n<td width=\"227\">HBIS Group<\/td>\n<td width=\"105\">China<\/td>\n<\/tr>\n<tr>\n<td width=\"57\">Jungho Choi<\/td>\n<td width=\"255\">Asia &#8211; Este y Ocean\u00eda<\/td>\n<td width=\"227\">POSCO<\/td>\n<td width=\"105\">Corea del Sur<\/td>\n<\/tr>\n<\/tbody>\n<\/table>\n<p>[\/vc_column_text][vc_empty_space height=&#8221;46px&#8221;][vc_column_text]<\/p>\n<h3>Finalistas del Campeonato Mundial &#8211; Categor\u00eda Estudiante<\/h3>\n<table>\n<tbody>\n<tr>\n<td width=\"255\"><strong>Persona<\/strong><\/td>\n<td width=\"57\"><strong>Regi\u00f3n<\/strong><\/td>\n<td width=\"227\"><strong>Asociaci\u00f3n<\/strong><\/td>\n<td width=\"105\"><strong>Pa\u00eds<\/strong><\/td>\n<\/tr>\n<tr>\n<td width=\"57\">Andre Massaccesi Guimaraes<\/td>\n<td width=\"255\">Europa y \u00c1frica<\/td>\n<td width=\"227\">Universidad de Westminster<\/td>\n<td width=\"105\">Reino Unido<\/td>\n<\/tr>\n<tr>\n<td width=\"57\">Darley da Silva Lima<\/td>\n<td width=\"255\">Am\u00e9ricas<\/td>\n<td width=\"227\">Universidade Federal do Cear\u00e1<\/td>\n<td width=\"105\">Brasil<\/td>\n<\/tr>\n<tr>\n<td width=\"57\">Abdelrahman Hosny Gomma<\/td>\n<td width=\"255\">Asia &#8211; Oeste<\/td>\n<td width=\"227\">Universidad de Abu Dabi<\/td>\n<td width=\"105\">Emiratos \u00c1rabes Unidos<\/td>\n<\/tr>\n<tr>\n<td width=\"57\">Zhihao Zheng<\/td>\n<td width=\"255\">Asia &#8211; Norte<\/td>\n<td width=\"227\">Universidad de Ciencia y Tecnolog\u00eda de Wuhan<\/td>\n<td width=\"105\">China<\/td>\n<\/tr>\n<tr>\n<td width=\"57\">Kwon Ik Hwan<\/td>\n<td width=\"255\">Asia &#8211; Este y Ocean\u00eda<\/td>\n<td width=\"227\">Dong-A University<\/td>\n<td width=\"105\">Corea del Sur<\/td>\n<\/tr>\n<\/tbody>\n<\/table>\n<p>[\/vc_column_text][vc_empty_space height=&#8221;64px&#8221;][\/vc_column][\/vc_row][vc_row][vc_column][vc_column_text]<\/p>\n<p style=\"text-align: center;\">steelChallenge-15 est\u00e1 generosamente patrocinado por las siguientes compa\u00f1\u00edas:<\/p>\n<p>[\/vc_column_text][vc_empty_space][vc_row_inner][vc_column_inner width=&#8221;1\/4&#8243;]<br \/>\n[\/vc_column_inner][vc_column_inner width=&#8221;1\/4&#8243;][vc_single_image image=&#8221;48456&#8243; img_size=&#8221;full&#8221; alignment=&#8221;center&#8221;][\/vc_column_inner][vc_column_inner width=&#8221;1\/4&#8243;][vc_single_image image=&#8221;50932&#8243; img_size=&#8221;full&#8221; alignment=&#8221;center&#8221;][\/vc_column_inner][vc_column_inner width=&#8221;1\/4&#8243;][\/vc_column_inner][\/vc_row_inner][vc_row_inner][vc_column_inner width=&#8221;1\/4&#8243;][vc_single_image image=&#8221;48448&#8243; img_size=&#8221;full&#8221;][\/vc_column_inner][vc_column_inner width=&#8221;1\/4&#8243;][vc_single_image image=&#8221;52626&#8243; img_size=&#8221;full&#8221; alignment=&#8221;center&#8221;][\/vc_column_inner][vc_column_inner width=&#8221;1\/4&#8243;][vc_single_image image=&#8221;48440&#8243; img_size=&#8221;full&#8221; alignment=&#8221;center&#8221;][\/vc_column_inner][vc_column_inner width=&#8221;1\/4&#8243;][vc_single_image image=&#8221;48452&#8243; img_size=&#8221;full&#8221; alignment=&#8221;center&#8221;][\/vc_column_inner][\/vc_row_inner][vc_row_inner][vc_column_inner width=&#8221;1\/4&#8243;][vc_single_image image=&#8221;48460&#8243; img_size=&#8221;full&#8221; alignment=&#8221;center&#8221;][\/vc_column_inner][vc_column_inner width=&#8221;1\/4&#8243;][vc_single_image image=&#8221;48464&#8243; img_size=&#8221;full&#8221; alignment=&#8221;center&#8221;][\/vc_column_inner][vc_column_inner width=&#8221;1\/4&#8243;][vc_single_image image=&#8221;48432&#8243; img_size=&#8221;full&#8221; alignment=&#8221;center&#8221;][\/vc_column_inner][vc_column_inner width=&#8221;1\/4&#8243;][vc_single_image image=&#8221;48444&#8243; img_size=&#8221;full&#8221; alignment=&#8221;center&#8221;][\/vc_column_inner][\/vc_row_inner][vc_row_inner][vc_column_inner width=&#8221;1\/4&#8243;][vc_single_image image=&#8221;52540&#8243; img_size=&#8221;full&#8221; alignment=&#8221;center&#8221;][\/vc_column_inner][vc_column_inner width=&#8221;1\/4&#8243;][\/vc_column_inner][vc_column_inner width=&#8221;1\/4&#8243;][\/vc_column_inner][vc_column_inner width=&#8221;1\/4&#8243;][\/vc_column_inner][\/vc_row_inner][vc_empty_space height=&#8221;64px&#8221;][\/vc_column][\/vc_row]<\/p>\n<\/div>","protected":false},"excerpt":{"rendered":"<p>[vc_row][vc_column][vc_column_text] Campeones Mundiales steelChallenge-15 13 de abril de 2021 | Bruselas, B\u00e9lgica. La Asociaci\u00f3n Mundial del Acero (worldsteel) anunci\u00f3 hoy a los nuevos Campeones Mundiales&hellip;<\/p>\n","protected":false},"author":2,"featured_media":0,"parent":48282,"menu_order":0,"comment_status":"closed","ping_status":"closed","template":"","meta":{"footnotes":""},"class_list":["post-55652","page","type-page","status-publish","hentry"],"aioseo_notices":[],"_links":{"self":[{"href":"https:\/\/steeluniversity.org\/es\/wp-json\/wp\/v2\/pages\/55652","targetHints":{"allow":["GET"]}}],"collection":[{"href":"https:\/\/steeluniversity.org\/es\/wp-json\/wp\/v2\/pages"}],"about":[{"href":"https:\/\/steeluniversity.org\/es\/wp-json\/wp\/v2\/types\/page"}],"author":[{"embeddable":true,"href":"https:\/\/steeluniversity.org\/es\/wp-json\/wp\/v2\/users\/2"}],"replies":[{"embeddable":true,"href":"https:\/\/steeluniversity.org\/es\/wp-json\/wp\/v2\/comments?post=55652"}],"version-history":[{"count":0,"href":"https:\/\/steeluniversity.org\/es\/wp-json\/wp\/v2\/pages\/55652\/revisions"}],"up":[{"embeddable":true,"href":"https:\/\/steeluniversity.org\/es\/wp-json\/wp\/v2\/pages\/48282"}],"wp:attachment":[{"href":"https:\/\/steeluniversity.org\/es\/wp-json\/wp\/v2\/media?parent=55652"}],"curies":[{"name":"wp","href":"https:\/\/api.w.org\/{rel}","templated":true}]}}