{"id":55704,"date":"2021-04-16T19:39:12","date_gmt":"2021-04-16T19:39:12","guid":{"rendered":"https:\/\/steeluniversity.org\/steelchallenge-15\/asesores-docentes-de-steelchallenge-15\/"},"modified":"2021-04-16T19:39:15","modified_gmt":"2021-04-16T19:39:15","slug":"asesores-docentes-de-steelchallenge-15","status":"publish","type":"page","link":"https:\/\/steeluniversity.org\/es\/steelchallenge-15\/asesores-docentes-de-steelchallenge-15\/","title":{"rendered":"Asesores Docentes de steelChallenge-15"},"content":{"rendered":"<div class=\"wpb-content-wrapper\"><p>[vc_row][vc_column][vc_column_text]<\/p>\n<h1>Asesores Docentes de los Campeones Regionales de steelChallenge-15 <\/h1>\n<p>[\/vc_column_text][\/vc_column][\/vc_row][vc_row][vc_column][vc_empty_space][vc_column_text]<strong>Mohammad Alkhedher<\/strong><\/p>\n<p><strong>Profesor asociado y Presidente del Departamento de Ingenier\u00eda Mec\u00e1nica de la Universidad de Abu Dhabi,<\/strong><br \/>\n<strong>Asesor de la Facultad de Abdelrahman Hosny Gomma<\/strong><\/p>\n<p><img loading=\"lazy\" decoding=\"async\" class=\"alignright size-full wp-image-55645\" src=\"https:\/\/steeluniversity.org\/wp-content\/uploads\/2021\/04\/Mohammad-Alkhedher-circle.jpg.png\" alt=\"Foto de Mohammad Alkhedhe\" width=\"200\" height=\"200\" srcset=\"https:\/\/steeluniversity.org\/wp-content\/uploads\/2021\/04\/Mohammad-Alkhedher-circle.jpg.png 200w, https:\/\/steeluniversity.org\/wp-content\/uploads\/2021\/04\/Mohammad-Alkhedher-circle.jpg-150x150.png 150w, https:\/\/steeluniversity.org\/wp-content\/uploads\/2021\/04\/Mohammad-Alkhedher-circle.jpg-100x100.png 100w\" sizes=\"auto, (max-width: 200px) 100vw, 200px\" \/>Mohammad AlKhedher, profesor asociado y Presidente del Departamento de Ingenier\u00eda Mec\u00e1nica de la Universidad de Abu Dhabi, tiene m\u00e1s de 14 a\u00f1os de experiencia acad\u00e9mica. Recibi\u00f3 su doctorado en Ingenier\u00eda Mec\u00e1nica de la Universidad Estatal de Washington, EE. UU. en 2007. Ha publicado m\u00e1s de 50 art\u00edculos en revistas y conferencias. Sus intereses se encuentran en las \u00e1reas de modelado, simulaci\u00f3n y control de sistemas mecatr\u00f3nicos; monitoreo basado en la condici\u00f3n de m\u00e1quinas; aplicaci\u00f3n de la inteligencia artificial en el modelado emp\u00edrico de nanomateriales mec\u00e1nicos y sistemas mec\u00e1nicos no lineales. Trabaj\u00f3 en la Universidad Aplicada Al-Balqa, Jordania desde 2007 hasta 2014, donde se desempe\u00f1\u00f3 como Jefe del Departamento de Ingenier\u00eda Mecatr\u00f3nica. Se incorpor\u00f3 al Departamento de Ingenier\u00eda Mec\u00e1nica de la Universidad de Abu Dhabi en 2017. \u00c9l es un receptor de m\u00e1s de 1,5 millones de fondos de investigaci\u00f3n AED, contribuyendo a diferentes proyectos como PI y co-PI. Tambi\u00e9n es miembro del comit\u00e9 organizador y del comit\u00e9 de programas t\u00e9cnicos en varios congresos nacionales e internacionales. Correo electr\u00f3nico de Alkhedher: mohammad.alkhedher@adu.ac.ae[\/vc_column_text][vc_empty_space][vc_separator][\/vc_column][\/vc_row][vc_row][vc_column][vc_empty_space][vc_column_text]<strong>Hangyu Zhu<\/strong><\/p>\n<p><strong>Profesor asociado de la Escuela de Materiales y Metalurgia de la Universidad de Ciencia y Tecnolog\u00eda de Wuhan<\/strong><br \/>\n<strong>Asesor de la facultad de Zhihao Zheng<\/strong><\/p>\n<p><img loading=\"lazy\" decoding=\"async\" class=\"alignright wp-image-55636 size-full\" src=\"https:\/\/steeluniversity.org\/wp-content\/uploads\/2021\/04\/Hangyu-Zhu-circle.png\" alt=\"\" width=\"200\" height=\"200\" srcset=\"https:\/\/steeluniversity.org\/wp-content\/uploads\/2021\/04\/Hangyu-Zhu-circle.png 200w, https:\/\/steeluniversity.org\/wp-content\/uploads\/2021\/04\/Hangyu-Zhu-circle-150x150.png 150w, https:\/\/steeluniversity.org\/wp-content\/uploads\/2021\/04\/Hangyu-Zhu-circle-100x100.png 100w\" sizes=\"auto, (max-width: 200px) 100vw, 200px\" \/>Hangyu Zhu es profesor asociado en la Escuela de Materiales y Metalurgia de la Universidad de Ciencia y Tecnolog\u00eda de Wuhan. Obtuvo su doctorado en el Central Iron &amp; Steel Research Institute en 2013. Supervis\u00f3 a los estudiantes para que participaran en steelChallenge desde 2013, y es invitado a guiar a los estudiantes a participar en varios concursos de ciencia e investigaci\u00f3n para estudiantes universitarios cada a\u00f1o.<\/p>\n<p>Los intereses de investigaci\u00f3n del Dr. Zhu se encuentran en el \u00e1rea del proceso de refinado secundario, la optimizaci\u00f3n de la escoria de refinado y el control de inclusiones no met\u00e1licas en el acero. Actualmente est\u00e1 investigando el mecanismo de formaci\u00f3n de inclusiones en aceros con alto contenido de manganeso y alto aluminio y la optimizaci\u00f3n del proceso para aceros con alto contenido de aluminio.[\/vc_column_text][vc_empty_space][vc_separator][\/vc_column][\/vc_row][vc_row][vc_column][vc_empty_space][vc_column_text]<strong>Jeong Seb Han<\/strong><\/p>\n<p><strong>Doctor en Ingenier\u00eda de Materiales, Profesor de la Universidad Dong-A<\/strong><br \/>\n<strong>Asesor de la facultad de Kwon Ik Hwan<\/strong><\/p>\n<p><img loading=\"lazy\" decoding=\"async\" class=\"alignright size-full wp-image-55680\" src=\"https:\/\/steeluniversity.org\/wp-content\/uploads\/2021\/04\/Jeong-Seb-Han-circle.png\" alt=\"\" width=\"200\" height=\"200\" srcset=\"https:\/\/steeluniversity.org\/wp-content\/uploads\/2021\/04\/Jeong-Seb-Han-circle.png 200w, https:\/\/steeluniversity.org\/wp-content\/uploads\/2021\/04\/Jeong-Seb-Han-circle-150x150.png 150w, https:\/\/steeluniversity.org\/wp-content\/uploads\/2021\/04\/Jeong-Seb-Han-circle-100x100.png 100w\" sizes=\"auto, (max-width: 200px) 100vw, 200px\" \/>Jeong obtuvo un doctorado en Ingenier\u00eda de Materiales de KAIST (Corea) en 1986. Ha sido profesor en la Universidad Dong-A durante 34 a\u00f1os. Su principal investigaci\u00f3n se centra en el desarrollo de aleaciones de almacenamiento de hidr\u00f3geno e imparte clases de fabricaci\u00f3n de acero a estudiantes del Departamento de Ciencia e Ingenier\u00eda de Materiales.<\/p>\n<p>\u201cCada a\u00f1o, animo a los estudiantes a participar en steelChallenge durante la clase. Las clases de fabricaci\u00f3n de acero son te\u00f3ricas, pero creo que los estudiantes obtienen experiencias del mundo real al participar en steelChallenge. Lo que aprendan al participar en la competencia les ayudar\u00e1 mucho en la industria. Entre los estudiantes que asistieron recientemente a mi clase, han salido dos ganadores consecutivos en la categor\u00eda de estudiantes de Asia-Este y Ocean\u00eda en 2020 y 2021. Me gustar\u00eda agradecer a los responsables de World Steel Association por hacer un programa tan bueno &#8220;.[\/vc_column_text][vc_empty_space][vc_separator][\/vc_column][\/vc_row][vc_row][vc_column][vc_empty_space][vc_column_text]<\/p>\n<p style=\"text-align: center;\">steelChallenge-15 est\u00e1 generosamente patrocinado por las siguientes compa\u00f1\u00edas:<\/p>\n<p>[\/vc_column_text][vc_empty_space][vc_row_inner][vc_column_inner width=&#8221;1\/4&#8243;]<br \/>\n[\/vc_column_inner][vc_column_inner width=&#8221;1\/4&#8243;][vc_single_image image=&#8221;48456&#8243; img_size=&#8221;full&#8221; alignment=&#8221;center&#8221;][\/vc_column_inner][vc_column_inner width=&#8221;1\/4&#8243;][vc_single_image image=&#8221;50932&#8243; img_size=&#8221;full&#8221; alignment=&#8221;center&#8221;][\/vc_column_inner][vc_column_inner width=&#8221;1\/4&#8243;][\/vc_column_inner][\/vc_row_inner][vc_empty_space][vc_row_inner][vc_column_inner width=&#8221;1\/4&#8243;][vc_single_image image=&#8221;48448&#8243; img_size=&#8221;full&#8221;][\/vc_column_inner][vc_column_inner width=&#8221;1\/4&#8243;][vc_single_image image=&#8221;52626&#8243; img_size=&#8221;full&#8221; alignment=&#8221;center&#8221;][\/vc_column_inner][vc_column_inner width=&#8221;1\/4&#8243;][vc_single_image image=&#8221;48440&#8243; img_size=&#8221;full&#8221; alignment=&#8221;center&#8221;][\/vc_column_inner][vc_column_inner width=&#8221;1\/4&#8243;][vc_single_image image=&#8221;48452&#8243; img_size=&#8221;full&#8221; alignment=&#8221;center&#8221;][\/vc_column_inner][\/vc_row_inner][vc_empty_space][vc_row_inner][vc_column_inner width=&#8221;1\/4&#8243;][vc_single_image image=&#8221;48460&#8243; img_size=&#8221;full&#8221; alignment=&#8221;center&#8221;][\/vc_column_inner][vc_column_inner width=&#8221;1\/4&#8243;][vc_single_image image=&#8221;48464&#8243; img_size=&#8221;full&#8221; alignment=&#8221;center&#8221;][\/vc_column_inner][vc_column_inner width=&#8221;1\/4&#8243;][vc_single_image image=&#8221;48432&#8243; img_size=&#8221;full&#8221; alignment=&#8221;center&#8221;][\/vc_column_inner][vc_column_inner width=&#8221;1\/4&#8243;][vc_single_image image=&#8221;48444&#8243; img_size=&#8221;full&#8221; alignment=&#8221;center&#8221;][\/vc_column_inner][\/vc_row_inner][vc_empty_space][vc_row_inner][vc_column_inner width=&#8221;1\/4&#8243;][vc_single_image image=&#8221;52540&#8243; img_size=&#8221;full&#8221; alignment=&#8221;center&#8221;][\/vc_column_inner][vc_column_inner width=&#8221;1\/4&#8243;][\/vc_column_inner][vc_column_inner width=&#8221;1\/4&#8243;][\/vc_column_inner][vc_column_inner width=&#8221;1\/4&#8243;][\/vc_column_inner][\/vc_row_inner][vc_empty_space height=&#8221;64px&#8221;][\/vc_column][\/vc_row]<\/p>\n<\/div>","protected":false},"excerpt":{"rendered":"<p>[vc_row][vc_column][vc_column_text] Asesores Docentes de los Campeones Regionales de steelChallenge-15 [\/vc_column_text][\/vc_column][\/vc_row][vc_row][vc_column][vc_empty_space][vc_column_text]Mohammad Alkhedher Profesor asociado y Presidente del Departamento de Ingenier\u00eda Mec\u00e1nica de la Universidad de Abu&hellip;<\/p>\n","protected":false},"author":2,"featured_media":0,"parent":48282,"menu_order":0,"comment_status":"closed","ping_status":"closed","template":"","meta":{"footnotes":""},"class_list":["post-55704","page","type-page","status-publish","hentry"],"aioseo_notices":[],"_links":{"self":[{"href":"https:\/\/steeluniversity.org\/es\/wp-json\/wp\/v2\/pages\/55704","targetHints":{"allow":["GET"]}}],"collection":[{"href":"https:\/\/steeluniversity.org\/es\/wp-json\/wp\/v2\/pages"}],"about":[{"href":"https:\/\/steeluniversity.org\/es\/wp-json\/wp\/v2\/types\/page"}],"author":[{"embeddable":true,"href":"https:\/\/steeluniversity.org\/es\/wp-json\/wp\/v2\/users\/2"}],"replies":[{"embeddable":true,"href":"https:\/\/steeluniversity.org\/es\/wp-json\/wp\/v2\/comments?post=55704"}],"version-history":[{"count":0,"href":"https:\/\/steeluniversity.org\/es\/wp-json\/wp\/v2\/pages\/55704\/revisions"}],"up":[{"embeddable":true,"href":"https:\/\/steeluniversity.org\/es\/wp-json\/wp\/v2\/pages\/48282"}],"wp:attachment":[{"href":"https:\/\/steeluniversity.org\/es\/wp-json\/wp\/v2\/media?parent=55704"}],"curies":[{"name":"wp","href":"https:\/\/api.w.org\/{rel}","templated":true}]}}