{"id":56366,"date":"2021-06-04T13:17:03","date_gmt":"2021-06-04T13:17:03","guid":{"rendered":"https:\/\/steeluniversity.org\/steelchallenge-11-2\/"},"modified":"2021-06-04T13:17:09","modified_gmt":"2021-06-04T13:17:09","slug":"steelchallenge-11-2","status":"publish","type":"page","link":"https:\/\/steeluniversity.org\/es\/steelchallenge-11-2\/","title":{"rendered":"steelChallenge-11"},"content":{"rendered":"<div class=\"wpb-content-wrapper\"><p>[vc_row][vc_column][vc_column_text]<img loading=\"lazy\" decoding=\"async\" class=\"alignnone size-full wp-image-8519\" src=\"\/\/steeluniversity.org\/wp-content\/uploads\/2016\/07\/steelchallenge-11-logo.png\" alt=\"steelchallenge-11-logo\" width=\"545\" height=\"120\" srcset=\"https:\/\/steeluniversity.org\/wp-content\/uploads\/2016\/07\/steelchallenge-11-logo.png 545w, https:\/\/steeluniversity.org\/wp-content\/uploads\/2016\/07\/steelchallenge-11-logo-300x66.png 300w\" sizes=\"auto, (max-width: 545px) 100vw, 545px\" \/><!-- wpml:html_fragment <\/p>\n\n --><\/p>\n<p>La 11\u00aa edici\u00f3n de steelChallenge se llev\u00f3 a cabo en dos rondas. La primera ronda, los Campeonatos Regionales, se llev\u00f3 a cabo en l\u00ednea durante un per\u00edodo de 24 horas a partir de las 12.00 GMT del 30 de noviembre de 2016. Los resultados se anunciaron el 7 de diciembre de 2016.<\/p>\n<p>La segunda ronda, el Campeonato Mundial, tuvo lugar en en Beijing, China, el 11 de abril de 2017. En un desarrollo emocionante, la ceremonia de entrega de premios del Campeonato Mundial se llev\u00f3 a cabo en presencia de l\u00edderes de empresas de la industria sider\u00fargica mundial.[\/vc_column_text][vc_empty_space][vc_column_text]<!-- wpml:html_fragment <\/p>\n\n --><\/p>\n<h2>Resultados &#8211; Regional<\/h2>\n<h3>Categor\u00eda Estudiantes<\/h3>\n<p>Los 5 mejores por regi\u00f3n son:<\/p>\n<p><strong>Am\u00e9rica del Norte y del Sur &#8211; Categor\u00eda Estudiantes<\/strong><\/p>\n<table width=\"644\">\n<tbody>\n<tr>\n<td width=\"57\"><strong>Puesto<\/strong><\/td>\n<td width=\"255\"><strong>Persona<\/strong><\/td>\n<td width=\"227\"><strong>Asociaci\u00f3n<\/strong><\/td>\n<td width=\"105\"><strong>Pa\u00eds<\/strong><\/td>\n<td><strong>Premio<\/strong><\/td>\n<\/tr>\n<tr>\n<td align=\"center\" width=\"57\">1<\/td>\n<td width=\"255\">Jeov\u00e1 Melo<br \/>\n<em>(Campe\u00f3n Regional)<\/em><\/td>\n<td width=\"227\">Universidade Federal Do Ceara<\/td>\n<td width=\"105\">Brasil<\/td>\n<td width=\"105\">216,94<\/td>\n<\/tr>\n<tr>\n<td align=\"center\" width=\"57\">2<\/td>\n<td width=\"255\">Jamil Nobre de Castro<\/td>\n<td width=\"227\">Universidade Federal Do Ceara<\/td>\n<td width=\"105\">Brasil<\/td>\n<td width=\"105\">217,94<\/td>\n<\/tr>\n<tr>\n<td align=\"center\" width=\"57\">3<\/td>\n<td width=\"255\">Anderson dos Reis Pereira<\/td>\n<td width=\"227\">Universidade Federal de Pernambuco<\/td>\n<td width=\"105\">Brasil<\/td>\n<td width=\"105\">218,34<\/td>\n<\/tr>\n<tr>\n<td align=\"center\" width=\"57\">4<\/td>\n<td width=\"255\">Emmanuel Almeida<\/td>\n<td width=\"227\">Universidade Federal Do Ceara<\/td>\n<td width=\"105\">Brasil<\/td>\n<td width=\"105\">218,45<\/td>\n<\/tr>\n<tr>\n<td align=\"center\" width=\"57\">5<\/td>\n<td width=\"255\">Stefano Feitoza<\/td>\n<td width=\"227\">Universidade Federal Do Ceara<\/td>\n<td width=\"105\">Brasil<\/td>\n<td width=\"105\">219,55<\/td>\n<\/tr>\n<\/tbody>\n<\/table>\n<p><strong>Europa, CEI, \u00c1frica y Oriente Medio &#8211; Categor\u00eda Estudiantes<\/strong><\/p>\n<table width=\"644\">\n<tbody>\n<tr>\n<td width=\"57\"><strong>Puesto<\/strong><\/td>\n<td width=\"255\"><strong>Persona<\/strong><\/td>\n<td width=\"227\"><strong>Asociaci\u00f3n<\/strong><\/td>\n<td width=\"105\"><strong>Pa\u00eds<\/strong><\/td>\n<td><strong>Premio<\/strong><\/td>\n<\/tr>\n<tr>\n<td align=\"center\" width=\"57\">1<\/td>\n<td width=\"255\">Mozart Queiroz Neto<br \/>\n<em>(Campe\u00f3n Regional)<\/em><\/td>\n<td width=\"227\">The University of Sheffield<\/td>\n<td width=\"105\">Reino Unido<\/td>\n<td width=\"105\">218,18<\/td>\n<\/tr>\n<tr>\n<td align=\"center\" width=\"57\">2<\/td>\n<td width=\"255\">Jure Banov\u0161ek<\/td>\n<td width=\"227\">Universidad de Liubliana<\/td>\n<td width=\"105\">Eslovenia<\/td>\n<td width=\"105\">220,05<\/td>\n<\/tr>\n<tr>\n<td align=\"center\" width=\"57\">3<\/td>\n<td width=\"255\">Leonardo Ciancio Pires<\/td>\n<td width=\"227\">Universit\u00e4t Duisburg-Essen<\/td>\n<td width=\"105\">Alemania<\/td>\n<td width=\"105\">220,053<\/td>\n<\/tr>\n<tr>\n<td align=\"center\" width=\"57\">4<\/td>\n<td width=\"255\">Bruno Luis Aguero<\/td>\n<td width=\"227\">Universit\u00e4t Duisburg-Essen<\/td>\n<td width=\"105\">Alemania<\/td>\n<td width=\"105\">220,07<\/td>\n<\/tr>\n<tr>\n<td align=\"center\" width=\"57\">5<\/td>\n<td width=\"255\">Jure Cizej<\/td>\n<td width=\"227\">Universidad de Liubliana<\/td>\n<td width=\"105\">Eslovenia<\/td>\n<td width=\"105\">221,07<\/td>\n<\/tr>\n<\/tbody>\n<\/table>\n<p><strong>Asia y Ocean\u00eda (excluida China) &#8211; Categor\u00eda Estudiantes<\/strong><\/p>\n<table width=\"644\">\n<tbody>\n<tr>\n<td width=\"57\"><strong>Puesto<\/strong><\/td>\n<td width=\"255\"><strong>Persona<\/strong><\/td>\n<td width=\"227\"><strong>Asociaci\u00f3n<\/strong><\/td>\n<td width=\"105\"><strong>Pa\u00eds<\/strong><\/td>\n<td><strong>Premio<\/strong><\/td>\n<\/tr>\n<tr>\n<td align=\"center\" width=\"57\">1<\/td>\n<td width=\"255\">ChiaChun Li<br \/>\n<em>(Campe\u00f3n Regional)<\/em><\/td>\n<td width=\"227\">Universidad Nacional Chung Hsing<\/td>\n<td width=\"105\">Taiwan, China<\/td>\n<td>216,2<\/td>\n<\/tr>\n<tr>\n<td align=\"center\" width=\"57\">2<\/td>\n<td width=\"255\">\u6b63\u7dad \u5c24<br \/>\n<em>(Mejor subcampe\u00f3n)<\/em><\/td>\n<td width=\"227\">\u4e2d\u8208\u5927\u5b78<\/td>\n<td width=\"105\">Taiwan, China<\/td>\n<td>217,2<\/td>\n<\/tr>\n<tr>\n<td align=\"center\" width=\"57\">3<\/td>\n<td width=\"255\">Yu-Yi Lai<\/td>\n<td width=\"227\">Universidad Nacional Chung Hsing<\/td>\n<td width=\"105\">Taiwan, China<\/td>\n<td>218,44<\/td>\n<\/tr>\n<tr>\n<td align=\"center\" width=\"57\">4<\/td>\n<td width=\"255\">\u80b2\u746f \u8607<\/td>\n<td width=\"227\">\u570b\u7acb\u4e2d\u8208\u5927\u5b78<\/td>\n<td width=\"105\">Taiwan, China<\/td>\n<td>218,58<\/td>\n<\/tr>\n<tr>\n<td align=\"center\" width=\"57\">5<\/td>\n<td width=\"255\">Jongmin Jeong<\/td>\n<td width=\"227\">Hanyang Univ, korea<\/td>\n<td width=\"105\">Corea del Sur<\/td>\n<td>218,92<\/td>\n<\/tr>\n<\/tbody>\n<\/table>\n<p><strong>China &#8211; Categor\u00eda Estudiantes<\/strong><\/p>\n<table width=\"644\">\n<tbody>\n<tr>\n<td width=\"57\"><strong>Puesto<\/strong><\/td>\n<td width=\"255\"><strong>Persona<\/strong><\/td>\n<td width=\"227\"><strong>Asociaci\u00f3n<\/strong><\/td>\n<td width=\"105\"><strong>Pa\u00eds<\/strong><\/td>\n<td width=\"105\"><strong>Premio<\/strong><\/td>\n<\/tr>\n<tr>\n<td align=\"center\" width=\"57\">1<\/td>\n<td width=\"255\">\u5e05\u8d85 \u9a6c<br \/>\n<em>(Campe\u00f3n Regional)<\/em><\/td>\n<td width=\"227\">\u91cd\u5e86\u79d1\u6280\u5b66\u9662<\/td>\n<td width=\"105\">China<\/td>\n<td>217,58<\/td>\n<\/tr>\n<tr>\n<td align=\"center\" width=\"57\">2<\/td>\n<td width=\"255\">\u540e\u5b9d \u5218<\/td>\n<td width=\"227\">Chongqing University of Science &amp; Technology \u91cd\u5e86\u79d1\u6280\u5b66\u9662<\/td>\n<td width=\"105\">China<\/td>\n<td>217,59<\/td>\n<\/tr>\n<tr>\n<td align=\"center\" width=\"57\">3<\/td>\n<td width=\"255\">\u660a \u80e1<\/td>\n<td width=\"227\">Chongqing University of Science &amp; Technology \u91cd\u5e86\u79d1\u6280\u5b66\u9662<\/td>\n<td width=\"105\">China<\/td>\n<td>217,64<\/td>\n<\/tr>\n<tr>\n<td align=\"center\" width=\"57\">4<\/td>\n<td width=\"255\">\u6797\u7a0b \u5218<\/td>\n<td width=\"227\">Chongqing University of Science &amp; Technology \u91cd\u5e86\u79d1\u6280\u5b66\u9662<\/td>\n<td width=\"105\">China<\/td>\n<td>217,65<\/td>\n<\/tr>\n<tr>\n<td align=\"center\" width=\"57\">5<\/td>\n<td width=\"255\">\u5174\u6770 \u8d75<\/td>\n<td width=\"227\">Chongqing University of Science &amp; Technology \u91cd\u5e86\u79d1\u6280\u5b66\u9662<\/td>\n<td width=\"105\">China<\/td>\n<td>217,66<\/td>\n<\/tr>\n<\/tbody>\n<\/table>\n<p>[\/vc_column_text][vc_empty_space][vc_column_text]<!-- wpml:html_fragment <\/p>\n\n --><\/p>\n<h3>Categor\u00eda Industria<\/h3>\n<p>Los 5 mejores por regi\u00f3n son:<\/p>\n<p><strong>Am\u00e9rica del Norte y del Sur &#8211; Categor\u00eda Industria<\/strong><\/p>\n<table width=\"644\">\n<tbody>\n<tr>\n<td width=\"57\"><strong>Puesto<\/strong><\/td>\n<td width=\"255\"><strong>Persona<\/strong><\/td>\n<td width=\"227\"><strong>Asociaci\u00f3n<\/strong><\/td>\n<td width=\"105\"><strong>Pa\u00eds<\/strong><\/td>\n<td><strong>Premio<\/strong><\/td>\n<\/tr>\n<tr>\n<td align=\"center\" width=\"57\">1<\/td>\n<td width=\"255\">Mateus Paulino<br \/>\n<em>(Campe\u00f3n Regional)<\/em><\/td>\n<td width=\"227\">Companhia Sider\u00fargica do Pec\u00e9m \u2013 CSP<\/td>\n<td width=\"105\">Brasil<\/td>\n<td>217,11<\/td>\n<\/tr>\n<tr>\n<td align=\"center\" width=\"57\">2<\/td>\n<td width=\"255\">Gabriel Ferreira<\/td>\n<td width=\"227\">Gerdau<\/td>\n<td width=\"105\">Brasil<\/td>\n<td>218,08<\/td>\n<\/tr>\n<tr>\n<td align=\"center\" width=\"57\">3<\/td>\n<td width=\"255\">Victor Alves Wanderley<\/td>\n<td width=\"227\">Gerdau<\/td>\n<td width=\"105\">Brasil<\/td>\n<td>218,55<\/td>\n<\/tr>\n<tr>\n<td align=\"center\" width=\"57\">4<\/td>\n<td width=\"255\">Aldenor Pinheiro Neto<\/td>\n<td width=\"227\">Gerdau<\/td>\n<td width=\"105\">Brasil<\/td>\n<td>218,95<\/td>\n<\/tr>\n<tr>\n<td align=\"center\" width=\"57\">5<\/td>\n<td width=\"255\">Franco Gottig<\/td>\n<td width=\"227\">Ternium<\/td>\n<td width=\"105\">Argentina<\/td>\n<td>219,72<\/td>\n<\/tr>\n<\/tbody>\n<\/table>\n<p><strong>Europa, CEI, \u00c1frica y Oriente Medio &#8211; Categor\u00eda Industria<\/strong><\/p>\n<table width=\"644\">\n<tbody>\n<tr>\n<td width=\"57\"><strong>Puesto<\/strong><\/td>\n<td width=\"255\"><strong>Persona<\/strong><\/td>\n<td width=\"227\"><strong>Asociaci\u00f3n<\/strong><\/td>\n<td width=\"105\"><strong>Pa\u00eds<\/strong><\/td>\n<td><strong>Premio<\/strong><\/td>\n<\/tr>\n<tr>\n<td align=\"center\" width=\"57\">1<\/td>\n<td width=\"255\">Ahmed Abdallah Abdelfatah<br \/>\n<em>(Campe\u00f3n Regional)<\/em><\/td>\n<td width=\"227\">EZDK- AL Ezz Dekhila Iron &amp; Steel Co.<\/td>\n<td width=\"105\">Egipto<\/td>\n<td>226,55<\/td>\n<\/tr>\n<tr>\n<td align=\"center\" width=\"57\">2<\/td>\n<td width=\"255\">Melissa Markesteijn<\/td>\n<td width=\"227\">Tata Steel<\/td>\n<td width=\"105\">Pa\u00edses Bajos<\/td>\n<td>227<\/td>\n<\/tr>\n<tr>\n<td align=\"center\" width=\"57\">3<\/td>\n<td width=\"255\">George Kersey<\/td>\n<td width=\"227\">Tata Steel Europe<\/td>\n<td width=\"105\">Reino Unido<\/td>\n<td>228,7<\/td>\n<\/tr>\n<tr>\n<td align=\"center\" width=\"57\">4<\/td>\n<td width=\"255\">Mat\u00fa\u0161 Horv\u00e1th<\/td>\n<td width=\"227\">U. S. Steel Ko\u0161ice, s.r.o.<\/td>\n<td width=\"105\">Eslovaquia<\/td>\n<td>228,75<\/td>\n<\/tr>\n<tr>\n<td align=\"center\" width=\"57\">5<\/td>\n<td width=\"255\">Christopher Price<\/td>\n<td width=\"227\">Tata Steel<\/td>\n<td width=\"105\">Reino Unido<\/td>\n<td>229,97<\/td>\n<\/tr>\n<\/tbody>\n<\/table>\n<p><strong>Asia y Ocean\u00eda (excluida China) &#8211; Categor\u00eda Industria<\/strong><\/p>\n<table width=\"644\">\n<tbody>\n<tr>\n<td width=\"57\"><strong>Puesto<\/strong><\/td>\n<td width=\"255\"><strong>Persona<\/strong><\/td>\n<td width=\"227\"><strong>Asociaci\u00f3n<\/strong><\/td>\n<td width=\"105\"><strong>Pa\u00eds<\/strong><\/td>\n<td><strong>Premio<\/strong><\/td>\n<\/tr>\n<tr>\n<td align=\"center\" width=\"57\">1<\/td>\n<td width=\"255\">Nageshwar Kumar<br \/>\n<em>(Campe\u00f3n Regional)<\/em><\/td>\n<td width=\"227\">Tata Steel Ltd. India<\/td>\n<td width=\"105\">India<\/td>\n<td>217,33<\/td>\n<\/tr>\n<tr>\n<td align=\"center\" width=\"57\">2<\/td>\n<td width=\"255\">Ravi Kumar<br \/>\n<em>(Mejor subcampe\u00f3n)<\/em><\/td>\n<td width=\"227\">Tata Steel Ltd. India<\/td>\n<td width=\"105\">India<\/td>\n<td>217,42<\/td>\n<\/tr>\n<tr>\n<td align=\"center\" width=\"57\">3<\/td>\n<td width=\"255\">Syed Danish Balkhi<\/td>\n<td width=\"227\">Tata Steel Ltd. India<\/td>\n<td width=\"105\">India<\/td>\n<td>217,52<\/td>\n<\/tr>\n<tr>\n<td align=\"center\" width=\"57\">4<\/td>\n<td width=\"255\">Kapildeo Yadav<\/td>\n<td width=\"227\">Tata Steel Ltd. India<\/td>\n<td width=\"105\">India<\/td>\n<td>217,54<\/td>\n<\/tr>\n<tr>\n<td align=\"center\" width=\"57\">5<\/td>\n<td width=\"255\">k Sanmuk Rao<\/td>\n<td width=\"227\">Tata Steel Ltd. India<\/td>\n<td width=\"105\">India<\/td>\n<td>217,61<\/td>\n<\/tr>\n<\/tbody>\n<\/table>\n<p><strong>China &#8211; Categor\u00eda Industria<\/strong><\/p>\n<table width=\"644\">\n<tbody>\n<tr>\n<td width=\"57\"><strong>Puesto<\/strong><\/td>\n<td width=\"255\"><strong>Persona<\/strong><\/td>\n<td width=\"227\"><strong>Asociaci\u00f3n<\/strong><\/td>\n<td width=\"105\"><strong>Pa\u00eds<\/strong><\/td>\n<td><strong>Premio<\/strong><\/td>\n<\/tr>\n<tr>\n<td align=\"center\" width=\"57\">1<\/td>\n<td width=\"255\">Wentao Zhou<br \/>\n<em>(Campe\u00f3n Regional)<\/em><\/td>\n<td width=\"227\">Hesteel Group Co.Ltd<\/td>\n<td>China<\/td>\n<td>217,88<\/td>\n<\/tr>\n<tr>\n<td align=\"center\" width=\"57\">2<\/td>\n<td width=\"255\">Yanlong Zhang (\u5f66\u9f99 \u5f20)<\/td>\n<td width=\"227\">Hesteel Group Co.Ltd<\/td>\n<td width=\"105\">China<\/td>\n<td>218,5<\/td>\n<\/tr>\n<tr>\n<td align=\"center\" width=\"57\">3<\/td>\n<td width=\"255\">Jingchao Ma (\u9759\u8d85 \u9a6c)<\/td>\n<td width=\"227\">Hesteel Group Co.Ltd<\/td>\n<td width=\"105\">China<\/td>\n<td>218,72<\/td>\n<\/tr>\n<tr>\n<td align=\"center\" width=\"57\">4<\/td>\n<td width=\"255\">Luantao Wang ( \u6d9b \u5ce6 \u738b )<\/td>\n<td width=\"227\">Ansteel Group<\/td>\n<td width=\"105\">China<\/td>\n<td>219,05<\/td>\n<\/tr>\n<tr>\n<td align=\"center\" width=\"57\">5<\/td>\n<td width=\"255\">Feng Zhang<\/td>\n<td width=\"227\">Baosteel<\/td>\n<td width=\"105\">China<\/td>\n<td>219,27<\/td>\n<\/tr>\n<\/tbody>\n<\/table>\n<p>[\/vc_column_text][vc_empty_space][vc_column_text]<!-- wpml:html_fragment <\/p>\n\n --><\/p>\n<h2>Resultados &#8211; Campeonato Mundial<\/h2>\n<p><strong>Categor\u00eda: Estudiante<\/strong><\/p>\n<table width=\"644\">\n<tbody>\n<tr>\n<td><strong>Clasificaci\u00f3n<\/strong><\/td>\n<td><strong>Nombre<\/strong><\/td>\n<td><strong>Puntuaci\u00f3n<\/strong><\/td>\n<td><strong>Organizaci\u00f3n<\/strong><\/td>\n<td><strong>Regi\u00f3n<\/strong><\/td>\n<\/tr>\n<tr>\n<td>1<\/td>\n<td>ChiaChu Li<\/td>\n<td>219,03<\/td>\n<td>Universidad Nacional Chung Hsing<\/td>\n<td>Asia y Ocean\u00eda (excluida China)<\/td>\n<\/tr>\n<tr>\n<td>2<\/td>\n<td>Jeov\u00e1 Melo<\/td>\n<td>219,92<\/td>\n<td>Universidade Federal Do Ceara<\/td>\n<td>Am\u00e9rica del Norte y del Sur<\/td>\n<\/tr>\n<tr>\n<td>3<\/td>\n<td>Ma Shuaichao<\/td>\n<td>220,38<\/td>\n<td>Chongqing University Of Science &amp; Technology<\/td>\n<td>China<\/td>\n<\/tr>\n<tr>\n<td>4<\/td>\n<td>Cheng Wei Yu<\/td>\n<td>220,44<\/td>\n<td>Universidad Nacional Chung Hsing<\/td>\n<td>Asia y Ocean\u00eda (excluida China)<\/td>\n<\/tr>\n<tr>\n<td><\/td>\n<td>Mozart Queiroz<\/td>\n<td>\u2013<\/td>\n<td>The University of Sheffield<\/td>\n<td>Europa, CEI, \u00c1frica y Medio Oriente<\/td>\n<\/tr>\n<\/tbody>\n<\/table>\n<p><strong>Categor\u00eda: Industria<\/strong><\/p>\n<table width=\"644\">\n<tbody>\n<tr>\n<td><strong>Clasificaci\u00f3n<\/strong><\/td>\n<td><strong>Nombre<\/strong><\/td>\n<td><strong>Puntuaci\u00f3n<\/strong><\/td>\n<td><strong>Organizaci\u00f3n<\/strong><\/td>\n<td><strong>Regi\u00f3n<\/strong><\/td>\n<\/tr>\n<tr>\n<td>1<\/td>\n<td>Wentao Zhou<\/td>\n<td>220,19<\/td>\n<td>HBIS Group<\/td>\n<td>China<\/td>\n<\/tr>\n<tr>\n<td>2<\/td>\n<td>Mateus Paulino<\/td>\n<td>221,17<\/td>\n<td>Compa\u00f1\u00eda Sider\u00fargica do Pec\u00e9m<\/td>\n<td>Am\u00e9rica del Norte y del Sur<\/td>\n<\/tr>\n<tr>\n<td>3<\/td>\n<td>Nageshwar Kumar<\/td>\n<td>222,13<\/td>\n<td>Tata Steel Ltd. India<\/td>\n<td>Asia y Ocean\u00eda (excluida China)<\/td>\n<\/tr>\n<tr>\n<td>4<\/td>\n<td>Ravi Kumar<\/td>\n<td>222,72<\/td>\n<td>Tata Steel Ltd. India<\/td>\n<td>Asia y Ocean\u00eda (excluida China)<\/td>\n<\/tr>\n<tr>\n<td>5<\/td>\n<td>Ahmed Abdallah Abdelfatah<\/td>\n<td>223,61<\/td>\n<td>AL Ezz Dekhila Steel Company<\/td>\n<td>Europa, CEI, \u00c1frica y Medio Oriente<\/td>\n<\/tr>\n<\/tbody>\n<\/table>\n<p>&nbsp;[\/vc_column_text][vc_empty_space][vc_column_text]<!-- wpml:html_fragment <\/p>\n\n --><\/p>\n<h2>Patrocinadores<\/h2>\n<p><strong>Patrocinador de Acero<\/strong><br \/>\n<img loading=\"lazy\" decoding=\"async\" class=\"wp-image-9967 size-full alignnone\" style=\"padding-right: 20px;\" src=\"https:\/\/steeluniversity.org\/wp-content\/uploads\/2016\/09\/china-steel-corporation.png\" alt=\"China Steel Corporation\" width=\"150\" height=\"75\"><\/p>\n<p><strong>Patrocinadores de Plata<\/strong><br \/>\n<img loading=\"lazy\" decoding=\"async\" class=\"size-full wp-image-9557 alignnone\" style=\"padding-right: 20px;\" src=\"https:\/\/steeluniversity.org\/wp-content\/uploads\/2016\/07\/tenaris.png\" alt=\"Tenaris\" width=\"100\" height=\"50\"> <img loading=\"lazy\" decoding=\"async\" class=\"size-full wp-image-9560 alignnone\" style=\"padding-right: 20px;\" src=\"https:\/\/steeluniversity.org\/wp-content\/uploads\/2016\/07\/ternium.png\" alt=\"Ternium\" width=\"100\" height=\"50\"> <img loading=\"lazy\" decoding=\"async\" class=\"wp-image-10181 size-full alignnone\" style=\"padding-right: 20px;\" src=\"https:\/\/steeluniversity.org\/wp-content\/uploads\/2016\/07\/tata-steel.png\" width=\"100\" height=\"50\"><\/p>\n<p><strong>Patrocinador de Bronce<\/strong><br \/>\n<img loading=\"lazy\" decoding=\"async\" class=\"wp-image-10034 size-full alignleft\" style=\"padding-right: 20px;\" src=\"https:\/\/steeluniversity.org\/wp-content\/uploads\/2016\/07\/jfe.png\" alt=\"JFE Steel\" width=\"100\" height=\"50\"><img loading=\"lazy\" decoding=\"async\" class=\"alignnone size-full wp-image-9563\" src=\"https:\/\/steeluniversity.org\/wp-content\/uploads\/2016\/07\/nucor.png\" alt=\"Nucor\" width=\"100\" height=\"50\">[\/vc_column_text][\/vc_column][\/vc_row]<!-- wpml:html_fragment <\/p>\n\n --><\/p>\n<\/div>","protected":false},"excerpt":{"rendered":"<p>[vc_row][vc_column][vc_column_text] La 11\u00aa edici\u00f3n de steelChallenge se llev\u00f3 a cabo en dos rondas. La primera ronda, los Campeonatos Regionales, se llev\u00f3 a cabo en l\u00ednea&hellip;<\/p>\n","protected":false},"author":2,"featured_media":0,"parent":0,"menu_order":39,"comment_status":"closed","ping_status":"closed","template":"","meta":{"footnotes":""},"class_list":["post-56366","page","type-page","status-publish","hentry"],"aioseo_notices":[],"_links":{"self":[{"href":"https:\/\/steeluniversity.org\/es\/wp-json\/wp\/v2\/pages\/56366","targetHints":{"allow":["GET"]}}],"collection":[{"href":"https:\/\/steeluniversity.org\/es\/wp-json\/wp\/v2\/pages"}],"about":[{"href":"https:\/\/steeluniversity.org\/es\/wp-json\/wp\/v2\/types\/page"}],"author":[{"embeddable":true,"href":"https:\/\/steeluniversity.org\/es\/wp-json\/wp\/v2\/users\/2"}],"replies":[{"embeddable":true,"href":"https:\/\/steeluniversity.org\/es\/wp-json\/wp\/v2\/comments?post=56366"}],"version-history":[{"count":0,"href":"https:\/\/steeluniversity.org\/es\/wp-json\/wp\/v2\/pages\/56366\/revisions"}],"wp:attachment":[{"href":"https:\/\/steeluniversity.org\/es\/wp-json\/wp\/v2\/media?parent=56366"}],"curies":[{"name":"wp","href":"https:\/\/api.w.org\/{rel}","templated":true}]}}