{"id":56903,"date":"2021-07-13T16:00:39","date_gmt":"2021-07-13T16:00:39","guid":{"rendered":"https:\/\/steeluniversity.org\/steelchallenge-16\/"},"modified":"2024-08-13T12:31:41","modified_gmt":"2024-08-13T12:31:41","slug":"steelchallenge-16","status":"publish","type":"page","link":"https:\/\/steeluniversity.org\/es\/steelchallenge-16\/","title":{"rendered":"steelChallenge-16"},"content":{"rendered":"<div class=\"wpb-content-wrapper\"><p>[vc_row][vc_column][vc_row_inner][vc_column_inner][\/vc_column_inner][\/vc_row_inner][\/vc_column][\/vc_row][vc_row][vc_column][vc_column_text]<\/p>\n<h1>steelChallenge-16<\/h1>\n<p>[\/vc_column_text][vc_empty_space][vc_column_text]El Campeonato Regional tuvo lugar el 24 de noviembre de 2021. El steelChallenge de este a\u00f1o atrajo a m\u00e1s de 1480 participantes en representaci\u00f3n de m\u00e1s de 50 empresas y alrededor de 90 instituciones acad\u00e9micas. Para steelChallenge-16, los participantes utilizaron una combinaci\u00f3n de los simuladores de <a href=\"https:\/\/steeluniversity.org\/es\/courses\/sim-eaf-simulador-de-horno-de-arco-electrico\/\">Horno de Arco El\u00e9ctrico <\/a>y de <a href=\"https:\/\/steeluniversity.org\/es\/courses\/sim-ssm-simulador-de-metalurgia-secundaria\/\">Metalurgia Secundaria<\/a>. Se les pidi\u00f3 que refinaran el acero hasta obtener la qu\u00edmica y temperatura adecuadas y luego lo fundieran.[\/vc_column_text][vc_empty_space][vc_column_text]<\/p>\n<h2>Resultados &#8211; Regional<\/h2>\n<h3>Categor\u00eda Estudiantes<\/h3>\n<p> Los 5 mejores por regi\u00f3n son: <strong>Europa y \u00c1frica &#8211; Categor\u00eda Estudiante<\/strong><\/p>\n<table width=\"644\">\n<tbody>\n<tr>\n<td width=\"57\">Posici\u00f3n<\/td>\n<td width=\"255\">Persona<\/td>\n<td width=\"227\">Afiliaci\u00f3n<\/td>\n<td width=\"105\">Pa\u00eds<\/td>\n<td>Premio<\/td>\n<\/tr>\n<tr>\n<td align=\"center\" width=\"57\">1<\/td>\n<td width=\"255\">Bla\u017e \u017derjav Jereb<\/td>\n<td width=\"227\">Universidad de Ljubljana<\/td>\n<td width=\"105\">Eslovenia<\/td>\n<td width=\"105\">421,264<\/td>\n<\/tr>\n<tr>\n<td align=\"center\" width=\"57\">2<\/td>\n<td width=\"255\">Matija Arzen\u0161ek<\/td>\n<td width=\"227\">Universidad de Ljubljana<\/td>\n<td width=\"105\">Eslovenia<\/td>\n<td width=\"105\">422,247<\/td>\n<\/tr>\n<tr>\n<td align=\"center\" width=\"57\">3<\/td>\n<td width=\"255\">Ga\u0161per Krek<\/td>\n<td width=\"227\">Universidad de Ljubljana<\/td>\n<td width=\"105\">Eslovenia<\/td>\n<td width=\"105\">423,539<\/td>\n<\/tr>\n<tr>\n<td align=\"center\" width=\"57\">4<\/td>\n<td width=\"255\">Noel Gregori<\/td>\n<td width=\"227\">Universidad de Ljubljana<\/td>\n<td width=\"105\">Eslovenia<\/td>\n<td width=\"105\">423,885<\/td>\n<\/tr>\n<tr>\n<td align=\"center\" width=\"57\">5<\/td>\n<td width=\"255\">Urh To\u0161<\/td>\n<td width=\"227\">Universidad de Ljubljana<\/td>\n<td width=\"105\">Eslovenia<\/td>\n<td width=\"105\">428,979<\/td>\n<\/tr>\n<\/tbody>\n<\/table>\n<p><strong>Am\u00e9ricas &#8211; Categor\u00eda Estudiante<\/strong><\/p>\n<table width=\"644\">\n<tbody>\n<tr>\n<td width=\"57\">Posici\u00f3n<\/td>\n<td width=\"255\">Persona<\/td>\n<td width=\"227\">Afiliaci\u00f3n<\/td>\n<td width=\"105\">Pa\u00eds<\/td>\n<td>Premio<\/td>\n<\/tr>\n<tr>\n<td align=\"center\" width=\"57\">1<\/td>\n<td width=\"255\">Dong-Hyun Kim<\/td>\n<td width=\"227\">Polytechnique Montr\u00e9al<\/td>\n<td width=\"105\">Canad\u00e1<\/td>\n<td width=\"105\">415,036<\/td>\n<\/tr>\n<tr>\n<td align=\"center\" width=\"57\">2<\/td>\n<td width=\"255\">Ramiro Back<\/td>\n<td width=\"227\">Universidad de Buenos Aires<\/td>\n<td width=\"105\">Argentina<\/td>\n<td width=\"105\">419,925<\/td>\n<\/tr>\n<tr>\n<td align=\"center\" width=\"57\">3<\/td>\n<td width=\"255\">Sebasti\u00e1n del Castillo<\/td>\n<td width=\"227\">Universidad de Buenos Aires<\/td>\n<td width=\"105\">Argentina<\/td>\n<td width=\"105\">422,500<\/td>\n<\/tr>\n<tr>\n<td align=\"center\" width=\"57\">4<\/td>\n<td width=\"255\">Agustin Gomez Acquavita<\/td>\n<td width=\"227\">Universidad de Buenos Aires<\/td>\n<td width=\"105\">Argentina<\/td>\n<td width=\"105\">425,537<\/td>\n<\/tr>\n<tr>\n<td align=\"center\" width=\"57\">5<\/td>\n<td width=\"255\">Mora Guerra<\/td>\n<td width=\"227\">Universidad de Buenos Aires<\/td>\n<td width=\"105\">Argentina<\/td>\n<td width=\"105\">426,617<\/td>\n<\/tr>\n<\/tbody>\n<\/table>\n<p><strong>Asia &#8211; Oeste &#8211; Categor\u00eda Estudiante<\/strong><\/p>\n<table width=\"644\">\n<tbody>\n<tr>\n<td width=\"57\">Posici\u00f3n<\/td>\n<td width=\"255\">Persona<\/td>\n<td width=\"227\">Afiliaci\u00f3n<\/td>\n<td width=\"105\">Pa\u00eds<\/td>\n<td>Premio<\/td>\n<\/tr>\n<tr>\n<td align=\"center\" width=\"57\">1<\/td>\n<td width=\"255\">Amit Kumar Bhuyan<\/td>\n<td width=\"227\">Shavak Nanavati Technical institute<\/td>\n<td width=\"105\">India<\/td>\n<td width=\"105\">411,022<\/td>\n<\/tr>\n<tr>\n<td align=\"center\" width=\"57\">2<\/td>\n<td width=\"255\">Harshvardhan Nag<\/td>\n<td width=\"227\">Shavak Nanavati Technical institute<\/td>\n<td width=\"105\">India<\/td>\n<td width=\"105\">411,029<\/td>\n<\/tr>\n<tr>\n<td align=\"center\" width=\"57\">3<\/td>\n<td width=\"255\">Ganesh Das<\/td>\n<td width=\"227\">Shavak Nanavati Technical institute<\/td>\n<td width=\"105\">India<\/td>\n<td width=\"105\">411,315<\/td>\n<\/tr>\n<tr>\n<td align=\"center\" width=\"57\">4<\/td>\n<td width=\"255\">Kunal Sagar<\/td>\n<td width=\"227\">Shavak Nanavati Technical institute<\/td>\n<td width=\"105\">India<\/td>\n<td width=\"105\">411,361<\/td>\n<\/tr>\n<tr>\n<td align=\"center\" width=\"57\">5<\/td>\n<td width=\"255\">Ankit Patra<\/td>\n<td width=\"227\">Shavak Nanavati Technical institute<\/td>\n<td width=\"105\">India<\/td>\n<td width=\"105\">411,428<\/td>\n<\/tr>\n<\/tbody>\n<\/table>\n<p><strong>Asia del Norte &#8211; Categor\u00eda Estudiante<\/strong><\/p>\n<table width=\"644\">\n<tbody>\n<tr>\n<td width=\"57\">Posici\u00f3n<\/td>\n<td width=\"255\">Persona<\/td>\n<td width=\"227\">Afiliaci\u00f3n<\/td>\n<td width=\"105\">Pa\u00eds<\/td>\n<td>Premio<\/td>\n<\/tr>\n<tr>\n<td align=\"center\" width=\"57\">1<\/td>\n<td width=\"255\">Qichen LI (\u7eee\u741b \u674e)<\/td>\n<td width=\"227\">Colegio T\u00e9cnico y Vocacional de Tangshan<\/td>\n<td width=\"105\">China<\/td>\n<td width=\"105\">406,918<\/td>\n<\/tr>\n<tr>\n<td align=\"center\" width=\"57\">2<\/td>\n<td width=\"255\">Fuyang ZHAI (\u798f\u9633\u7fdf)<\/td>\n<td width=\"227\">Colegio T\u00e9cnico y Vocacional de Tangshan<\/td>\n<td width=\"105\">China<\/td>\n<td width=\"105\">407,129<\/td>\n<\/tr>\n<tr>\n<td align=\"center\" width=\"57\">3<\/td>\n<td width=\"255\">Guanzhong QIAO (\u51a0\u4e2d\u4e54)<\/td>\n<td width=\"227\">Colegio T\u00e9cnico y Vocacional de Tangshan<\/td>\n<td width=\"105\">China<\/td>\n<td width=\"105\">407,182<\/td>\n<\/tr>\n<tr>\n<td align=\"center\" width=\"57\">4<\/td>\n<td width=\"255\">Jiahao DUAN (\u5609\u8c6a\u6bb5)<\/td>\n<td width=\"227\">Colegio T\u00e9cnico y Vocacional de Tangshan<\/td>\n<td width=\"105\">China<\/td>\n<td width=\"105\">407,438<\/td>\n<\/tr>\n<tr>\n<td align=\"center\" width=\"57\">5<\/td>\n<td width=\"255\">Aowei LI (\u674e\u5965\u4f1f)<\/td>\n<td width=\"227\">Universidad de Ciencia y Tecnolog\u00eda de Chongqing<\/td>\n<td width=\"105\">China<\/td>\n<td width=\"105\">408,046<\/td>\n<\/tr>\n<\/tbody>\n<\/table>\n<p><strong>Asia &#8211; Oriente y Ocean\u00eda &#8211; Categor\u00eda Estudiante<\/strong><\/p>\n<table width=\"644\">\n<tbody>\n<tr>\n<td width=\"57\">Posici\u00f3n<\/td>\n<td width=\"255\">Persona<\/td>\n<td width=\"227\">Afiliaci\u00f3n<\/td>\n<td width=\"105\">Pa\u00eds<\/td>\n<td>Premio<\/td>\n<\/tr>\n<tr>\n<td align=\"center\" width=\"57\">1<\/td>\n<td width=\"255\">Jongdoeck Lim<\/td>\n<td width=\"227\">Universidad Nacional de Pukyong<\/td>\n<td width=\"105\">Corea del Sur<\/td>\n<td width=\"105\">407,482<\/td>\n<\/tr>\n<tr>\n<td align=\"center\" width=\"57\">2<\/td>\n<td width=\"255\">Sagong Seung Hak<\/td>\n<td width=\"227\">Universidad de Dong-A<\/td>\n<td width=\"105\">Corea del Sur<\/td>\n<td width=\"105\">407,647<\/td>\n<\/tr>\n<tr>\n<td align=\"center\" width=\"57\">3<\/td>\n<td width=\"255\">Hwang Si Yul<\/td>\n<td width=\"227\">Universidad de Dong-A<\/td>\n<td width=\"105\">Corea del Sur<\/td>\n<td width=\"105\">407,698<\/td>\n<\/tr>\n<tr>\n<td align=\"center\" width=\"57\">4<\/td>\n<td width=\"255\">Kim Jong Du<\/td>\n<td width=\"227\">Universidad de Dong-A<\/td>\n<td width=\"105\">Corea del Sur<\/td>\n<td width=\"105\">407,756<\/td>\n<\/tr>\n<tr>\n<td align=\"center\" width=\"57\">5<\/td>\n<td width=\"255\">Park Jeongwoo<\/td>\n<td width=\"227\">Universidad de Dong-A<\/td>\n<td width=\"105\">Corea del Sur<\/td>\n<td width=\"105\">407,757<\/td>\n<\/tr>\n<\/tbody>\n<\/table>\n<p>[\/vc_column_text][vc_empty_space][vc_column_text]<\/p>\n<h3>Categor\u00eda Industria<\/h3>\n<p> Los 5 mejores por regi\u00f3n son: <strong>Europa y \u00c1frica- Categor\u00eda Industria<\/strong><\/p>\n<table width=\"644\">\n<tbody>\n<tr>\n<td width=\"57\">Posici\u00f3n<\/td>\n<td width=\"255\">Persona<\/td>\n<td width=\"227\">Afiliaci\u00f3n<\/td>\n<td width=\"105\">Pa\u00eds<\/td>\n<td>Premio<\/td>\n<\/tr>\n<tr>\n<td align=\"center\" width=\"57\">1<\/td>\n<td width=\"255\">Timur Sabirovich Gaisin<\/td>\n<td width=\"227\">Grupo TMK<\/td>\n<td width=\"105\">Rusia<\/td>\n<td width=\"105\">428,006<\/td>\n<\/tr>\n<tr>\n<td align=\"center\" width=\"57\">2<\/td>\n<td width=\"255\">Prigarin Rodion Alexandrovich<\/td>\n<td width=\"227\">Grupo TMK<\/td>\n<td width=\"105\">Rusia<\/td>\n<td width=\"105\">432,930<\/td>\n<\/tr>\n<tr>\n<td align=\"center\" width=\"57\">3<\/td>\n<td width=\"255\">Igor Novikov<\/td>\n<td width=\"227\">Grupo TMK<\/td>\n<td width=\"105\">Rusia<\/td>\n<td width=\"105\">432,942<\/td>\n<\/tr>\n<tr>\n<td align=\"center\" width=\"57\">4<\/td>\n<td width=\"255\">Nikolay Stolbov<\/td>\n<td width=\"227\">Grupo TMK<\/td>\n<td width=\"105\">Rusia<\/td>\n<td width=\"105\">436,051<\/td>\n<\/tr>\n<tr>\n<td align=\"center\" width=\"57\">5<\/td>\n<td width=\"255\">Aleksandr Kuznetsov<\/td>\n<td width=\"227\">OMZ Spetsstal<\/td>\n<td width=\"105\">Rusia<\/td>\n<td width=\"105\">436,363<\/td>\n<\/tr>\n<\/tbody>\n<\/table>\n<p><strong>Am\u00e9ricas &#8211; Categor\u00eda Industria<\/strong><\/p>\n<table width=\"644\">\n<tbody>\n<tr>\n<td width=\"57\">Posici\u00f3n<\/td>\n<td width=\"255\">Persona<\/td>\n<td width=\"227\">Afiliaci\u00f3n<\/td>\n<td width=\"105\">Pa\u00eds<\/td>\n<td>Premio<\/td>\n<\/tr>\n<tr>\n<td align=\"center\" width=\"57\">1<\/td>\n<td width=\"255\">Paula Ren\u00e9e de Macedo Costa<\/td>\n<td width=\"227\">Companhia Sider\u00fargica do Pec\u00e9m<\/td>\n<td width=\"105\">Brasil<\/td>\n<td width=\"105\">419,976<\/td>\n<\/tr>\n<tr>\n<td align=\"center\" width=\"57\">2<\/td>\n<td width=\"255\">Josu\u00e9 Fabi\u00e1n Islas Ram\u00edrez<\/td>\n<td width=\"227\">Profesional Independiente<\/td>\n<td width=\"105\">M\u00e9jico<\/td>\n<td width=\"105\">420,755<\/td>\n<\/tr>\n<tr>\n<td align=\"center\" width=\"57\">3<\/td>\n<td width=\"255\">Lucas Sousa Uchoa<\/td>\n<td width=\"227\">Companhia Sider\u00fargica do Pec\u00e9m<\/td>\n<td width=\"105\">Brasil<\/td>\n<td width=\"105\">420,898<\/td>\n<\/tr>\n<tr>\n<td align=\"center\" width=\"57\">4<\/td>\n<td width=\"255\">D\u00e1vila De Oliveira Viana<\/td>\n<td width=\"227\">Companhia Sider\u00fargica do Pec\u00e9m<\/td>\n<td width=\"105\">Brasil<\/td>\n<td width=\"105\">421,701<\/td>\n<\/tr>\n<tr>\n<td align=\"center\" width=\"57\">5<\/td>\n<td width=\"255\">Marcelo Ricardo de Souza Angelotto<\/td>\n<td width=\"227\">Companhia Sider\u00fargica do Pec\u00e9m<\/td>\n<td width=\"105\">Brasil<\/td>\n<td width=\"105\">421,824<\/td>\n<\/tr>\n<\/tbody>\n<\/table>\n<p><strong>Asia Occidental &#8211; Categor\u00eda Industria<\/strong><\/p>\n<table width=\"644\">\n<tbody>\n<tr>\n<td width=\"57\">Posici\u00f3n<\/td>\n<td width=\"255\">Persona<\/td>\n<td width=\"227\">Afiliaci\u00f3n<\/td>\n<td width=\"105\">Pa\u00eds<\/td>\n<td>Premio<\/td>\n<\/tr>\n<tr>\n<td align=\"center\" width=\"57\">1<\/td>\n<td width=\"255\">Krutidipta Sahu<\/td>\n<td width=\"227\">Tata Steel Limited<\/td>\n<td width=\"105\">India<\/td>\n<td width=\"105\">410,212<\/td>\n<\/tr>\n<tr>\n<td align=\"center\" width=\"57\">2<\/td>\n<td width=\"255\">Asish Kumar Sahoo<\/td>\n<td width=\"227\">Tata Steel Limited<\/td>\n<td width=\"105\">India<\/td>\n<td width=\"105\">410,525<\/td>\n<\/tr>\n<tr>\n<td align=\"center\" width=\"57\">3<\/td>\n<td width=\"255\">Satyajeet Mohanta<\/td>\n<td width=\"227\">Tata Steel Limited<\/td>\n<td width=\"105\">India<\/td>\n<td width=\"105\">410,851<\/td>\n<\/tr>\n<tr>\n<td align=\"center\" width=\"57\">4<\/td>\n<td width=\"255\">Rohit Kumar Lal<\/td>\n<td width=\"227\">Tata Steel Limited<\/td>\n<td width=\"105\">India<\/td>\n<td width=\"105\">410,859<\/td>\n<\/tr>\n<tr>\n<td align=\"center\" width=\"57\">5<\/td>\n<td width=\"255\">Priyatosh Mahato<\/td>\n<td width=\"227\">Tata Steel Limited<\/td>\n<td width=\"105\">India<\/td>\n<td width=\"105\">411,167<\/td>\n<\/tr>\n<\/tbody>\n<\/table>\n<p><strong>Asia del Norte &#8211; Categor\u00eda Industria<\/strong><\/p>\n<table width=\"644\">\n<tbody>\n<tr>\n<td width=\"57\">Posici\u00f3n<\/td>\n<td width=\"255\">Persona<\/td>\n<td width=\"227\">Afiliaci\u00f3n<\/td>\n<td width=\"105\">Pa\u00eds<\/td>\n<td>Premio<\/td>\n<\/tr>\n<tr>\n<td align=\"center\" width=\"57\">1<\/td>\n<td width=\"255\">Ruibin WANG (\u745e\u5bbe\u738b)<\/td>\n<td width=\"227\">Grupo HBIS<\/td>\n<td width=\"105\">China<\/td>\n<td width=\"105\">405,899<\/td>\n<\/tr>\n<tr>\n<td align=\"center\" width=\"57\">2<\/td>\n<td width=\"255\">Shuai YUE (\u5cb3\u5e05)<\/td>\n<td width=\"227\">Grupo HBIS<\/td>\n<td width=\"105\">China<\/td>\n<td width=\"105\">407,440<\/td>\n<\/tr>\n<tr>\n<td align=\"center\" width=\"57\">3<\/td>\n<td width=\"255\">Gang ZU (\u521a\u7956)<\/td>\n<td width=\"227\">Grupo HBIS<\/td>\n<td width=\"105\">China<\/td>\n<td width=\"105\">407,493<\/td>\n<\/tr>\n<tr>\n<td align=\"center\" width=\"57\">4<\/td>\n<td width=\"255\">Yanping ZHANG<\/td>\n<td width=\"227\">Grupo HBIS<\/td>\n<td width=\"105\">China<\/td>\n<td width=\"105\">407,592<\/td>\n<\/tr>\n<tr>\n<td align=\"center\" width=\"57\">5<\/td>\n<td width=\"255\">Wei ZHAO (\u8d75\u5efa\u5a01)<\/td>\n<td width=\"227\">Grupo HBIS<\/td>\n<td width=\"105\">China<\/td>\n<td width=\"105\">407,692<\/td>\n<\/tr>\n<\/tbody>\n<\/table>\n<p><strong>Asia &#8211; Este y Ocean\u00eda &#8211; Categor\u00eda Industria<\/strong><\/p>\n<table width=\"644\">\n<tbody>\n<tr>\n<td width=\"57\">Posici\u00f3n<\/td>\n<td width=\"255\">Persona<\/td>\n<td width=\"227\">Afiliaci\u00f3n<\/td>\n<td width=\"105\">Pa\u00eds<\/td>\n<td>Premio<\/td>\n<\/tr>\n<tr>\n<td align=\"center\" width=\"57\">1<\/td>\n<td width=\"255\">Jingi Pyeon<\/td>\n<td width=\"227\">POSCO<\/td>\n<td width=\"105\">Corea del Sur<\/td>\n<td width=\"105\">409,537<\/td>\n<\/tr>\n<tr>\n<td align=\"center\" width=\"57\">2<\/td>\n<td width=\"255\">Ohyeong Kwon<\/td>\n<td width=\"227\">POSCO<\/td>\n<td width=\"105\">Corea del Sur<\/td>\n<td width=\"105\">410,130<\/td>\n<\/tr>\n<tr>\n<td align=\"center\" width=\"57\">3<\/td>\n<td width=\"255\">Min Seok Oh<\/td>\n<td width=\"227\">POSCO<\/td>\n<td width=\"105\">Corea del Sur<\/td>\n<td width=\"105\">410,162<\/td>\n<\/tr>\n<tr>\n<td align=\"center\" width=\"57\">4<\/td>\n<td width=\"255\">Heewoon Ro<\/td>\n<td width=\"227\">POSCO<\/td>\n<td width=\"105\">Corea del Sur<\/td>\n<td width=\"105\">410,176<\/td>\n<\/tr>\n<tr>\n<td align=\"center\" width=\"57\">5<\/td>\n<td width=\"255\">Gong Lei (\u9f9a\u78ca)<\/td>\n<td width=\"227\">China Baowu<\/td>\n<td width=\"105\">Australia<\/td>\n<td width=\"105\">410,193<\/td>\n<\/tr>\n<\/tbody>\n<\/table>\n<p>[\/vc_column_text][vc_empty_space][vc_column_text]<\/p>\n<h2>Resultados &#8211; Campeonato Mundial<\/h2>\n<p><strong>Los Campeones Mundiales son:<\/strong><\/p>\n<table width=\"100%\">\n<tbody>\n<tr>\n<th colspan=\"4\" rowspan=\"1\" align=\"center\"><strong>Categor\u00eda Estudiantes<\/strong><\/th>\n<\/tr>\n<tr>\n<td align=\"left\" width=\"20%\"><strong>Nombre<\/strong><\/td>\n<td align=\"left\" width=\"40%\"><strong>Afiliaci\u00f3n<\/strong><\/td>\n<td align=\"left\" width=\"20%\"><strong>Pa\u00eds<\/strong><\/td>\n<\/tr>\n<tr>\n<td align=\"left\">Qichen LI<\/td>\n<td align=\"left\">Colegio Vocacional de Ciencia y Tecnolog\u00eda de Tangshan<\/td>\n<td align=\"left\">China<\/td>\n<\/tr>\n<\/tbody>\n<\/table>\n<table width=\"100%\">\n<tbody>\n<tr>\n<th colspan=\"4\" rowspan=\"1\" align=\"center\"><strong>Categor\u00eda Industria<\/strong><\/th>\n<\/tr>\n<tr>\n<td align=\"left\" width=\"20%\"><strong>Nombre<\/strong><\/td>\n<td align=\"left\" width=\"40%\"><strong>Afiliaci\u00f3n<\/strong><\/td>\n<td align=\"left\" width=\"20%\"><strong>Pa\u00eds<\/strong><\/td>\n<\/tr>\n<tr>\n<td align=\"left\">Ruibin WANG<\/td>\n<td align=\"left\">Grupo HBIS<\/td>\n<td align=\"left\">China<\/td>\n<\/tr>\n<\/tbody>\n<\/table>\n<p>[\/vc_column_text][vc_empty_space height=&#8221;64px&#8221;][vc_row_inner][vc_column_inner width=&#8221;1\/2&#8243;][vc_column_text]<\/p>\n<p style=\"text-align: center;\"><a class=\"su-btn-secondary\" href=\"https:\/\/steeluniversity.org\/es\/steelchallenge-16\/asesores-docentes-de-steelchallenge-16\/\">Conoce a los Asesores Docentes de steelChallenge-16<\/a><\/p>\n<p>[\/vc_column_text][\/vc_column_inner][vc_column_inner width=&#8221;1\/2&#8243;][vc_column_text]<\/p>\n<p style=\"text-align: center;\"><a class=\"su-btn-primary\" href=\"https:\/\/steeluniversity.org\/es\/steelchallenge-16\/finalistas-del-campeonato-mundial-steelchallenge-16\/\">Conoce a los Finalistas de steelChallenge-16<\/a><\/p>\n<p>[\/vc_column_text][\/vc_column_inner][\/vc_row_inner][vc_empty_space height=&#8221;64px&#8221;][vc_single_image image=&#8221;66397&#8243; img_size=&#8221;full&#8221; alignment=&#8221;center&#8221; onclick=&#8221;link_image&#8221; label=&#8221;&#8221;][vc_empty_space height=&#8221;64px&#8221;][vc_column_text]https:\/\/youtu.be\/qPc-szmBYfM[\/vc_column_text][vc_empty_space][\/vc_column][\/vc_row][vc_row][vc_column][vc_empty_space height=&#8221;64px&#8221;][vc_separator][vc_empty_space][vc_column_text]<\/p>\n<p style=\"text-align: center;\">steelChallenge-16 fue generosamente patrocinado por las siguientes compa\u00f1\u00edas:<\/p>\n<p>[\/vc_column_text][vc_empty_space][vc_row_inner][vc_column_inner width=&#8221;1\/4&#8243;]<br \/>\n[\/vc_column_inner][vc_column_inner width=&#8221;1\/4&#8243;][vc_single_image image=&#8221;48456&#8243; img_size=&#8221;full&#8221; alignment=&#8221;center&#8221;][\/vc_column_inner][vc_column_inner width=&#8221;1\/4&#8243;][vc_single_image image=&#8221;50932&#8243; img_size=&#8221;full&#8221; alignment=&#8221;center&#8221;][\/vc_column_inner][vc_column_inner width=&#8221;1\/4&#8243;][\/vc_column_inner][\/vc_row_inner][vc_empty_space][vc_row_inner][vc_column_inner width=&#8221;1\/4&#8243;][vc_single_image image=&#8221;48440&#8243; img_size=&#8221;full&#8221; alignment=&#8221;center&#8221;][\/vc_column_inner][vc_column_inner width=&#8221;1\/4&#8243;][vc_single_image image=&#8221;48448&#8243; img_size=&#8221;full&#8221;][\/vc_column_inner][vc_column_inner width=&#8221;1\/4&#8243;][vc_single_image image=&#8221;52626&#8243; img_size=&#8221;full&#8221; alignment=&#8221;center&#8221;][\/vc_column_inner][vc_column_inner width=&#8221;1\/4&#8243;][vc_single_image image=&#8221;48452&#8243; img_size=&#8221;full&#8221; alignment=&#8221;center&#8221;][\/vc_column_inner][\/vc_row_inner][vc_empty_space][vc_row_inner][vc_column_inner width=&#8221;1\/4&#8243;][vc_single_image image=&#8221;48460&#8243; img_size=&#8221;full&#8221; alignment=&#8221;center&#8221;][\/vc_column_inner][vc_column_inner width=&#8221;1\/4&#8243;][vc_single_image image=&#8221;48432&#8243; img_size=&#8221;full&#8221; alignment=&#8221;center&#8221;][\/vc_column_inner][vc_column_inner width=&#8221;1\/4&#8243;][vc_single_image image=&#8221;48464&#8243; img_size=&#8221;full&#8221; alignment=&#8221;center&#8221;][\/vc_column_inner][vc_column_inner width=&#8221;1\/4&#8243;][vc_single_image image=&#8221;48444&#8243; img_size=&#8221;full&#8221; alignment=&#8221;center&#8221;][\/vc_column_inner][\/vc_row_inner][vc_empty_space][vc_row_inner][vc_column_inner width=&#8221;1\/4&#8243;][vc_single_image image=&#8221;57064&#8243; img_size=&#8221;full&#8221; alignment=&#8221;center&#8221;][\/vc_column_inner][vc_column_inner width=&#8221;1\/4&#8243;][\/vc_column_inner][vc_column_inner width=&#8221;1\/4&#8243;][\/vc_column_inner][vc_column_inner width=&#8221;1\/4&#8243;][\/vc_column_inner][\/vc_row_inner][vc_empty_space height=&#8221;64px&#8221;][\/vc_column][\/vc_row]<\/p>\n<\/div>","protected":false},"excerpt":{"rendered":"<p>[vc_row][vc_column][vc_row_inner][vc_column_inner][\/vc_column_inner][\/vc_row_inner][\/vc_column][\/vc_row][vc_row][vc_column][vc_column_text] steelChallenge-16 [\/vc_column_text][vc_empty_space][vc_column_text]El Campeonato Regional tuvo lugar el 24 de noviembre de 2021. El steelChallenge de este a\u00f1o atrajo a m\u00e1s de 1480 participantes en&hellip;<\/p>\n","protected":false},"author":2,"featured_media":0,"parent":0,"menu_order":0,"comment_status":"closed","ping_status":"closed","template":"","meta":{"footnotes":""},"class_list":["post-56903","page","type-page","status-publish","hentry"],"aioseo_notices":[],"_links":{"self":[{"href":"https:\/\/steeluniversity.org\/es\/wp-json\/wp\/v2\/pages\/56903","targetHints":{"allow":["GET"]}}],"collection":[{"href":"https:\/\/steeluniversity.org\/es\/wp-json\/wp\/v2\/pages"}],"about":[{"href":"https:\/\/steeluniversity.org\/es\/wp-json\/wp\/v2\/types\/page"}],"author":[{"embeddable":true,"href":"https:\/\/steeluniversity.org\/es\/wp-json\/wp\/v2\/users\/2"}],"replies":[{"embeddable":true,"href":"https:\/\/steeluniversity.org\/es\/wp-json\/wp\/v2\/comments?post=56903"}],"version-history":[{"count":0,"href":"https:\/\/steeluniversity.org\/es\/wp-json\/wp\/v2\/pages\/56903\/revisions"}],"wp:attachment":[{"href":"https:\/\/steeluniversity.org\/es\/wp-json\/wp\/v2\/media?parent=56903"}],"curies":[{"name":"wp","href":"https:\/\/api.w.org\/{rel}","templated":true}]}}