{"id":65061,"date":"2021-11-02T18:12:13","date_gmt":"2021-11-02T18:12:13","guid":{"rendered":"https:\/\/steeluniversity.org\/quienes-somos\/reconocimientos-de-steeluniversity\/"},"modified":"2021-11-02T18:12:16","modified_gmt":"2021-11-02T18:12:16","slug":"reconocimientos-de-steeluniversity","status":"publish","type":"page","link":"https:\/\/steeluniversity.org\/es\/quienes-somos\/reconocimientos-de-steeluniversity\/","title":{"rendered":"reconocimientos de steeluniversity"},"content":{"rendered":"<div class=\"wpb-content-wrapper\"><p>[vc_row][vc_column][vc_column_text]<\/p>\n<h3>steeluniversity agradece el reconocimiento de SIDEREX durante su STEEL TECH Congress &amp; Expo celebrado del 19 al 21 de octubre de 2021 en Bilbao, Espa\u00f1a.<\/h3>\n<p><iframe loading=\"lazy\" title=\"steeluniversity welcomes recognition from SIDEREX - Scott Chubbs\" width=\"640\" height=\"360\" src=\"https:\/\/www.youtube.com\/embed\/pQJLZp7E9d8?feature=oembed\" frameborder=\"0\" allow=\"accelerometer; autoplay; clipboard-write; encrypted-media; gyroscope; picture-in-picture; web-share\" referrerpolicy=\"strict-origin-when-cross-origin\" allowfullscreen><\/iframe><\/p>\n<p>El Congreso, realizado en colaboraci\u00f3n con el Bilbao Exhibition Centre, y con el asesoramiento del Comit\u00e9 Cient\u00edfico, reconoce a steeluniversity con el Communication Forum Award por su compromiso de inspirar y motivar a estudiantes y personas de la siderurgia sobre el valor de trabajar en la industria del acero y liderar el cambio para lograr una industria m\u00e1s sostenible para un mundo m\u00e1s sostenible.<\/p>\n<p>Scott Chubbs, Director de steeluniversity, se\u00f1al\u00f3: \u201cNuestro equipo de steeluniversity est\u00e1 muy contento de recibir el reconocimiento de nuestros colegas que avanzan en la industria del acero en el Pa\u00eds Vasco. Esperamos aprovechar nuestro inter\u00e9s colectivo para desarrollar la motivaci\u00f3n y las habilidades necesarias para trabajar en la industria sider\u00fargica moderna&#8221;.<\/p>\n<ul>\n<li>M\u00e1s informaci\u00f3n sobre SIDEREX: <a href=\"https:\/\/www.siderex.es\/en\/home\/\" target=\"_blank\" rel=\"noopener\">https:\/\/www.siderex.es\/en\/home\/<\/a>.<\/li>\n<li>M\u00e1s informaci\u00f3n sobre STEEL TECH Congress &amp; Expo: <a href=\"https:\/\/steeltech.bilbaoexhibitioncentre.com\/en\/\" target=\"_blank\" rel=\"noopener\">https:\/\/steeltech.bilbaoexhibitioncentre.com\/en\/<\/a><\/li>\n<\/ul>\n<p>[\/vc_column_text][\/vc_column][\/vc_row]<\/p>\n<\/div>","protected":false},"excerpt":{"rendered":"<p>[vc_row][vc_column][vc_column_text] steeluniversity agradece el reconocimiento de SIDEREX durante su STEEL TECH Congress &amp; Expo celebrado del 19 al 21 de octubre de 2021 en Bilbao,&hellip;<\/p>\n","protected":false},"author":2,"featured_media":0,"parent":7383,"menu_order":0,"comment_status":"closed","ping_status":"closed","template":"","meta":{"footnotes":""},"class_list":["post-65061","page","type-page","status-publish","hentry"],"aioseo_notices":[],"_links":{"self":[{"href":"https:\/\/steeluniversity.org\/es\/wp-json\/wp\/v2\/pages\/65061","targetHints":{"allow":["GET"]}}],"collection":[{"href":"https:\/\/steeluniversity.org\/es\/wp-json\/wp\/v2\/pages"}],"about":[{"href":"https:\/\/steeluniversity.org\/es\/wp-json\/wp\/v2\/types\/page"}],"author":[{"embeddable":true,"href":"https:\/\/steeluniversity.org\/es\/wp-json\/wp\/v2\/users\/2"}],"replies":[{"embeddable":true,"href":"https:\/\/steeluniversity.org\/es\/wp-json\/wp\/v2\/comments?post=65061"}],"version-history":[{"count":0,"href":"https:\/\/steeluniversity.org\/es\/wp-json\/wp\/v2\/pages\/65061\/revisions"}],"up":[{"embeddable":true,"href":"https:\/\/steeluniversity.org\/es\/wp-json\/wp\/v2\/pages\/7383"}],"wp:attachment":[{"href":"https:\/\/steeluniversity.org\/es\/wp-json\/wp\/v2\/media?parent=65061"}],"curies":[{"name":"wp","href":"https:\/\/api.w.org\/{rel}","templated":true}]}}