{"id":66284,"date":"2021-12-01T14:19:07","date_gmt":"2021-12-01T14:19:07","guid":{"rendered":"https:\/\/steeluniversity.org\/steelchallenge-16\/campeones-regionales-de-steelchallenge-16\/"},"modified":"2021-12-01T20:27:08","modified_gmt":"2021-12-01T20:27:08","slug":"campeones-regionales","status":"publish","type":"page","link":"https:\/\/steeluniversity.org\/es\/steelchallenge-16\/campeones-regionales\/","title":{"rendered":"Campeones Regionales de steelChallenge-16"},"content":{"rendered":"<div class=\"wpb-content-wrapper\"><p>[vc_row][vc_column][vc_column_text]<\/p>\n<h1>Campeones Regionales\u00a0 de steelChallenge-16<\/h1>\n<p><strong>01 de diciembre de 2021 | Bruselas, B\u00e9lgica. El Campeonato Regional de steelChallenge-16 tuvo lugar online durante 24 horas el 24 de noviembre de 2021. El steelChallenge de este a\u00f1o atrajo a m\u00e1s de 1480 participantes en representaci\u00f3n de m\u00e1s de 50 empresas y alrededor de 90 instituciones acad\u00e9micas de 33 pa\u00edses. Como novedad este a\u00f1o, se introdujeron los requisitos de huella de carbono para el grado de acero. <\/strong>[\/vc_column_text][vc_empty_space][vc_column_text][\/vc_column_text][vc_empty_space][vc_column_text]Scott Chubbs, Director de steeluniversity dijo: \u201cLa competencia de este a\u00f1o agreg\u00f3 nuevas caracter\u00edsticas, incluido nuestro viaje para agregar emisiones de carbono a los simuladores de steeluniversity, un seminario web de clase magistral para todos los participantes, una comunidad en l\u00ednea y un seminario web para abrir el Campeonato Regional, permitiendo a los participantes hacer preguntas al equipo de steeluniversity. La recepci\u00f3n positiva de estos esfuerzos contin\u00faa construyendo el desaf\u00edo del acero para involucrar a los fabricantes de acero actuales y futuros \u201d.<\/p>\n<p>Las personas que obtengan el primer lugar en las categor\u00edas de &#8220;industria&#8221; y &#8220;estudiantes&#8221; de cada una de las cinco regiones ser\u00e1n invitadas al Campeonato Mundial en abril de 2022. Adem\u00e1s, las cinco mejores personas de cada regi\u00f3n recibir\u00e1n un certificado de logro.<\/p>\n<p>El Sr. Chubbs agreg\u00f3: \u201cTenemos la intenci\u00f3n de celebrar el Campeonato Mundial en Londres, Reino Unido. Continuamos monitoreando la situaci\u00f3n mundial de salud y viajes y tomaremos la decisi\u00f3n de estar en persona o en l\u00ednea en enero de 2022\u201d.<br \/>\nsteelChallenge-16 utiliz\u00f3 el horno de arco el\u00e9ctrico y la metalurgia secundaria en una simulaci\u00f3n combinada de steeluniversity. Se encomend\u00f3 a los participantes la tarea de producir un grado de acero que cumpliera los requisitos t\u00e9cnicos al menor costo por tonelada con los requisitos de huella de carbono. La simulaci\u00f3n utiliz\u00f3 un grado de acero dise\u00f1ado espec\u00edficamente para steelChallenge-10.<\/p>\n<p>Los competidores pod\u00edan realizar \u00abcorridas\u00bb ilimitadas de la simulaci\u00f3n durante el per\u00edodo de competencia de 24 horas. Se concluy\u00f3 una \u00abprueba\u00bb cuando la simulaci\u00f3n hab\u00eda completado el tiempo establecido, el resultado se hab\u00eda registrado en la base de datos de competencia y el competidor hab\u00eda recibido una confirmaci\u00f3n de que se hab\u00eda completado satisfactoriamente.<\/p>\n<p>La mejor &#8216;carrera&#8217; de cada competidor fue determinar su puntuaci\u00f3n y posici\u00f3n en el Campeonato Regional.<\/p>\n<p>Todos los participantes registrados para steelChallenge-16 recibieron acceso a los cursos de Horno de Arco El\u00e9ctrico y Metalurgia Secundaria, incluyendo e-learning, modelos interactivos 3D y simuladores. Los participantes registrados que completaron con \u00e9xito el curso de Horno de Arco El\u00e9ctrico y el curso de Metalurgia Secundaria recibieron certificados de finalizaci\u00f3n para cada curso. Adem\u00e1s, los participantes que completaron con \u00e9xito una simulaci\u00f3n durante SteelChallenge-16 recibieron un certificado de competici\u00f3n.<br \/>\n[\/vc_column_text][vc_empty_space][vc_column_text]<\/p>\n<h3>Finalistas del Campeonato Mundial &#8211; Categor\u00eda Industria<\/h3>\n<table>\n<tbody>\n<tr>\n<td width=\"255\"><strong>Persona<\/strong><\/td>\n<td width=\"57\"><strong>Regi\u00f3n<\/strong><\/td>\n<td width=\"227\"><strong>Asociaci\u00f3n<\/strong><\/td>\n<td width=\"105\"><strong>Pa\u00eds<\/strong><\/td>\n<\/tr>\n<tr>\n<td width=\"57\">Timur Sabirovich Gaisin<\/td>\n<td width=\"255\">Europa y \u00c1frica<\/td>\n<td width=\"227\">TMK Group<\/td>\n<td width=\"105\">Rusia<\/td>\n<\/tr>\n<tr>\n<td width=\"57\">Paula Ren\u00e9e de Macedo Costa<\/td>\n<td width=\"255\">Am\u00e9ricas<\/td>\n<td width=\"227\">Compa\u00f1\u00eda Sider\u00fargica do Pec\u00e9m<\/td>\n<td width=\"105\">Brasil<\/td>\n<\/tr>\n<tr>\n<td width=\"57\">Krutidipta Sahu<\/td>\n<td width=\"255\">Asia &#8211; Oeste<\/td>\n<td width=\"227\">Tata Steel Limited<\/td>\n<td width=\"105\">India<\/td>\n<\/tr>\n<tr>\n<td width=\"57\">Ruibin Wang (\u745e\u5bbe\u738b)<\/td>\n<td width=\"255\">Asia &#8211; Norte<\/td>\n<td width=\"227\">HBIS Group<\/td>\n<td width=\"105\">China<\/td>\n<\/tr>\n<tr>\n<td width=\"57\">Jingi Pyeon<\/td>\n<td width=\"255\">Asia &#8211; Este y Ocean\u00eda<\/td>\n<td width=\"227\">POSCO<\/td>\n<td width=\"105\">Corea del Sur<\/td>\n<\/tr>\n<\/tbody>\n<\/table>\n<p>[\/vc_column_text][vc_empty_space height=&#8221;46px&#8221;][vc_column_text]<\/p>\n<h3>World Championship Finalists &#8211; Student Category<\/h3>\n<table>\n<tbody>\n<tr>\n<td width=\"255\"><strong>Person<\/strong><\/td>\n<td width=\"57\"><strong>Region<\/strong><\/td>\n<td width=\"227\"><strong>Affiliatio<\/strong>n<\/td>\n<td width=\"105\"><strong>Country<\/strong><\/td>\n<\/tr>\n<tr>\n<td width=\"57\">Bla\u017e \u017derjav Jereb<\/td>\n<td width=\"255\">Europe and Africa<\/td>\n<td width=\"227\">University of Ljubljana<\/td>\n<td width=\"105\">Slovenia<\/td>\n<\/tr>\n<tr>\n<td width=\"57\">Dong-Hyun Kim<\/td>\n<td width=\"255\">Americas<\/td>\n<td width=\"227\">Polytechnique Montr\u00e9al<\/td>\n<td width=\"105\">Canada<\/td>\n<\/tr>\n<tr>\n<td width=\"57\">Amit Kumar Bhuyan<\/td>\n<td width=\"255\">Asia &#8211; West<\/td>\n<td width=\"227\">Shavak Nanavati Technical Institute<\/td>\n<td width=\"105\">India<\/td>\n<\/tr>\n<tr>\n<td width=\"57\">Qichen Li (\u7eee\u741b )<\/td>\n<td width=\"255\">Asia &#8211; North<\/td>\n<td width=\"227\">Tangshan Vocational and Technical College<\/td>\n<td width=\"105\">China<\/td>\n<\/tr>\n<tr>\n<td width=\"57\">Jongdoeck Lim<\/td>\n<td width=\"255\">Asia &#8211; East and Oceania<\/td>\n<td width=\"227\">Pukyong National University<\/td>\n<td width=\"105\">South Korea<\/td>\n<\/tr>\n<\/tbody>\n<\/table>\n<p>[\/vc_column_text][vc_empty_space height=&#8221;64px&#8221;][\/vc_column][\/vc_row][vc_row][vc_column][vc_column_text]<\/p>\n<p style=\"text-align: center;\">steelChallenge-16 is generously sponsored by the following companies:<\/p>\n<p>[\/vc_column_text][vc_empty_space][vc_row_inner][vc_column_inner width=&#8221;1\/2&#8243;][vc_single_image image=&#8221;57176&#8243; img_size=&#8221;150&#215;113&#8243; alignment=&#8221;center&#8221;][\/vc_column_inner][vc_column_inner width=&#8221;1\/2&#8243;][vc_single_image image=&#8221;57180&#8243; img_size=&#8221;150&#215;113&#8243; alignment=&#8221;center&#8221;][\/vc_column_inner][\/vc_row_inner][vc_row_inner][vc_column_inner width=&#8221;1\/4&#8243;][vc_single_image image=&#8221;56826&#8243; img_size=&#8221;full&#8221; alignment=&#8221;center&#8221;][\/vc_column_inner][vc_column_inner width=&#8221;1\/4&#8243;][vc_single_image image=&#8221;57263&#8243; img_size=&#8221;full&#8221; alignment=&#8221;center&#8221;][\/vc_column_inner][vc_column_inner width=&#8221;1\/4&#8243;][vc_single_image image=&#8221;56818&#8243; img_size=&#8221;full&#8221; alignment=&#8221;center&#8221;][\/vc_column_inner][vc_column_inner width=&#8221;1\/4&#8243;][vc_single_image image=&#8221;57184&#8243; img_size=&#8221;full&#8221; alignment=&#8221;center&#8221;][\/vc_column_inner][\/vc_row_inner][vc_row_inner][vc_column_inner width=&#8221;1\/4&#8243;][vc_single_image image=&#8221;57068&#8243; img_size=&#8221;full&#8221; alignment=&#8221;center&#8221;][\/vc_column_inner][vc_column_inner width=&#8221;1\/4&#8243;][vc_single_image image=&#8221;15690&#8243; img_size=&#8221;full&#8221; alignment=&#8221;center&#8221;][\/vc_column_inner][vc_column_inner width=&#8221;1\/4&#8243;][vc_single_image image=&#8221;15686&#8243; img_size=&#8221;full&#8221; alignment=&#8221;center&#8221;][\/vc_column_inner][vc_column_inner width=&#8221;1\/4&#8243;][vc_single_image image=&#8221;56846&#8243; img_size=&#8221;full&#8221; alignment=&#8221;center&#8221;][\/vc_column_inner][\/vc_row_inner][vc_row_inner][vc_column_inner width=&#8221;1\/4&#8243;][vc_single_image image=&#8221;57064&#8243; img_size=&#8221;full&#8221; alignment=&#8221;center&#8221;][\/vc_column_inner][vc_column_inner width=&#8221;1\/4&#8243;][\/vc_column_inner][vc_column_inner width=&#8221;1\/4&#8243;][\/vc_column_inner][vc_column_inner width=&#8221;1\/4&#8243;][\/vc_column_inner][\/vc_row_inner][\/vc_column][\/vc_row]<\/p>\n<\/div>","protected":false},"excerpt":{"rendered":"<p>[vc_row][vc_column][vc_column_text] Campeones Regionales\u00a0 de steelChallenge-16 01 de diciembre de 2021 | Bruselas, B\u00e9lgica. El Campeonato Regional de steelChallenge-16 tuvo lugar online durante 24 horas el&hellip;<\/p>\n","protected":false},"author":2,"featured_media":0,"parent":56903,"menu_order":0,"comment_status":"closed","ping_status":"closed","template":"","meta":{"footnotes":""},"class_list":["post-66284","page","type-page","status-publish","hentry"],"aioseo_notices":[],"_links":{"self":[{"href":"https:\/\/steeluniversity.org\/es\/wp-json\/wp\/v2\/pages\/66284","targetHints":{"allow":["GET"]}}],"collection":[{"href":"https:\/\/steeluniversity.org\/es\/wp-json\/wp\/v2\/pages"}],"about":[{"href":"https:\/\/steeluniversity.org\/es\/wp-json\/wp\/v2\/types\/page"}],"author":[{"embeddable":true,"href":"https:\/\/steeluniversity.org\/es\/wp-json\/wp\/v2\/users\/2"}],"replies":[{"embeddable":true,"href":"https:\/\/steeluniversity.org\/es\/wp-json\/wp\/v2\/comments?post=66284"}],"version-history":[{"count":0,"href":"https:\/\/steeluniversity.org\/es\/wp-json\/wp\/v2\/pages\/66284\/revisions"}],"up":[{"embeddable":true,"href":"https:\/\/steeluniversity.org\/es\/wp-json\/wp\/v2\/pages\/56903"}],"wp:attachment":[{"href":"https:\/\/steeluniversity.org\/es\/wp-json\/wp\/v2\/media?parent=66284"}],"curies":[{"name":"wp","href":"https:\/\/api.w.org\/{rel}","templated":true}]}}