{"id":66322,"date":"2021-12-01T20:01:03","date_gmt":"2021-12-01T20:01:03","guid":{"rendered":"https:\/\/steeluniversity.org\/steelchallenge-16\/campeonato-regional-top-5-resultados-steelchallenge-16\/"},"modified":"2021-12-01T20:23:44","modified_gmt":"2021-12-01T20:23:44","slug":"top5","status":"publish","type":"page","link":"https:\/\/steeluniversity.org\/es\/steelchallenge-16\/top5\/","title":{"rendered":"Campeonato Regional Top 5 Resultados steelChallenge-16"},"content":{"rendered":"<div class=\"wpb-content-wrapper\"><p>[vc_row][vc_column][vc_column_text]<\/p>\n<h1>\u00a0Top 5 de steelChallenge-16<\/h1>\n<p>[\/vc_column_text][vc_empty_space][vc_column_text]El Campeonato Regional tuvo lugar online durante 24 horas el 24 de noviembre de 2021. El steelChallenge de este a\u00f1o atrajo a m\u00e1s de 1480 participantes en representaci\u00f3n de m\u00e1s de 50 empresas y alrededor de 90 instituciones acad\u00e9micas de 33 pa\u00edses. Como novedad este a\u00f1o, se introdujeron los requisitos de huella de carbono para el grado de acero.[\/vc_column_text][vc_empty_space][vc_column_text]<\/p>\n<h2>Resultados \u2013 Regional<\/h2>\n<h3>Categor\u00eda Estudiantes<\/h3>\n<p>Las cinco primeras posiciones por regi\u00f3n son:[\/vc_column_text][vc_empty_space][vc_column_text]<strong>Europa y \u00c1frica &#8211; Categor\u00eda Estudiante<\/strong><\/p>\n<table width=\"644\">\n<tbody>\n<tr>\n<td width=\"57\">Posici\u00f3n<\/td>\n<td width=\"255\">Persona<\/td>\n<td width=\"227\">Afiliaci\u00f3n<\/td>\n<td width=\"105\">Pa\u00eds<\/td>\n<td>Precio<\/td>\n<\/tr>\n<tr>\n<td align=\"center\" width=\"57\">1<\/td>\n<td width=\"255\">Bla\u017e \u017derjav Jereb<\/td>\n<td width=\"227\">Universidad de Liubliana<\/td>\n<td width=\"105\">Eslovenia<\/td>\n<td width=\"105\">421,264<\/td>\n<\/tr>\n<tr>\n<td align=\"center\" width=\"57\">2<\/td>\n<td width=\"255\">Matija Arzen\u0161ek<\/td>\n<td width=\"227\">Universidad de Liubliana<\/td>\n<td width=\"105\">Eslovenia<\/td>\n<td width=\"105\">422,247<\/td>\n<\/tr>\n<tr>\n<td align=\"center\" width=\"57\">3<\/td>\n<td width=\"255\">Ga\u0161per Krek<\/td>\n<td width=\"227\">Universidad de Liubliana<\/td>\n<td width=\"105\">Eslovenia<\/td>\n<td width=\"105\">423,539<\/td>\n<\/tr>\n<tr>\n<td align=\"center\" width=\"57\">4<\/td>\n<td width=\"255\">Noel Gregori<\/td>\n<td width=\"227\">Universidad of Liubliana<\/td>\n<td width=\"105\">Eslovenia<\/td>\n<td width=\"105\">423,885<\/td>\n<\/tr>\n<tr>\n<td align=\"center\" width=\"57\">5<\/td>\n<td width=\"255\">Urh To\u0161<\/td>\n<td width=\"227\">Universidad of Liubliana<\/td>\n<td width=\"105\">Eslovenia<\/td>\n<td width=\"105\">428,979<\/td>\n<\/tr>\n<\/tbody>\n<\/table>\n<p><strong>Am\u00e9rica &#8211; Categor\u00eda Estudiante<\/strong><\/p>\n<table width=\"644\">\n<tbody>\n<tr>\n<td width=\"57\">Posici\u00f3n<\/td>\n<td width=\"255\">Persona<\/td>\n<td width=\"227\">Afiliaci\u00f3n<\/td>\n<td width=\"105\">Pa\u00eds<\/td>\n<td>Precio<\/td>\n<\/tr>\n<tr>\n<td align=\"center\" width=\"57\">1<\/td>\n<td width=\"255\">Dong-Hyun Kim<\/td>\n<td width=\"227\">Polytechnique Montr\u00e9al<\/td>\n<td width=\"105\">Canad\u00e1<\/td>\n<td width=\"105\">415,036<\/td>\n<\/tr>\n<tr>\n<td align=\"center\" width=\"57\">2<\/td>\n<td width=\"255\">Ramiro Back<\/td>\n<td width=\"227\">Universidad de Buenos Aires<\/td>\n<td width=\"105\">Argentina<\/td>\n<td width=\"105\">419,925<\/td>\n<\/tr>\n<tr>\n<td align=\"center\" width=\"57\">3<\/td>\n<td width=\"255\">Sebasti\u00e1n del Castillo<\/td>\n<td width=\"227\">Universidad de Buenos Aires<\/td>\n<td width=\"105\">Argentina<\/td>\n<td width=\"105\">422,500<\/td>\n<\/tr>\n<tr>\n<td align=\"center\" width=\"57\">4<\/td>\n<td width=\"255\">Agustin Gomez Acquavita<\/td>\n<td width=\"227\">Universidad de Buenos Aires<\/td>\n<td width=\"105\">Argentina<\/td>\n<td width=\"105\">425,537<\/td>\n<\/tr>\n<tr>\n<td align=\"center\" width=\"57\">5<\/td>\n<td width=\"255\">Mora Guerra<\/td>\n<td width=\"227\">Universidad de Buenos Aires<\/td>\n<td width=\"105\">Argentina<\/td>\n<td width=\"105\">426,617<\/td>\n<\/tr>\n<\/tbody>\n<\/table>\n<p><strong>Asia &#8211; Oeste &#8211; Categor\u00eda Estudiante<\/strong><\/p>\n<table width=\"644\">\n<tbody>\n<tr>\n<td width=\"57\">Posici\u00f3n<\/td>\n<td width=\"255\">Persona<\/td>\n<td width=\"227\">Afiliaci\u00f3n<\/td>\n<td width=\"105\">Pa\u00eds<\/td>\n<td>Precio<\/td>\n<\/tr>\n<tr>\n<td align=\"center\" width=\"57\">1<\/td>\n<td width=\"255\">Amit Kumar Bhuyan<\/td>\n<td width=\"227\">Shavak Nanavati Technical institute<\/td>\n<td width=\"105\">India<\/td>\n<td width=\"105\">411,022<\/td>\n<\/tr>\n<tr>\n<td align=\"center\" width=\"57\">2<\/td>\n<td width=\"255\">Harshvardhan Nag<\/td>\n<td width=\"227\">Shavak Nanavati Technical institute<\/td>\n<td width=\"105\">India<\/td>\n<td width=\"105\">411,029<\/td>\n<\/tr>\n<tr>\n<td align=\"center\" width=\"57\">3<\/td>\n<td width=\"255\">Ganesh Das<\/td>\n<td width=\"227\">Shavak Nanavati Technical institute<\/td>\n<td width=\"105\">India<\/td>\n<td width=\"105\">411,315<\/td>\n<\/tr>\n<tr>\n<td align=\"center\" width=\"57\">4<\/td>\n<td width=\"255\">Kunal Sagar<\/td>\n<td width=\"227\">Shavak Nanavati Technical institute<\/td>\n<td width=\"105\">India<\/td>\n<td width=\"105\">411,361<\/td>\n<\/tr>\n<tr>\n<td align=\"center\" width=\"57\">5<\/td>\n<td width=\"255\">Ankit Patra<\/td>\n<td width=\"227\">Shavak Nanavati Technical institute<\/td>\n<td width=\"105\">India<\/td>\n<td width=\"105\">411,428<\/td>\n<\/tr>\n<\/tbody>\n<\/table>\n<p><strong>Asia Norte &#8211; Categor\u00eda Estudiante<\/strong><\/p>\n<table width=\"644\">\n<tbody>\n<tr>\n<td width=\"57\">Posici\u00f3n<\/td>\n<td width=\"255\">Persona<\/td>\n<td width=\"227\">Afiliaci\u00f3n<\/td>\n<td width=\"105\">Pa\u00eds<\/td>\n<td>Precio<\/td>\n<\/tr>\n<tr>\n<td align=\"center\" width=\"57\">1<\/td>\n<td width=\"255\">Qichen LI (\u7eee\u741b \u674e)<\/td>\n<td width=\"227\">Tangshan Vocational and Technical College<\/td>\n<td width=\"105\">China<\/td>\n<td width=\"105\">406,918<\/td>\n<\/tr>\n<tr>\n<td align=\"center\" width=\"57\">2<\/td>\n<td width=\"255\">Fuyang ZHAI (\u798f\u9633\u7fdf)<\/td>\n<td width=\"227\">Tangshan Vocational and Technical College<\/td>\n<td width=\"105\">China<\/td>\n<td width=\"105\">407,129<\/td>\n<\/tr>\n<tr>\n<td align=\"center\" width=\"57\">3<\/td>\n<td width=\"255\">Guanzhong QIAO (\u51a0\u4e2d\u4e54)<\/td>\n<td width=\"227\">Tangshan Vocational and Technical College<\/td>\n<td width=\"105\">China<\/td>\n<td width=\"105\">407,182<\/td>\n<\/tr>\n<tr>\n<td align=\"center\" width=\"57\">4<\/td>\n<td width=\"255\">Jiahao DUAN (\u5609\u8c6a\u6bb5)<\/td>\n<td width=\"227\">Tangshan Vocational and Technical College<\/td>\n<td width=\"105\">China<\/td>\n<td width=\"105\">407,438<\/td>\n<\/tr>\n<tr>\n<td align=\"center\" width=\"57\">5<\/td>\n<td width=\"255\">Aowei LI (\u674e\u5965\u4f1f)<\/td>\n<td width=\"227\">Chongqing University of Science and Technology<\/td>\n<td width=\"105\">China<\/td>\n<td width=\"105\">408,046<\/td>\n<\/tr>\n<\/tbody>\n<\/table>\n<p><strong>Asia &#8211; Este y Ocean\u00eda &#8211; Categor\u00eda Estudiante<\/strong><\/p>\n<table width=\"644\">\n<tbody>\n<tr>\n<td width=\"57\">Posici\u00f3n<\/td>\n<td width=\"255\">Persona<\/td>\n<td width=\"227\">Afiliaci\u00f3n<\/td>\n<td width=\"105\">Pa\u00eds<\/td>\n<td>Precio<\/td>\n<\/tr>\n<tr>\n<td align=\"center\" width=\"57\">1<\/td>\n<td width=\"255\">Jongdoeck Lim<\/td>\n<td width=\"227\">Pukyong National University<\/td>\n<td width=\"105\">Corea del Sur<\/td>\n<td width=\"105\">407,482<\/td>\n<\/tr>\n<tr>\n<td align=\"center\" width=\"57\">2<\/td>\n<td width=\"255\">Sagong Seung Hak<\/td>\n<td width=\"227\">\u00a0Dong-A University<\/td>\n<td width=\"105\">Corea del Sur<\/td>\n<td width=\"105\">407,647<\/td>\n<\/tr>\n<tr>\n<td align=\"center\" width=\"57\">3<\/td>\n<td width=\"255\">Hwang Si Yul<\/td>\n<td width=\"227\">\u00a0Dong-A University<\/td>\n<td width=\"105\">Corea del Sur<\/td>\n<td width=\"105\">407,698<\/td>\n<\/tr>\n<tr>\n<td align=\"center\" width=\"57\">4<\/td>\n<td width=\"255\">Kim Jong Du<\/td>\n<td width=\"227\">\u00a0Dong-A University<\/td>\n<td width=\"105\">Corea del Sur<\/td>\n<td width=\"105\">407,756<\/td>\n<\/tr>\n<tr>\n<td align=\"center\" width=\"57\">5<\/td>\n<td width=\"255\">Park Jeongwoo<\/td>\n<td width=\"227\">\u00a0Dong-A University<\/td>\n<td width=\"105\">Corea del Sur<\/td>\n<td width=\"105\">407,757<\/td>\n<\/tr>\n<\/tbody>\n<\/table>\n<p>[\/vc_column_text][vc_empty_space][\/vc_column][\/vc_row][vc_row][vc_column][vc_separator][vc_empty_space][vc_column_text]<\/p>\n<h3>Categor\u00eda Industria<\/h3>\n<p>Las cinco primeras posiciones por regi\u00f3n son:[\/vc_column_text][vc_empty_space][vc_column_text]<strong>Europa y \u00c1frica- Categor\u00eda Industria<\/strong><\/p>\n<table width=\"644\">\n<tbody>\n<tr>\n<td width=\"57\">Puesto<\/td>\n<td width=\"255\">Persona<\/td>\n<td width=\"227\">Asociaci\u00f3n<\/td>\n<td width=\"105\">Pa\u00eds<\/td>\n<td>Precio<\/td>\n<\/tr>\n<tr>\n<td align=\"center\" width=\"57\">1<\/td>\n<td width=\"255\">Timur Sabirovich Gaisin<\/td>\n<td width=\"227\">TMK Group<\/td>\n<td width=\"105\">Rusia<\/td>\n<td width=\"105\">428,006<\/td>\n<\/tr>\n<tr>\n<td align=\"center\" width=\"57\">2<\/td>\n<td width=\"255\">Prigarin Rodion Alexandrovich<\/td>\n<td width=\"227\">TMK Group<\/td>\n<td width=\"105\">Rusia<\/td>\n<td width=\"105\">432,930<\/td>\n<\/tr>\n<tr>\n<td align=\"center\" width=\"57\">3<\/td>\n<td width=\"255\">Igor Novikov<\/td>\n<td width=\"227\">TMK Group<\/td>\n<td width=\"105\">Rusia<\/td>\n<td width=\"105\">432,942<\/td>\n<\/tr>\n<tr>\n<td align=\"center\" width=\"57\">4<\/td>\n<td width=\"255\">Nikolay Stolbov<\/td>\n<td width=\"227\">TMK Group<\/td>\n<td width=\"105\">Rusia<\/td>\n<td width=\"105\">436,051<\/td>\n<\/tr>\n<tr>\n<td align=\"center\" width=\"57\">5<\/td>\n<td width=\"255\">Aleksandr Kuznetsov<\/td>\n<td width=\"227\">OMZ Spetsstal<\/td>\n<td width=\"105\">Rusia<\/td>\n<td width=\"105\">436,363<\/td>\n<\/tr>\n<\/tbody>\n<\/table>\n<p><strong>Am\u00e9ricas &#8211; Categor\u00eda Industria<\/strong><\/p>\n<table width=\"644\">\n<tbody>\n<tr>\n<td width=\"57\">Puesto<\/td>\n<td width=\"255\">Persona<\/td>\n<td width=\"227\">Asociaci\u00f3n<\/td>\n<td width=\"105\">Pa\u00eds<\/td>\n<td>Precio<\/td>\n<\/tr>\n<tr>\n<td align=\"center\" width=\"57\">1<\/td>\n<td width=\"255\">Paula Ren\u00e9e de Macedo Costa<\/td>\n<td width=\"227\">Compa\u00f1\u00eda Sider\u00fargica do Pec\u00e9m<\/td>\n<td width=\"105\">Brasil<\/td>\n<td width=\"105\">419,976<\/td>\n<\/tr>\n<tr>\n<td align=\"center\" width=\"57\">2<\/td>\n<td width=\"255\">Josu\u00e9 Fabi\u00e1n Islas Ram\u00edrez<\/td>\n<td width=\"227\">Profesional Independiente<\/td>\n<td width=\"105\">M\u00e9xico<\/td>\n<td width=\"105\">420,755<\/td>\n<\/tr>\n<tr>\n<td align=\"center\" width=\"57\">3<\/td>\n<td width=\"255\">Lucas Sousa Uchoa<\/td>\n<td width=\"227\">Compa\u00f1\u00eda Sider\u00fargica do Pec\u00e9m<\/td>\n<td width=\"105\">Brasil<\/td>\n<td width=\"105\">420,898<\/td>\n<\/tr>\n<tr>\n<td align=\"center\" width=\"57\">4<\/td>\n<td width=\"255\">D\u00e1vila De Oliveira Viana<\/td>\n<td width=\"227\">Compa\u00f1\u00eda Sider\u00fargica do Pec\u00e9m<\/td>\n<td width=\"105\">Brasil<\/td>\n<td width=\"105\">421,701<\/td>\n<\/tr>\n<tr>\n<td align=\"center\" width=\"57\">5<\/td>\n<td width=\"255\">Marcelo Ricardo de Souza Angelotto<\/td>\n<td width=\"227\">Compa\u00f1\u00eda Sider\u00fargica do Pec\u00e9m<\/td>\n<td width=\"105\">Brasil<\/td>\n<td width=\"105\">421,824<\/td>\n<\/tr>\n<\/tbody>\n<\/table>\n<p><strong>Asia Occidental &#8211; Categor\u00eda Industria<\/strong><\/p>\n<table width=\"644\">\n<tbody>\n<tr>\n<td width=\"57\">Puesto<\/td>\n<td width=\"255\">Persona<\/td>\n<td width=\"227\">Asociaci\u00f3n<\/td>\n<td width=\"105\">Pa\u00eds<\/td>\n<td>Precio<\/td>\n<\/tr>\n<tr>\n<td align=\"center\" width=\"57\">1<\/td>\n<td width=\"255\">Krutidipta Sahu<\/td>\n<td width=\"227\">Tata Steel Limited<\/td>\n<td width=\"105\">India<\/td>\n<td width=\"105\">410,212<\/td>\n<\/tr>\n<tr>\n<td align=\"center\" width=\"57\">2<\/td>\n<td width=\"255\">Asish Kumar Sahoo<\/td>\n<td width=\"227\">Tata Steel Limited<\/td>\n<td width=\"105\">India<\/td>\n<td width=\"105\">410,525<\/td>\n<\/tr>\n<tr>\n<td align=\"center\" width=\"57\">3<\/td>\n<td width=\"255\">Satyajeet Mohanta<\/td>\n<td width=\"227\">Tata Steel Limited<\/td>\n<td width=\"105\">India<\/td>\n<td width=\"105\">410,851<\/td>\n<\/tr>\n<tr>\n<td align=\"center\" width=\"57\">4<\/td>\n<td width=\"255\">Rohit Kumar Lal<\/td>\n<td width=\"227\">Tata Steel Limited<\/td>\n<td width=\"105\">India<\/td>\n<td width=\"105\">410,859<\/td>\n<\/tr>\n<tr>\n<td align=\"center\" width=\"57\">5<\/td>\n<td width=\"255\">Priyatosh Mahato<\/td>\n<td width=\"227\">Tata Steel Limited<\/td>\n<td width=\"105\">India<\/td>\n<td width=\"105\">411,167<\/td>\n<\/tr>\n<\/tbody>\n<\/table>\n<p><strong>Asia del Norte &#8211; Categor\u00eda Industria<\/strong><\/p>\n<table width=\"644\">\n<tbody>\n<tr>\n<td width=\"57\">Puesto<\/td>\n<td width=\"255\">Persona<\/td>\n<td width=\"227\">Asociaci\u00f3n<\/td>\n<td width=\"105\">Pa\u00eds<\/td>\n<td>Precio<\/td>\n<\/tr>\n<tr>\n<td align=\"center\" width=\"57\">1<\/td>\n<td width=\"255\">Ruibin Wang (\u745e\u5bbe\u738b)<\/td>\n<td width=\"227\">HBIS Group<\/td>\n<td width=\"105\">China<\/td>\n<td width=\"105\">405,899<\/td>\n<\/tr>\n<tr>\n<td align=\"center\" width=\"57\">2<\/td>\n<td width=\"255\">Shuai YUE (\u5cb3\u5e05)<\/td>\n<td width=\"227\">HBIS Group<\/td>\n<td width=\"105\">China<\/td>\n<td width=\"105\">407,440<\/td>\n<\/tr>\n<tr>\n<td align=\"center\" width=\"57\">3<\/td>\n<td width=\"255\">Gang ZU (\u521a\u7956)<\/td>\n<td width=\"227\">HBIS Group<\/td>\n<td width=\"105\">China<\/td>\n<td width=\"105\">407,493<\/td>\n<\/tr>\n<tr>\n<td align=\"center\" width=\"57\">4<\/td>\n<td width=\"255\">Yanping ZHANG<\/td>\n<td width=\"227\">HBIS Group<\/td>\n<td width=\"105\">China<\/td>\n<td width=\"105\">407,592<\/td>\n<\/tr>\n<tr>\n<td align=\"center\" width=\"57\">5<\/td>\n<td width=\"255\">Wei ZHAO (\u8d75\u5efa\u5a01)<\/td>\n<td width=\"227\">HBIS Group<\/td>\n<td width=\"105\">China<\/td>\n<td width=\"105\">407,692<\/td>\n<\/tr>\n<\/tbody>\n<\/table>\n<p><strong>Asia &#8211; Este y Ocean\u00eda &#8211; Categor\u00eda Industria<\/strong><\/p>\n<table width=\"644\">\n<tbody>\n<tr>\n<td width=\"57\">Puesto<\/td>\n<td width=\"255\">Persona<\/td>\n<td width=\"227\">Asociaci\u00f3n<\/td>\n<td width=\"105\">Pa\u00eds<\/td>\n<td>Precio<\/td>\n<\/tr>\n<tr>\n<td align=\"center\" width=\"57\">1<\/td>\n<td width=\"255\">Jingi Pyeon<\/td>\n<td width=\"227\">POSCO<\/td>\n<td width=\"105\">Corea del Sur<\/td>\n<td width=\"105\">409,537<\/td>\n<\/tr>\n<tr>\n<td align=\"center\" width=\"57\">2<\/td>\n<td width=\"255\">Ohyeong Kwon<\/td>\n<td width=\"227\">POSCO<\/td>\n<td width=\"105\">Corea del Sur<\/td>\n<td width=\"105\">410,130<\/td>\n<\/tr>\n<tr>\n<td align=\"center\" width=\"57\">3<\/td>\n<td width=\"255\">Min Seok Oh<\/td>\n<td width=\"227\">POSCO<\/td>\n<td width=\"105\">Corea del Sur<\/td>\n<td width=\"105\">410,162<\/td>\n<\/tr>\n<tr>\n<td align=\"center\" width=\"57\">4<\/td>\n<td width=\"255\">Heewoon Ro<\/td>\n<td width=\"227\">POSCO<\/td>\n<td width=\"105\">Corea del Sur<\/td>\n<td width=\"105\">410,176<\/td>\n<\/tr>\n<tr>\n<td align=\"center\" width=\"57\">5<\/td>\n<td width=\"255\">Gong Lei (\u9f9a\u78ca)<\/td>\n<td width=\"227\">China Baowu<\/td>\n<td width=\"105\">Australia<\/td>\n<td width=\"105\">410,193<\/td>\n<\/tr>\n<\/tbody>\n<\/table>\n<p>[\/vc_column_text][\/vc_column][\/vc_row][vc_row][vc_column][vc_empty_space height=&#8221;64px&#8221;][vc_separator][vc_empty_space height=&#8221;64px&#8221;][vc_column_text]<\/p>\n<p style=\"text-align: center;\">steelChallenge-16 es generosamente patrocinado por las siguiente compa\u00f1\u00edas:<\/p>\n<p>[\/vc_column_text][vc_empty_space][vc_row_inner][vc_column_inner width=&#8221;1\/2&#8243;][vc_single_image image=&#8221;57176&#8243; img_size=&#8221;150&#215;113&#8243; alignment=&#8221;center&#8221;][\/vc_column_inner][vc_column_inner width=&#8221;1\/2&#8243;][vc_single_image image=&#8221;57180&#8243; img_size=&#8221;150&#215;113&#8243; alignment=&#8221;center&#8221;][\/vc_column_inner][\/vc_row_inner][vc_row_inner][vc_column_inner width=&#8221;1\/4&#8243;][vc_single_image image=&#8221;56826&#8243; img_size=&#8221;full&#8221; alignment=&#8221;center&#8221;][\/vc_column_inner][vc_column_inner width=&#8221;1\/4&#8243;][vc_single_image image=&#8221;57263&#8243; img_size=&#8221;full&#8221; alignment=&#8221;center&#8221;][\/vc_column_inner][vc_column_inner width=&#8221;1\/4&#8243;][vc_single_image image=&#8221;56818&#8243; img_size=&#8221;full&#8221; alignment=&#8221;center&#8221;][\/vc_column_inner][vc_column_inner width=&#8221;1\/4&#8243;][vc_single_image image=&#8221;57184&#8243; img_size=&#8221;full&#8221; alignment=&#8221;center&#8221;][\/vc_column_inner][\/vc_row_inner][vc_row_inner][vc_column_inner width=&#8221;1\/4&#8243;][vc_single_image image=&#8221;57068&#8243; img_size=&#8221;full&#8221; alignment=&#8221;center&#8221;][\/vc_column_inner][vc_column_inner width=&#8221;1\/4&#8243;][vc_single_image image=&#8221;15690&#8243; img_size=&#8221;full&#8221; alignment=&#8221;center&#8221;][\/vc_column_inner][vc_column_inner width=&#8221;1\/4&#8243;][vc_single_image image=&#8221;15686&#8243; img_size=&#8221;full&#8221; alignment=&#8221;center&#8221;][\/vc_column_inner][vc_column_inner width=&#8221;1\/4&#8243;][vc_single_image image=&#8221;56846&#8243; img_size=&#8221;full&#8221; alignment=&#8221;center&#8221;][\/vc_column_inner][\/vc_row_inner][vc_row_inner][vc_column_inner width=&#8221;1\/4&#8243;][vc_single_image image=&#8221;57064&#8243; img_size=&#8221;full&#8221; alignment=&#8221;center&#8221;][\/vc_column_inner][vc_column_inner width=&#8221;1\/4&#8243;][\/vc_column_inner][vc_column_inner width=&#8221;1\/4&#8243;][\/vc_column_inner][vc_column_inner width=&#8221;1\/4&#8243;][\/vc_column_inner][\/vc_row_inner][\/vc_column][\/vc_row]<\/p>\n<\/div>","protected":false},"excerpt":{"rendered":"<p>[vc_row][vc_column][vc_column_text] \u00a0Top 5 de steelChallenge-16 [\/vc_column_text][vc_empty_space][vc_column_text]El Campeonato Regional tuvo lugar online durante 24 horas el 24 de noviembre de 2021. El steelChallenge de este a\u00f1o&hellip;<\/p>\n","protected":false},"author":2,"featured_media":0,"parent":56903,"menu_order":0,"comment_status":"closed","ping_status":"closed","template":"","meta":{"footnotes":""},"class_list":["post-66322","page","type-page","status-publish","hentry"],"aioseo_notices":[],"_links":{"self":[{"href":"https:\/\/steeluniversity.org\/es\/wp-json\/wp\/v2\/pages\/66322","targetHints":{"allow":["GET"]}}],"collection":[{"href":"https:\/\/steeluniversity.org\/es\/wp-json\/wp\/v2\/pages"}],"about":[{"href":"https:\/\/steeluniversity.org\/es\/wp-json\/wp\/v2\/types\/page"}],"author":[{"embeddable":true,"href":"https:\/\/steeluniversity.org\/es\/wp-json\/wp\/v2\/users\/2"}],"replies":[{"embeddable":true,"href":"https:\/\/steeluniversity.org\/es\/wp-json\/wp\/v2\/comments?post=66322"}],"version-history":[{"count":0,"href":"https:\/\/steeluniversity.org\/es\/wp-json\/wp\/v2\/pages\/66322\/revisions"}],"up":[{"embeddable":true,"href":"https:\/\/steeluniversity.org\/es\/wp-json\/wp\/v2\/pages\/56903"}],"wp:attachment":[{"href":"https:\/\/steeluniversity.org\/es\/wp-json\/wp\/v2\/media?parent=66322"}],"curies":[{"name":"wp","href":"https:\/\/api.w.org\/{rel}","templated":true}]}}