{"id":67,"date":"2016-07-04T18:31:49","date_gmt":"2016-07-04T18:31:49","guid":{"rendered":"\/\/steeluniversity.org\/?page_id=67&#038;lang=es"},"modified":"2021-03-30T13:01:21","modified_gmt":"2021-03-30T13:01:21","slug":"home","status":"publish","type":"page","link":"https:\/\/steeluniversity.org\/es\/home\/","title":{"rendered":"Inicio"},"content":{"rendered":"<div class=\"wpb-content-wrapper\"><p>[vc_row full_width=&#8221;stretch_row&#8221;][vc_column css=&#8221;.vc_custom_1592418209492{border-radius: 5px !important;}&#8221;][rev_slider_vc alias=&#8221;su-home-new&#8221;][\/vc_column][\/vc_row][vc_row wrap_container=&#8221;yes&#8221; css=&#8221;.vc_custom_1592416929902{margin-bottom: 10px !important;border-top-width: 10px !important;border-right-width: 10px !important;border-bottom-width: 10px !important;border-left-width: 10px !important;padding-top: 0px !important;padding-right: 0px !important;padding-bottom: 0px !important;padding-left: 0px !important;background-color: #ffffff !important;border-left-color: #ffffff !important;border-left-style: solid !important;border-right-color: #ffffff !important;border-right-style: solid !important;border-top-color: #ffffff !important;border-top-style: solid !important;border-bottom-color: #ffffff !important;border-bottom-style: solid !important;border-radius: 4px !important;}&#8221; el_class=&#8221;new-grid&#8221;][vc_column][vc_column_text css_animation=&#8221;fadeIn&#8221; css=&#8221;.vc_custom_1494961935888{margin-top: 25px !important;margin-bottom: 45px !important;}&#8221;]<\/p>\n<h1 style=\"font-weight: normal; font-size: 3.5em;\" align=\"center\">Recursos educativos para la industria del acero<\/h1>\n<h1><\/h1>\n<p>[\/vc_column_text][vc_column_text css_animation=&#8221;fadeIn&#8221;]<\/p>\n<h4 align=\"center\">Proporcionamos un conjunto de recursos educativos para conocer c\u00f3mo se fabrica el acero, c\u00f3mo se utiliza en los productos de consumo y su impacto en nuestra vida cotidiana.<\/h4>\n<p>[\/vc_column_text][vc_row_inner css=&#8221;.vc_custom_1593203553564{margin-top: 80px !important;}&#8221;][vc_column_inner width=&#8221;1\/3&#8243;][vc_single_image image=&#8221;54210&#8243; img_size=&#8221;370&#215;160&#8243; alignment=&#8221;center&#8221; style=&#8221;vc_box_rounded&#8221; onclick=&#8221;custom_link&#8221; link=&#8221;https:\/\/steeluniversity.org\/es\/courses\/app0202-detallado-de-estructuras-de-acero\/&#8221; label=&#8221;&#8221; animation_type=&#8221;&#8221;][vc_column_text]<\/p>\n<h4><a style=\"color: #1d2127;\" href=\"https:\/\/steeluniversity.org\/es\/courses\/app0202-detallado-de-estructuras-de-acero\/\">Detallado Estructuras de Acero<\/a><\/h4>\n<p>Curso online con sesiones en vivo. Inicia el 12 de abril, cupos limitados.<\/p>\n<p>[\/vc_column_text][\/vc_column_inner][vc_column_inner width=&#8221;1\/3&#8243;][vc_single_image image=&#8221;46454&#8243; img_size=&#8221;370&#215;160&#8243; alignment=&#8221;center&#8221; style=&#8221;vc_box_rounded&#8221; onclick=&#8221;custom_link&#8221; link=&#8221;https:\/\/steeluniversity.org\/es\/juego\/simuladores\/&#8221; label=&#8221;&#8221; animation_type=&#8221;&#8221;][vc_column_text]<\/p>\n<h4><a style=\"color: #1d2127;\" href=\"https:\/\/steeluniversity.org\/es\/juego\/simuladores\/\">Simuladores<\/a><\/h4>\n<p>Fabrica acero usando el alto horno, el horno de arco el\u00e9ctrico, metalurgia en el convertidor LD y m\u00e1s.[\/vc_column_text][\/vc_column_inner][vc_column_inner width=&#8221;1\/3&#8243;][vc_single_image image=&#8221;46450&#8243; img_size=&#8221;370&#215;160&#8243; alignment=&#8221;center&#8221; style=&#8221;vc_box_rounded&#8221; onclick=&#8221;custom_link&#8221; hover_effect=&#8221;yes&#8221; link=&#8221;https:\/\/steeluniversity.org\/es\/catalogo\/cursos\/&#8221; css=&#8221;.vc_custom_1617108803802{margin-bottom: 0px !important;padding-bottom: 0px !important;background-color: #ffffff !important;}&#8221; label=&#8221;&#8221; animation_type=&#8221;&#8221;][vc_column_text css=&#8221;.vc_custom_1617108838656{margin-top: 0px !important;padding-top: 0px !important;}&#8221;]<\/p>\n<h4><a style=\"color: #1d2127;\" href=\"https:\/\/steeluniversity.org\/es\/catalogo\/cursos\/\">Cursos de E-Learning<\/a><\/h4>\n<p>Aprende sobre fabricaci\u00f3n de acero, metalurgia, aplicaciones de acero, sustentabilidad y m\u00e1s.[\/vc_column_text][\/vc_column_inner][\/vc_row_inner][vc_row_inner][vc_column_inner width=&#8221;1\/3&#8243;][vc_single_image image=&#8221;46470&#8243; img_size=&#8221;370&#215;160&#8243; alignment=&#8221;center&#8221; style=&#8221;vc_box_rounded&#8221; onclick=&#8221;custom_link&#8221; link=&#8221;https:\/\/steeluniversity.org\/es\/catalogo\/modelos-3d\/&#8221; label=&#8221;&#8221; animation_type=&#8221;&#8221;][vc_column_text]<\/p>\n<h4><a style=\"color: #1d2127;\" href=\"https:\/\/steeluniversity.org\/es\/catalogo\/modelos-3d\/\">Modelos Interactivos 3D<\/a><\/h4>\n<p>Explora la tecnolog\u00eda que se encuentra detr\u00e1s de la fabricaci\u00f3n de acero de una manera interactiva.[\/vc_column_text][\/vc_column_inner][vc_column_inner width=&#8221;1\/3&#8243;][vc_single_image image=&#8221;46462&#8243; img_size=&#8221;370&#215;160&#8243; alignment=&#8221;center&#8221; style=&#8221;vc_box_rounded&#8221; onclick=&#8221;custom_link&#8221; link=&#8221;https:\/\/steeluniversity.org\/es\/juego\/steelbusiness\/&#8221; label=&#8221;&#8221; animation_type=&#8221;&#8221;][vc_column_text]<\/p>\n<h4><a style=\"color: #1d2127;\" href=\"https:\/\/steeluniversity.org\/es\/juego\/steelbusiness\/\">steelBusiness<\/a><\/h4>\n<p>Descubre los conceptos de gesti\u00f3n financiera que lleva a cabo una empresa sider\u00fargica.[\/vc_column_text][\/vc_column_inner][vc_column_inner width=&#8221;1\/3&#8243;][vc_single_image image=&#8221;46458&#8243; img_size=&#8221;370&#215;160&#8243; alignment=&#8221;center&#8221; style=&#8221;vc_box_rounded&#8221; onclick=&#8221;custom_link&#8221; link=&#8221;https:\/\/steeluniversity.org\/es\/juego\/videos-seguridad\/&#8221; label=&#8221;&#8221; animation_type=&#8221;&#8221;][vc_column_text]<\/p>\n<h4><a style=\"color: #1d2127;\" href=\"https:\/\/steeluniversity.org\/es\/juego\/videos-seguridad\/\">V\u00eddeos de Seguridad<\/a><\/h4>\n<p>Explora r\u00e1pidamente los incidentes de seguridad comunes en plantas de acero y aprende c\u00f3mo evitarlos.[\/vc_column_text][\/vc_column_inner][\/vc_row_inner][\/vc_column][\/vc_row][vc_row full_width=&#8221;stretch_row&#8221;][vc_column css=&#8221;.vc_custom_1592418209492{border-radius: 5px !important;}&#8221;][vc_empty_space height=&#8221;64px&#8221;][vc_column_text css_animation=&#8221;none&#8221;]<\/p>\n<h3 align=\"center\">Cursos con certificado de finalizaci\u00f3n<\/h3>\n<p>[\/vc_column_text][\/vc_column][\/vc_row][vc_row][vc_column][vc_empty_space][vc_column_text]<div id=\"ld-course-list-content-a746de37d5ade2a953a3e302c776b483\" class=\"ld-course-list-content\" data-shortcode-atts=\"{&quot;num&quot;:&quot;3&quot;,&quot;col&quot;:&quot;3&quot;,&quot;tag&quot;:&quot;home-es&quot;,&quot;orderby&quot;:&quot;title&quot;,&quot;order&quot;:&quot;ASC&quot;}\">\n\t\t\t<div class=\"ld-course-list-items row\">\n\t\r\n    <div class=\"ld_course_grid col-sm-8 col-md-4  bb-course-item-wrap\">\r\n\r\n        <div class=\"bb-cover-list-item  \">\r\n\t\t\t\r\n                    <div class=\"bb-course-cover\">\r\n                        <a title=\"APP03102 &#8211; Componentes Mec\u00e1nicos\" href=\"https:\/\/steeluniversity.org\/es\/courses\/app03102-componentes-mecanicos\/\" class=\"bb-cover-wrap\">\r\n\t\t\t\t\t\t\t<img loading=\"lazy\" decoding=\"async\" width=\"400\" height=\"300\" src=\"https:\/\/steeluniversity.org\/wp-content\/uploads\/2018\/10\/APP03102_400x300_2.jpg\" class=\"attachment-post-thumbnail size-post-thumbnail wp-post-image\" alt=\"\" srcset=\"https:\/\/steeluniversity.org\/wp-content\/uploads\/2018\/10\/APP03102_400x300_2.jpg 400w, https:\/\/steeluniversity.org\/wp-content\/uploads\/2018\/10\/APP03102_400x300_2-300x225.jpg 300w\" sizes=\"auto, (max-width: 400px) 100vw, 400px\" \/><img decoding=\"async\" class=\"su-publisher-image\" src=\"https:\/\/steeluniversity.org\/wp-content\/themes\/buddyboss-theme-child\/assets\/img\/steeluniversity.jpg\">\r\n                        <\/a>\r\n\r\n\t\t\t\t\t\t<div class=\"su-publisher\">\r\n\t\t\t\t\t\t\t\t\t\t\t\t\t<a href=\"https:\/\/steeluniversity.org\/es\/category\/publisher\/steeluniversity\/\">steeluniversity<\/a>\r\n\t\t\t\t\t\t\t\t\t\t\t\t<\/div>\r\n\r\n                    <\/div>\r\n\r\n\t\t\t\r\n\t\t\t\t\t\t\t<div>\r\n\t\t\t\t\t\r\n\t                <h2 class=\"bb-course-title su-course-title\"><a href=\"https:\/\/steeluniversity.org\/es\/courses\/app03102-componentes-mecanicos\/\">APP03102 &#8211; Componentes Mec\u00e1nicos<\/a><\/h2>\r\n\r\n\t                <div class=\"bb-card-course-details\">\r\n\t\t\t\t\t\t\r\n\t\t\t\t\t\t\t\t\t\t\t\t<div class=\"su-learning-path\"><a href=\"https:\/\/steeluniversity.org\/es\/category\/learning-path\/steel-applications\/\">Aplicaciones del Acero<\/a><\/div>\t\t\t\t\t<\/div>\r\n\r\n                <\/div><!-- .entry-header -->\r\n\r\n        <\/div><!-- #post-## -->\r\n    <\/div>\r\n\t\r\n    <div class=\"ld_course_grid col-sm-8 col-md-4  bb-course-item-wrap\">\r\n\r\n        <div class=\"bb-cover-list-item  \">\r\n\t\t\t\r\n                    <div class=\"bb-course-cover\">\r\n                        <a title=\"APP04012 &#8211; Envases\" href=\"https:\/\/steeluniversity.org\/es\/courses\/app04012-envases\/\" class=\"bb-cover-wrap\">\r\n\t\t\t\t\t\t\t<img loading=\"lazy\" decoding=\"async\" width=\"400\" height=\"300\" src=\"https:\/\/steeluniversity.org\/wp-content\/uploads\/2016\/07\/APP04012_400x300.jpg\" class=\"attachment-post-thumbnail size-post-thumbnail wp-post-image\" alt=\"\" srcset=\"https:\/\/steeluniversity.org\/wp-content\/uploads\/2016\/07\/APP04012_400x300.jpg 400w, https:\/\/steeluniversity.org\/wp-content\/uploads\/2016\/07\/APP04012_400x300-300x225.jpg 300w\" sizes=\"auto, (max-width: 400px) 100vw, 400px\" \/><img decoding=\"async\" class=\"su-publisher-image\" src=\"https:\/\/steeluniversity.org\/wp-content\/themes\/buddyboss-theme-child\/assets\/img\/steeluniversity.jpg\">\r\n                        <\/a>\r\n\r\n\t\t\t\t\t\t<div class=\"su-publisher\">\r\n\t\t\t\t\t\t\t\t\t\t\t\t\t<a href=\"https:\/\/steeluniversity.org\/es\/category\/publisher\/steeluniversity\/\">steeluniversity<\/a>\r\n\t\t\t\t\t\t\t\t\t\t\t\t<\/div>\r\n\r\n                    <\/div>\r\n\r\n\t\t\t\r\n\t\t\t\t\t\t\t<div>\r\n\t\t\t\t\t\r\n\t                <h2 class=\"bb-course-title su-course-title\"><a href=\"https:\/\/steeluniversity.org\/es\/courses\/app04012-envases\/\">APP04012 &#8211; Envases<\/a><\/h2>\r\n\r\n\t                <div class=\"bb-card-course-details\">\r\n\t\t\t\t\t\t\r\n\t\t\t\t\t\t\t\t\t\t\t\t<div class=\"su-learning-path\"><a href=\"https:\/\/steeluniversity.org\/es\/category\/learning-path\/steel-applications\/\">Aplicaciones del Acero<\/a><\/div>\t\t\t\t\t<\/div>\r\n\r\n                <\/div><!-- .entry-header -->\r\n\r\n        <\/div><!-- #post-## -->\r\n    <\/div>\r\n\t\t<\/div>\n\t\t\t<\/div>\n\t\t[\/vc_column_text][ult_buttons btn_title=&#8221;Ver Todos los Cursos E-learning&#8221; btn_link=&#8221;url:https%3A%2F%2Fsteeluniversity.org%2Fes%2Fcatalogo%2Fcursos%2F|||&#8221; btn_align=&#8221;ubtn-center&#8221; btn_title_color=&#8221;#d0202e&#8221; btn_bg_color=&#8221;#ffffff&#8221; btn_hover=&#8221;ubtn-top-bg&#8221; btn_bg_color_hover=&#8221;#d0202e&#8221; btn_title_color_hover=&#8221;#ffffff&#8221; icon_size=&#8221;32&#8243; btn_icon_pos=&#8221;ubtn-sep-icon-at-left&#8221; btn_border_style=&#8221;solid&#8221; btn_color_border=&#8221;#d0202e&#8221; btn_color_border_hover=&#8221;#d0202e&#8221; btn_border_size=&#8221;2&#8243; btn_radius=&#8221;1&#8243; btn_font_style=&#8221;font-weight:bold;&#8221; btn_font_size=&#8221;desktop:16px;&#8221;][\/vc_column][\/vc_row][vc_row full_width=&#8221;stretch_row&#8221;][vc_column css=&#8221;.vc_custom_1592418209492{border-radius: 5px !important;}&#8221;][vc_empty_space height=&#8221;64px&#8221;][vc_column_text css_animation=&#8221;none&#8221;]<\/p>\n<h3 align=\"center\">Contenido de aprendizaje gratuito<\/h3>\n<p>[\/vc_column_text][\/vc_column][\/vc_row][vc_row][vc_column][vc_empty_space][vc_column_text]<div id=\"ld-course-list-content-941189437fa6aff1e2d40d379ca6f4b3\" class=\"ld-course-list-content\" data-shortcode-atts=\"{&quot;num&quot;:&quot;3&quot;,&quot;col&quot;:&quot;3&quot;,&quot;tag&quot;:&quot;free-es&quot;,&quot;orderby&quot;:&quot;title&quot;,&quot;order&quot;:&quot;ASC&quot;}\">\n\t\t\t<div class=\"ld-course-list-items row\">\n\t\r\n    <div class=\"ld_course_grid col-sm-8 col-md-4  bb-course-item-wrap\">\r\n\r\n        <div class=\"bb-cover-list-item  \">\r\n\t\t\t\r\n                    <div class=\"bb-course-cover\">\r\n                        <a title=\"APP0204301 &#8211; \u00c1rbol de conexiones\" href=\"https:\/\/steeluniversity.org\/es\/courses\/app0204301-escultura-de-acero\/\" class=\"bb-cover-wrap\">\r\n\t\t\t\t\t\t\t<img loading=\"lazy\" decoding=\"async\" width=\"624\" height=\"351\" src=\"https:\/\/steeluniversity.org\/wp-content\/uploads\/2021\/05\/M3D-APP0204-SSculpture-624x351.jpeg\" class=\"attachment-post-thumbnail size-post-thumbnail wp-post-image\" alt=\"\" srcset=\"https:\/\/steeluniversity.org\/wp-content\/uploads\/2021\/05\/M3D-APP0204-SSculpture-624x351.jpeg 624w, https:\/\/steeluniversity.org\/wp-content\/uploads\/2021\/05\/M3D-APP0204-SSculpture-300x169.jpeg 300w, https:\/\/steeluniversity.org\/wp-content\/uploads\/2021\/05\/M3D-APP0204-SSculpture-1024x576.jpeg 1024w, https:\/\/steeluniversity.org\/wp-content\/uploads\/2021\/05\/M3D-APP0204-SSculpture-768x432.jpeg 768w, https:\/\/steeluniversity.org\/wp-content\/uploads\/2021\/05\/M3D-APP0204-SSculpture-1536x864.jpeg 1536w, https:\/\/steeluniversity.org\/wp-content\/uploads\/2021\/05\/M3D-APP0204-SSculpture-400x225.jpeg 400w, https:\/\/steeluniversity.org\/wp-content\/uploads\/2021\/05\/M3D-APP0204-SSculpture-600x338.jpeg 600w, https:\/\/steeluniversity.org\/wp-content\/uploads\/2021\/05\/M3D-APP0204-SSculpture.jpeg 1920w\" sizes=\"auto, (max-width: 624px) 100vw, 624px\" \/><img decoding=\"async\" class=\"su-publisher-image\" src=\"https:\/\/steeluniversity.org\/wp-content\/themes\/buddyboss-theme-child\/assets\/img\/gerdau-corsa.jpg\">\r\n                        <\/a>\r\n\r\n\t\t\t\t\t\t<div class=\"su-publisher\">\r\n\t\t\t\t\t\t\t\t\t\t\t\t\t<a href=\"https:\/\/steeluniversity.org\/es\/category\/publisher\/gerdau-corsa\/\">Gerdau Corsa<\/a>\r\n\t\t\t\t\t\t\t\t\t\t\t\t\t<a href=\"https:\/\/steeluniversity.org\/es\/category\/publisher\/steeluniversity\/\">steeluniversity<\/a>\r\n\t\t\t\t\t\t\t\t\t\t\t\t<\/div>\r\n\r\n                    <\/div>\r\n\r\n\t\t\t\r\n\t\t\t\t\t\t\t<div>\r\n\t\t\t\t\t\r\n\t                <h2 class=\"bb-course-title su-course-title\"><a href=\"https:\/\/steeluniversity.org\/es\/courses\/app0204301-escultura-de-acero\/\">APP0204301 &#8211; \u00c1rbol de conexiones<\/a><\/h2>\r\n\r\n\t                <div class=\"bb-card-course-details\">\r\n\t\t\t\t\t\t\r\n\t\t\t\t\t\t\t\t\t\t\t\t<div class=\"su-learning-path\"><a href=\"https:\/\/steeluniversity.org\/es\/category\/learning-path\/steel-applications\/\">Aplicaciones del Acero<\/a><\/div>\t\t\t\t\t<\/div>\r\n\r\n                <\/div><!-- .entry-header -->\r\n\r\n        <\/div><!-- #post-## -->\r\n    <\/div>\r\n\t\r\n    <div class=\"ld_course_grid col-sm-8 col-md-4  bb-course-item-wrap\">\r\n\r\n        <div class=\"bb-cover-list-item  \">\r\n\t\t\t\r\n                    <div class=\"bb-course-cover\">\r\n                        <a title=\"MAN0201 &#8211; Industria 4.0 como facilitador para realizar una industria del acero inteligente\" href=\"https:\/\/steeluniversity.org\/es\/courses\/man0201-industria-4-0-como-facilitador-para-realizar-una-industria-del-acero-inteligente\/\" class=\"bb-cover-wrap\">\r\n\t\t\t\t\t\t\t<img loading=\"lazy\" decoding=\"async\" width=\"624\" height=\"468\" src=\"https:\/\/steeluniversity.org\/wp-content\/uploads\/2021\/09\/MAN0201-1200x900-1-624x468.jpg\" class=\"attachment-post-thumbnail size-post-thumbnail wp-post-image\" alt=\"\" srcset=\"https:\/\/steeluniversity.org\/wp-content\/uploads\/2021\/09\/MAN0201-1200x900-1-624x468.jpg 624w, https:\/\/steeluniversity.org\/wp-content\/uploads\/2021\/09\/MAN0201-1200x900-1-300x225.jpg 300w, https:\/\/steeluniversity.org\/wp-content\/uploads\/2021\/09\/MAN0201-1200x900-1-1024x768.jpg 1024w, https:\/\/steeluniversity.org\/wp-content\/uploads\/2021\/09\/MAN0201-1200x900-1-768x576.jpg 768w, https:\/\/steeluniversity.org\/wp-content\/uploads\/2021\/09\/MAN0201-1200x900-1-400x300.jpg 400w, https:\/\/steeluniversity.org\/wp-content\/uploads\/2021\/09\/MAN0201-1200x900-1-600x450.jpg 600w, https:\/\/steeluniversity.org\/wp-content\/uploads\/2021\/09\/MAN0201-1200x900-1.jpg 1200w\" sizes=\"auto, (max-width: 624px) 100vw, 624px\" \/><img decoding=\"async\" class=\"su-publisher-image\" src=\"https:\/\/steeluniversity.org\/wp-content\/themes\/buddyboss-theme-child\/assets\/img\/steel-academy.jpg\">\r\n                        <\/a>\r\n\r\n\t\t\t\t\t\t<div class=\"su-publisher\">\r\n\t\t\t\t\t\t\t\t\t\t\t\t\t<a href=\"https:\/\/steeluniversity.org\/es\/category\/publisher\/steel-academy\/\">Steel Academy<\/a>\r\n\t\t\t\t\t\t\t\t\t\t\t\t<\/div>\r\n\r\n                    <\/div>\r\n\r\n\t\t\t\r\n\t\t\t\t\t\t\t<div>\r\n\t\t\t\t\t\r\n\t                <h2 class=\"bb-course-title su-course-title\"><a href=\"https:\/\/steeluniversity.org\/es\/courses\/man0201-industria-4-0-como-facilitador-para-realizar-una-industria-del-acero-inteligente\/\">MAN0201 &#8211; Industria 4.0 como facilitador para realizar una industria del acero inteligente<\/a><\/h2>\r\n\r\n\t                <div class=\"bb-card-course-details\">\r\n\t\t\t\t\t\t\r\n\t\t\t\t\t\t\t\t\t\t\t\t<div class=\"su-learning-path\"><a href=\"https:\/\/steeluniversity.org\/es\/category\/learning-path\/steel-manufacturing\/\">Fabricaci\u00f3n de Acero<\/a><\/div>\t\t\t\t\t<\/div>\r\n\r\n                <\/div><!-- .entry-header -->\r\n\r\n        <\/div><!-- #post-## -->\r\n    <\/div>\r\n\t\r\n    <div class=\"ld_course_grid col-sm-8 col-md-4  bb-course-item-wrap\">\r\n\r\n        <div class=\"bb-cover-list-item  \">\r\n\t\t\t\r\n                    <div class=\"bb-course-cover\">\r\n                        <a title=\"MET01012 &#8211; Termodin\u00e1mica y Cin\u00e9tica\" href=\"https:\/\/steeluniversity.org\/es\/courses\/met01012-termodinamica-y-cinetica\/\" class=\"bb-cover-wrap\">\r\n\t\t\t\t\t\t\t<img loading=\"lazy\" decoding=\"async\" width=\"400\" height=\"300\" src=\"https:\/\/steeluniversity.org\/wp-content\/uploads\/2016\/07\/MET01012_400x300.jpg\" class=\"attachment-post-thumbnail size-post-thumbnail wp-post-image\" alt=\"\" srcset=\"https:\/\/steeluniversity.org\/wp-content\/uploads\/2016\/07\/MET01012_400x300.jpg 400w, https:\/\/steeluniversity.org\/wp-content\/uploads\/2016\/07\/MET01012_400x300-300x225.jpg 300w\" sizes=\"auto, (max-width: 400px) 100vw, 400px\" \/><img decoding=\"async\" class=\"su-publisher-image\" src=\"https:\/\/steeluniversity.org\/wp-content\/themes\/buddyboss-theme-child\/assets\/img\/steeluniversity.jpg\">\r\n                        <\/a>\r\n\r\n\t\t\t\t\t\t<div class=\"su-publisher\">\r\n\t\t\t\t\t\t\t\t\t\t\t\t\t<a href=\"https:\/\/steeluniversity.org\/es\/category\/publisher\/steeluniversity\/\">steeluniversity<\/a>\r\n\t\t\t\t\t\t\t\t\t\t\t\t<\/div>\r\n\r\n                    <\/div>\r\n\r\n\t\t\t\r\n\t\t\t\t\t\t\t<div>\r\n\t\t\t\t\t\r\n\t                <h2 class=\"bb-course-title su-course-title\"><a href=\"https:\/\/steeluniversity.org\/es\/courses\/met01012-termodinamica-y-cinetica\/\">MET01012 &#8211; Termodin\u00e1mica y Cin\u00e9tica<\/a><\/h2>\r\n\r\n\t                <div class=\"bb-card-course-details\">\r\n\t\t\t\t\t\t\r\n\t\t\t\t\t\t\t\t\t\t\t\t<div class=\"su-learning-path\"><a href=\"https:\/\/steeluniversity.org\/es\/category\/learning-path\/steel-metallurgy\/\">Metalurgia Ferrosa<\/a><\/div>\t\t\t\t\t<\/div>\r\n\r\n                <\/div><!-- .entry-header -->\r\n\r\n        <\/div><!-- #post-## -->\r\n    <\/div>\r\n\t\t<\/div>\n\t<div class=\"buddypress-wrap learndash-pager learndash-pager-course_list\" data-nonce=\"91c3cc4766\" >\n            <div class='bp-pagination bottom'>\n                <div class='bp-pagination-links bottom'>\n                    <p class='pag-data'>\n\n                        <span class=\"page-numbers current\">1<\/span><a class=\"page-numbers\" data-paged=\"2\" class=\"inactive\" >2<\/a>                    <\/p>\n                <\/div>\n            <\/div>\n\n\t\t    <\/div>\t\t<\/div>\n\t\t[\/vc_column_text][ult_buttons btn_title=&#8221;Ver Todos los Cursos E-learning&#8221; btn_link=&#8221;url:https%3A%2F%2Fsteeluniversity.org%2Fes%2Fcatalogo%2Fcursos%2F|||&#8221; btn_align=&#8221;ubtn-center&#8221; btn_title_color=&#8221;#d0202e&#8221; btn_bg_color=&#8221;#ffffff&#8221; btn_hover=&#8221;ubtn-top-bg&#8221; btn_bg_color_hover=&#8221;#d0202e&#8221; btn_title_color_hover=&#8221;#ffffff&#8221; icon_size=&#8221;32&#8243; btn_icon_pos=&#8221;ubtn-sep-icon-at-left&#8221; btn_border_style=&#8221;solid&#8221; btn_color_border=&#8221;#d0202e&#8221; btn_color_border_hover=&#8221;#d0202e&#8221; btn_border_size=&#8221;2&#8243; btn_radius=&#8221;1&#8243; btn_font_style=&#8221;font-weight:bold;&#8221; btn_font_size=&#8221;desktop:16px;&#8221;][\/vc_column][\/vc_row]<\/p>\n<\/div>","protected":false},"excerpt":{"rendered":"<p>[vc_row full_width=&#8221;stretch_row&#8221;][vc_column css=&#8221;.vc_custom_1592418209492{border-radius: 5px !important;}&#8221;][rev_slider_vc alias=&#8221;su-home-new&#8221;][\/vc_column][\/vc_row][vc_row wrap_container=&#8221;yes&#8221; css=&#8221;.vc_custom_1592416929902{margin-bottom: 10px !important;border-top-width: 10px !important;border-right-width: 10px !important;border-bottom-width: 10px !important;border-left-width: 10px !important;padding-top: 0px !important;padding-right: 0px !important;padding-bottom: 0px !important;padding-left: 0px&hellip;<\/p>\n","protected":false},"author":2,"featured_media":0,"parent":0,"menu_order":10,"comment_status":"closed","ping_status":"closed","template":"","meta":{"footnotes":""},"class_list":["post-67","page","type-page","status-publish","hentry"],"aioseo_notices":[],"_links":{"self":[{"href":"https:\/\/steeluniversity.org\/es\/wp-json\/wp\/v2\/pages\/67","targetHints":{"allow":["GET"]}}],"collection":[{"href":"https:\/\/steeluniversity.org\/es\/wp-json\/wp\/v2\/pages"}],"about":[{"href":"https:\/\/steeluniversity.org\/es\/wp-json\/wp\/v2\/types\/page"}],"author":[{"embeddable":true,"href":"https:\/\/steeluniversity.org\/es\/wp-json\/wp\/v2\/users\/2"}],"replies":[{"embeddable":true,"href":"https:\/\/steeluniversity.org\/es\/wp-json\/wp\/v2\/comments?post=67"}],"version-history":[{"count":0,"href":"https:\/\/steeluniversity.org\/es\/wp-json\/wp\/v2\/pages\/67\/revisions"}],"wp:attachment":[{"href":"https:\/\/steeluniversity.org\/es\/wp-json\/wp\/v2\/media?parent=67"}],"curies":[{"name":"wp","href":"https:\/\/api.w.org\/{rel}","templated":true}]}}