{"id":68281,"date":"2022-03-18T11:20:41","date_gmt":"2022-03-18T11:20:41","guid":{"rendered":"https:\/\/steeluniversity.org\/steelchallenge-16\/finalistas-del-campeonato-mundial-steelchallenge-16\/"},"modified":"2022-07-13T14:18:32","modified_gmt":"2022-07-13T14:18:32","slug":"finalistas-del-campeonato-mundial-steelchallenge-16","status":"publish","type":"page","link":"https:\/\/steeluniversity.org\/es\/steelchallenge-16\/finalistas-del-campeonato-mundial-steelchallenge-16\/","title":{"rendered":"Finalistas del Campeonato Mundial steelChallenge-16"},"content":{"rendered":"<div class=\"wpb-content-wrapper\"><p>[vc_row][vc_column][vc_column_text]<\/p>\n<h1>Finalistas del Campeonato Mundial steelChallenge-16<\/h1>\n<h2>Categor\u00eda Estudiantes<\/h2>\n<p>[\/vc_column_text][\/vc_column][\/vc_row][vc_row][vc_column][vc_empty_space][vc_column_text]<strong>Bla\u017e \u017dERJAV JEREB<\/strong><\/p>\n<p><strong>Estudiante de maestr\u00eda en Materiales y Metalurgia &#8211; Universidad de Ljubljana<br \/>\nCampe\u00f3n Regional, Europa y \u00c1frica <\/strong><\/p>\n<p><img loading=\"lazy\" decoding=\"async\" class=\"alignright wp-image-68262 size-full\" src=\"https:\/\/steeluniversity.org\/wp-content\/uploads\/2022\/03\/Blaz-ZERJAV-JEREB.png\" alt=\"\" width=\"250\" height=\"250\" srcset=\"https:\/\/steeluniversity.org\/wp-content\/uploads\/2022\/03\/Blaz-ZERJAV-JEREB.png 250w, https:\/\/steeluniversity.org\/wp-content\/uploads\/2022\/03\/Blaz-ZERJAV-JEREB-150x150.png 150w, https:\/\/steeluniversity.org\/wp-content\/uploads\/2022\/03\/Blaz-ZERJAV-JEREB-100x100.png 100w\" sizes=\"auto, (max-width: 250px) 100vw, 250px\" \/><\/p>\n<p>Bla\u017e \u017derjav Jereb, originario de Eslovenia, est\u00e1 cursando una maestr\u00eda en Materiales y Metalurgia en la Facultad de Ciencias Naturales e Ingenier\u00eda de la Universidad de Ljubljana.<\/p>\n<p>Durante los \u00faltimos cinco a\u00f1os de sus estudios, particip\u00f3 en muchas actividades extracurriculares y dirigi\u00f3 el consejo estudiantil de su facultad. Adem\u00e1s, se ofreci\u00f3 como voluntario en trabajo juvenil a trav\u00e9s del Premio Duque de Edimburgo como poseedor del premio Gold.<\/p>\n<p>Tambi\u00e9n tiene una beca de SIJ Acroni y espera utilizar los conocimientos adquiridos a trav\u00e9s de steelChallenge en su trabajo futuro.<\/p>\n<p>\u201cConoc\u00ed steelChallenge por mi profesor, y este ha sido mi tercer desaf\u00edo. Desde el momento en que me enter\u00e9 del desaf\u00edo, quise probarme a m\u00ed mismo porque sab\u00eda que estar\u00eda compitiendo contra los mejores estudiantes del mundo. Tambi\u00e9n es una gran herramienta de aprendizaje para obtener conocimientos pr\u00e1cticos sobre la fabricaci\u00f3n de acero\u201d.[\/vc_column_text][vc_empty_space][vc_separator][\/vc_column][\/vc_row][vc_row][vc_column][vc_empty_space][vc_column_text]<strong>Dong-Hyun Kim <\/strong><\/p>\n<p><strong>Ph.D. Estudiante en Materiales Ferrosos y Energ\u00e9ticos &#8211; Universidad de Ciencia y Tecnolog\u00eda de Pohang (POSTECH) \/ Polytechnique Montr\u00e9al *<br \/>\nCampe\u00f3n Regional, Am\u00e9rica<\/strong><\/p>\n<p><img loading=\"lazy\" decoding=\"async\" class=\"wp-image-68206 size-full alignright\" src=\"https:\/\/steeluniversity.org\/wp-content\/uploads\/2022\/03\/Dong-Hyun-KIM.png\" alt=\"\" width=\"250\" height=\"250\" srcset=\"https:\/\/steeluniversity.org\/wp-content\/uploads\/2022\/03\/Dong-Hyun-KIM.png 250w, https:\/\/steeluniversity.org\/wp-content\/uploads\/2022\/03\/Dong-Hyun-KIM-150x150.png 150w, https:\/\/steeluniversity.org\/wp-content\/uploads\/2022\/03\/Dong-Hyun-KIM-100x100.png 100w\" sizes=\"auto, (max-width: 250px) 100vw, 250px\" \/><\/p>\n<p>Dong-Hyun Kim naci\u00f3 en Anyang, Rep\u00fablica de Corea, el 16 de mayo de 1990. Desde su primera infancia, creci\u00f3 con un conocimiento de la industria del acero a trav\u00e9s de su padre, que operaba una fundici\u00f3n.<\/p>\n<p>En marzo de 2009, Dong-Hyun Kim ingres\u00f3 al Departamento de Ciencia e Ingenier\u00eda de Materiales de la Universidad Nacional Kyungpook en Daegu. Despu\u00e9s de su segundo a\u00f1o, en marzo de 2014, Dong-Hyun Kim se transfiri\u00f3 a la Universidad de Corea en Se\u00fal para aumentar su potencial en ingenier\u00eda.<\/p>\n<p>En marzo de 2016, comenz\u00f3 su programa de maestr\u00eda en el Instituto de Graduados en Tecnolog\u00eda de Materiales Ferrosos y Energ\u00e9ticos (GIFT) en la Universidad de Ciencia y Tecnolog\u00eda de Pohang (POSTECH).<\/p>\n<p>Dong-Hyun Kim se especializ\u00f3 en Tecnolog\u00eda Ferrosa y realiz\u00f3 una investigaci\u00f3n experimental sobre la aplicaci\u00f3n de la electricidad para mejorar la purificaci\u00f3n y el refinado de metales l\u00edquidos, como la desulfuraci\u00f3n del hierro fundido. Despu\u00e9s de recibir su maestr\u00eda, Dong-Hyun Kim permaneci\u00f3 en GIFT of POSTECH, y ha estado en su posici\u00f3n actual como estudiante Ph.D. desde septiembre de 2018. Recientemente, fue seleccionado para el premio de investigaci\u00f3n Mitacs Globalink y continu\u00f3 su educaci\u00f3n desde agosto de 2021 hasta enero de 2022 en Polytechnique Montr\u00e9al en Canad\u00e1.<\/p>\n<p>Dong-Hyun Kim es el primer autor de cuatro art\u00edculos publicados en renombradas revistas de SCI y siete actas de conferencias internacionales y recientemente gan\u00f3 un premio Young Steel Scientist Award en la 8th Asia Steel International Conference. Dong-Hyun Kim particip\u00f3 en la competencia steelChallenge casi todos los a\u00f1os y recibi\u00f3 muchos premios, incluido el primer lugar en Corea.<\/p>\n<p><em>* Las reglas de steelChallenge-16 establecen que una persona debe competir en la regi\u00f3n en que reside en el momento del Campeonato Regional. El estudiante ganador de las Am\u00e9ricas asist\u00eda a los estudios Polytechnique Montr\u00e9al en Canad\u00e1 en el momento del Campeonato Regional.<\/em>[\/vc_column_text][vc_empty_space][vc_separator][\/vc_column][\/vc_row][vc_row][vc_column][vc_empty_space][vc_column_text]<strong>Amit KUMAR BHUYAN<\/strong><\/p>\n<p><strong>Estudiante de Metalurgia y Procesos de Planta &#8211; Instituto T\u00e9cnico Shavak Nanavati<br \/>\n<\/strong><strong>Campe\u00f3n Regional, Asia Oeste <\/strong><\/p>\n<p><img loading=\"lazy\" decoding=\"async\" class=\"alignright wp-image-68258 size-full\" src=\"https:\/\/steeluniversity.org\/wp-content\/uploads\/2022\/03\/Amit-KUMAR-BHUYAN.png\" alt=\"\" width=\"250\" height=\"250\" srcset=\"https:\/\/steeluniversity.org\/wp-content\/uploads\/2022\/03\/Amit-KUMAR-BHUYAN.png 250w, https:\/\/steeluniversity.org\/wp-content\/uploads\/2022\/03\/Amit-KUMAR-BHUYAN-150x150.png 150w, https:\/\/steeluniversity.org\/wp-content\/uploads\/2022\/03\/Amit-KUMAR-BHUYAN-100x100.png 100w\" sizes=\"auto, (max-width: 250px) 100vw, 250px\" \/><\/p>\n<p>Amit Kumar Bhuyan es un estudiante del Instituto T\u00e9cnico Shavak Nanavati que busca una educaci\u00f3n t\u00e9cnica en Metalurgia y Procesos de Plantas.<\/p>\n<p>Nacido el 5 de diciembre de 2002 en Cuttack, Odisha (un estado ubicado en el este de la India), Amit complet\u00f3 su educaci\u00f3n en la escuela p\u00fablica DAV en su ciudad natal en 2019. Posteriormente curs\u00f3 estudios t\u00e9cnicos en Metalurgia y Procesos de Planta.<\/p>\n<p>Durante su escolaridad particip\u00f3 en Olimpiadas y concursos de preguntas. Adem\u00e1s de lo acad\u00e9mico y de su carrera, particip\u00f3 activamente en el programa cultural del proyecto Tech-Ex. Tambi\u00e9n fue miembro activo del Cuerpo Nacional de Cadetes.[\/vc_column_text][vc_empty_space][vc_separator][\/vc_column][\/vc_row][vc_row][vc_column][vc_empty_space][vc_column_text]<strong>Qichen LI<\/strong><\/p>\n<p><strong>Estudiante en Tecnolog\u00eda de Metalurgia Negra &#8211; Escuela Vocacional de Ciencia y Tecnolog\u00eda de Tangshan<br \/>\n<\/strong><strong>Campe\u00f3n Regional, Asia Norte <\/strong><\/p>\n<p><img loading=\"lazy\" decoding=\"async\" class=\"alignright wp-image-68234 size-full\" src=\"https:\/\/steeluniversity.org\/wp-content\/uploads\/2022\/03\/Qichen-LI.png\" alt=\"\" width=\"250\" height=\"250\" srcset=\"https:\/\/steeluniversity.org\/wp-content\/uploads\/2022\/03\/Qichen-LI.png 250w, https:\/\/steeluniversity.org\/wp-content\/uploads\/2022\/03\/Qichen-LI-150x150.png 150w, https:\/\/steeluniversity.org\/wp-content\/uploads\/2022\/03\/Qichen-LI-100x100.png 100w\" sizes=\"auto, (max-width: 250px) 100vw, 250px\" \/><\/p>\n<p>Qichen Li, de 19 a\u00f1os, naci\u00f3 en una familia campesina ordinaria en ShiJiazhuang en septiembre de 2002. Ahora est\u00e1 estudiando en el Colegio Vocacional de Ciencia y Tecnolog\u00eda de Tangshan con una especialidad en metalurgia negra.<\/p>\n<p>\u201cEn 2020, en la encrucijada de mi vida, eleg\u00ed la especializaci\u00f3n en tecnolog\u00eda de metalurgia negra del Colegio Vocacional de Ciencia y Tecnolog\u00eda de Tangshan. Despu\u00e9s de ingresar a la universidad, siempre tengo un plan de vida sobrio, estudio pragm\u00e1tico y sigo adelante con determinaci\u00f3n. En el estudio diario, siempre estoy preparado, presto atenci\u00f3n para cultivar una forma cient\u00edfica de pensar y fortalecer la comprensi\u00f3n del concepto de conocimiento, cultivar la capacidad de analizar y resolver problemas, mejorar la eficiencia del aprendizaje. No solo satisfecho con la superficie del conocimiento, sino que lucho por la amplitud y profundidad del conocimiento para desarrollar el propio. En la universidad, gan\u00e9 una beca, un Estudiante de m\u00e9rito excelente, un Miembro excelente de la liga, el primer premio de la competencia de habilidades profesionales y otros honores.<\/p>\n<p>En mayo de 2021, me enter\u00e9 de steelChallenge-16 a trav\u00e9s de mi maestro. Aprovech\u00e9 esta competencia como una oportunidad para desafiarme a m\u00ed mismo y trabaj\u00e9 duro para lograrlo. Despu\u00e9s de m\u00e1s de 100 d\u00edas y noches de pulido y entrenamiento, y 24 horas de concentraci\u00f3n y cooperaci\u00f3n, gan\u00e9 el primer lugar en la categor\u00eda estudiantes del Norte de Asia. El resultado de esta competencia es inseparable del fuerte apoyo de la universidad. El cultivo y la orientaci\u00f3n de los l\u00edderes universitarios y del departamento y el equipo de orientaci\u00f3n de profesores, el aliento y el apoyo de los estudiantes, y la creencia y la meta a la que siempre me adhiero. El logro es el arduo trabajo de todas las personas, condensado los esfuerzos de todas las personas. \u00a1Pertenece a todos!<\/p>\n<p>Al participar en esta competencia, mi fuerza de voluntad y resistencia se han sublimado, y mi nivel profesional y t\u00e9cnico tambi\u00e9n ha mejorado mucho, lo que ha sentado una base s\u00f3lida para mi futuro estudio y carrera. Aunque esta competencia ha terminado, tambi\u00e9n es un nuevo punto de partida para m\u00ed\u201d.[\/vc_column_text][vc_empty_space][vc_separator][\/vc_column][\/vc_row][vc_row][vc_column][vc_empty_space][vc_column_text]<strong>Jong-Doeck LIM<\/strong><\/p>\n<p><strong>Estudiante de maestr\u00eda en Qu\u00edmica Metal\u00fargica Lap, Universidad Nacional de Pukyong<br \/>\n<\/strong><strong>Campe\u00f3n Regional, Asia Este y Ocean\u00eda <\/strong><\/p>\n<p><img loading=\"lazy\" decoding=\"async\" class=\"alignright wp-image-68218 size-full\" src=\"https:\/\/steeluniversity.org\/wp-content\/uploads\/2022\/03\/Jong-Doeck-LIM.png\" alt=\"\" width=\"250\" height=\"250\" srcset=\"https:\/\/steeluniversity.org\/wp-content\/uploads\/2022\/03\/Jong-Doeck-LIM.png 250w, https:\/\/steeluniversity.org\/wp-content\/uploads\/2022\/03\/Jong-Doeck-LIM-150x150.png 150w, https:\/\/steeluniversity.org\/wp-content\/uploads\/2022\/03\/Jong-Doeck-LIM-100x100.png 100w\" sizes=\"auto, (max-width: 250px) 100vw, 250px\" \/><\/p>\n<p>\u201cSoy Lim Jong-Deok, me especializo en ingenier\u00eda de metales en la Universidad Nacional de Pukyong en Corea.<\/p>\n<p>La raz\u00f3n por la que pude trabajar duro en esta competencia fue mi determinaci\u00f3n.<\/p>\n<p>De hecho, en Corea tienden a seleccionar todas las universidades de alto rango para tales competencias porque pueden compartir formas de pagar el costo del proceso de menor precio entre ellas.<\/p>\n<p>Por lo tanto, al mirar los rankings, las universidades con buenas calificaciones crean la ilusi\u00f3n de que todos son excelentes talentos.<\/p>\n<p>Por el contrario, las escuelas que no est\u00e1n en los rankings parecen estar rezagadas en cuanto a talento y no reciben el reconocimiento adecuado.<\/p>\n<p>Sin embargo, provenir de una universidad de &#8220;clasificaci\u00f3n baja&#8221;, definitivamente pens\u00e9 que era una forma de demostrar que un peque\u00f1o n\u00famero de personas puede comprometerse con grandes logros y compartir mucho.<\/p>\n<p>As\u00ed que decid\u00ed trabajar duro para demostrar que un peque\u00f1o n\u00famero de personas puede lograr un gran \u00e9xito, y cada vez ten\u00eda m\u00e1s confianza en ello.<\/p>\n<p>Por lo tanto, pens\u00e9 que deber\u00eda poner el nombre de mi escuela en la lista, as\u00ed como el de mis compa\u00f1eros de estudios para darles el reconocimiento que merecen.<\/p>\n<p>Al pensar de esta manera, sent\u00ed un sentido de responsabilidad que originalmente no ten\u00eda, por lo que pude trabajar duro y lograr buenos resultados\u201d.[\/vc_column_text][vc_empty_space][vc_separator][\/vc_column][\/vc_row][vc_row][vc_column][vc_empty_space][vc_column_text]<\/p>\n<h2>Categor\u00eda Industria<\/h2>\n<p>[\/vc_column_text][\/vc_column][\/vc_row][vc_row][vc_column][vc_empty_space][vc_column_text]<strong>Timur SABIROVICH GAISIN<\/strong><\/p>\n<p><strong>Ingeniero metal\u00fargico, TMK<br \/>\n<\/strong><strong>Campe\u00f3n Regional, Europa y \u00c1frica <\/strong><\/p>\n<p><img loading=\"lazy\" decoding=\"async\" class=\"wp-image-68246 size-full alignright\" src=\"https:\/\/steeluniversity.org\/wp-content\/uploads\/2022\/03\/Timur-SABIROVICH-GAISIN.png\" alt=\"\" width=\"250\" height=\"250\" srcset=\"https:\/\/steeluniversity.org\/wp-content\/uploads\/2022\/03\/Timur-SABIROVICH-GAISIN.png 250w, https:\/\/steeluniversity.org\/wp-content\/uploads\/2022\/03\/Timur-SABIROVICH-GAISIN-150x150.png 150w, https:\/\/steeluniversity.org\/wp-content\/uploads\/2022\/03\/Timur-SABIROVICH-GAISIN-100x100.png 100w\" sizes=\"auto, (max-width: 250px) 100vw, 250px\" \/><\/p>\n<p>Despu\u00e9s de completar sus estudios en la Universidad Estatal de los Urales del Sur, Timur se gradu\u00f3 como ingeniero en la especialidad &#8220;Metalurgia de metales ferrosos&#8221;.<\/p>\n<p>En 2008, comenz\u00f3 a trabajar en la Compa\u00f1\u00eda Metal\u00fargica de Tuber\u00edas, donde trabaj\u00f3 durante 12 a\u00f1os como sider\u00fargico en unidades secundarias de procesamiento de acero.<\/p>\n<p>\u201cHoy trabajo como capataz en un horno de arco el\u00e9ctrico DSP-150 t. Participo activamente en la vida de la empresa; estoy desarrollando una tecnolog\u00eda para la producci\u00f3n de calidades de acero inoxidable.<\/p>\n<p>Participar en steelChallenge es una excelente oportunidad para poner a prueba tus habilidades te\u00f3ricas y pr\u00e1cticas.<\/p>\n<p>Me gustar\u00eda se\u00f1alar el excelente trabajo de los desarrolladores, que mejoran constantemente el simulador.<\/p>\n<p>Ganar el campeonato regional abre muchas oportunidades para m\u00ed en t\u00e9rminos de crecimiento profesional\u201d.[\/vc_column_text][vc_empty_space][vc_separator][\/vc_column][\/vc_row][vc_row][vc_column][vc_empty_space][vc_column_text]<strong>Paula Ren\u00e9e DE MACEDO COSTA<\/strong><\/p>\n<p><strong>Analista de Producci\u00f3n, Compa\u00f1\u00eda Sider\u00fargica do Pec\u00e9m<br \/>\nCampe\u00f3n Regional, Am\u00e9rica <\/strong><\/p>\n<p><img loading=\"lazy\" decoding=\"async\" class=\"wp-image-68230 size-full alignright\" src=\"https:\/\/steeluniversity.org\/wp-content\/uploads\/2022\/03\/Paula-Renee-DE-MACEDO-COSTA.png\" alt=\"\" width=\"250\" height=\"250\" srcset=\"https:\/\/steeluniversity.org\/wp-content\/uploads\/2022\/03\/Paula-Renee-DE-MACEDO-COSTA.png 250w, https:\/\/steeluniversity.org\/wp-content\/uploads\/2022\/03\/Paula-Renee-DE-MACEDO-COSTA-150x150.png 150w, https:\/\/steeluniversity.org\/wp-content\/uploads\/2022\/03\/Paula-Renee-DE-MACEDO-COSTA-100x100.png 100w\" sizes=\"auto, (max-width: 250px) 100vw, 250px\" \/><\/p>\n<p>&#8220;Soy una ingeniera brasile\u00f1a con 4 a\u00f1os de experiencia, que trabaja en la industria y la investigaci\u00f3n acad\u00e9mica, procedente de los estados de Alagoas, donde complet\u00e9 mi programa de graduaci\u00f3n en la Universidade Federal de Alagoas (UFAL).<\/p>\n<p>Despu\u00e9s de eso, quise desarrollar mi habilidad como investigadora, postul\u00e9 a un excelente programa de posgrado en la Universidade Federal do Cear\u00e1 (UFC). All\u00ed desarroll\u00e9 mis habilidades en modelado y simulaci\u00f3n de procesos y obtuve mi maestr\u00eda en ingenier\u00eda qu\u00edmica.<\/p>\n<p>Siempre busco obtener nuevas habilidades t\u00e9cnicas, especialmente para el desarrollo de proyectos. Actualmente, soy especialista en \u00e1reas verdes y he estado practicando mis conocimientos de mejora continua en la calidad de los productos.<\/p>\n<p>Comenc\u00e9 mi carrera en la industria sider\u00fargica como aprendiz en Companhia Sider\u00fargica do Pec\u00e9m (CSP), y me convert\u00ed en Analista de Producci\u00f3n de la misma empresa, y estoy trabajando en el \u00e1rea de calidad con acciones en la auditor\u00eda de par\u00e1metros cr\u00edticos de procesos para mejorar la producci\u00f3n de los m\u00e1s diversos tipos de aceros\u201d.[\/vc_column_text][vc_empty_space][vc_separator][\/vc_column][\/vc_row][vc_row][vc_column][vc_empty_space][vc_column_text]<strong>Krutidipta SAHU<\/strong><\/p>\n<p><strong>Ingeniero Junior, Tata Steel Limited<br \/>\n<\/strong><strong>Campe\u00f3n Regional, Asia Occidental<\/strong><\/p>\n<p><img loading=\"lazy\" decoding=\"async\" class=\"wp-image-68222 size-full alignright\" src=\"https:\/\/steeluniversity.org\/wp-content\/uploads\/2022\/03\/Krutidipta-SAHU.png\" alt=\"\" width=\"250\" height=\"250\" srcset=\"https:\/\/steeluniversity.org\/wp-content\/uploads\/2022\/03\/Krutidipta-SAHU.png 250w, https:\/\/steeluniversity.org\/wp-content\/uploads\/2022\/03\/Krutidipta-SAHU-150x150.png 150w, https:\/\/steeluniversity.org\/wp-content\/uploads\/2022\/03\/Krutidipta-SAHU-100x100.png 100w\" sizes=\"auto, (max-width: 250px) 100vw, 250px\" \/><\/p>\n<p>Krutidipta Sahu es un ingeniero junior en pr\u00e1cticas en TATA STEEL LTD., Jamshedpur, India, que naci\u00f3 el 9 de junio de 1998 en Keonjhar, Odisha, donde complet\u00f3 sus estudios.<\/p>\n<p>Luego complet\u00f3 su Diploma en Ingenier\u00eda Metal\u00fargica de la Escuela de Ingenier\u00eda de Minas de Orissa, Keonjhar, afiliada a SCTE&amp;VT, Odisha.<\/p>\n<p>A partir de entonces, continu\u00f3 su B. Tech en Ingenier\u00eda Metal\u00fargica y de Materiales del Instituto de Tecnolog\u00eda Indira Gandhi, Sarang, afiliado a BPUT, Rourkela, Odisha.<\/p>\n<p>Despu\u00e9s de completar el curso B. Tech, se uni\u00f3 a TATA STEEL como aprendiz de ingeniero junior en 2021 y realiz\u00f3 pasant\u00edas en SAIL (planta de acero de Rourkela).<\/p>\n<p>Aparte de su carrera acad\u00e9mica, durante su etapa universitaria particip\u00f3 activamente en diversas actividades (ex coordinador deportivo de su colegio).<\/p>\n<p>Su formaci\u00f3n como JET finalizar\u00e1 en marzo de 2022.[\/vc_column_text][vc_empty_space][vc_separator][\/vc_column][\/vc_row][vc_row][vc_column][vc_empty_space][vc_column_text]<strong>Ruibin WANG<\/strong><\/p>\n<p><strong>Ingeniero S\u00e9nior de automatizaci\u00f3n metal\u00fargica, Grupo HBIS<br \/>\n<\/strong><strong>Campe\u00f3n Regional, Asia Norte <\/strong><\/p>\n<p><img loading=\"lazy\" decoding=\"async\" class=\"alignright wp-image-68238 size-full\" src=\"https:\/\/steeluniversity.org\/wp-content\/uploads\/2022\/03\/Ruibin-WANG.png\" alt=\"\" width=\"250\" height=\"250\" srcset=\"https:\/\/steeluniversity.org\/wp-content\/uploads\/2022\/03\/Ruibin-WANG.png 250w, https:\/\/steeluniversity.org\/wp-content\/uploads\/2022\/03\/Ruibin-WANG-150x150.png 150w, https:\/\/steeluniversity.org\/wp-content\/uploads\/2022\/03\/Ruibin-WANG-100x100.png 100w\" sizes=\"auto, (max-width: 250px) 100vw, 250px\" \/><\/p>\n<p>Wang Ruibin, graduado de la Universidad del Noreste en 2008, es ingeniero senior de automatizaci\u00f3n metal\u00fargica de HBIS Group. Desde que particip\u00f3 en el trabajo, se ha comprometido con la investigaci\u00f3n y el desarrollo de la automatizaci\u00f3n y la informaci\u00f3n de la producci\u00f3n de modelos en empresas metal\u00fargicas, y promovi\u00f3 continuamente el nivel inteligente de la metalurgia en HBIS.<\/p>\n<p>&#8220;steeluniversity me ha brindado mucha capacitaci\u00f3n y materiales sobre el proceso metal\u00fargico. A trav\u00e9s de la plataforma de steeluniversity, no solo he adquirido muchos conocimientos t\u00e9cnicos y profesionales sobre metalurgia, sino que tambi\u00e9n me ha brindado mucha orientaci\u00f3n y referencia en producci\u00f3n de modelos metal\u00fargicos&#8221;.<\/p>\n<p>\u201cEs un gran honor para m\u00ed participar en este evento con gran influencia en el mundo. A trav\u00e9s de esta competencia, he conocido a muchos talentos excelentes en la industria del acero y tengo la oportunidad de intercambiar y aprender con ellos. En mi trabajo futuro, trabajar\u00e9 m\u00e1s duro y me esforzar\u00e9 por hacer mayores contribuciones a la empresa&#8221;.[\/vc_column_text][vc_empty_space][vc_separator][\/vc_column][\/vc_row][vc_row][vc_column][vc_empty_space][vc_column_text]<strong>Jingi PYEON<\/strong><\/p>\n<p><strong>Ingeniero Sider\u00fargico, POSCO Pohang<br \/>\n<\/strong><strong>Campe\u00f3n Regional, Asia Oriental y Ocean\u00eda<\/strong><\/p>\n<p><img loading=\"lazy\" decoding=\"async\" class=\"alignright wp-image-68214 size-full\" src=\"https:\/\/steeluniversity.org\/wp-content\/uploads\/2022\/03\/Jingi-PYEON.png\" alt=\"\" width=\"250\" height=\"250\" srcset=\"https:\/\/steeluniversity.org\/wp-content\/uploads\/2022\/03\/Jingi-PYEON.png 250w, https:\/\/steeluniversity.org\/wp-content\/uploads\/2022\/03\/Jingi-PYEON-150x150.png 150w, https:\/\/steeluniversity.org\/wp-content\/uploads\/2022\/03\/Jingi-PYEON-100x100.png 100w\" sizes=\"auto, (max-width: 250px) 100vw, 250px\" \/><\/p>\n<p>Jingi Pyeon se especializ\u00f3 en Metalurgia en el Instituto Nacional de Tecnolog\u00eda de Kumoh. Actualmente es Ingeniero Sider\u00fargico en el Departamento de Fabricaci\u00f3n de Acero, Secci\u00f3n de Desarrollo de Tecnolog\u00eda de Fabricaci\u00f3n de Acero de POSCO Pohang Works. Est\u00e1 operando est\u00e1ndares para producir Chapa Gruesa en el proceso de fabricaci\u00f3n de acero.<\/p>\n<p>&nbsp;<\/p>\n<p>\u201cCreo que las simulaciones de steelChallenge y el campo real tienen muchas cosas en com\u00fan. Al producir componentes \u00f3ptimos con el costo m\u00e1s bajo en el campo, la simulaci\u00f3n es lo mismo. Entonces, las simulaciones son una buena experiencia para las personas que est\u00e1n en la industria del acero, incluy\u00e9ndome a m\u00ed. Adem\u00e1s, los diversos programas y cursos de steeluniversity pueden ayudarlos\u201d.<\/p>\n<p>\u201cEs un gran honor para m\u00ed participar en steelChallenge y dar las gracias a todos los que me apoyaron. No es la primera vez que participo en steelChallenge. Alcanc\u00e9 el Top 2 en mi regi\u00f3n el a\u00f1o pasado. He estado interesado en esta competencia continuamente y mantendr\u00e9 ese inter\u00e9s en el futuro.<br \/>\nAdem\u00e1s, estar\u00eda dispuesto a apoyar a las personas que necesitan mi ayuda para experimentar muchos programas en steeluniversity. Gracias.&#8221;[\/vc_column_text][vc_empty_space][vc_separator][\/vc_column][\/vc_row][vc_row][vc_column][vc_empty_space][vc_column_text]<\/p>\n<p style=\"text-align: center;\">steelChallenge16 is generously sponsored by the following companies:<\/p>\n<p>[\/vc_column_text][vc_empty_space][vc_row_inner][vc_column_inner width=&#8221;1\/4&#8243;]<br \/>\n[\/vc_column_inner][vc_column_inner width=&#8221;1\/4&#8243;][vc_single_image image=&#8221;48456&#8243; img_size=&#8221;full&#8221; alignment=&#8221;center&#8221;][\/vc_column_inner][vc_column_inner width=&#8221;1\/4&#8243;][vc_single_image image=&#8221;50932&#8243; img_size=&#8221;full&#8221; alignment=&#8221;center&#8221;][\/vc_column_inner][vc_column_inner width=&#8221;1\/4&#8243;][\/vc_column_inner][\/vc_row_inner][vc_empty_space][vc_row_inner][vc_column_inner width=&#8221;1\/4&#8243;][vc_single_image image=&#8221;48440&#8243; img_size=&#8221;full&#8221; alignment=&#8221;center&#8221;][\/vc_column_inner][vc_column_inner width=&#8221;1\/4&#8243;][vc_single_image image=&#8221;48448&#8243; img_size=&#8221;full&#8221;][\/vc_column_inner][vc_column_inner width=&#8221;1\/4&#8243;][vc_single_image image=&#8221;52626&#8243; img_size=&#8221;full&#8221; alignment=&#8221;center&#8221;][\/vc_column_inner][vc_column_inner width=&#8221;1\/4&#8243;][vc_single_image image=&#8221;48452&#8243; img_size=&#8221;full&#8221; alignment=&#8221;center&#8221;][\/vc_column_inner][\/vc_row_inner][vc_empty_space][vc_row_inner][vc_column_inner width=&#8221;1\/4&#8243;][vc_single_image image=&#8221;48460&#8243; img_size=&#8221;full&#8221; alignment=&#8221;center&#8221;][\/vc_column_inner][vc_column_inner width=&#8221;1\/4&#8243;][vc_single_image image=&#8221;48432&#8243; img_size=&#8221;full&#8221; alignment=&#8221;center&#8221;][\/vc_column_inner][vc_column_inner width=&#8221;1\/4&#8243;][vc_single_image image=&#8221;48464&#8243; img_size=&#8221;full&#8221; alignment=&#8221;center&#8221;][\/vc_column_inner][vc_column_inner width=&#8221;1\/4&#8243;][vc_single_image image=&#8221;48444&#8243; img_size=&#8221;full&#8221; alignment=&#8221;center&#8221;][\/vc_column_inner][\/vc_row_inner][vc_row_inner][vc_column_inner width=&#8221;1\/4&#8243;][vc_single_image image=&#8221;57064&#8243; img_size=&#8221;full&#8221; alignment=&#8221;center&#8221;][\/vc_column_inner][vc_column_inner width=&#8221;1\/4&#8243;][\/vc_column_inner][vc_column_inner width=&#8221;1\/4&#8243;][\/vc_column_inner][vc_column_inner width=&#8221;1\/4&#8243;][\/vc_column_inner][\/vc_row_inner][vc_empty_space height=&#8221;64px&#8221;][\/vc_column][\/vc_row]<\/p>\n<\/div>","protected":false},"excerpt":{"rendered":"<p>[vc_row][vc_column][vc_column_text] Finalistas del Campeonato Mundial steelChallenge-16 Categor\u00eda Estudiantes [\/vc_column_text][\/vc_column][\/vc_row][vc_row][vc_column][vc_empty_space][vc_column_text]Bla\u017e \u017dERJAV JEREB Estudiante de maestr\u00eda en Materiales y Metalurgia &#8211; Universidad de Ljubljana Campe\u00f3n Regional, Europa&hellip;<\/p>\n","protected":false},"author":2,"featured_media":0,"parent":56903,"menu_order":0,"comment_status":"closed","ping_status":"closed","template":"","meta":{"footnotes":""},"class_list":["post-68281","page","type-page","status-publish","hentry"],"aioseo_notices":[],"_links":{"self":[{"href":"https:\/\/steeluniversity.org\/es\/wp-json\/wp\/v2\/pages\/68281","targetHints":{"allow":["GET"]}}],"collection":[{"href":"https:\/\/steeluniversity.org\/es\/wp-json\/wp\/v2\/pages"}],"about":[{"href":"https:\/\/steeluniversity.org\/es\/wp-json\/wp\/v2\/types\/page"}],"author":[{"embeddable":true,"href":"https:\/\/steeluniversity.org\/es\/wp-json\/wp\/v2\/users\/2"}],"replies":[{"embeddable":true,"href":"https:\/\/steeluniversity.org\/es\/wp-json\/wp\/v2\/comments?post=68281"}],"version-history":[{"count":0,"href":"https:\/\/steeluniversity.org\/es\/wp-json\/wp\/v2\/pages\/68281\/revisions"}],"up":[{"embeddable":true,"href":"https:\/\/steeluniversity.org\/es\/wp-json\/wp\/v2\/pages\/56903"}],"wp:attachment":[{"href":"https:\/\/steeluniversity.org\/es\/wp-json\/wp\/v2\/media?parent=68281"}],"curies":[{"name":"wp","href":"https:\/\/api.w.org\/{rel}","templated":true}]}}