{"id":68321,"date":"2022-03-22T12:20:34","date_gmt":"2022-03-22T12:20:34","guid":{"rendered":"https:\/\/steeluniversity.org\/steelchallenge-16\/asesores-docentes-de-steelchallenge-16\/"},"modified":"2022-03-22T12:20:41","modified_gmt":"2022-03-22T12:20:41","slug":"asesores-docentes-de-steelchallenge-16","status":"publish","type":"page","link":"https:\/\/steeluniversity.org\/es\/steelchallenge-16\/asesores-docentes-de-steelchallenge-16\/","title":{"rendered":"Asesores Docentes de steelChallenge-16"},"content":{"rendered":"<div class=\"wpb-content-wrapper\"><p>[vc_row][vc_column][vc_column_text]<\/p>\n<h1>Asesores Docentes de los Campeones Regionales de steelChallenge-16<\/h1>\n<p>[\/vc_column_text][\/vc_column][\/vc_row][vc_row][vc_column][vc_empty_space][vc_column_text]<strong>Matja\u017e KNAP<\/strong><\/p>\n<p><strong>Profesor en el Departamento de Materiales y Metalurgia, Universidad de Ljubljana<br \/>\n<\/strong><\/p>\n<p><strong>Profesor asesor del Campe\u00f3n Regional \u2013 Europa y \u00c1frica &#8211; Bla\u017e \u017derjav Jereb<\/strong><\/p>\n<p><img loading=\"lazy\" decoding=\"async\" class=\"alignright wp-image-68226 size-full\" src=\"https:\/\/steeluniversity.org\/wp-content\/uploads\/2022\/03\/Matjaz-KNAP.png\" alt=\"\" width=\"250\" height=\"250\" srcset=\"https:\/\/steeluniversity.org\/wp-content\/uploads\/2022\/03\/Matjaz-KNAP.png 250w, https:\/\/steeluniversity.org\/wp-content\/uploads\/2022\/03\/Matjaz-KNAP-150x150.png 150w, https:\/\/steeluniversity.org\/wp-content\/uploads\/2022\/03\/Matjaz-KNAP-100x100.png 100w\" sizes=\"auto, (max-width: 250px) 100vw, 250px\" \/><\/p>\n<p>\u201cRecib\u00ed mi doctorado en 2003 en el campo de la ciencia de materiales de la Facultad de Ciencias Naturales e Ingenier\u00eda de la Universidad de Ljubljana. Despu\u00e9s de varios a\u00f1os como asistente en varios campos de la metalurgia, fui elegido profesor asistente en el campo de ingenier\u00eda de procesos de materiales en 2010. Hoy soy profesor universitario en la Facultad de Ciencias Naturales e Ingenier\u00eda, Departamento de Materiales y Metalurgia, Universidad de Ljubljana.<\/p>\n<p>Mi labor pedag\u00f3gica se centra principalmente en conferencias del campo de los procesos sider\u00fargicos, escorias sider\u00fargicas y materiales refractarios.<\/p>\n<p>El objetivo principal de mi trabajo pedag\u00f3gico no es abrumar a los estudiantes con datos, sino ense\u00f1arles a resolver los problemas utilizando diferentes modelos. steelChallenge es una gran herramienta para mostrar a los estudiantes que el conocimiento que adquieren es al menos tan grande como el de otros estudiantes alrededor del mundo, si no mayor.<\/p>\n<p>Mi trabajo de investigaci\u00f3n se centra generalmente en la fabricaci\u00f3n de acero. Una de las \u00e1reas es el estudio experimental de la formaci\u00f3n de inclusiones no met\u00e1licas durante la fabricaci\u00f3n de acero en hornos de arco el\u00e9ctrico, procesos de refinaci\u00f3n secundaria y colada continua para evitar la obstrucci\u00f3n de boquillas. En colada continua, tambi\u00e9n estoy interesado en optimizar el flujo de fusi\u00f3n en la artesa utilizando diferentes presas y barreras basadas en el modelado f\u00edsico y num\u00e9rico del flujo de fusi\u00f3n. Otra \u00e1rea muy importante desde mi punto de vista es la intensificaci\u00f3n del uso de subproductos (escoria, polvo) como materia prima primaria o secundaria. Y por \u00faltimo, pero no menos importante, promover el uso de la inteligencia artificial es uno de mis temas favoritos\u201d.[\/vc_column_text][vc_empty_space][vc_separator][\/vc_column][\/vc_row][vc_row][vc_column][vc_empty_space][vc_column_text]<strong>Youn-Bae Kang<\/strong><\/p>\n<p><strong>Profesor del grupo de investigaci\u00f3n Laboratorio de Acero Limpio, Universidad de Ciencia y Tecnolog\u00eda de Pohang (POSTECH) <\/strong><\/p>\n<p><strong>Profesor asesor del Campe\u00f3n Regional \u2013 Am\u00e9ricas &#8211; Dong-Hyun KIM<\/strong><\/p>\n<p><img loading=\"lazy\" decoding=\"async\" class=\"alignright wp-image-68254 size-full\" src=\"https:\/\/steeluniversity.org\/wp-content\/uploads\/2022\/03\/Youn-Bae-Kang.png\" alt=\"\" width=\"250\" height=\"250\" srcset=\"https:\/\/steeluniversity.org\/wp-content\/uploads\/2022\/03\/Youn-Bae-Kang.png 250w, https:\/\/steeluniversity.org\/wp-content\/uploads\/2022\/03\/Youn-Bae-Kang-150x150.png 150w, https:\/\/steeluniversity.org\/wp-content\/uploads\/2022\/03\/Youn-Bae-Kang-100x100.png 100w\" sizes=\"auto, (max-width: 250px) 100vw, 250px\" \/><\/p>\n<p>Youn-Bae Kang se educ\u00f3 en la Universidad de Ciencia y Tecnolog\u00eda de Pohang, Corea del Sur (doctorado en Ciencia e Ingenier\u00eda de Materiales).<br \/>\nDespu\u00e9s de su postdoctorado, trabaj\u00f3 en la Ecole Polytechnique de Montreal en Canad\u00e1, y se uni\u00f3 a la facultad del Instituto de Graduados de Tecnolog\u00eda de Materiales Ferrosos y Energ\u00e9ticos en la Universidad de Ciencia y Tecnolog\u00eda de Pohang. Ahora es profesor titular en POSTECH y dirige un grupo de investigaci\u00f3n llamado Clean Steel Laboratory.<\/p>\n<p>Su investigaci\u00f3n se centra en la termodin\u00e1mica de soluciones y la cin\u00e9tica de reacciones, con especial \u00e9nfasis en una reacci\u00f3n a alta temperatura entre acero l\u00edquido y materiales relevantes (escoria, inclusiones, refractarios, etc.).<\/p>\n<p>Sus intereses de investigaci\u00f3n incluyen la metalurgia qu\u00edmica de alta temperatura para ser aplicada a la fabricaci\u00f3n de acero, el refinado y el proceso de fundici\u00f3n del acero. Se ha utilizado una combinaci\u00f3n de experimentos a alta temperatura con termodin\u00e1mica computacional y cin\u00e9tica de reacci\u00f3n para desarrollar un nuevo proceso de refinado, el reciclado de chatarra ferrosa y el mejoramiento de la limpieza del acero.<br \/>\nHa sido galardonado por varias sociedades acad\u00e9micas, incluidas TMS, ASM, ISIJ, el Instituto Coreano de Metales y Materiales y la Academia Nacional de Ingenier\u00eda de Corea.<br \/>\nTambi\u00e9n public\u00f3 m\u00e1s de 230 art\u00edculos cient\u00edficos.[\/vc_column_text][vc_empty_space][vc_separator][\/vc_column][\/vc_row][vc_row][vc_column][vc_empty_space][vc_column_text]<strong>Sunil KUMAR<\/strong><\/p>\n<p><strong>Profesor de Fabricaci\u00f3n de Acero y Fundamentos de Metalurgia, Instituto T\u00e9cnico Shavak Nanavati<\/strong><\/p>\n<p><strong>Profesor asesor del Campe\u00f3n Regional \u2013 Asia Oeste &#8211; Amit KUMAR BHUYAN<\/strong><\/p>\n<p><img loading=\"lazy\" decoding=\"async\" class=\"alignright wp-image-68242 size-full\" src=\"https:\/\/steeluniversity.org\/wp-content\/uploads\/2022\/03\/Sunil-KUMAR.png\" alt=\"\" width=\"250\" height=\"250\" srcset=\"https:\/\/steeluniversity.org\/wp-content\/uploads\/2022\/03\/Sunil-KUMAR.png 250w, https:\/\/steeluniversity.org\/wp-content\/uploads\/2022\/03\/Sunil-KUMAR-150x150.png 150w, https:\/\/steeluniversity.org\/wp-content\/uploads\/2022\/03\/Sunil-KUMAR-100x100.png 100w\" sizes=\"auto, (max-width: 250px) 100vw, 250px\" \/><\/p>\n<p>Sunil Kumar es profesor en el Instituto T\u00e9cnico Shavak Nanavati, donde ense\u00f1a diferentes temas de fabricaci\u00f3n de acero y fundamentos de la metalurgia. Tiene seis a\u00f1os de experiencia laboral trabajando como profesor de facultad en el Instituto T\u00e9cnico Shavak Nanavati.<\/p>\n<p>Ha completado su t\u00edtulo B Tech en Metalurgia y Ciencia de Materiales del Instituto Indio de Metales. Antes de unirse al Instituto T\u00e9cnico Shavak Nanavati, trabaj\u00f3 en diferentes departamentos de Tata Steel Limited como Horno LD, Planta de Sinterizaci\u00f3n, Planta de Cal, etc.<br \/>\nCuenta con 15 a\u00f1os de experiencia laboral en los diferentes procesos de Fabricaci\u00f3n de Acero.<\/p>\n<p>Como experto en el \u00e1rea de Fabricaci\u00f3n de Acero, entrena y gu\u00eda a los estudiantes de Shavak Nanavati para la competencia steelChallenge.<\/p>\n<p>[\/vc_column_text][vc_empty_space][vc_separator][\/vc_column][\/vc_row][vc_row][vc_column][vc_empty_space][vc_column_text]<strong>Yingli Tang<\/strong><\/p>\n<p><strong>Profesor del Departamento de Ingenier\u00eda de Materiales, Escuela Vocacional de Ciencia y Tecnolog\u00eda de Tangshan<\/strong><\/p>\n<p><strong>Profesor de Campe\u00f3n Regional &#8211; Asia del Norte &#8211; Qichen LI<\/strong><\/p>\n<p><img loading=\"lazy\" decoding=\"async\" class=\"wp-image-68250 size-full alignright\" src=\"https:\/\/steeluniversity.org\/wp-content\/uploads\/2022\/03\/Yingli-Tang.png\" alt=\"\" width=\"250\" height=\"250\" srcset=\"https:\/\/steeluniversity.org\/wp-content\/uploads\/2022\/03\/Yingli-Tang.png 250w, https:\/\/steeluniversity.org\/wp-content\/uploads\/2022\/03\/Yingli-Tang-150x150.png 150w, https:\/\/steeluniversity.org\/wp-content\/uploads\/2022\/03\/Yingli-Tang-100x100.png 100w\" sizes=\"auto, (max-width: 250px) 100vw, 250px\" \/><\/p>\n<p>Tang Yingli, profesor del Departamento de Ingenier\u00eda de Materiales del Colegio Vocacional de Ciencia y Tecnolog\u00eda de Tangshan. Desde la ense\u00f1anza hasta ahora, fui anfitri\u00f3n y particip\u00e9 en la realizaci\u00f3n de &#8220;<em>Investigaci\u00f3n sobre el camino de la mejora de la calidad profesional de los estudiantes de formaci\u00f3n profesional superior bajo la ideolog\u00eda y la pol\u00edtica del curso<\/em>&#8221; e &#8220;<em>Investigaci\u00f3n sobre la Integraci\u00f3n del esp\u00edritu artesano en un gran pa\u00eds en el modelo de formaci\u00f3n de talentos altamente calificados<\/em>\u201d, y public\u00f3 una serie de art\u00edculos en el campo de la metalurgia del hierro y el acero.<\/p>\n<p>Yingli se desempe\u00f1\u00f3 como instructor de estudiantes en la Competencia de Metalurgia del Hierro y el Acero muchas veces y logr\u00f3 excelentes resultados: recibi\u00f3 los t\u00edtulos de &#8220;Excelente Miembro del Partido Comunista&#8221;, &#8220;Trabajador Avanzado&#8221; e &#8220;Individuo Avanzado&#8221; por parte de la universidad muchas veces. Diez a\u00f1os de ilusi\u00f3n por el trabajo le han permitido ejercer su propia luz y entusiasmo en puestos ordinarios, y dedicar su juventud al desarrollo de la educaci\u00f3n.[\/vc_column_text][vc_empty_space][vc_separator][\/vc_column][\/vc_row][vc_row][vc_column][vc_empty_space][vc_column_text]<\/p>\n<p style=\"text-align: center;\">steelChallenge-16 est\u00e1 generosamente patrocinado por las siguientes compa\u00f1\u00edas:<\/p>\n<p>[\/vc_column_text][vc_empty_space][vc_row_inner][vc_column_inner width=&#8221;1\/4&#8243;]<br \/>\n[\/vc_column_inner][vc_column_inner width=&#8221;1\/4&#8243;][vc_single_image image=&#8221;48456&#8243; img_size=&#8221;full&#8221; alignment=&#8221;center&#8221;][\/vc_column_inner][vc_column_inner width=&#8221;1\/4&#8243;][vc_single_image image=&#8221;50932&#8243; img_size=&#8221;full&#8221; alignment=&#8221;center&#8221;][\/vc_column_inner][vc_column_inner width=&#8221;1\/4&#8243;][\/vc_column_inner][\/vc_row_inner][vc_empty_space][vc_row_inner][vc_column_inner width=&#8221;1\/4&#8243;][vc_single_image image=&#8221;48440&#8243; img_size=&#8221;full&#8221; alignment=&#8221;center&#8221;][\/vc_column_inner][vc_column_inner width=&#8221;1\/4&#8243;][vc_single_image image=&#8221;48448&#8243; img_size=&#8221;full&#8221;][\/vc_column_inner][vc_column_inner width=&#8221;1\/4&#8243;][vc_single_image image=&#8221;52626&#8243; img_size=&#8221;full&#8221; alignment=&#8221;center&#8221;][\/vc_column_inner][vc_column_inner width=&#8221;1\/4&#8243;][vc_single_image image=&#8221;48452&#8243; img_size=&#8221;full&#8221; alignment=&#8221;center&#8221;][\/vc_column_inner][\/vc_row_inner][vc_empty_space][vc_row_inner][vc_column_inner width=&#8221;1\/4&#8243;][vc_single_image image=&#8221;48460&#8243; img_size=&#8221;full&#8221; alignment=&#8221;center&#8221;][\/vc_column_inner][vc_column_inner width=&#8221;1\/4&#8243;][vc_single_image image=&#8221;48432&#8243; img_size=&#8221;full&#8221; alignment=&#8221;center&#8221;][\/vc_column_inner][vc_column_inner width=&#8221;1\/4&#8243;][vc_single_image image=&#8221;48464&#8243; img_size=&#8221;full&#8221; alignment=&#8221;center&#8221;][\/vc_column_inner][vc_column_inner width=&#8221;1\/4&#8243;][vc_single_image image=&#8221;48444&#8243; img_size=&#8221;full&#8221; alignment=&#8221;center&#8221;][\/vc_column_inner][\/vc_row_inner][vc_empty_space][vc_row_inner][vc_column_inner width=&#8221;1\/4&#8243;][vc_single_image image=&#8221;57064&#8243; img_size=&#8221;full&#8221; alignment=&#8221;center&#8221;][\/vc_column_inner][vc_column_inner width=&#8221;1\/4&#8243;][\/vc_column_inner][vc_column_inner width=&#8221;1\/4&#8243;][\/vc_column_inner][vc_column_inner width=&#8221;1\/4&#8243;][\/vc_column_inner][\/vc_row_inner][vc_empty_space height=&#8221;64px&#8221;][\/vc_column][\/vc_row]<\/p>\n<\/div>","protected":false},"excerpt":{"rendered":"<p>[vc_row][vc_column][vc_column_text] Asesores Docentes de los Campeones Regionales de steelChallenge-16 [\/vc_column_text][\/vc_column][\/vc_row][vc_row][vc_column][vc_empty_space][vc_column_text]Matja\u017e KNAP Profesor en el Departamento de Materiales y Metalurgia, Universidad de Ljubljana Profesor asesor del&hellip;<\/p>\n","protected":false},"author":2,"featured_media":0,"parent":56903,"menu_order":0,"comment_status":"closed","ping_status":"closed","template":"","meta":{"footnotes":""},"class_list":["post-68321","page","type-page","status-publish","hentry"],"aioseo_notices":[],"_links":{"self":[{"href":"https:\/\/steeluniversity.org\/es\/wp-json\/wp\/v2\/pages\/68321","targetHints":{"allow":["GET"]}}],"collection":[{"href":"https:\/\/steeluniversity.org\/es\/wp-json\/wp\/v2\/pages"}],"about":[{"href":"https:\/\/steeluniversity.org\/es\/wp-json\/wp\/v2\/types\/page"}],"author":[{"embeddable":true,"href":"https:\/\/steeluniversity.org\/es\/wp-json\/wp\/v2\/users\/2"}],"replies":[{"embeddable":true,"href":"https:\/\/steeluniversity.org\/es\/wp-json\/wp\/v2\/comments?post=68321"}],"version-history":[{"count":0,"href":"https:\/\/steeluniversity.org\/es\/wp-json\/wp\/v2\/pages\/68321\/revisions"}],"up":[{"embeddable":true,"href":"https:\/\/steeluniversity.org\/es\/wp-json\/wp\/v2\/pages\/56903"}],"wp:attachment":[{"href":"https:\/\/steeluniversity.org\/es\/wp-json\/wp\/v2\/media?parent=68321"}],"curies":[{"name":"wp","href":"https:\/\/api.w.org\/{rel}","templated":true}]}}