{"id":68611,"date":"2022-04-05T14:19:59","date_gmt":"2022-04-05T14:19:59","guid":{"rendered":"https:\/\/steeluniversity.org\/dia-de-la-seguridad-del-acero\/"},"modified":"2023-04-25T12:03:09","modified_gmt":"2023-04-25T12:03:09","slug":"dia-de-la-seguridad-del-acero","status":"publish","type":"page","link":"https:\/\/steeluniversity.org\/es\/dia-de-la-seguridad-del-acero\/","title":{"rendered":"D\u00eda de la Seguridad y la Salud de worldsteel"},"content":{"rendered":"<div class=\"wpb-content-wrapper\"><p>[vc_row][vc_column width=&#8221;1\/6&#8243;][\/vc_column][vc_column width=&#8221;4\/6&#8243;][vc_column_text]<\/p>\n<h2 class=\"entry-title\">D\u00eda de la Seguridad y la Salud de worldsteel<\/h2>\n<p>[\/vc_column_text][vc_empty_space][vc_single_image image=&#8221;76446&#8243; img_size=&#8221;full&#8221; onclick=&#8221;custom_link&#8221; img_link_target=&#8221;_blank&#8221; link=&#8221;https:\/\/worldsteel.org\/wp-content\/uploads\/Steel-Safety-Day-2022-webinars_v2-1.pdf&#8221;][vc_empty_space][vc_column_text]<strong>El 28 de abril es el D\u00eda de la Seguridad del Acero. Coincidiendo con el D\u00eda Mundial de la Seguridad y la Salud en el Trabajo de la Organizaci\u00f3n Internacional del Trabajo, el D\u00eda de la Seguridad en el Acero se estableci\u00f3 en 2014 para reforzar la conciencia sobre las cinco causas m\u00e1s comunes de incidentes de seguridad y crear un entorno de trabajo m\u00e1s seguro en toda la industria del acero de todo el mundo.<\/strong>[\/vc_column_text][vc_empty_space][vc_separator][vc_empty_space][vc_column_text]<\/p>\n<h3>Serie de seminarios web<\/h3>\n<p>worldsteel est\u00e1 colaborando con Dr\u00e4ger para ofrecer una serie de seminarios web que identifican los riesgos que plantean los gases y la asfixia y c\u00f3mo gestionarlos.<\/p>\n<div id=\"ld-course-list-content-1dc0b3781bfd0e29aede0ea95f09029f\" class=\"ld-course-list-content\" data-shortcode-atts=\"{&quot;col&quot;:&quot;2&quot;,&quot;orderby&quot;:&quot;title&quot;,&quot;order&quot;:&quot;DESC&quot;,&quot;category_name&quot;:&quot;drager&quot;}\">\n\t\t\t<div class=\"ld-course-list-items row\">\n\t\r\n    <div class=\"ld_course_grid col-sm-12 col-md-6  bb-course-item-wrap\">\r\n\r\n        <div class=\"bb-cover-list-item  \">\r\n\t\t\t\r\n                    <div class=\"bb-course-cover\">\r\n                        <a title=\"STK0316 &#8211; Dispositivos m\u00f3viles de detecci\u00f3n de gases: su seguro de vida\" href=\"https:\/\/steeluniversity.org\/es\/courses\/stk0316-dispositivos-moviles-de-deteccion-de-gases-su-seguro-de-vida\/\" class=\"bb-cover-wrap\">\r\n\t\t\t\t\t\t\t<img loading=\"lazy\" decoding=\"async\" width=\"624\" height=\"468\" src=\"https:\/\/steeluniversity.org\/wp-content\/uploads\/2023\/06\/STK316_Thumbnail_720x540-624x468.jpg\" class=\"attachment-post-thumbnail size-post-thumbnail wp-post-image\" alt=\"\" srcset=\"https:\/\/steeluniversity.org\/wp-content\/uploads\/2023\/06\/STK316_Thumbnail_720x540-624x468.jpg 624w, https:\/\/steeluniversity.org\/wp-content\/uploads\/2023\/06\/STK316_Thumbnail_720x540-300x225.jpg 300w, https:\/\/steeluniversity.org\/wp-content\/uploads\/2023\/06\/STK316_Thumbnail_720x540-600x450.jpg 600w, https:\/\/steeluniversity.org\/wp-content\/uploads\/2023\/06\/STK316_Thumbnail_720x540.jpg 720w\" sizes=\"auto, (max-width: 624px) 100vw, 624px\" \/><img decoding=\"async\" class=\"su-publisher-image\" src=\"https:\/\/steeluniversity.org\/wp-content\/themes\/buddyboss-theme-child\/assets\/img\/drager.jpg\">\r\n                        <\/a>\r\n\r\n\t\t\t\t\t\t<div class=\"su-publisher\">\r\n\t\t\t\t\t\t\t\t\t\t\t\t\t<a href=\"https:\/\/steeluniversity.org\/es\/category\/publisher\/drager\/\">Dr\u00e4ger<\/a>\r\n\t\t\t\t\t\t\t\t\t\t\t\t<\/div>\r\n\r\n                    <\/div>\r\n\r\n\t\t\t\r\n\t\t\t\t\t\t\t<div>\r\n\t\t\t\t\t\r\n\t                <h2 class=\"bb-course-title su-course-title\"><a href=\"https:\/\/steeluniversity.org\/es\/courses\/stk0316-dispositivos-moviles-de-deteccion-de-gases-su-seguro-de-vida\/\">STK0316 &#8211; Dispositivos m\u00f3viles de detecci\u00f3n de gases: su seguro de vida<\/a><\/h2>\r\n\r\n\t                <div class=\"bb-card-course-details\">\r\n\t\t\t\t\t\t\r\n\t\t\t\t\t\t\t\t\t\t\t\t\t\t\t\t\t<\/div>\r\n\r\n                <\/div><!-- .entry-header -->\r\n\r\n        <\/div><!-- #post-## -->\r\n    <\/div>\r\n\t\r\n    <div class=\"ld_course_grid col-sm-12 col-md-6  bb-course-item-wrap\">\r\n\r\n        <div class=\"bb-cover-list-item  \">\r\n\t\t\t\r\n                    <div class=\"bb-course-cover\">\r\n                        <a title=\"STK0315 &#8211; Riesgos de gasificaci\u00f3n y asfixia en trabajos de mantenimiento\" href=\"https:\/\/steeluniversity.org\/es\/courses\/stk0315-riesgos-de-gasificacion-y-asfixia-en-trabajos-de-mantenimiento\/\" class=\"bb-cover-wrap\">\r\n\t\t\t\t\t\t\t<img loading=\"lazy\" decoding=\"async\" width=\"624\" height=\"468\" src=\"https:\/\/steeluniversity.org\/wp-content\/uploads\/2023\/06\/STK0315_Thumbnail_720x540-624x468.jpg\" class=\"attachment-post-thumbnail size-post-thumbnail wp-post-image\" alt=\"\" srcset=\"https:\/\/steeluniversity.org\/wp-content\/uploads\/2023\/06\/STK0315_Thumbnail_720x540-624x468.jpg 624w, https:\/\/steeluniversity.org\/wp-content\/uploads\/2023\/06\/STK0315_Thumbnail_720x540-300x225.jpg 300w, https:\/\/steeluniversity.org\/wp-content\/uploads\/2023\/06\/STK0315_Thumbnail_720x540-600x450.jpg 600w, https:\/\/steeluniversity.org\/wp-content\/uploads\/2023\/06\/STK0315_Thumbnail_720x540.jpg 720w\" sizes=\"auto, (max-width: 624px) 100vw, 624px\" \/><img decoding=\"async\" class=\"su-publisher-image\" src=\"https:\/\/steeluniversity.org\/wp-content\/themes\/buddyboss-theme-child\/assets\/img\/drager.jpg\">\r\n                        <\/a>\r\n\r\n\t\t\t\t\t\t<div class=\"su-publisher\">\r\n\t\t\t\t\t\t\t\t\t\t\t\t\t<a href=\"https:\/\/steeluniversity.org\/es\/category\/publisher\/drager\/\">Dr\u00e4ger<\/a>\r\n\t\t\t\t\t\t\t\t\t\t\t\t<\/div>\r\n\r\n                    <\/div>\r\n\r\n\t\t\t\r\n\t\t\t\t\t\t\t<div>\r\n\t\t\t\t\t\r\n\t                <h2 class=\"bb-course-title su-course-title\"><a href=\"https:\/\/steeluniversity.org\/es\/courses\/stk0315-riesgos-de-gasificacion-y-asfixia-en-trabajos-de-mantenimiento\/\">STK0315 &#8211; Riesgos de gasificaci\u00f3n y asfixia en trabajos de mantenimiento<\/a><\/h2>\r\n\r\n\t                <div class=\"bb-card-course-details\">\r\n\t\t\t\t\t\t\r\n\t\t\t\t\t\t\t\t\t\t\t\t\t\t\t\t\t<\/div>\r\n\r\n                <\/div><!-- .entry-header -->\r\n\r\n        <\/div><!-- #post-## -->\r\n    <\/div>\r\n\t\r\n    <div class=\"ld_course_grid col-sm-12 col-md-6  bb-course-item-wrap\">\r\n\r\n        <div class=\"bb-cover-list-item  \">\r\n\t\t\t\r\n                    <div class=\"bb-course-cover\">\r\n                        <a title=\"STK0314 &#8211; Operaciones seguras en espacios confinados\" href=\"https:\/\/steeluniversity.org\/es\/courses\/stk0314-operaciones-seguras-en-espacios-confinados\/\" class=\"bb-cover-wrap\">\r\n\t\t\t\t\t\t\t<img loading=\"lazy\" decoding=\"async\" width=\"624\" height=\"468\" src=\"https:\/\/steeluniversity.org\/wp-content\/uploads\/2023\/06\/STK0314.-720x540jpg-624x468.jpg\" class=\"attachment-post-thumbnail size-post-thumbnail wp-post-image\" alt=\"\" srcset=\"https:\/\/steeluniversity.org\/wp-content\/uploads\/2023\/06\/STK0314.-720x540jpg-624x468.jpg 624w, https:\/\/steeluniversity.org\/wp-content\/uploads\/2023\/06\/STK0314.-720x540jpg-300x225.jpg 300w, https:\/\/steeluniversity.org\/wp-content\/uploads\/2023\/06\/STK0314.-720x540jpg-600x450.jpg 600w, https:\/\/steeluniversity.org\/wp-content\/uploads\/2023\/06\/STK0314.-720x540jpg.jpg 720w\" sizes=\"auto, (max-width: 624px) 100vw, 624px\" \/><img decoding=\"async\" class=\"su-publisher-image\" src=\"https:\/\/steeluniversity.org\/wp-content\/themes\/buddyboss-theme-child\/assets\/img\/drager.jpg\">\r\n                        <\/a>\r\n\r\n\t\t\t\t\t\t<div class=\"su-publisher\">\r\n\t\t\t\t\t\t\t\t\t\t\t\t\t<a href=\"https:\/\/steeluniversity.org\/es\/category\/publisher\/drager\/\">Dr\u00e4ger<\/a>\r\n\t\t\t\t\t\t\t\t\t\t\t\t<\/div>\r\n\r\n                    <\/div>\r\n\r\n\t\t\t\r\n\t\t\t\t\t\t\t<div>\r\n\t\t\t\t\t\r\n\t                <h2 class=\"bb-course-title su-course-title\"><a href=\"https:\/\/steeluniversity.org\/es\/courses\/stk0314-operaciones-seguras-en-espacios-confinados\/\">STK0314 &#8211; Operaciones seguras en espacios confinados<\/a><\/h2>\r\n\r\n\t                <div class=\"bb-card-course-details\">\r\n\t\t\t\t\t\t\r\n\t\t\t\t\t\t\t\t\t\t\t\t\t\t\t\t\t<\/div>\r\n\r\n                <\/div><!-- .entry-header -->\r\n\r\n        <\/div><!-- #post-## -->\r\n    <\/div>\r\n\t\r\n    <div class=\"ld_course_grid col-sm-12 col-md-6  bb-course-item-wrap\">\r\n\r\n        <div class=\"bb-cover-list-item  \">\r\n\t\t\t\r\n                    <div class=\"bb-course-cover\">\r\n                        <a title=\"STK0313 &#8211; Atm\u00f3sferas de gas explosivas: medidas preventivas y dispositivos de advertencia de gas\" href=\"https:\/\/steeluniversity.org\/es\/courses\/stk0313-atmosferas-de-gas-explosivas-medidas-preventivas-y-dispositivos-de-advertencia-de-gas\/\" class=\"bb-cover-wrap\">\r\n\t\t\t\t\t\t\t<img loading=\"lazy\" decoding=\"async\" width=\"624\" height=\"468\" src=\"https:\/\/steeluniversity.org\/wp-content\/uploads\/2023\/05\/STK0313-720x540-1-624x468.jpg\" class=\"attachment-post-thumbnail size-post-thumbnail wp-post-image\" alt=\"\" srcset=\"https:\/\/steeluniversity.org\/wp-content\/uploads\/2023\/05\/STK0313-720x540-1-624x468.jpg 624w, https:\/\/steeluniversity.org\/wp-content\/uploads\/2023\/05\/STK0313-720x540-1-300x225.jpg 300w, https:\/\/steeluniversity.org\/wp-content\/uploads\/2023\/05\/STK0313-720x540-1-600x450.jpg 600w, https:\/\/steeluniversity.org\/wp-content\/uploads\/2023\/05\/STK0313-720x540-1.jpg 720w\" sizes=\"auto, (max-width: 624px) 100vw, 624px\" \/><img decoding=\"async\" class=\"su-publisher-image\" src=\"https:\/\/steeluniversity.org\/wp-content\/themes\/buddyboss-theme-child\/assets\/img\/drager.jpg\">\r\n                        <\/a>\r\n\r\n\t\t\t\t\t\t<div class=\"su-publisher\">\r\n\t\t\t\t\t\t\t\t\t\t\t\t\t<a href=\"https:\/\/steeluniversity.org\/es\/category\/publisher\/drager\/\">Dr\u00e4ger<\/a>\r\n\t\t\t\t\t\t\t\t\t\t\t\t<\/div>\r\n\r\n                    <\/div>\r\n\r\n\t\t\t\r\n\t\t\t\t\t\t\t<div>\r\n\t\t\t\t\t\r\n\t                <h2 class=\"bb-course-title su-course-title\"><a href=\"https:\/\/steeluniversity.org\/es\/courses\/stk0313-atmosferas-de-gas-explosivas-medidas-preventivas-y-dispositivos-de-advertencia-de-gas\/\">STK0313 &#8211; Atm\u00f3sferas de gas explosivas: medidas preventivas y dispositivos de advertencia de gas<\/a><\/h2>\r\n\r\n\t                <div class=\"bb-card-course-details\">\r\n\t\t\t\t\t\t\r\n\t\t\t\t\t\t\t\t\t\t\t\t\t\t\t\t\t<\/div>\r\n\r\n                <\/div><!-- .entry-header -->\r\n\r\n        <\/div><!-- #post-## -->\r\n    <\/div>\r\n\t\r\n    <div class=\"ld_course_grid col-sm-12 col-md-6  bb-course-item-wrap\">\r\n\r\n        <div class=\"bb-cover-list-item  \">\r\n\t\t\t\r\n                    <div class=\"bb-course-cover\">\r\n                        <a title=\"STK0312 &#8211; Peligros invisibles: de la evaluaci\u00f3n de riesgos a la mitigaci\u00f3n de riesgos\" href=\"https:\/\/steeluniversity.org\/es\/courses\/stk0312-peligros-invisibles-de-la-evaluacion-de-riesgos-a-la-mitigacion-de-riesgos\/\" class=\"bb-cover-wrap\">\r\n\t\t\t\t\t\t\t<img loading=\"lazy\" decoding=\"async\" width=\"624\" height=\"468\" src=\"https:\/\/steeluniversity.org\/wp-content\/uploads\/2023\/04\/STK0312_Thumbnail_720x540-624x468.jpg\" class=\"attachment-post-thumbnail size-post-thumbnail wp-post-image\" alt=\"\" srcset=\"https:\/\/steeluniversity.org\/wp-content\/uploads\/2023\/04\/STK0312_Thumbnail_720x540-624x468.jpg 624w, https:\/\/steeluniversity.org\/wp-content\/uploads\/2023\/04\/STK0312_Thumbnail_720x540-300x225.jpg 300w, https:\/\/steeluniversity.org\/wp-content\/uploads\/2023\/04\/STK0312_Thumbnail_720x540-600x450.jpg 600w, https:\/\/steeluniversity.org\/wp-content\/uploads\/2023\/04\/STK0312_Thumbnail_720x540.jpg 720w\" sizes=\"auto, (max-width: 624px) 100vw, 624px\" \/><img decoding=\"async\" class=\"su-publisher-image\" src=\"https:\/\/steeluniversity.org\/wp-content\/themes\/buddyboss-theme-child\/assets\/img\/drager.jpg\">\r\n                        <\/a>\r\n\r\n\t\t\t\t\t\t<div class=\"su-publisher\">\r\n\t\t\t\t\t\t\t\t\t\t\t\t\t<a href=\"https:\/\/steeluniversity.org\/es\/category\/publisher\/drager\/\">Dr\u00e4ger<\/a>\r\n\t\t\t\t\t\t\t\t\t\t\t\t\t<a href=\"https:\/\/steeluniversity.org\/es\/category\/publisher\/steeluniversity\/\">steeluniversity<\/a>\r\n\t\t\t\t\t\t\t\t\t\t\t\t<\/div>\r\n\r\n                    <\/div>\r\n\r\n\t\t\t\r\n\t\t\t\t\t\t\t<div>\r\n\t\t\t\t\t\r\n\t                <h2 class=\"bb-course-title su-course-title\"><a href=\"https:\/\/steeluniversity.org\/es\/courses\/stk0312-peligros-invisibles-de-la-evaluacion-de-riesgos-a-la-mitigacion-de-riesgos\/\">STK0312 &#8211; Peligros invisibles: de la evaluaci\u00f3n de riesgos a la mitigaci\u00f3n de riesgos<\/a><\/h2>\r\n\r\n\t                <div class=\"bb-card-course-details\">\r\n\t\t\t\t\t\t\r\n\t\t\t\t\t\t\t\t\t\t\t\t\t\t\t\t\t<\/div>\r\n\r\n                <\/div><!-- .entry-header -->\r\n\r\n        <\/div><!-- #post-## -->\r\n    <\/div>\r\n\t\t<\/div>\n\t\t\t<\/div>\n\t\t[\/vc_column_text][vc_empty_space][vc_column_text]<\/p>\n<p style=\"text-align: center;\"><a class=\"su-btn-primary\" href=\"https:\/\/worldsteel.org\/wp-content\/uploads\/Safety-webinars-2023.pdf\" target=\"_blank\" rel=\"noopener\">Descargar el programa completo del seminario web<\/a><\/p>\n<p>[\/vc_column_text][vc_empty_space][vc_separator][vc_empty_space][vc_column_text]<\/p>\n<h3>D\u00eda de la Seguridad del Acero 2022<\/h3>\n<p>En 2022, worldsteel colabor\u00f3 con 3M para ofrecer una serie de seminarios web identificando los riesgos involucrados en el trabajo en altura y c\u00f3mo gestionarlos.<\/p>\n<p><a class=\"su-btn-secondary\" href=\"https:\/\/steeluniversity.org\/es\/dia-de-la-seguridad-del-acero\/dia-de-la-seguridad-del-acero-2022\/\">Recursos de Aprendizaje para Trabajo en Altura<\/a>[\/vc_column_text][vc_empty_space][vc_column_text]<\/p>\n<h3 style=\"text-align: center;\">Suscr\u00edbete a nuestro bolet\u00edn<\/h3>\n<p style=\"text-align: center;\">Recibe notificaciones por correo electr\u00f3nico sobre recursos de seguridad y actividades de steeluniversity.<\/p>\n<p>[\/vc_column_text][vc_empty_space][vc_column_text]\n\t\t\t<form id=\"sib_signup_form_8\" method=\"post\" class=\"sib_signup_form\">\n\t\t\t\t<div class=\"sib_loader\" style=\"display:none;\"><img\n\t\t\t\t\t\t\tsrc=\"https:\/\/steeluniversity.org\/wp-includes\/images\/spinner.gif\" alt=\"loader\"><\/div>\n\t\t\t\t<input type=\"hidden\" name=\"sib_form_action\" value=\"subscribe_form_submit\">\n\t\t\t\t<input type=\"hidden\" name=\"sib_form_id\" value=\"8\">\n                <input type=\"hidden\" name=\"sib_form_alert_notice\" value=\"Completar este campo, por favor.\">\n                <input type=\"hidden\" name=\"sib_form_invalid_email_notice\" value=\"El correo electr\u00f3nico ingresado no es v\u00e1lido.\">\n                <input type=\"hidden\" name=\"sib_security\" value=\"166438cc30\">\n\t\t\t\t<div class=\"sib_signup_box_inside_8\">\n\t\t\t\t\t<div style=\"\/*display:none*\/\" class=\"sib_msg_disp\">\n\t\t\t\t\t<\/div>\n                    \t\t\t\t\t<div style=\"text-align: center\">\r\n    <p class=\"sib-email-area\">\r\n        <input type=\"email\" class=\"sib-email-area\" name=\"email\" required=\"required\" placeholder=\"Correo electr\u00f3nico\"> *<br><br>\r\n        <input type=\"submit\" class=\"sib-default-btn\" value=\"Subscribirme\">\r\n    <\/p>\r\n    <p style=\"color:#6a6a6a;font-size:0.9em\">\r\n            *Su direcci\u00f3n de correo electr\u00f3nico solo se utiliza para enviarle nuestro bolet\u00edn de noticias sobre las actividades de steeluniversity. Siempre puede utilizar el enlace para darse de baja incluido en el bolet\u00edn. Al hacer clic en Suscribirse, acepta nuestros \r\n            <a href=\"https:\/\/www.worldsteel.org\/global\/terms-of-use.html\" target=\"_blank\">t\u00e9rminos<\/a> y que ha le\u00eddo nuestra \r\n            <a href=\"https:\/\/www.worldsteel.org\/global\/privacy-policy.html\" target=\"_blank\">pol\u00edtica de privacidad<\/a>, \r\n            incluido el <a href=\"https:\/\/www.worldsteel.org\/global\/cookie-policy.html\" target=\"_blank\">uso de cookies<\/a>.\r\n        <\/p>\r\n    <\/div>\r\n\r\n\r\n\t\t\t\t<\/div>\n\t\t\t<\/form>\n\t\t\t<style>\n\t\t\t\tform#sib_signup_form_8 p.sib-alert-message {\n    padding: 6px 12px;\n    margin-bottom: 20px;\n    border: 1px solid transparent;\n    border-radius: 4px;\n    -webkit-box-sizing: border-box;\n    -moz-box-sizing: border-box;\n    box-sizing: border-box;\n}\nform#sib_signup_form_8 p.sib-alert-message-error {\n    background-color: #f2dede;\n    border-color: #ebccd1;\n    color: #a94442;\n}\nform#sib_signup_form_8 p.sib-alert-message-success {\n    background-color: #dff0d8;\n    border-color: #d6e9c6;\n    color: #3c763d;\n}\nform#sib_signup_form_8 p.sib-alert-message-warning {\n    background-color: #fcf8e3;\n    border-color: #faebcc;\n    color: #8a6d3b;\n}\n\t\t\t<\/style>\n\t\t\t[\/vc_column_text][vc_separator][vc_empty_space][\/vc_column][vc_column width=&#8221;1\/6&#8243;][\/vc_column][\/vc_row]<\/p>\n<\/div>","protected":false},"excerpt":{"rendered":"<p>[vc_row][vc_column width=&#8221;1\/6&#8243;][\/vc_column][vc_column width=&#8221;4\/6&#8243;][vc_column_text] D\u00eda de la Seguridad y la Salud de worldsteel [\/vc_column_text][vc_empty_space][vc_single_image image=&#8221;76446&#8243; img_size=&#8221;full&#8221; onclick=&#8221;custom_link&#8221; img_link_target=&#8221;_blank&#8221; link=&#8221;https:\/\/worldsteel.org\/wp-content\/uploads\/Steel-Safety-Day-2022-webinars_v2-1.pdf&#8221;][vc_empty_space][vc_column_text]El 28 de abril es el D\u00eda de&hellip;<\/p>\n","protected":false},"author":2,"featured_media":0,"parent":0,"menu_order":0,"comment_status":"closed","ping_status":"closed","template":"","meta":{"footnotes":""},"class_list":["post-68611","page","type-page","status-publish","hentry"],"aioseo_notices":[],"_links":{"self":[{"href":"https:\/\/steeluniversity.org\/es\/wp-json\/wp\/v2\/pages\/68611","targetHints":{"allow":["GET"]}}],"collection":[{"href":"https:\/\/steeluniversity.org\/es\/wp-json\/wp\/v2\/pages"}],"about":[{"href":"https:\/\/steeluniversity.org\/es\/wp-json\/wp\/v2\/types\/page"}],"author":[{"embeddable":true,"href":"https:\/\/steeluniversity.org\/es\/wp-json\/wp\/v2\/users\/2"}],"replies":[{"embeddable":true,"href":"https:\/\/steeluniversity.org\/es\/wp-json\/wp\/v2\/comments?post=68611"}],"version-history":[{"count":0,"href":"https:\/\/steeluniversity.org\/es\/wp-json\/wp\/v2\/pages\/68611\/revisions"}],"wp:attachment":[{"href":"https:\/\/steeluniversity.org\/es\/wp-json\/wp\/v2\/media?parent=68611"}],"curies":[{"name":"wp","href":"https:\/\/api.w.org\/{rel}","templated":true}]}}