{"id":70156,"date":"2021-06-22T20:08:32","date_gmt":"2021-06-22T20:08:32","guid":{"rendered":"https:\/\/steeluniversity.org\/steelchallenge-17\/"},"modified":"2024-04-22T01:27:15","modified_gmt":"2024-04-22T01:27:15","slug":"steelchallenge-18-es","status":"publish","type":"page","link":"https:\/\/steeluniversity.org\/es\/steelchallenge-18-es\/","title":{"rendered":"steelChallenge-18"},"content":{"rendered":"<div class=\"wpb-content-wrapper\"><p>[vc_row][vc_column width=&#8221;3\/4&#8243;][vc_column_text]<\/p>\n<h1><strong>steel<\/strong>Challenge-18<\/h1>\n<p>[\/vc_column_text][vc_empty_space][vc_column_text]<\/p>\n<h3><strong>steel<\/strong>Challenge es un programa de aprendizaje combinado basado en juegos reconocido por la comunidad mundial del acero como la competencia m\u00e1s importante para involucrar a estudiantes y profesionales de la industria para mostrar su capacidad para fabricar acero con la mejor calidad al menor costo.<\/h3>\n<p>[\/vc_column_text][vc_empty_space][vc_row_inner][vc_column_inner width=&#8221;1\/3&#8243;][vc_column_text]<\/p>\n<p style=\"text-align: center;\"><a class=\"su-btn-secondary\" href=\"https:\/\/steeluniversity.org\/wp-content\/uploads\/2023\/12\/sc18-audit-team-report-final.pdf\" target=\"_blank\" rel=\"noopener\">Informe del equipo de auditor\u00eda (PDF)<\/a><\/p>\n<p>[\/vc_column_text][\/vc_column_inner][vc_column_inner width=&#8221;1\/3&#8243;][vc_column_text]<\/p>\n<p style=\"text-align: center;\"><a class=\"su-btn-secondary\" href=\"https:\/\/steeluniversity.org\/steelchallenge-18\/steelchallenge-18-faculty-advisors\/\">Asesores docentes<\/a><\/p>\n<p>[\/vc_column_text][\/vc_column_inner][vc_column_inner width=&#8221;1\/3&#8243;][vc_column_text]<\/p>\n<p style=\"text-align: center;\"><a class=\"su-btn-primary\" href=\"https:\/\/steeluniversity.org\/steelchallenge-18\/world-championship-finalists\/\">Conoce a los finalistas<\/a><\/p>\n<p>[\/vc_column_text][\/vc_column_inner][\/vc_row_inner][vc_single_image image=&#8221;78042&#8243; img_size=&#8221;600&#215;337&#8243; alignment=&#8221;center&#8221;][vc_empty_space][vc_column_text]<\/p>\n<h2>El reto<\/h2>\n<p>[\/vc_column_text][vc_column_text]<strong>steel<\/strong>Challenge-18 se llev\u00f3 a cabo en dos rondas y dos categor\u00edas en cinco regiones de todo el mundo. El campeonato regional se celebr\u00f3 online el 29 de noviembre y atrajo a miles de estudiantes que interactuaron con nuestro simulador de siderurgia, intentando producir el acero requerido al menor coste posible. Los ganadores de cada regi\u00f3n y categor\u00eda fueron invitados al Campeonato Mundial, que se celebrar\u00e1 en Londres, Reino Unido, durante la Asamblea General Especial de worldsteel, lo que brindar\u00e1 a los finalistas una oportunidad \u00fanica de reunirse con los principales fabricantes de acero del mundo.<\/p>\n<p>Los participantes que se registraron en este programa de aprendizaje tuvieron acceso a nuestro Directorio de soluciones de aprendizaje para realizar cursos de aprendizaje electr\u00f3nico, asistir a clases magistrales en vivo, interactuar con modelos 3D y practicar en el simulador. Tambi\u00e9n hubo talleres de formaci\u00f3n espec\u00edficos para patrocinadores de primer nivel.[\/vc_column_text][vc_empty_space][vc_single_image image=&#8221;86319&#8243; img_size=&#8221;full&#8221; alignment=&#8221;center&#8221;][vc_row_inner disable_element=&#8221;yes&#8221;][vc_column_inner width=&#8221;1\/2&#8243;][vc_column_text]<\/p>\n<p style=\"text-align: center;\"><a class=\"su-btn-primary\" href=\"https:\/\/steeluniversity.org\/es\/product\/steelchallenge-18-for-students\/\">Inscripci\u00f3n para estudiantes<\/a><\/p>\n<p>[\/vc_column_text][\/vc_column_inner][vc_column_inner width=&#8221;1\/2&#8243;][vc_column_text]<\/p>\n<p style=\"text-align: center;\"><a class=\"su-btn-primary\" href=\"https:\/\/steeluniversity.org\/es\/product\/steelchallenge-18-for-industry\/\">Registro para la Industria<\/a><\/p>\n<p>[\/vc_column_text][\/vc_column_inner][\/vc_row_inner][vc_separator][vc_empty_space][vc_column_text]<\/p>\n<h2>Categor\u00edas y Regiones<\/h2>\n<p>[\/vc_column_text][vc_single_image image=&#8221;30827&#8243; img_size=&#8221;full&#8221; alignment=&#8221;center&#8221;][vc_column_text]Las personas participaron en la categor\u00eda <strong>de estudiantes<\/strong> o <strong>de industria<\/strong> y en una de cinco regiones:<\/p>\n<ul>\n<li>Am\u00e9rica,<\/li>\n<li>Asia \u2013 Oeste,<\/li>\n<li>Asia \u2013 Norte,<\/li>\n<li>Asia \u2013 Este y Ocean\u00eda, y<\/li>\n<li>Europa y \u00c1frica.<\/li>\n<\/ul>\n<p><!--There will be 10 qualifiers for the World Championship to be held April 2023 at the time and location of worldsteel\u2019s Special General Meeting. The qualifiers include the student and industry winners in each region.-->[\/vc_column_text][vc_empty_space][vc_separator][vc_empty_space][vc_column_text]<\/p>\n<h3 id=\"newsletter\">Bolet\u00edn <strong>steel<\/strong>Challenge<\/h3>\n<p>Obtenga las \u00faltimas noticias sobre <strong>steel<\/strong>Challenge suscribi\u00e9ndose al bolet\u00edn de <strong>steel<\/strong>Challenge[\/vc_column_text][vc_empty_space][vc_column_text]\n\t\t\t<form id=\"sib_signup_form_11\" method=\"post\" class=\"sib_signup_form\">\n\t\t\t\t<div class=\"sib_loader\" style=\"display:none;\"><img\n\t\t\t\t\t\t\tsrc=\"https:\/\/steeluniversity.org\/wp-includes\/images\/spinner.gif\" alt=\"loader\"><\/div>\n\t\t\t\t<input type=\"hidden\" name=\"sib_form_action\" value=\"subscribe_form_submit\">\n\t\t\t\t<input type=\"hidden\" name=\"sib_form_id\" value=\"11\">\n                <input type=\"hidden\" name=\"sib_form_alert_notice\" value=\"Please fill out this field\">\n                <input type=\"hidden\" name=\"sib_form_invalid_email_notice\" value=\"Your email address is invalid\">\n                <input type=\"hidden\" name=\"sib_security\" value=\"a6334b62d3\">\n\t\t\t\t<div class=\"sib_signup_box_inside_11\">\n\t\t\t\t\t<div style=\"\/*display:none*\/\" class=\"sib_msg_disp\">\n\t\t\t\t\t<\/div>\n                    \t\t\t\t\t\r\n\r\n\r\n    <style>\r\n        .form-container {\r\n            text-align: center;\r\n        }\r\n\r\n        .form-container p {\r\n            display: flex;\r\n            justify-content: center;\r\n            align-items: center;\r\n            margin: 10px 0;\r\n        }\r\n\r\n        .form-container label, \r\n        .form-container input {\r\n            margin: 5px;\r\n        }\r\n\r\n        .form-container input[type=\"email\"],\r\n        .form-container input[type=\"text\"] {\r\n            width: 100%;\r\n        }\r\n\r\n        .form-container input[type=\"submit\"] {\r\n            width: auto;\r\n        }\r\n\r\n        .form-container small {\r\n            display: block;\r\n            text-align: center;\r\n            margin-top: 10px;\r\n        }\r\n    <\/style>\r\n\r\n\r\n    <div class=\"form-container\">\r\n        \r\n            <p class=\"sib-email-area\">\r\n                <label class=\"sib-email-area\">*<\/label>\r\n                <input type=\"email\" class=\"sib-email-area\" name=\"email\" placeholder=\"Email Address\" required=\"required\">\r\n            <\/p>\r\n            <p class=\"sib-FIRSTNAME-area\"> \r\n                <label class=\"sib-FIRSTNAME-area\">*<\/label> \r\n                <input type=\"text\" class=\"sib-FIRSTNAME-area\" name=\"FIRSTNAME\" placeholder=\"First Name\" required=\"required\"> \r\n                <label class=\"sib-LASTNAME-area\">*<\/label> \r\n                <input type=\"text\" class=\"sib-LASTNAME-area\" name=\"LASTNAME\" placeholder=\"Last Name\" required=\"required\"> \r\n            <\/p>\r\n            <p class=\"sib-email-area\">\r\n                <label class=\"sib-CATEGORY-area\">*<\/label> \r\n                <input type=\"text\" class=\"sib-CATEGORY-area\" name=\"CATEGORY\" placeholder=\"Student or Industry\" required=\"required\"> \r\n                <label class=\"sib-ORGANISATION-area\">*<\/label>    \r\n                <input type=\"text\" class=\"sib-ORGANISATION-area\" name=\"ORGANISATION\" placeholder=\"Company or University\"> \r\n            <\/p>\r\n            <p>\r\n                <input type=\"submit\" class=\"sib-default-btn\" value=\"Subscribe\">\r\n            <\/p>\r\n            <p>\r\n                <small>Your e-mail address is only used to send you our newsletter about the activities of steeluniversity. You can always use the unsubscribe link included in the newsletter. By clicking Subscribe, you agree to our <a href=\"https:\/\/www.worldsteel.org\/global\/terms-of-use.html\">Terms<\/a> and that you have read our <a href=\"https:\/\/www.worldsteel.org\/global\/privacy-policy.html\">Privacy Policy<\/a>, including our <a href=\"https:\/\/www.worldsteel.org\/global\/privacy-policy.html\">cookie use<\/a>.<\/small>\r\n            <\/p>\r\n        \r\n    <\/div>\r\n\r\n\r\n\t\t\t\t<\/div>\n\t\t\t<\/form>\n\t\t\t<style>\n\t\t\t\tform#sib_signup_form_11 p.sib-alert-message {\n    padding: 6px 12px;\n    margin-bottom: 20px;\n    border: 1px solid transparent;\n    border-radius: 4px;\n    -webkit-box-sizing: border-box;\n    -moz-box-sizing: border-box;\n    box-sizing: border-box;\n}\nform#sib_signup_form_11 p.sib-alert-message-error {\n    background-color: #f2dede;\n    border-color: #ebccd1;\n    color: #a94442;\n}\nform#sib_signup_form_11 p.sib-alert-message-success {\n    background-color: #dff0d8;\n    border-color: #d6e9c6;\n    color: #3c763d;\n}\nform#sib_signup_form_11 p.sib-alert-message-warning {\n    background-color: #fcf8e3;\n    border-color: #faebcc;\n    color: #8a6d3b;\n}\n\t\t\t<\/style>\n\t\t\t[\/vc_column_text][\/vc_column][vc_column width=&#8221;1\/4&#8243;][vc_wp_custommenu nav_menu=&#8221;87&#8243;][\/vc_column][\/vc_row][vc_row][vc_column][vc_empty_space][vc_column_text]<\/p>\n<p style=\"text-align: center;\"><strong>steel<\/strong>Challenge-18 cuenta con el generoso patrocinio de las siguientes empresas:<\/p>\n<p>[\/vc_column_text][vc_empty_space][vc_row_inner][vc_column_inner width=&#8221;1\/4&#8243;][vc_single_image image=&#8221;78274&#8243; img_size=&#8221;220&#215;165&#8243; alignment=&#8221;center&#8221;][\/vc_column_inner][vc_column_inner width=&#8221;1\/4&#8243;][vc_single_image image=&#8221;78277&#8243; img_size=&#8221;220&#215;165&#8243; alignment=&#8221;center&#8221;][\/vc_column_inner][vc_column_inner width=&#8221;1\/4&#8243;][vc_single_image image=&#8221;78765&#8243; img_size=&#8221;220&#215;165&#8243; alignment=&#8221;center&#8221;][\/vc_column_inner][vc_column_inner width=&#8221;1\/4&#8243;][vc_single_image image=&#8221;78353&#8243; img_size=&#8221;220&#215;165&#8243; alignment=&#8221;center&#8221;][\/vc_column_inner][\/vc_row_inner][vc_row_inner][vc_column_inner width=&#8221;1\/4&#8243;][vc_single_image image=&#8221;56826&#8243; img_size=&#8221;160&#215;120&#8243; alignment=&#8221;center&#8221;][\/vc_column_inner][vc_column_inner width=&#8221;1\/4&#8243;][vc_single_image image=&#8221;57263&#8243; img_size=&#8221;160&#215;120&#8243; alignment=&#8221;center&#8221;][\/vc_column_inner][vc_column_inner width=&#8221;1\/4&#8243;][vc_single_image image=&#8221;70136&#8243; img_size=&#8221;160&#215;120&#8243; alignment=&#8221;center&#8221;][\/vc_column_inner][vc_column_inner width=&#8221;1\/4&#8243;][vc_single_image image=&#8221;78551&#8243; img_size=&#8221;160&#215;120&#8243; alignment=&#8221;center&#8221;][\/vc_column_inner][\/vc_row_inner][vc_row_inner][vc_column_inner width=&#8221;1\/4&#8243;][vc_single_image image=&#8221;82097&#8243; img_size=&#8221;160&#215;120&#8243; alignment=&#8221;center&#8221;][\/vc_column_inner][vc_column_inner width=&#8221;1\/4&#8243;][vc_single_image image=&#8221;82100&#8243; img_size=&#8221;160&#215;120&#8243; alignment=&#8221;center&#8221;][\/vc_column_inner][vc_column_inner width=&#8221;1\/4&#8243;][vc_single_image image=&#8221;84065&#8243; img_size=&#8221;160&#215;120&#8243; alignment=&#8221;center&#8221;][\/vc_column_inner][vc_column_inner width=&#8221;1\/4&#8243;][vc_single_image image=&#8221;85265&#8243; img_size=&#8221;160&#215;120&#8243; alignment=&#8221;center&#8221;][\/vc_column_inner][\/vc_row_inner][vc_row_inner][vc_column_inner width=&#8221;1\/4&#8243;][vc_single_image image=&#8221;82106&#8243; img_size=&#8221;160&#215;120&#8243; alignment=&#8221;center&#8221;][\/vc_column_inner][vc_column_inner width=&#8221;1\/4&#8243;][vc_single_image image=&#8221;82103&#8243; img_size=&#8221;160&#215;120&#8243; alignment=&#8221;center&#8221;][\/vc_column_inner][vc_column_inner width=&#8221;1\/4&#8243;][\/vc_column_inner][vc_column_inner width=&#8221;1\/4&#8243;][\/vc_column_inner][\/vc_row_inner][\/vc_column][\/vc_row][vc_row][vc_column][\/vc_column][\/vc_row]<\/p>\n<\/div>","protected":false},"excerpt":{"rendered":"<p>[vc_row][vc_column width=&#8221;3\/4&#8243;][vc_column_text] steelChallenge-18 [\/vc_column_text][vc_empty_space][vc_column_text] steelChallenge es un programa de aprendizaje combinado basado en juegos reconocido por la comunidad mundial del acero como la competencia m\u00e1s&hellip;<\/p>\n","protected":false},"author":2,"featured_media":0,"parent":0,"menu_order":0,"comment_status":"closed","ping_status":"closed","template":"","meta":{"footnotes":""},"class_list":["post-70156","page","type-page","status-publish","hentry"],"aioseo_notices":[],"_links":{"self":[{"href":"https:\/\/steeluniversity.org\/es\/wp-json\/wp\/v2\/pages\/70156","targetHints":{"allow":["GET"]}}],"collection":[{"href":"https:\/\/steeluniversity.org\/es\/wp-json\/wp\/v2\/pages"}],"about":[{"href":"https:\/\/steeluniversity.org\/es\/wp-json\/wp\/v2\/types\/page"}],"author":[{"embeddable":true,"href":"https:\/\/steeluniversity.org\/es\/wp-json\/wp\/v2\/users\/2"}],"replies":[{"embeddable":true,"href":"https:\/\/steeluniversity.org\/es\/wp-json\/wp\/v2\/comments?post=70156"}],"version-history":[{"count":0,"href":"https:\/\/steeluniversity.org\/es\/wp-json\/wp\/v2\/pages\/70156\/revisions"}],"wp:attachment":[{"href":"https:\/\/steeluniversity.org\/es\/wp-json\/wp\/v2\/media?parent=70156"}],"curies":[{"name":"wp","href":"https:\/\/api.w.org\/{rel}","templated":true}]}}