{"id":7370,"date":"2016-07-13T19:40:49","date_gmt":"2016-07-13T17:40:49","guid":{"rendered":"\/\/steeluniversity.org\/?page_id=7370&#038;lang=es"},"modified":"2021-06-04T11:54:43","modified_gmt":"2021-06-04T11:54:43","slug":"steelchallenge-10","status":"publish","type":"page","link":"https:\/\/steeluniversity.org\/es\/steelchallenge-10\/","title":{"rendered":"steelChallenge-10"},"content":{"rendered":"<div class=\"wpb-content-wrapper\"><p>[vc_row][vc_column][vc_column_text]<\/p>\n<h1>steelChallenge-10<\/h1>\n<p>La 10\u00aa edici\u00f3n de steelChallenge tuvo\u00a0lugar en dos rondas. La primera ronda, el Campeonato regional, se llev\u00f3 a cabo\u00a0en un per\u00edodo de 24 horas, comenzando a las 12.00 GMT del 20 de Enero de 2016. La segunda ronda, el Campeonato mundial, tuvo\u00a0lugar en Londres, Reino Unido, el 11 de Abril de 2016. Es importante destacar que en esta edici\u00f3n la entrega de premios del Campeonato del Mundo cont\u00f3 con la presencia de los l\u00edderes de la industria mundial del acero.<\/p>\n<h2>La Competencia<\/h2>\n<p>En el steelChallenge-10 se utiliz\u00f3 el simulador de Horno de Arco El\u00e9ctrico (EAF, Electical Arc Furnace) de steeluniversity. Los competidores tuvieron\u00a0la tarea de producir un tipo de acero que reuniera\u00a0los requisitos t\u00e9cnicos exigidos al menor costo posible. Se utiliz\u00f3\u00a0para la simulaci\u00f3n un tipo de acero espec\u00edficamente dise\u00f1ado para steelChallenge-10.<\/p>\n<p>Los competidores pudieron\u00a0realizar un n\u00famero ilimitado de &#8216;corridas&#8217; de la simulaci\u00f3n durante el periodo de competici\u00f3n de 24 horas. Una &#8216;corrida&#8217; se conclu\u00eda cuando la simulaci\u00f3n hab\u00eda sido completada en el tiempo establecido, el resultado hab\u00eda sido registrado en la base de datos de la competencia, y el competidor hab\u00eda recibido una confirmaci\u00f3n de finalizaci\u00f3n con \u00e9xito.<\/p>\n<p>Se promediaron las 3 mejores &#8220;corridas&#8221; de cada competidor para determinar su puntuaci\u00f3n y la clasificaci\u00f3n\u00a0en el Campeonato Regional. Por lo tanto, para calificar como Campe\u00f3n Regional, al menos 3 &#8216;corridas&#8217; deb\u00edan ser completadas exitosamente.<\/p>\n<h2>Resultados &#8211; Regional<\/h2>\n<table>\n<tbody>\n<tr>\n<td colspan=\"4\" valign=\"top\" width=\"454\">\n<h3 align=\"center\">Categor\u00eda Estudiantes<\/h3>\n<\/td>\n<\/tr>\n<tr>\n<td valign=\"top\" width=\"147\"><b>Regi\u00f3n<\/b><\/td>\n<td valign=\"top\" width=\"122\"><b>Participante<\/b><\/td>\n<td valign=\"top\" width=\"128\"><b>Asociaci\u00f3n<\/b><\/td>\n<td valign=\"top\" width=\"57\"><b>Pa\u00eds<\/b><\/td>\n<\/tr>\n<tr>\n<td valign=\"top\" width=\"147\">Norte y Sur Am\u00e9rica<\/td>\n<td valign=\"top\" width=\"122\">Ruy Jose FEIJO ALVES<\/td>\n<td valign=\"top\" width=\"128\">Universidad Federal do Cear\u00e1<\/td>\n<td valign=\"top\" width=\"57\">Brasil<\/td>\n<\/tr>\n<tr>\n<td valign=\"top\" width=\"147\">Europa\/CEI\/\u00c1frica\/Oriente Medio<\/td>\n<td valign=\"top\" width=\"122\">Daniel MENDONCA FRANCIOLI<\/td>\n<td valign=\"top\" width=\"128\">Universidad Duisburg-Essen<\/td>\n<td valign=\"top\" width=\"57\">Alemania<\/td>\n<\/tr>\n<tr>\n<td valign=\"top\" width=\"147\">Asia y\u00a0Ocean\u00eda<\/td>\n<td valign=\"top\" width=\"122\">Dozen SHU<\/td>\n<td valign=\"top\" width=\"128\">Universidad Nacional de Chung Hsing<\/td>\n<td valign=\"top\" width=\"57\">Taiw\u00e1n, China<\/td>\n<\/tr>\n<tr>\n<td valign=\"top\" width=\"147\">China<\/td>\n<td valign=\"top\" width=\"122\">Moxuan LI<\/td>\n<td valign=\"top\" width=\"128\">Universidad de Ciencia y Tecnolog\u00eda de Chongqing<\/td>\n<td valign=\"top\" width=\"57\">China<\/td>\n<\/tr>\n<tr>\n<td valign=\"top\" width=\"147\">Mejor Segundo Finalista<\/td>\n<td valign=\"top\" width=\"122\">Sunqing XIAO<\/td>\n<td valign=\"top\" width=\"128\">Universidad de Ciencia y Tecnolog\u00eda de Chongqing<\/td>\n<td valign=\"top\" width=\"57\">China<\/td>\n<\/tr>\n<tr>\n<td valign=\"top\" width=\"147\">Premio Especial del Jurado<\/td>\n<td valign=\"top\" width=\"122\">Eonseung Lee<\/td>\n<td valign=\"top\" width=\"128\">Universidad Nacional de Kyungpook<\/td>\n<td valign=\"top\" width=\"57\">Corea del Sur<\/td>\n<\/tr>\n<tr>\n<td colspan=\"4\" valign=\"top\" width=\"454\">\n<h3 align=\"center\">Categor\u00eda Industria<\/h3>\n<\/td>\n<\/tr>\n<tr>\n<td valign=\"top\" width=\"147\"><b>Regi\u00f3n<\/b><\/td>\n<td valign=\"top\" width=\"122\"><b>Participante<\/b><\/td>\n<td valign=\"top\" width=\"128\"><b>Asociaci\u00f3n<\/b><\/td>\n<td valign=\"top\" width=\"57\"><b>Pa\u00eds<\/b><\/td>\n<\/tr>\n<tr>\n<td valign=\"top\" width=\"147\">Norte y Sur Am\u00e9rica<\/td>\n<td valign=\"top\" width=\"122\">Marcos Daniel GOUVEIA FILHO<\/td>\n<td valign=\"top\" width=\"128\">Companhia Sider\u00fargica do Pec\u00e9m (CSP)<\/td>\n<td valign=\"top\" width=\"57\">Brasil<\/td>\n<\/tr>\n<tr>\n<td valign=\"top\" width=\"147\">Europa\/CEI\/\u00c1frica\/Oriente Medio<\/td>\n<td valign=\"top\" width=\"122\">Joseba GARCIA RODRIGUEZ<\/td>\n<td valign=\"top\" width=\"128\">Gerdau S.A.<\/td>\n<td valign=\"top\" width=\"57\">Espa\u00f1a<\/td>\n<\/tr>\n<tr>\n<td valign=\"top\" width=\"147\">Asia y\u00a0Ocean\u00eda<\/td>\n<td valign=\"top\" width=\"122\">Wonchul SON<\/td>\n<td valign=\"top\" width=\"128\">Posco<\/td>\n<td valign=\"top\" width=\"57\">Corea del Sur<\/td>\n<\/tr>\n<tr>\n<td valign=\"top\" width=\"147\">China<\/td>\n<td valign=\"top\" width=\"122\">Mingliang LIU<\/td>\n<td valign=\"top\" width=\"128\">Baosteel Group Corporation<\/td>\n<td valign=\"top\" width=\"57\">China<\/td>\n<\/tr>\n<tr>\n<td valign=\"top\" width=\"147\">Mejor Segundo Finalista<\/td>\n<td valign=\"top\" width=\"122\">Seoung Lok KIM<\/td>\n<td valign=\"top\" width=\"128\">Posco<\/td>\n<td valign=\"top\" width=\"57\">Corea del Sur<\/td>\n<\/tr>\n<tr>\n<td valign=\"top\" width=\"147\">Premio Especial del Jurado<\/td>\n<td valign=\"top\" width=\"122\">Choel Won Choe<\/td>\n<td valign=\"top\" width=\"128\">Posco<\/td>\n<td valign=\"top\" width=\"57\">Corea del Sur<\/td>\n<\/tr>\n<\/tbody>\n<\/table>\n<h2>Resultados &#8211;\u00a0Campeonato Mundial<\/h2>\n<table>\n<tbody>\n<tr>\n<td colspan=\"3\" align=\"center\" valign=\"top\" width=\"454\">\n<h3 align=\"center\">Categor\u00eda Estudiantes<\/h3>\n<\/td>\n<\/tr>\n<tr>\n<td valign=\"top\" width=\"122\"><b>Participante<\/b><\/td>\n<td valign=\"top\" width=\"128\"><b>Asociaci\u00f3n<\/b><\/td>\n<td valign=\"top\" width=\"57\"><b>Pa\u00eds<\/b><\/td>\n<\/tr>\n<tr>\n<td valign=\"top\" width=\"122\">Eonseung LEE<\/td>\n<td valign=\"top\" width=\"128\">Universidad Nacional de Kyungpook<\/td>\n<td valign=\"top\" width=\"57\">Corea del Sur<\/td>\n<\/tr>\n<tr>\n<td colspan=\"3\" align=\"center\" valign=\"top\" width=\"454\">\n<h3 align=\"center\">Categor\u00eda Industria<\/h3>\n<\/td>\n<\/tr>\n<tr>\n<td valign=\"top\" width=\"122\"><b>Participante<\/b><\/td>\n<td valign=\"top\" width=\"128\"><b>Asociaci\u00f3n<\/b><\/td>\n<td valign=\"top\" width=\"57\"><b>Pa\u00eds<\/b><\/td>\n<\/tr>\n<tr>\n<td valign=\"top\" width=\"122\">Marcos Daniel GOUVEIA FILHO<\/td>\n<td valign=\"top\" width=\"128\">Companhia Sider\u00fargica do Pec\u00e9m (CSP)<\/td>\n<td valign=\"top\" width=\"57\">Brasil<\/td>\n<\/tr>\n<\/tbody>\n<\/table>\n<h2>Patrocinadores<\/h2>\n<p>steelChallenge-10 fue generosamente patrocinado por:<\/p>\n<table>\n<tbody>\n<tr>\n<td><strong>Patrocinadores Nivel Acero<\/strong><\/td>\n<td><\/td>\n<td><\/td>\n<\/tr>\n<tr>\n<td><img loading=\"lazy\" decoding=\"async\" class=\"size-full wp-image-9968 alignleft\" src=\"https:\/\/steeluniversity.org\/wp-content\/uploads\/2016\/09\/china-steel-corporation.png\" alt=\"china-steel-corporation\" width=\"150\" height=\"75\" \/><\/td>\n<td><\/td>\n<td><\/td>\n<\/tr>\n<tr>\n<td><strong>Patrocinadores Nivel Plata<\/strong><\/td>\n<td><\/td>\n<td><\/td>\n<\/tr>\n<tr>\n<td><img loading=\"lazy\" decoding=\"async\" class=\"size-full wp-image-9557 alignleft\" src=\"https:\/\/steeluniversity.org\/wp-content\/uploads\/2016\/07\/tenaris.png\" alt=\"tenaris\" width=\"100\" height=\"50\" \/><\/td>\n<td><img loading=\"lazy\" decoding=\"async\" class=\"size-full wp-image-9560 alignleft\" src=\"https:\/\/steeluniversity.org\/wp-content\/uploads\/2016\/07\/ternium.png\" alt=\"ternium\" width=\"100\" height=\"50\" \/><\/td>\n<td><img loading=\"lazy\" decoding=\"async\" class=\"size-full wp-image-10181 alignleft\" src=\"https:\/\/steeluniversity.org\/wp-content\/uploads\/2016\/07\/tata-steel.png\" alt=\"tata-steel\" width=\"100\" height=\"50\" \/><\/td>\n<\/tr>\n<tr>\n<td><strong>Patrocinadores Nivel Bronce<\/strong><\/td>\n<td><\/td>\n<td><\/td>\n<\/tr>\n<tr>\n<td><img loading=\"lazy\" decoding=\"async\" class=\"size-full wp-image-9563 alignleft\" src=\"https:\/\/steeluniversity.org\/wp-content\/uploads\/2016\/07\/nucor.png\" alt=\"nucor\" width=\"100\" height=\"50\" \/><\/td>\n<td><\/td>\n<td><\/td>\n<\/tr>\n<\/tbody>\n<\/table>\n<p>[\/vc_column_text][\/vc_column][\/vc_row]<\/p>\n<\/div>","protected":false},"excerpt":{"rendered":"<p>[vc_row][vc_column][vc_column_text] steelChallenge-10 La 10\u00aa edici\u00f3n de steelChallenge tuvo\u00a0lugar en dos rondas. La primera ronda, el Campeonato regional, se llev\u00f3 a cabo\u00a0en un per\u00edodo de 24&hellip;<\/p>\n","protected":false},"author":2,"featured_media":0,"parent":0,"menu_order":41,"comment_status":"closed","ping_status":"closed","template":"","meta":{"footnotes":""},"class_list":["post-7370","page","type-page","status-publish","hentry"],"aioseo_notices":[],"_links":{"self":[{"href":"https:\/\/steeluniversity.org\/es\/wp-json\/wp\/v2\/pages\/7370","targetHints":{"allow":["GET"]}}],"collection":[{"href":"https:\/\/steeluniversity.org\/es\/wp-json\/wp\/v2\/pages"}],"about":[{"href":"https:\/\/steeluniversity.org\/es\/wp-json\/wp\/v2\/types\/page"}],"author":[{"embeddable":true,"href":"https:\/\/steeluniversity.org\/es\/wp-json\/wp\/v2\/users\/2"}],"replies":[{"embeddable":true,"href":"https:\/\/steeluniversity.org\/es\/wp-json\/wp\/v2\/comments?post=7370"}],"version-history":[{"count":0,"href":"https:\/\/steeluniversity.org\/es\/wp-json\/wp\/v2\/pages\/7370\/revisions"}],"wp:attachment":[{"href":"https:\/\/steeluniversity.org\/es\/wp-json\/wp\/v2\/media?parent=7370"}],"curies":[{"name":"wp","href":"https:\/\/api.w.org\/{rel}","templated":true}]}}