{"id":7378,"date":"2016-07-13T19:43:22","date_gmt":"2016-07-13T17:43:22","guid":{"rendered":"\/\/steeluniversity.org\/?page_id=7378&#038;lang=es"},"modified":"2021-06-04T11:51:58","modified_gmt":"2021-06-04T11:51:58","slug":"steelchallenge-9","status":"publish","type":"page","link":"https:\/\/steeluniversity.org\/es\/steelchallenge-9\/","title":{"rendered":"steelChallenge-9"},"content":{"rendered":"<div class=\"wpb-content-wrapper\"><p>[vc_row][vc_column][vc_column_text]<\/p>\n<h1>steelChallenge-9<\/h1>\n<p>La 9\u00aa edici\u00f3n del steelChallenge se llev\u00f3 a cabo en dos rondas. La primer ronda del Campeonato Regional se llev\u00f3 a cabo en l\u00ednea durante un per\u00edodo de 24 horas a partir de las 12.00 GMT el 17 de diciembre de 2014. La segunda ronda, el Campeonato Mundial, tuvo lugar en Bruselas el 11 de febrero de 2015.<\/p>\n<h2>Resultados &#8211; Regional<\/h2>\n<table>\n<tbody>\n<tr>\n<td colspan=\"4\" valign=\"top\" width=\"454\">\n<h3 align=\"center\">Categor\u00eda Estudiantes<\/h3>\n<\/td>\n<\/tr>\n<tr>\n<td valign=\"top\" width=\"147\"><strong>Regi\u00f3n<\/strong><\/td>\n<td valign=\"top\" width=\"122\"><strong>Participante<\/strong><\/td>\n<td valign=\"top\" width=\"128\"><strong>Asociaci\u00f3n<\/strong><\/td>\n<td valign=\"top\" width=\"57\"><strong>Pa\u00eds<\/strong><\/td>\n<\/tr>\n<tr>\n<td valign=\"top\" width=\"147\">Asia y\u00a0Ocean\u00eda<\/td>\n<td valign=\"top\" width=\"122\">Dahee CHO<\/td>\n<td valign=\"top\" width=\"128\">Universidad Nacional de Seoul<\/td>\n<td valign=\"top\" width=\"57\">Corea del Sur<\/td>\n<\/tr>\n<tr>\n<td valign=\"top\" width=\"147\">China<\/td>\n<td valign=\"top\" width=\"122\">Yongping WEI<br \/>\nYongxu WANG<\/td>\n<td valign=\"top\" width=\"128\">Universidad de Ciencia y Tecnolog\u00eda de Chongqing<\/td>\n<td valign=\"top\" width=\"57\">China<\/td>\n<\/tr>\n<tr>\n<td valign=\"top\" width=\"147\">Europa\/CEI\/\u00c1frica\/ Oriente Medio<\/td>\n<td valign=\"top\" width=\"122\">Patricia JOVICEVIC KLUG<br \/>\nMatic KLUG<\/td>\n<td valign=\"top\" width=\"128\">Christian Albrechts Universidad de Kiel<\/td>\n<td valign=\"top\" width=\"57\">Alemania<\/td>\n<\/tr>\n<tr>\n<td valign=\"top\" width=\"147\">Norte &amp; Sur Am\u00e9rica<\/td>\n<td valign=\"top\" width=\"122\">Emiliano BUHLMAN<br \/>\nTomas AAGAARD<\/td>\n<td valign=\"top\" width=\"128\">Universidad Nacional del Sur<\/td>\n<td valign=\"top\" width=\"57\">Argentina<\/td>\n<\/tr>\n<tr>\n<td colspan=\"4\" valign=\"top\" width=\"454\">\n<h3 align=\"center\">Categor\u00eda Industria<\/h3>\n<\/td>\n<\/tr>\n<tr>\n<td valign=\"top\" width=\"147\"><strong>Regi\u00f3n<\/strong><\/td>\n<td valign=\"top\" width=\"122\"><strong>Participante<\/strong><\/td>\n<td valign=\"top\" width=\"128\"><strong>Asociaci\u00f3n<\/strong><\/td>\n<td valign=\"top\" width=\"57\"><strong>Pa\u00eds<\/strong><\/td>\n<\/tr>\n<tr>\n<td valign=\"top\" width=\"147\">Asia y\u00a0Ocean\u00eda<\/td>\n<td valign=\"top\" width=\"122\">Ting-Min WU<br \/>\nWei-Lien HSIAO<\/td>\n<td valign=\"top\" width=\"128\">China Steel Corporation<\/td>\n<td valign=\"top\" width=\"57\">Taiw\u00e1n, China<\/td>\n<\/tr>\n<tr>\n<td valign=\"top\" width=\"147\">China<\/td>\n<td valign=\"top\" width=\"122\">\u00a0Ye WANG<\/td>\n<td valign=\"top\" width=\"128\">Baosteel Group Corporation<\/td>\n<td valign=\"top\" width=\"57\">China<\/td>\n<\/tr>\n<tr>\n<td valign=\"top\" width=\"147\">Europa\/CEI\/\u00c1frica\/ Oriente Medio<\/td>\n<td valign=\"top\" width=\"122\">Ghassan GHAZAL<br \/>\nLeandro Dijon DE OLIVEIRA CAMPOS<\/td>\n<td valign=\"top\" width=\"128\">ArcelorMittal<\/td>\n<td valign=\"top\" width=\"57\">Francia<\/td>\n<\/tr>\n<tr>\n<td valign=\"top\" width=\"147\">Norte &amp; Sur Am\u00e9rica<\/td>\n<td valign=\"top\" width=\"122\">Rodrigo RAMOS<br \/>\nFranciso Necy ALVES<\/td>\n<td valign=\"top\" width=\"128\">Gerdau<br \/>\nSENAI\/CE<\/td>\n<td valign=\"top\" width=\"57\">Brasil<\/td>\n<\/tr>\n<\/tbody>\n<\/table>\n<h2>Resultados &#8211; Campeonato Mundial<\/h2>\n<table>\n<tbody>\n<tr>\n<td colspan=\"3\" align=\"center\" valign=\"top\" width=\"454\">\n<h3>Categor\u00eda Estudiantes<\/h3>\n<\/td>\n<\/tr>\n<tr>\n<td valign=\"top\" width=\"122\"><strong>Participante<\/strong><\/td>\n<td valign=\"top\" width=\"128\"><strong>Asociaci\u00f3n<\/strong><\/td>\n<td valign=\"top\" width=\"57\"><strong>Pa\u00eds<\/strong><\/td>\n<\/tr>\n<tr>\n<td valign=\"top\" width=\"122\">Yongping WEI<br \/>\nYongxu WANG<\/td>\n<td valign=\"top\" width=\"128\">Universidad de Ciencia y Tecnolog\u00eda de Chongqing<\/td>\n<td valign=\"top\" width=\"57\">China<\/td>\n<\/tr>\n<tr>\n<td colspan=\"3\" align=\"center\" valign=\"top\" width=\"454\">\n<h3>Categor\u00eda Industria<\/h3>\n<\/td>\n<\/tr>\n<tr>\n<td valign=\"top\" width=\"122\"><strong>Participante<\/strong><\/td>\n<td valign=\"top\" width=\"128\"><strong>Asociaci\u00f3n<\/strong><\/td>\n<td valign=\"top\" width=\"57\"><strong>Pa\u00eds\u00a0<\/strong><\/td>\n<\/tr>\n<tr>\n<td valign=\"top\" width=\"122\">Ye WANG<\/td>\n<td valign=\"top\" width=\"128\">Baosteel Group Corporation<\/td>\n<td valign=\"top\" width=\"57\">China<\/td>\n<\/tr>\n<\/tbody>\n<\/table>\n<h2><strong><strong>Patrocinadores<\/strong><\/strong><\/h2>\n<p>steelChallenge-9 fue generosamente patrocinado por:<\/p>\n<table>\n<tbody>\n<tr>\n<td><strong>Patrocinadores de Nivel Acero<\/strong><\/td>\n<\/tr>\n<tr>\n<td><img loading=\"lazy\" decoding=\"async\" src=\"https:\/\/steeluniversity.org\/wp-content\/uploads\/2016\/07\/china-steel-corporation.png\" alt=\"China Steel Logo\" width=\"100\" height=\"71\" \/><\/td>\n<td><img loading=\"lazy\" decoding=\"async\" src=\"https:\/\/steeluniversity.org\/wp-content\/uploads\/2016\/07\/tenaris.png\" alt=\"Tenaris Logo\" width=\"100\" height=\"24\" \/><\/td>\n<td><img loading=\"lazy\" decoding=\"async\" src=\"https:\/\/steeluniversity.org\/wp-content\/uploads\/2016\/07\/ternium.png\" alt=\"Ternium Logo\" width=\"100\" height=\"35\" \/><\/td>\n<\/tr>\n<tr>\n<td><strong>Patrocinadores de Nivel Plata<\/strong><\/td>\n<\/tr>\n<tr>\n<td><img loading=\"lazy\" decoding=\"async\" src=\"https:\/\/steeluniversity.org\/wp-content\/uploads\/2016\/07\/tata-steel.png\" alt=\"Tata Steel Logo\" width=\"100\" height=\"73\" \/><\/td>\n<\/tr>\n<\/tbody>\n<\/table>\n<p>[\/vc_column_text][\/vc_column][\/vc_row]<\/p>\n<\/div>","protected":false},"excerpt":{"rendered":"<p>[vc_row][vc_column][vc_column_text] steelChallenge-9 La 9\u00aa edici\u00f3n del steelChallenge se llev\u00f3 a cabo en dos rondas. La primer ronda del Campeonato Regional se llev\u00f3 a cabo en&hellip;<\/p>\n","protected":false},"author":2,"featured_media":0,"parent":0,"menu_order":53,"comment_status":"closed","ping_status":"closed","template":"","meta":{"footnotes":""},"class_list":["post-7378","page","type-page","status-publish","hentry"],"aioseo_notices":[],"_links":{"self":[{"href":"https:\/\/steeluniversity.org\/es\/wp-json\/wp\/v2\/pages\/7378","targetHints":{"allow":["GET"]}}],"collection":[{"href":"https:\/\/steeluniversity.org\/es\/wp-json\/wp\/v2\/pages"}],"about":[{"href":"https:\/\/steeluniversity.org\/es\/wp-json\/wp\/v2\/types\/page"}],"author":[{"embeddable":true,"href":"https:\/\/steeluniversity.org\/es\/wp-json\/wp\/v2\/users\/2"}],"replies":[{"embeddable":true,"href":"https:\/\/steeluniversity.org\/es\/wp-json\/wp\/v2\/comments?post=7378"}],"version-history":[{"count":0,"href":"https:\/\/steeluniversity.org\/es\/wp-json\/wp\/v2\/pages\/7378\/revisions"}],"wp:attachment":[{"href":"https:\/\/steeluniversity.org\/es\/wp-json\/wp\/v2\/media?parent=7378"}],"curies":[{"name":"wp","href":"https:\/\/api.w.org\/{rel}","templated":true}]}}