{"id":7383,"date":"2016-07-19T14:47:58","date_gmt":"2016-07-19T12:47:58","guid":{"rendered":"\/\/steeluniversity.org\/?page_id=7383&#038;lang=es"},"modified":"2016-08-24T20:43:46","modified_gmt":"2016-08-24T18:43:46","slug":"quienes-somos","status":"publish","type":"page","link":"https:\/\/steeluniversity.org\/es\/quienes-somos\/","title":{"rendered":"Quienes somos"},"content":{"rendered":"<div class=\"wpb-content-wrapper\"><p>[vc_row][vc_column][vc_column_text]<\/p>\n<h2>Acerca de steeluniversity<\/h2>\n<div class=\"editor-content\">\n<p>steeluniversity, una iniciativa de World Steel Association, es una universidad industrial que ofrece educaci\u00f3n y formaci\u00f3n a los empleados actuales y futuros de las empresas del acero y negocios relacionados. El objetivo de steeluniversity es inspirar y motivar a los estudiantes y al personal del sector del acero sobre el valor de trabajar en este sector, de forma que lideren el cambio hacia una industria m\u00e1s sostenible que sirva a un mundo m\u00e1s sostenible.<\/p>\n<p>steeluniversity ofrece un conjunto de oportunidades de aprendizaje para obtener m\u00e1s conocimientos de c\u00f3mo se fabrica el acero, c\u00f3mo se emplea en los productos de consumo y como afecta a nuestra vida diaria. El sitio web de steeluniversity, al que llamamos learning+, ofrece un exhaustivo paquete de aprendizaje en l\u00ednea para la fabricaci\u00f3n, la metalurgia y las aplicaciones del acero, as\u00ed como el medioambiente y la seguridad. \u00a0El contenido del aprendizaje se ofrece de forma interactiva, informativa y entretenida.<\/p>\n<p>El sitio web learning+ de steeluniversity ofrece la oportunidad de estudiar y aplicar los principios de ingenier\u00eda, metal\u00fargicos y cient\u00edficos b\u00e1sicos, as\u00ed como la termodin\u00e1mica y la cin\u00e9tica que implican la producci\u00f3n y el uso del acero. B\u00e1sicamente, se trata de una serie de simulaciones realistas, como un juego, de las principales operaciones relacionadas con la fabricaci\u00f3n de acero.<\/p>\n<p>El sitio web learning+ de steeluniversity est\u00e1 destinado a los graduados y a los estudiantes universitarios, junto con los empleados de las empresas del acero y las personas de la cadena de suministro de la industria del acero. Los catedr\u00e1ticos, instructores, profesores y formadores se beneficiar\u00e1n tambi\u00e9n del uso de learning+ de steeluniversity para organizar y complementar la instrucci\u00f3n de sus estudiantes.<\/p>\n<p>El sitio web learning+ de steeluniversity puede usarse para el estudio autodidacta o el orientado. Las simulaciones pueden usarse en el modo de competici\u00f3n, entre individuos o equipos. El aprendizaje en l\u00ednea puede combinarse de forma eficaz con la formaci\u00f3n con instructores, para proporcionar a los estudiantes una experiencia aut\u00e9nticamente interactiva.<\/p>\n<p>[\/vc_column_text][\/vc_column][\/vc_row][vc_row][vc_column][vc_column_text]<\/p>\n<\/div>\n<p>[\/vc_column_text][\/vc_column][\/vc_row]<\/p>\n<\/div>","protected":false},"excerpt":{"rendered":"<p>[vc_row][vc_column][vc_column_text] Acerca de steeluniversity steeluniversity, una iniciativa de World Steel Association, es una universidad industrial que ofrece educaci\u00f3n y formaci\u00f3n a los empleados actuales y&hellip;<\/p>\n","protected":false},"author":8,"featured_media":0,"parent":0,"menu_order":60,"comment_status":"closed","ping_status":"closed","template":"","meta":{"footnotes":""},"class_list":["post-7383","page","type-page","status-publish","hentry"],"aioseo_notices":[],"_links":{"self":[{"href":"https:\/\/steeluniversity.org\/es\/wp-json\/wp\/v2\/pages\/7383","targetHints":{"allow":["GET"]}}],"collection":[{"href":"https:\/\/steeluniversity.org\/es\/wp-json\/wp\/v2\/pages"}],"about":[{"href":"https:\/\/steeluniversity.org\/es\/wp-json\/wp\/v2\/types\/page"}],"author":[{"embeddable":true,"href":"https:\/\/steeluniversity.org\/es\/wp-json\/wp\/v2\/users\/8"}],"replies":[{"embeddable":true,"href":"https:\/\/steeluniversity.org\/es\/wp-json\/wp\/v2\/comments?post=7383"}],"version-history":[{"count":0,"href":"https:\/\/steeluniversity.org\/es\/wp-json\/wp\/v2\/pages\/7383\/revisions"}],"wp:attachment":[{"href":"https:\/\/steeluniversity.org\/es\/wp-json\/wp\/v2\/media?parent=7383"}],"curies":[{"name":"wp","href":"https:\/\/api.w.org\/{rel}","templated":true}]}}