{"id":7384,"date":"2016-07-19T14:54:02","date_gmt":"2016-07-19T12:54:02","guid":{"rendered":"\/\/steeluniversity.org\/?page_id=7384&#038;lang=es"},"modified":"2026-04-29T14:44:12","modified_gmt":"2026-04-29T14:44:12","slug":"personal-de-steeluniversity","status":"publish","type":"page","link":"https:\/\/steeluniversity.org\/es\/quienes-somos\/personal-de-steeluniversity\/","title":{"rendered":"Personal de steeluniversity"},"content":{"rendered":"<div class=\"wpb-content-wrapper\"><p>[vc_row][vc_column][vc_column_text css=&#8221;&#8221;]<\/p>\n<h1><strong>steel<\/strong>university Personas<\/h1>\n<div class=\"editor-content\">\n<p>El equipo de <strong>steel<\/strong>university est\u00e1 dedicado a ofrecer educaci\u00f3n valiosa para personas interesadas en aprender m\u00e1s sobre la industria del acero.<\/p>\n<\/div>\n<p>[\/vc_column_text][vc_empty_space][\/vc_column][\/vc_row][vc_row css=&#8221;.vc_custom_1675965743125{border-bottom-width: 1px !important;border-bottom-color: #eeeeee !important;}&#8221;][vc_column width=&#8221;1\/2&#8243;][vc_row_inner][vc_column_inner width=&#8221;1\/3&#8243;][vc_single_image image=&#8221;28524&#8243; img_size=&#8221;150&#215;150&#8243; style=&#8221;vc_box_rounded&#8221;][\/vc_column_inner][vc_column_inner width=&#8221;2\/3&#8243;][vc_column_text]<strong>Jorge Muract<\/strong><br \/>\n<em>Director, steeluniversity, Consultor<\/em><\/p>\n<p style=\"font-size: 1.2em;\"><a href=\"mailto:muract@steeluniversity.org\"><i class=\"fas fa-envelope\"> <\/i><\/a> <a href=\"https:\/\/www.linkedin.com\/in\/jorge-muract-68557432\/\" target=\"_blank\" rel=\"noopener\"><i class=\"fab fa-linkedin\"> <\/i><\/a><\/p>\n<p>[\/vc_column_text][\/vc_column_inner][\/vc_row_inner][\/vc_column][vc_column width=&#8221;1\/2&#8243;][vc_row_inner][vc_column_inner][\/vc_column_inner][\/vc_row_inner][\/vc_column][\/vc_row][vc_row][vc_column width=&#8221;1\/2&#8243;][vc_row_inner][vc_column_inner width=&#8221;1\/3&#8243;][vc_single_image image=&#8221;109116&#8243; img_size=&#8221;120&#215;120&#8243; style=&#8221;vc_box_rounded&#8221; css=&#8221;&#8221;][\/vc_column_inner][vc_column_inner width=&#8221;2\/3&#8243;][vc_column_text]<strong>Sergio Giachero<\/strong><br \/>\n<em>L\u00edder de Desarrollo, Consultor<\/em><\/p>\n<p style=\"font-size: 1.2em;\"><a href=\"mailto:giachero@steeluniversity.org\"><i class=\"fas fa-envelope\"> <\/i><\/a> <a href=\"https:\/\/www.linkedin.com\/in\/sergio-giachero-7ab1ba10\" target=\"_blank\" rel=\"noopener\"><i class=\"fab fa-linkedin\"> <\/i><\/a><\/p>\n<p>[\/vc_column_text][\/vc_column_inner][\/vc_row_inner][\/vc_column][vc_column width=&#8221;1\/2&#8243;][vc_row_inner][vc_column_inner width=&#8221;1\/3&#8243;][vc_single_image image=&#8221;70306&#8243; img_size=&#8221;120&#215;120&#8243; style=&#8221;vc_box_rounded&#8221;][\/vc_column_inner][vc_column_inner width=&#8221;2\/3&#8243;][vc_column_text]<strong>Ronald O&#8217;Brien<\/strong><br \/>\n<em>Dise\u00f1ador Instruccional, Consultor<\/em><\/p>\n<p style=\"font-size: 1.2em;\"><a href=\"mailto:obrien@steeluniversity.org\"><i class=\"fas fa-envelope\"> <\/i><\/a> <a href=\"https:\/\/www.linkedin.com\/in\/ronald-o-brien-b1331444\/\" target=\"_blank\" rel=\"noopener\"><i class=\"fab fa-linkedin\"> <\/i><\/a><\/p>\n<p>[\/vc_column_text][\/vc_column_inner][\/vc_row_inner][\/vc_column][\/vc_row][vc_row][vc_column width=&#8221;1\/2&#8243;][vc_row_inner][vc_column_inner width=&#8221;1\/3&#8243;][vc_single_image image=&#8221;87698&#8243; img_size=&#8221;120&#215;120&#8243; style=&#8221;vc_box_rounded&#8221; css=&#8221;&#8221;][\/vc_column_inner][vc_column_inner width=&#8221;2\/3&#8243;][vc_column_text css=&#8221;&#8221;]<strong>Javier Toribio<\/strong><br \/>\n<em>Gerente de Comunicaciones Digitales, Consultor<\/em><\/p>\n<p style=\"font-size: 1.2em;\"><a href=\"mailto:toribio@steeluniversity.org\"><i class=\"fas fa-envelope\"> <\/i><\/a> <a href=\"https:\/\/www.linkedin.com\/in\/javier-toribio\" target=\"_blank\" rel=\"noopener\"><i class=\"fab fa-linkedin\"> <\/i><\/a><\/p>\n<p>[\/vc_column_text][\/vc_column_inner][\/vc_row_inner][\/vc_column][vc_column width=&#8221;1\/2&#8243;][vc_row_inner][vc_column_inner width=&#8221;1\/3&#8243;][vc_single_image image=&#8221;78153&#8243; img_size=&#8221;120&#215;120&#8243; style=&#8221;vc_box_rounded&#8221;][\/vc_column_inner][vc_column_inner width=&#8221;2\/3&#8243;][vc_column_text]<strong>Tom\u00e1s Avila<\/strong><br \/>\n<em>Gerente de Cuentas, Consultor<\/em><\/p>\n<p style=\"font-size: 1.2em;\"><a href=\"mailto:avila@steeluniversity.org\"><i class=\"fas fa-envelope\"> <\/i><\/a> <a href=\"https:\/\/www.linkedin.com\/in\/tom%C3%A1s-avila-9a5b4a44\" target=\"_blank\" rel=\"noopener\"><i class=\"fab fa-linkedin\"> <\/i><\/a><\/p>\n<p>[\/vc_column_text][\/vc_column_inner][\/vc_row_inner][\/vc_column][\/vc_row][vc_row][vc_column width=&#8221;1\/2&#8243;][vc_row_inner][vc_column_inner width=&#8221;1\/3&#8243;][vc_single_image image=&#8221;109200&#8243; img_size=&#8221;120&#215;120&#8243; style=&#8221;vc_box_rounded&#8221; css=&#8221;&#8221;][\/vc_column_inner][vc_column_inner width=&#8221;2\/3&#8243;][vc_column_text css=&#8221;&#8221;]<strong>El\u00edas <span data-olk-copy-source=\"MessageBody\">Tuchtfeldt <\/span><\/strong><br \/>\n<em>Especialista, Dise\u00f1o Multimedia<\/em><\/p>\n<p style=\"font-size: 1.2em;\"><a href=\"mailto:tuchtfeldt@steeluniversity.org\"><i class=\"fas fa-envelope\"> <\/i><\/a> <a href=\"https:\/\/www.linkedin.com\/in\/eliastds\/\" target=\"_blank\" rel=\"noopener\"><i class=\"fab fa-linkedin\"> <\/i><\/a><\/p>\n<p>[\/vc_column_text][\/vc_column_inner][\/vc_row_inner][\/vc_column][vc_column width=&#8221;1\/2&#8243;][vc_row_inner][vc_column_inner width=&#8221;1\/3&#8243;][vc_single_image image=&#8221;50982&#8243; img_size=&#8221;120&#215;120&#8243; style=&#8221;vc_box_rounded&#8221;][\/vc_column_inner][vc_column_inner width=&#8221;2\/3&#8243;][vc_column_text]<strong>Amanda (Xiaoyan) Song<\/strong><br \/>\n<em>Especialista, Comunicaciones<\/em><\/p>\n<p style=\"font-size: 1.2em;\"><a href=\"mailto:song@worldsteel.org\"><i class=\"fas fa-envelope\"> <\/i><\/a><\/p>\n<p>[\/vc_column_text][\/vc_column_inner][\/vc_row_inner][\/vc_column][\/vc_row][vc_row][vc_column][vc_empty_space][vc_column_text][\/vc_column_text][\/vc_column][\/vc_row][vc_row][vc_column][vc_column_text]<\/p>\n<h1>Docentes de steeluniversity<\/h1>\n<div class=\"editor-content\">\n<p>El cuerpo docente de steeluniversity cuenta con expertos de la industria que brindan perspectivas \u00fanicas al contenido desarrollado en la plataforma.<\/p>\n<\/div>\n<p>[\/vc_column_text][\/vc_column][\/vc_row][vc_row][vc_column width=&#8221;1\/2&#8243;][vc_row_inner][vc_column_inner width=&#8221;1\/3&#8243;][vc_single_image image=&#8221;78568&#8243; img_size=&#8221;120&#215;120&#8243; style=&#8221;vc_box_rounded&#8221; onclick=&#8221;custom_link&#8221; link=&#8221;https:\/\/steeluniversity.org\/about-us\/steeluniversity-people\/virginia-genovesi\/&#8221;][\/vc_column_inner][vc_column_inner width=&#8221;2\/3&#8243;][vc_column_text]<a href=\"https:\/\/steeluniversity.org\/about-us\/steeluniversity-people\/virginia-genovesi\/\"><strong>Virginia Genovesi<\/strong><\/a><br \/>\n<em>Experta en Transformaci\u00f3n Digital<\/em>[\/vc_column_text][\/vc_column_inner][\/vc_row_inner][\/vc_column][vc_column width=&#8221;1\/2&#8243;][vc_row_inner][vc_column_inner width=&#8221;1\/3&#8243;][\/vc_column_inner][vc_column_inner width=&#8221;2\/3&#8243;][\/vc_column_inner][\/vc_row_inner][\/vc_column][\/vc_row]<\/p>\n<\/div>","protected":false},"excerpt":{"rendered":"<p>[vc_row][vc_column][vc_column_text css=&#8221;&#8221;] steeluniversity Personas El equipo de steeluniversity est\u00e1 dedicado a ofrecer educaci\u00f3n valiosa para personas interesadas en aprender m\u00e1s sobre la industria del acero.&hellip;<\/p>\n","protected":false},"author":2,"featured_media":0,"parent":7383,"menu_order":10,"comment_status":"closed","ping_status":"closed","template":"","meta":{"footnotes":""},"class_list":["post-7384","page","type-page","status-publish","hentry"],"aioseo_notices":[],"_links":{"self":[{"href":"https:\/\/steeluniversity.org\/es\/wp-json\/wp\/v2\/pages\/7384","targetHints":{"allow":["GET"]}}],"collection":[{"href":"https:\/\/steeluniversity.org\/es\/wp-json\/wp\/v2\/pages"}],"about":[{"href":"https:\/\/steeluniversity.org\/es\/wp-json\/wp\/v2\/types\/page"}],"author":[{"embeddable":true,"href":"https:\/\/steeluniversity.org\/es\/wp-json\/wp\/v2\/users\/2"}],"replies":[{"embeddable":true,"href":"https:\/\/steeluniversity.org\/es\/wp-json\/wp\/v2\/comments?post=7384"}],"version-history":[{"count":0,"href":"https:\/\/steeluniversity.org\/es\/wp-json\/wp\/v2\/pages\/7384\/revisions"}],"up":[{"embeddable":true,"href":"https:\/\/steeluniversity.org\/es\/wp-json\/wp\/v2\/pages\/7383"}],"wp:attachment":[{"href":"https:\/\/steeluniversity.org\/es\/wp-json\/wp\/v2\/media?parent=7384"}],"curies":[{"name":"wp","href":"https:\/\/api.w.org\/{rel}","templated":true}]}}