{"id":7385,"date":"2016-07-19T15:06:31","date_gmt":"2016-07-19T13:06:31","guid":{"rendered":"\/\/steeluniversity.org\/?page_id=7385&#038;lang=es"},"modified":"2016-08-29T16:21:38","modified_gmt":"2016-08-29T14:21:38","slug":"acerca-de-world-steel-association","status":"publish","type":"page","link":"https:\/\/steeluniversity.org\/es\/quienes-somos\/acerca-de-world-steel-association\/","title":{"rendered":"Acerca de World Steel Association"},"content":{"rendered":"<p>La World Steel Association (worldsteel) es una de las asociaciones industriales m\u00e1s din\u00e1micas y de mayor tama\u00f1o del mundo.<\/p>\n<p>worldsteel representa aproximadamente a 150 productores de acero (incluidas 17 de las 20 empresas del acero m\u00e1s grandes del mundo), asociaciones de industrias del acero nacionales y regionales, as\u00ed como institutos de investigaci\u00f3n del acero. Los miembros de worldsteel representan el torno al 85 % de la producci\u00f3n de acero en todo el mundo.<\/p>\n<p>La misi\u00f3n de worldsteel es actuar como punto focal de la industria del acero. worldsteel ofrece liderazgo mundial sobre todas las cuestiones estrat\u00e9gicas principales que afectan a la industria, al centrarse especialmente en la sostenibilidad social, medioambiental y econ\u00f3mica. worldsteel fomenta el acero y su industria a los clientes, la industria, los medios y el p\u00fablico en general. Apoya a los miembros para desarrollar el mercado del acero. worldsteel tiene proyectos de gran importancia en los sectores de la construcci\u00f3n y la automoci\u00f3n.<\/p>\n","protected":false},"excerpt":{"rendered":"<p>La World Steel Association (worldsteel) es una de las asociaciones industriales m\u00e1s din\u00e1micas y de mayor tama\u00f1o del mundo. worldsteel representa aproximadamente a 150 productores&hellip;<\/p>\n","protected":false},"author":8,"featured_media":0,"parent":7383,"menu_order":20,"comment_status":"closed","ping_status":"closed","template":"","meta":{"footnotes":""},"class_list":["post-7385","page","type-page","status-publish","hentry"],"aioseo_notices":[],"_links":{"self":[{"href":"https:\/\/steeluniversity.org\/es\/wp-json\/wp\/v2\/pages\/7385","targetHints":{"allow":["GET"]}}],"collection":[{"href":"https:\/\/steeluniversity.org\/es\/wp-json\/wp\/v2\/pages"}],"about":[{"href":"https:\/\/steeluniversity.org\/es\/wp-json\/wp\/v2\/types\/page"}],"author":[{"embeddable":true,"href":"https:\/\/steeluniversity.org\/es\/wp-json\/wp\/v2\/users\/8"}],"replies":[{"embeddable":true,"href":"https:\/\/steeluniversity.org\/es\/wp-json\/wp\/v2\/comments?post=7385"}],"version-history":[{"count":0,"href":"https:\/\/steeluniversity.org\/es\/wp-json\/wp\/v2\/pages\/7385\/revisions"}],"up":[{"embeddable":true,"href":"https:\/\/steeluniversity.org\/es\/wp-json\/wp\/v2\/pages\/7383"}],"wp:attachment":[{"href":"https:\/\/steeluniversity.org\/es\/wp-json\/wp\/v2\/media?parent=7385"}],"curies":[{"name":"wp","href":"https:\/\/api.w.org\/{rel}","templated":true}]}}